{"id":6300,"date":"2017-03-02T10:59:13","date_gmt":"2017-03-02T09:59:13","guid":{"rendered":"https:\/\/superior-electronics.com\/produtos\/audio\/superior-myway-cuffie-sportive-bluetooth\/"},"modified":"2018-02-16T11:57:55","modified_gmt":"2018-02-16T10:57:55","slug":"superior-myway-cuffie-sportive-bluetooth","status":"publish","type":"page","link":"https:\/\/superior-electronics.com\/pt-pt\/produtos\/audio\/superior-myway-cuffie-sportive-bluetooth\/","title":{"rendered":"MyWay &#8211; Sport"},"content":{"rendered":"<div id='full_slider_1'  class='avia-fullwidth-slider main_color avia-shadow   avia-builder-el-0  el_before_av_hr  avia-builder-el-first  dmc-hide-mobile  container_wrap fullsize'  ><div  class='avia-slideshow av-av_slideshow_full-20095e13615386d3aaf97a300ee1ece1 avia-slideshow-no scaling av_slideshow_full avia-fade-slider dmc-hide-mobile av-slideshow-ui av-control-hidden av-no-slider-navigation av-hide-nav-arrows av-slideshow-manual av-loop-once av-loop-manual-endless av-default-height-applied   avia-slideshow-1' data-slideshow-options=\"{&quot;animation&quot;:&quot;fade&quot;,&quot;autoplay&quot;:false,&quot;loop_autoplay&quot;:&quot;once&quot;,&quot;interval&quot;:5,&quot;loop_manual&quot;:&quot;manual-endless&quot;,&quot;autoplay_stopper&quot;:false,&quot;noNavigation&quot;:true,&quot;bg_slider&quot;:false,&quot;keep_padding&quot;:false,&quot;hoverpause&quot;:false,&quot;show_slide_delay&quot;:0}\"  itemprop=\"image\" itemscope=\"itemscope\" itemtype=\"https:\/\/schema.org\/ImageObject\" ><ul class='avia-slideshow-inner ' style='padding-bottom: 22.883295194508%;'><li  class='avia-slideshow-slide av-av_slideshow_full-20095e13615386d3aaf97a300ee1ece1__0  av-single-slide slide-1 slide-odd'><div data-rel='slideshow-1' class='avia-slide-wrap '   ><div class='av-slideshow-caption av-av_slideshow_full-20095e13615386d3aaf97a300ee1ece1__0 caption_fullwidth caption_right caption_right_framed caption_framed'><div class=\"container caption_container\"><div class=\"slideshow_caption\"><div class=\"slideshow_inner_caption\"><div class=\"slideshow_align_caption\"><div class='avia-caption-content '  itemprop=\"description\" ><p>\u2022 Design dobr\u00e1vel para maior comodidade<br \/>\n\u2022 At\u00e9 4 horas de m\u00fasica ininterrupta<br \/>\n\u2022 Recarga atrav\u00e9s de cabo micro-USB<br \/>\n\u2022 Permite atender o telefone<\/p>\n<\/div><\/div><\/div><\/div><\/div><\/div><img decoding=\"async\" class=\"wp-image-7827 avia-img-lazy-loading-not-7827\"  src=\"https:\/\/superior-electronics.com\/website\/wp-content\/uploads\/2017\/03\/my_way4_superior-myway-bluetooth-headphones-hero-copia.jpg\" width=\"1311\" height=\"300\" title='my_way4_superior-myway-bluetooth-headphones-hero copia' alt=''  itemprop=\"thumbnailUrl\" srcset=\"https:\/\/superior-electronics.com\/website\/wp-content\/uploads\/2017\/03\/my_way4_superior-myway-bluetooth-headphones-hero-copia.jpg 1311w, https:\/\/superior-electronics.com\/website\/wp-content\/uploads\/2017\/03\/my_way4_superior-myway-bluetooth-headphones-hero-copia-450x103.jpg 450w, https:\/\/superior-electronics.com\/website\/wp-content\/uploads\/2017\/03\/my_way4_superior-myway-bluetooth-headphones-hero-copia-300x69.jpg 300w, https:\/\/superior-electronics.com\/website\/wp-content\/uploads\/2017\/03\/my_way4_superior-myway-bluetooth-headphones-hero-copia-768x176.jpg 768w, https:\/\/superior-electronics.com\/website\/wp-content\/uploads\/2017\/03\/my_way4_superior-myway-bluetooth-headphones-hero-copia-1030x236.jpg 1030w, https:\/\/superior-electronics.com\/website\/wp-content\/uploads\/2017\/03\/my_way4_superior-myway-bluetooth-headphones-hero-copia-705x161.jpg 705w\" sizes=\"(max-width: 1311px) 100vw, 1311px\" \/><\/div><\/li><\/ul><\/div><\/div><div id='after_full_slider_1'  class='main_color av_default_container_wrap container_wrap fullsize'  ><div class='container av-section-cont-open' ><div class='template-page content  av-content-full alpha units'><div class='post-entry post-entry-type-page post-entry-6300'><div class='entry-content-wrapper clearfix'>\n\n<style type=\"text\/css\" data-created_by=\"avia_inline_auto\" id=\"style-css-av-av_hr-0688d0b0b6ed2f8b057db7a8270206df\">\n#top .hr.hr-invisible.av-av_hr-0688d0b0b6ed2f8b057db7a8270206df{\nheight:50px;\n}\n<\/style>\n<div  class='hr av-av_hr-0688d0b0b6ed2f8b057db7a8270206df hr-invisible  avia-builder-el-1  el_after_av_slideshow_full  el_before_av_one_third  avia-builder-el-first '><span class='hr-inner '><span class=\"hr-inner-style\"><\/span><\/span><\/div>\n\n<style type=\"text\/css\" data-created_by=\"avia_inline_auto\" id=\"style-css-av-av_one_third-6126cab7d8fab8d08143dd2dacdf673c\">\n.flex_column.av-av_one_third-6126cab7d8fab8d08143dd2dacdf673c{\n-webkit-border-radius:0px 0px 0px 0px;\n-moz-border-radius:0px 0px 0px 0px;\nborder-radius:0px 0px 0px 0px;\npadding:0px 0px 0px 0px;\n}\n<\/style>\n<div  class='flex_column av-av_one_third-6126cab7d8fab8d08143dd2dacdf673c av_one_third  avia-builder-el-2  el_after_av_hr  el_before_av_one_third  first flex_column_div av-zero-column-padding  '     ><section  class='av_textblock_section av-av_textblock-35972167d9f102c5ddaec0c531c98b9e '   itemscope=\"itemscope\" itemtype=\"https:\/\/schema.org\/CreativeWork\" ><div class='avia_textblock'  itemprop=\"text\" ><h2>Auriculares wireless pensadas para quem gosta de praticar desporto ao ritmo da m\u00fasica. Compat\u00edveis com smartphone e tablet (iOS, Android, Windows Phone) e PC Windows e Apple.<\/h2>\n<ul>\n<li>Permite atender o telefone.<\/li>\n<li>At\u00e9 8 horas de autonomia em chamada<\/li>\n<li>At\u00e9 4 horas m\u00fasica ininterrupta<\/li>\n<li>Recarga atrav\u00e9s do cabo micro-USB (fornecido na embalagem)<\/li>\n<li>Compat\u00edvel com qualquer dispositivo que suporte a mesma tecnologia wireless<\/li>\n<li>Sonoridade importante num design pr\u00e1tico e dobr\u00e1vel para lev\u00e1-lo sempre consigo<\/li>\n<li>Raio de a\u00e7\u00e3o at\u00e9 10m<\/li>\n<\/ul>\n<\/div><\/section><br \/>\n\n<style type=\"text\/css\" data-created_by=\"avia_inline_auto\" id=\"style-css-av-av_hr-c9ba6ccf0e28539cef079a4b419f7f68\">\n#top .hr.hr-invisible.av-av_hr-c9ba6ccf0e28539cef079a4b419f7f68{\nheight:25px;\n}\n<\/style>\n<div  class='hr av-av_hr-c9ba6ccf0e28539cef079a4b419f7f68 hr-invisible  avia-builder-el-4  el_after_av_textblock  avia-builder-el-last '><span class='hr-inner '><span class=\"hr-inner-style\"><\/span><\/span><\/div><\/p><\/div>\n\n<style type=\"text\/css\" data-created_by=\"avia_inline_auto\" id=\"style-css-av-av_one_third-0aa7055fe62c3622faec82866afbaeb2\">\n.flex_column.av-av_one_third-0aa7055fe62c3622faec82866afbaeb2{\n-webkit-border-radius:0px 0px 0px 0px;\n-moz-border-radius:0px 0px 0px 0px;\nborder-radius:0px 0px 0px 0px;\npadding:0px 0px 0px 0px;\n}\n<\/style>\n<div  class='flex_column av-av_one_third-0aa7055fe62c3622faec82866afbaeb2 av_one_third  avia-builder-el-5  el_after_av_one_third  el_before_av_one_third  flex_column_div av-zero-column-padding  '     ><style type=\"text\/css\" data-created_by=\"avia_inline_auto\" id=\"style-css-sub-av-av_image_hotspot-ae8f9e0ea875a6fe322e5f541214475a\">\n.av-hotspot-image-container .av-image-hotspot.av-av_image_spot-4c0e478db4381fb2b4df8b6d30503b48{\ntop:15%;\nleft:49.4%;\n}\n.av-hotspot-image-container .av-image-hotspot.av-av_image_spot-4c0e478db4381fb2b4df8b6d30503b48 .av-image-hotspot_inner{\nbackground-color:#ff0000;\ncolor:#ffffff;\n}\n.av-hotspot-image-container .av-image-hotspot.av-av_image_spot-4c0e478db4381fb2b4df8b6d30503b48 .av-image-hotspot-pulse{\nbackground-color:#ff0000;\n}\n.av-hotspot-image-container .av-image-hotspot.av-av_image_spot-9bc0f80beae13891b3c82a8baf514a7d{\ntop:33.2%;\nleft:33.1%;\n}\n.av-hotspot-image-container .av-image-hotspot.av-av_image_spot-9bc0f80beae13891b3c82a8baf514a7d .av-image-hotspot_inner{\nbackground-color:#ff0000;\ncolor:#ffffff;\n}\n.av-hotspot-image-container .av-image-hotspot.av-av_image_spot-9bc0f80beae13891b3c82a8baf514a7d .av-image-hotspot-pulse{\nbackground-color:#ff0000;\n}\n.av-hotspot-image-container .av-image-hotspot.av-av_image_spot-cffd64e3a5a5900d1468596fd7eb7939{\ntop:50.6%;\nleft:15.6%;\n}\n.av-hotspot-image-container .av-image-hotspot.av-av_image_spot-cffd64e3a5a5900d1468596fd7eb7939 .av-image-hotspot_inner{\nbackground-color:#ff0000;\ncolor:#ffffff;\n}\n.av-hotspot-image-container .av-image-hotspot.av-av_image_spot-cffd64e3a5a5900d1468596fd7eb7939 .av-image-hotspot-pulse{\nbackground-color:#ff0000;\n}\n.av-hotspot-image-container .av-image-hotspot.av-av_image_spot-59f523acf81dab365dd0153c302fb103{\ntop:63.8%;\nleft:45%;\n}\n.av-hotspot-image-container .av-image-hotspot.av-av_image_spot-59f523acf81dab365dd0153c302fb103 .av-image-hotspot_inner{\nbackground-color:#ff0000;\ncolor:#ffffff;\n}\n.av-hotspot-image-container .av-image-hotspot.av-av_image_spot-59f523acf81dab365dd0153c302fb103 .av-image-hotspot-pulse{\nbackground-color:#ff0000;\n}\n<\/style>\n<div  class='av-hotspot-image-container av-av_image_hotspot-ae8f9e0ea875a6fe322e5f541214475a  avia-builder-el-6  avia-builder-el-no-sibling  av-hotspot-numbered av-mobile-fallback-active  av-non-fullwidth-hotspot-image'  itemprop=\"image\" itemscope=\"itemscope\" itemtype=\"https:\/\/schema.org\/ImageObject\" ><div class='av-hotspot-container'><div class='av-hotspot-container-inner-cell'><div class='av-hotspot-container-inner-wrap'><div class='av-image-hotspot av-av_image_spot-4c0e478db4381fb2b4df8b6d30503b48 av-image-hotspot-1 ' data-avia-tooltip-position='top' data-avia-tooltip-alignment='left' data-avia-tooltip-class='av-tt-default-width av-tt-pos-above av-tt-align-left  av-mobile-fallback-active  main_color av-tt-hotspot' data-avia-tooltip='&lt;p&gt;Design dobr\u00e1vel para maior comodidade&lt;\/p&gt;\n'><div class='av-image-hotspot_inner'>1<\/div><div class='av-image-hotspot-pulse'><\/div><\/div><div class='av-image-hotspot av-av_image_spot-9bc0f80beae13891b3c82a8baf514a7d av-image-hotspot-2 ' data-avia-tooltip-position='top' data-avia-tooltip-alignment='left' data-avia-tooltip-class='av-tt-default-width av-tt-pos-above av-tt-align-left  av-mobile-fallback-active  main_color av-tt-hotspot' data-avia-tooltip='&lt;p&gt;At\u00e9 4 horas de m\u00fasica ininterrupta&lt;\/p&gt;\n'><div class='av-image-hotspot_inner'>2<\/div><div class='av-image-hotspot-pulse'><\/div><\/div><div class='av-image-hotspot av-av_image_spot-cffd64e3a5a5900d1468596fd7eb7939 av-image-hotspot-3 ' data-avia-tooltip-position='top' data-avia-tooltip-alignment='left' data-avia-tooltip-class='av-tt-default-width av-tt-pos-above av-tt-align-left  av-mobile-fallback-active  main_color av-tt-hotspot' data-avia-tooltip='&lt;p&gt;Recarga atrav\u00e9s de cabo micro-USB&lt;\/p&gt;\n'><div class='av-image-hotspot_inner'>3<\/div><div class='av-image-hotspot-pulse'><\/div><\/div><div class='av-image-hotspot av-av_image_spot-59f523acf81dab365dd0153c302fb103 av-image-hotspot-4 ' data-avia-tooltip-position='top' data-avia-tooltip-alignment='left' data-avia-tooltip-class='av-tt-default-width av-tt-pos-above av-tt-align-left  av-mobile-fallback-active  main_color av-tt-hotspot' data-avia-tooltip='&lt;p&gt;Permite atender o telefone&lt;\/p&gt;\n'><div class='av-image-hotspot_inner'>4<\/div><div class='av-image-hotspot-pulse'><\/div><\/div><img decoding=\"async\" class='wp-image-3390 avia-img-lazy-loading-not-3390 avia_image' src=\"https:\/\/superior-electronics.com\/website\/wp-content\/uploads\/2017\/01\/superior-myway-bluetooth-earphones-square.jpg\" alt='' title='superior-myway-bluetooth-earphones-square'  height=\"1280\" width=\"1280\"  itemprop=\"thumbnailUrl\" srcset=\"https:\/\/superior-electronics.com\/website\/wp-content\/uploads\/2017\/01\/superior-myway-bluetooth-earphones-square.jpg 1280w, https:\/\/superior-electronics.com\/website\/wp-content\/uploads\/2017\/01\/superior-myway-bluetooth-earphones-square-450x450.jpg 450w, https:\/\/superior-electronics.com\/website\/wp-content\/uploads\/2017\/01\/superior-myway-bluetooth-earphones-square-100x100.jpg 100w, https:\/\/superior-electronics.com\/website\/wp-content\/uploads\/2017\/01\/superior-myway-bluetooth-earphones-square-80x80.jpg 80w, https:\/\/superior-electronics.com\/website\/wp-content\/uploads\/2017\/01\/superior-myway-bluetooth-earphones-square-300x300.jpg 300w, https:\/\/superior-electronics.com\/website\/wp-content\/uploads\/2017\/01\/superior-myway-bluetooth-earphones-square-768x768.jpg 768w, https:\/\/superior-electronics.com\/website\/wp-content\/uploads\/2017\/01\/superior-myway-bluetooth-earphones-square-1030x1030.jpg 1030w, https:\/\/superior-electronics.com\/website\/wp-content\/uploads\/2017\/01\/superior-myway-bluetooth-earphones-square-36x36.jpg 36w, https:\/\/superior-electronics.com\/website\/wp-content\/uploads\/2017\/01\/superior-myway-bluetooth-earphones-square-180x180.jpg 180w, https:\/\/superior-electronics.com\/website\/wp-content\/uploads\/2017\/01\/superior-myway-bluetooth-earphones-square-705x705.jpg 705w, https:\/\/superior-electronics.com\/website\/wp-content\/uploads\/2017\/01\/superior-myway-bluetooth-earphones-square-120x120.jpg 120w\" sizes=\"(max-width: 1280px) 100vw, 1280px\" \/><\/div><\/div><\/div><div class='av-hotspot-fallback-tooltip av-image-hotspot-1 '><div class=\"av-hotspot-fallback-tooltip-count\">1<div class=\"avia-arrow\"><\/div><\/div><div class=\"av-hotspot-fallback-tooltip-inner clearfix\"><p>Design dobr\u00e1vel para maior comodidade<\/p>\n<\/div><\/div><div class='av-hotspot-fallback-tooltip av-image-hotspot-2 '><div class=\"av-hotspot-fallback-tooltip-count\">2<div class=\"avia-arrow\"><\/div><\/div><div class=\"av-hotspot-fallback-tooltip-inner clearfix\"><p>At\u00e9 4 horas de m\u00fasica ininterrupta<\/p>\n<\/div><\/div><div class='av-hotspot-fallback-tooltip av-image-hotspot-3 '><div class=\"av-hotspot-fallback-tooltip-count\">3<div class=\"avia-arrow\"><\/div><\/div><div class=\"av-hotspot-fallback-tooltip-inner clearfix\"><p>Recarga atrav\u00e9s de cabo micro-USB<\/p>\n<\/div><\/div><div class='av-hotspot-fallback-tooltip av-image-hotspot-4 '><div class=\"av-hotspot-fallback-tooltip-count\">4<div class=\"avia-arrow\"><\/div><\/div><div class=\"av-hotspot-fallback-tooltip-inner clearfix\"><p>Permite atender o telefone<\/p>\n<\/div><\/div><\/div><\/div>\n\n<style type=\"text\/css\" data-created_by=\"avia_inline_auto\" id=\"style-css-av-av_one_third-0aa7055fe62c3622faec82866afbaeb2\">\n.flex_column.av-av_one_third-0aa7055fe62c3622faec82866afbaeb2{\n-webkit-border-radius:0px 0px 0px 0px;\n-moz-border-radius:0px 0px 0px 0px;\nborder-radius:0px 0px 0px 0px;\npadding:0px 0px 0px 0px;\n}\n<\/style>\n<div  class='flex_column av-av_one_third-0aa7055fe62c3622faec82866afbaeb2 av_one_third  avia-builder-el-7  el_after_av_one_third  el_before_av_hr  flex_column_div av-zero-column-padding  '     ><div  class='togglecontainer av-av_toggle_container-e9456ef7bca24d04f3a1085c64d9bbfc  avia-builder-el-8  avia-builder-el-no-sibling  dmc-accordion toggle_close_all' >\n<section class='av_toggle_section av-av_toggle-04d17a4441adfed1645f0ab8660b1207'  itemscope=\"itemscope\" itemtype=\"https:\/\/schema.org\/CreativeWork\" ><div role=\"tablist\" class=\"single_toggle\" data-tags=\"{All} \"  ><p data-fake-id='#toggle-id-1' class='toggler  activeTitle '  itemprop=\"headline\"  role='tab' tabindex='0' aria-controls='toggle-id-1'>ESPECIFICA\u00c7\u00d5ES T\u00c9CNICAS<span class=\"toggle_icon\"><span class=\"vert_icon\"><\/span><span class=\"hor_icon\"><\/span><\/span><\/p><div id='toggle-id-1' class='toggle_wrap  active_tc' style='display:block;' ><div class='toggle_content invers-color '  itemprop=\"text\" ><p><strong>PESO:<\/strong> 23 g<\/p>\n<p><strong>DIMENS\u00d5ES:<\/strong> 10,0 x 8,0 x 1,0 cm<\/p>\n<p><strong>BATERIAS:<\/strong> Litio <em>(Integrada)<\/em><\/p>\n<\/div><\/div><\/div><\/section>\n<section class='av_toggle_section av-av_toggle-f6d8ed8c0b20fade03e7a0921b5ed09c'  itemscope=\"itemscope\" itemtype=\"https:\/\/schema.org\/CreativeWork\" ><div role=\"tablist\" class=\"single_toggle\" data-tags=\"{All} \"  ><p data-fake-id='#toggle-id-2' class='toggler   '  itemprop=\"headline\"  role='tab' tabindex='0' aria-controls='toggle-id-2'>INFORMA\u00c7\u00d5ES COMPLEMENTARES<span class=\"toggle_icon\"><span class=\"vert_icon\"><\/span><span class=\"hor_icon\"><\/span><\/span><\/p><div id='toggle-id-2' class='toggle_wrap  '  ><div class='toggle_content invers-color '  itemprop=\"text\" ><p><strong>C\u00d3DIGO DE BARRAS:<\/strong> 08054242080353<\/p>\n<p><strong>TIPO:<\/strong> Auriculares para Desporto Wireless Bluetooth Port\u00e1til<\/p>\n<p><strong>DADOS T\u00c9CNICOS:<\/strong><\/p>\n<ul>\n<li>Dura\u00e7\u00e3o das baterias com carga total: Cerca 4H de m\u00fasica e at\u00e9 8H de fala<\/li>\n<li>Recarga pela USB<\/li>\n<li>Dist\u00e2ncia m\u00e1xima do transmissor 10m<\/li>\n<li>Corpo dobr\u00e1vel<\/li>\n<\/ul>\n<p><strong>CONTE\u00daDO DA CAIXA:<\/strong> Auriculares Bluetooth, cabo micro USB, manual instru\u00e7\u00f5es em 6 l\u00ednguas. Garantia de 2 anos<\/p>\n<\/div><\/div><\/div><\/section>\n<\/div><\/div>\n\n<style type=\"text\/css\" data-created_by=\"avia_inline_auto\" id=\"style-css-av-av_hr-0688d0b0b6ed2f8b057db7a8270206df\">\n#top .hr.hr-invisible.av-av_hr-0688d0b0b6ed2f8b057db7a8270206df{\nheight:50px;\n}\n<\/style>\n<div  class='hr av-av_hr-0688d0b0b6ed2f8b057db7a8270206df hr-invisible  avia-builder-el-9  el_after_av_one_third  avia-builder-el-last '><span class='hr-inner '><span class=\"hr-inner-style\"><\/span><\/span><\/div>\n","protected":false},"excerpt":{"rendered":"","protected":false},"author":1,"featured_media":0,"parent":4793,"menu_order":40,"comment_status":"closed","ping_status":"closed","template":"","meta":{"inline_featured_image":false,"footnotes":""},"categories":[119],"tags":[],"class_list":["post-6300","page","type-page","status-publish","hentry","category-novita-pt-pt"],"yoast_head":"<!-- This site is optimized with the Yoast SEO plugin v27.3 - https:\/\/yoast.com\/product\/yoast-seo-wordpress\/ -->\n<title>MyWay - Sport - Superior Electronics<\/title>\n<meta name=\"robots\" content=\"index, follow, max-snippet:-1, max-image-preview:large, max-video-preview:-1\" \/>\n<link rel=\"canonical\" href=\"https:\/\/superior-electronics.com\/pt-pt\/produtos\/audio\/superior-myway-cuffie-sportive-bluetooth\/\" \/>\n<meta property=\"og:locale\" content=\"pt_PT\" \/>\n<meta property=\"og:type\" content=\"article\" \/>\n<meta property=\"og:title\" content=\"MyWay - Sport - Superior Electronics\" \/>\n<meta property=\"og:url\" content=\"https:\/\/superior-electronics.com\/pt-pt\/produtos\/audio\/superior-myway-cuffie-sportive-bluetooth\/\" \/>\n<meta property=\"og:site_name\" content=\"Superior Electronics\" \/>\n<meta property=\"article:modified_time\" content=\"2018-02-16T10:57:55+00:00\" \/>\n<meta name=\"twitter:card\" content=\"summary_large_image\" \/>\n<meta name=\"twitter:label1\" content=\"Tempo estimado de leitura\" \/>\n\t<meta name=\"twitter:data1\" content=\"4 minutos\" \/>\n<script type=\"application\/ld+json\" class=\"yoast-schema-graph\">{\"@context\":\"https:\\\/\\\/schema.org\",\"@graph\":[{\"@type\":\"WebPage\",\"@id\":\"https:\\\/\\\/superior-electronics.com\\\/pt-pt\\\/produtos\\\/audio\\\/superior-myway-cuffie-sportive-bluetooth\\\/\",\"url\":\"https:\\\/\\\/superior-electronics.com\\\/pt-pt\\\/produtos\\\/audio\\\/superior-myway-cuffie-sportive-bluetooth\\\/\",\"name\":\"MyWay - Sport - Superior Electronics\",\"isPartOf\":{\"@id\":\"https:\\\/\\\/superior-electronics.com\\\/pt-pt\\\/#website\"},\"datePublished\":\"2017-03-02T09:59:13+00:00\",\"dateModified\":\"2018-02-16T10:57:55+00:00\",\"breadcrumb\":{\"@id\":\"https:\\\/\\\/superior-electronics.com\\\/pt-pt\\\/produtos\\\/audio\\\/superior-myway-cuffie-sportive-bluetooth\\\/#breadcrumb\"},\"inLanguage\":\"pt-PT\",\"potentialAction\":[{\"@type\":\"ReadAction\",\"target\":[\"https:\\\/\\\/superior-electronics.com\\\/pt-pt\\\/produtos\\\/audio\\\/superior-myway-cuffie-sportive-bluetooth\\\/\"]}]},{\"@type\":\"BreadcrumbList\",\"@id\":\"https:\\\/\\\/superior-electronics.com\\\/pt-pt\\\/produtos\\\/audio\\\/superior-myway-cuffie-sportive-bluetooth\\\/#breadcrumb\",\"itemListElement\":[{\"@type\":\"ListItem\",\"position\":1,\"name\":\"Home\",\"item\":\"https:\\\/\\\/superior-electronics.com\\\/pt-pt\\\/superior-electronics\\\/\"},{\"@type\":\"ListItem\",\"position\":2,\"name\":\"Produtos\",\"item\":\"https:\\\/\\\/superior-electronics.com\\\/pt-pt\\\/produtos\\\/\"},{\"@type\":\"ListItem\",\"position\":3,\"name\":\"Audio\",\"item\":\"https:\\\/\\\/superior-electronics.com\\\/pt-pt\\\/produtos\\\/audio\\\/\"},{\"@type\":\"ListItem\",\"position\":4,\"name\":\"MyWay &#8211; Sport\"}]},{\"@type\":\"WebSite\",\"@id\":\"https:\\\/\\\/superior-electronics.com\\\/pt-pt\\\/#website\",\"url\":\"https:\\\/\\\/superior-electronics.com\\\/pt-pt\\\/\",\"name\":\"Superior Electronics\",\"description\":\"Telecomandi programmabili, elettronica di qualit\u00e0\",\"publisher\":{\"@id\":\"https:\\\/\\\/superior-electronics.com\\\/pt-pt\\\/#organization\"},\"potentialAction\":[{\"@type\":\"SearchAction\",\"target\":{\"@type\":\"EntryPoint\",\"urlTemplate\":\"https:\\\/\\\/superior-electronics.com\\\/pt-pt\\\/?s={search_term_string}\"},\"query-input\":{\"@type\":\"PropertyValueSpecification\",\"valueRequired\":true,\"valueName\":\"search_term_string\"}}],\"inLanguage\":\"pt-PT\"},{\"@type\":\"Organization\",\"@id\":\"https:\\\/\\\/superior-electronics.com\\\/pt-pt\\\/#organization\",\"name\":\"Superior Srl\",\"url\":\"https:\\\/\\\/superior-electronics.com\\\/pt-pt\\\/\",\"logo\":{\"@type\":\"ImageObject\",\"inLanguage\":\"pt-PT\",\"@id\":\"https:\\\/\\\/superior-electronics.com\\\/pt-pt\\\/#\\\/schema\\\/logo\\\/image\\\/\",\"url\":\"https:\\\/\\\/superior-electronics.com\\\/website\\\/wp-content\\\/uploads\\\/2017\\\/09\\\/Superior-logo-header-new.png\",\"contentUrl\":\"https:\\\/\\\/superior-electronics.com\\\/website\\\/wp-content\\\/uploads\\\/2017\\\/09\\\/Superior-logo-header-new.png\",\"width\":528,\"height\":156,\"caption\":\"Superior Srl\"},\"image\":{\"@id\":\"https:\\\/\\\/superior-electronics.com\\\/pt-pt\\\/#\\\/schema\\\/logo\\\/image\\\/\"}}]}<\/script>\n<!-- \/ Yoast SEO plugin. -->","yoast_head_json":{"title":"MyWay - Sport - Superior Electronics","robots":{"index":"index","follow":"follow","max-snippet":"max-snippet:-1","max-image-preview":"max-image-preview:large","max-video-preview":"max-video-preview:-1"},"canonical":"https:\/\/superior-electronics.com\/pt-pt\/produtos\/audio\/superior-myway-cuffie-sportive-bluetooth\/","og_locale":"pt_PT","og_type":"article","og_title":"MyWay - Sport - Superior Electronics","og_url":"https:\/\/superior-electronics.com\/pt-pt\/produtos\/audio\/superior-myway-cuffie-sportive-bluetooth\/","og_site_name":"Superior Electronics","article_modified_time":"2018-02-16T10:57:55+00:00","twitter_card":"summary_large_image","twitter_misc":{"Tempo estimado de leitura":"4 minutos"},"schema":{"@context":"https:\/\/schema.org","@graph":[{"@type":"WebPage","@id":"https:\/\/superior-electronics.com\/pt-pt\/produtos\/audio\/superior-myway-cuffie-sportive-bluetooth\/","url":"https:\/\/superior-electronics.com\/pt-pt\/produtos\/audio\/superior-myway-cuffie-sportive-bluetooth\/","name":"MyWay - Sport - Superior Electronics","isPartOf":{"@id":"https:\/\/superior-electronics.com\/pt-pt\/#website"},"datePublished":"2017-03-02T09:59:13+00:00","dateModified":"2018-02-16T10:57:55+00:00","breadcrumb":{"@id":"https:\/\/superior-electronics.com\/pt-pt\/produtos\/audio\/superior-myway-cuffie-sportive-bluetooth\/#breadcrumb"},"inLanguage":"pt-PT","potentialAction":[{"@type":"ReadAction","target":["https:\/\/superior-electronics.com\/pt-pt\/produtos\/audio\/superior-myway-cuffie-sportive-bluetooth\/"]}]},{"@type":"BreadcrumbList","@id":"https:\/\/superior-electronics.com\/pt-pt\/produtos\/audio\/superior-myway-cuffie-sportive-bluetooth\/#breadcrumb","itemListElement":[{"@type":"ListItem","position":1,"name":"Home","item":"https:\/\/superior-electronics.com\/pt-pt\/superior-electronics\/"},{"@type":"ListItem","position":2,"name":"Produtos","item":"https:\/\/superior-electronics.com\/pt-pt\/produtos\/"},{"@type":"ListItem","position":3,"name":"Audio","item":"https:\/\/superior-electronics.com\/pt-pt\/produtos\/audio\/"},{"@type":"ListItem","position":4,"name":"MyWay &#8211; Sport"}]},{"@type":"WebSite","@id":"https:\/\/superior-electronics.com\/pt-pt\/#website","url":"https:\/\/superior-electronics.com\/pt-pt\/","name":"Superior Electronics","description":"Telecomandi programmabili, elettronica di qualit\u00e0","publisher":{"@id":"https:\/\/superior-electronics.com\/pt-pt\/#organization"},"potentialAction":[{"@type":"SearchAction","target":{"@type":"EntryPoint","urlTemplate":"https:\/\/superior-electronics.com\/pt-pt\/?s={search_term_string}"},"query-input":{"@type":"PropertyValueSpecification","valueRequired":true,"valueName":"search_term_string"}}],"inLanguage":"pt-PT"},{"@type":"Organization","@id":"https:\/\/superior-electronics.com\/pt-pt\/#organization","name":"Superior Srl","url":"https:\/\/superior-electronics.com\/pt-pt\/","logo":{"@type":"ImageObject","inLanguage":"pt-PT","@id":"https:\/\/superior-electronics.com\/pt-pt\/#\/schema\/logo\/image\/","url":"https:\/\/superior-electronics.com\/website\/wp-content\/uploads\/2017\/09\/Superior-logo-header-new.png","contentUrl":"https:\/\/superior-electronics.com\/website\/wp-content\/uploads\/2017\/09\/Superior-logo-header-new.png","width":528,"height":156,"caption":"Superior Srl"},"image":{"@id":"https:\/\/superior-electronics.com\/pt-pt\/#\/schema\/logo\/image\/"}}]}},"_links":{"self":[{"href":"https:\/\/superior-electronics.com\/pt-pt\/wp-json\/wp\/v2\/pages\/6300","targetHints":{"allow":["GET"]}}],"collection":[{"href":"https:\/\/superior-electronics.com\/pt-pt\/wp-json\/wp\/v2\/pages"}],"about":[{"href":"https:\/\/superior-electronics.com\/pt-pt\/wp-json\/wp\/v2\/types\/page"}],"author":[{"embeddable":true,"href":"https:\/\/superior-electronics.com\/pt-pt\/wp-json\/wp\/v2\/users\/1"}],"replies":[{"embeddable":true,"href":"https:\/\/superior-electronics.com\/pt-pt\/wp-json\/wp\/v2\/comments?post=6300"}],"version-history":[{"count":5,"href":"https:\/\/superior-electronics.com\/pt-pt\/wp-json\/wp\/v2\/pages\/6300\/revisions"}],"predecessor-version":[{"id":11070,"href":"https:\/\/superior-electronics.com\/pt-pt\/wp-json\/wp\/v2\/pages\/6300\/revisions\/11070"}],"up":[{"embeddable":true,"href":"https:\/\/superior-electronics.com\/pt-pt\/wp-json\/wp\/v2\/pages\/4793"}],"wp:attachment":[{"href":"https:\/\/superior-electronics.com\/pt-pt\/wp-json\/wp\/v2\/media?parent=6300"}],"wp:term":[{"taxonomy":"category","embeddable":true,"href":"https:\/\/superior-electronics.com\/pt-pt\/wp-json\/wp\/v2\/categories?post=6300"},{"taxonomy":"post_tag","embeddable":true,"href":"https:\/\/superior-electronics.com\/pt-pt\/wp-json\/wp\/v2\/tags?post=6300"}],"curies":[{"name":"wp","href":"https:\/\/api.w.org\/{rel}","templated":true}]}}