{"id":6273,"date":"2017-03-02T10:51:12","date_gmt":"2017-03-02T09:51:12","guid":{"rendered":"https:\/\/superior-electronics.com\/produtos\/audio\/superior-myway-2s-altoparlante-bluetooth-stereo\/"},"modified":"2019-01-18T01:43:19","modified_gmt":"2019-01-18T00:43:19","slug":"superior-myway-2s-altoparlante-bluetooth-stereo","status":"publish","type":"page","link":"https:\/\/superior-electronics.com\/pt-pt\/produtos\/audio\/superior-myway-2s-altoparlante-bluetooth-stereo\/","title":{"rendered":"MyWay \u2013 2S"},"content":{"rendered":"<div id='full_slider_1'  class='avia-fullwidth-slider main_color avia-shadow   avia-builder-el-0  el_before_av_hr  avia-builder-el-first  dmc-hide-mobile  container_wrap fullsize'  ><div  class='avia-slideshow av-av_slideshow_full-20095e13615386d3aaf97a300ee1ece1 avia-slideshow-no scaling av_slideshow_full avia-fade-slider dmc-hide-mobile av-slideshow-ui av-control-hidden av-no-slider-navigation av-hide-nav-arrows av-slideshow-manual av-loop-once av-loop-manual-endless av-default-height-applied   avia-slideshow-1' data-slideshow-options=\"{&quot;animation&quot;:&quot;fade&quot;,&quot;autoplay&quot;:false,&quot;loop_autoplay&quot;:&quot;once&quot;,&quot;interval&quot;:5,&quot;loop_manual&quot;:&quot;manual-endless&quot;,&quot;autoplay_stopper&quot;:false,&quot;noNavigation&quot;:true,&quot;bg_slider&quot;:false,&quot;keep_padding&quot;:false,&quot;hoverpause&quot;:false,&quot;show_slide_delay&quot;:0}\"  itemprop=\"image\" itemscope=\"itemscope\" itemtype=\"https:\/\/schema.org\/ImageObject\" ><ul class='avia-slideshow-inner ' style='padding-bottom: 22.883295194508%;'><li  class='avia-slideshow-slide av-av_slideshow_full-20095e13615386d3aaf97a300ee1ece1__0  av-single-slide slide-1 slide-odd'><div data-rel='slideshow-1' class='avia-slide-wrap '   ><div class='av-slideshow-caption av-av_slideshow_full-20095e13615386d3aaf97a300ee1ece1__0 caption_fullwidth caption_right caption_right_framed caption_framed'><div class=\"container caption_container\"><div class=\"slideshow_caption\"><div class=\"slideshow_inner_caption\"><div class=\"slideshow_align_caption\"><div class='avia-caption-content '  itemprop=\"description\" ><p>\u2022 Design moderno<br \/>\u2022 At\u00e9 4 horas de m\u00fasica ininterrupta<br \/>\u2022 Recarga atrav\u00e9s de cabo micro-USB<\/p>\n<\/div><\/div><\/div><\/div><\/div><\/div><img decoding=\"async\" class=\"wp-image-7790 avia-img-lazy-loading-not-7790\"  src=\"https:\/\/superior-electronics.com\/website\/wp-content\/uploads\/2017\/03\/my_way2_superior-myway-2s-bluetooth-speaker-hero.jpg\" width=\"1311\" height=\"300\" title='my_way2_superior-myway-2s-bluetooth-speaker-hero' alt=''  itemprop=\"thumbnailUrl\" srcset=\"https:\/\/superior-electronics.com\/website\/wp-content\/uploads\/2017\/03\/my_way2_superior-myway-2s-bluetooth-speaker-hero.jpg 1311w, https:\/\/superior-electronics.com\/website\/wp-content\/uploads\/2017\/03\/my_way2_superior-myway-2s-bluetooth-speaker-hero-450x103.jpg 450w, https:\/\/superior-electronics.com\/website\/wp-content\/uploads\/2017\/03\/my_way2_superior-myway-2s-bluetooth-speaker-hero-300x69.jpg 300w, https:\/\/superior-electronics.com\/website\/wp-content\/uploads\/2017\/03\/my_way2_superior-myway-2s-bluetooth-speaker-hero-768x176.jpg 768w, https:\/\/superior-electronics.com\/website\/wp-content\/uploads\/2017\/03\/my_way2_superior-myway-2s-bluetooth-speaker-hero-1030x236.jpg 1030w, https:\/\/superior-electronics.com\/website\/wp-content\/uploads\/2017\/03\/my_way2_superior-myway-2s-bluetooth-speaker-hero-705x161.jpg 705w\" sizes=\"(max-width: 1311px) 100vw, 1311px\" \/><\/div><\/li><\/ul><\/div><\/div><div id='after_full_slider_1'  class='main_color av_default_container_wrap container_wrap fullsize'  ><div class='container av-section-cont-open' ><div class='template-page content  av-content-full alpha units'><div class='post-entry post-entry-type-page post-entry-6273'><div class='entry-content-wrapper clearfix'>\n\n<style type=\"text\/css\" data-created_by=\"avia_inline_auto\" id=\"style-css-av-av_hr-0688d0b0b6ed2f8b057db7a8270206df\">\n#top .hr.hr-invisible.av-av_hr-0688d0b0b6ed2f8b057db7a8270206df{\nheight:50px;\n}\n<\/style>\n<div  class='hr av-av_hr-0688d0b0b6ed2f8b057db7a8270206df hr-invisible  avia-builder-el-1  el_after_av_slideshow_full  el_before_av_one_third  avia-builder-el-first '><span class='hr-inner '><span class=\"hr-inner-style\"><\/span><\/span><\/div>\n\n<style type=\"text\/css\" data-created_by=\"avia_inline_auto\" id=\"style-css-av-av_one_third-6126cab7d8fab8d08143dd2dacdf673c\">\n.flex_column.av-av_one_third-6126cab7d8fab8d08143dd2dacdf673c{\n-webkit-border-radius:0px 0px 0px 0px;\n-moz-border-radius:0px 0px 0px 0px;\nborder-radius:0px 0px 0px 0px;\npadding:0px 0px 0px 0px;\n}\n<\/style>\n<div  class='flex_column av-av_one_third-6126cab7d8fab8d08143dd2dacdf673c av_one_third  avia-builder-el-2  el_after_av_hr  el_before_av_one_third  first flex_column_div av-zero-column-padding  '     ><section  class='av_textblock_section av-av_textblock-35972167d9f102c5ddaec0c531c98b9e '   itemscope=\"itemscope\" itemtype=\"https:\/\/schema.org\/CreativeWork\" ><div class='avia_textblock'  itemprop=\"text\" ><h2>Altifalante wireless port\u00e1til, compat\u00edvel com PC Windows, Apple, smartphone e Tablet (iOS, Android, Windows Phone).<\/h2>\n<ul>\n<li>At\u00e9 4 horas de m\u00fasica ininterrupta<\/li>\n<li>Recarga em 90 minutos atrav\u00e9s do cabo micro-USB (fornecido na embalagem)<\/li>\n<li>Compat\u00edvel com qualquer dispositivo que suporte a mesma tecnologia wireless<\/li>\n<li>Possibilidade de conex\u00e3o atrav\u00e9s de cabo \u00e1udio (fornecido na embalagem)<\/li>\n<li>Sonoridade importante gra\u00e7as ao duplo altifalante num design moderno e apreciado<\/li>\n<li>Raio de a\u00e7\u00e3o at\u00e9 10m<\/li>\n<\/ul>\n<\/div><\/section><br \/>\n\n<style type=\"text\/css\" data-created_by=\"avia_inline_auto\" id=\"style-css-av-av_hr-c9ba6ccf0e28539cef079a4b419f7f68\">\n#top .hr.hr-invisible.av-av_hr-c9ba6ccf0e28539cef079a4b419f7f68{\nheight:25px;\n}\n<\/style>\n<div  class='hr av-av_hr-c9ba6ccf0e28539cef079a4b419f7f68 hr-invisible  avia-builder-el-4  el_after_av_textblock  avia-builder-el-last '><span class='hr-inner '><span class=\"hr-inner-style\"><\/span><\/span><\/div><\/p><\/div>\n\n<style type=\"text\/css\" data-created_by=\"avia_inline_auto\" id=\"style-css-av-av_one_third-0aa7055fe62c3622faec82866afbaeb2\">\n.flex_column.av-av_one_third-0aa7055fe62c3622faec82866afbaeb2{\n-webkit-border-radius:0px 0px 0px 0px;\n-moz-border-radius:0px 0px 0px 0px;\nborder-radius:0px 0px 0px 0px;\npadding:0px 0px 0px 0px;\n}\n<\/style>\n<div  class='flex_column av-av_one_third-0aa7055fe62c3622faec82866afbaeb2 av_one_third  avia-builder-el-5  el_after_av_one_third  el_before_av_one_third  flex_column_div av-zero-column-padding  '     ><style type=\"text\/css\" data-created_by=\"avia_inline_auto\" id=\"style-css-sub-av-av_image_hotspot-9d6813127822b5e3ed23789d1f2da97e\">\n.av-hotspot-image-container .av-image-hotspot.av-av_image_spot-bed14bb79213ce54f219926915526add{\ntop:41.3%;\nleft:50%;\n}\n.av-hotspot-image-container .av-image-hotspot.av-av_image_spot-bed14bb79213ce54f219926915526add .av-image-hotspot_inner{\nbackground-color:#e30615;\ncolor:#ffffff;\n}\n.av-hotspot-image-container .av-image-hotspot.av-av_image_spot-bed14bb79213ce54f219926915526add .av-image-hotspot-pulse{\nbackground-color:#e30615;\n}\n.av-hotspot-image-container .av-image-hotspot.av-av_image_spot-df557590c68665c6869b4537237b4092{\ntop:43.1%;\nleft:85.1%;\n}\n.av-hotspot-image-container .av-image-hotspot.av-av_image_spot-df557590c68665c6869b4537237b4092 .av-image-hotspot_inner{\nbackground-color:#e30615;\ncolor:#ffffff;\n}\n.av-hotspot-image-container .av-image-hotspot.av-av_image_spot-df557590c68665c6869b4537237b4092 .av-image-hotspot-pulse{\nbackground-color:#e30615;\n}\n.av-hotspot-image-container .av-image-hotspot.av-av_image_spot-b6ddc2ab9e512f560efbb89706f6767f{\ntop:59.4%;\nleft:50%;\n}\n.av-hotspot-image-container .av-image-hotspot.av-av_image_spot-b6ddc2ab9e512f560efbb89706f6767f .av-image-hotspot_inner{\nbackground-color:#e30615;\ncolor:#ffffff;\n}\n.av-hotspot-image-container .av-image-hotspot.av-av_image_spot-b6ddc2ab9e512f560efbb89706f6767f .av-image-hotspot-pulse{\nbackground-color:#e30615;\n}\n<\/style>\n<div  class='av-hotspot-image-container av-av_image_hotspot-9d6813127822b5e3ed23789d1f2da97e  avia-builder-el-6  avia-builder-el-no-sibling  av-hotspot-numbered av-mobile-fallback-active  av-non-fullwidth-hotspot-image'  itemprop=\"image\" itemscope=\"itemscope\" itemtype=\"https:\/\/schema.org\/ImageObject\" ><div class='av-hotspot-container'><div class='av-hotspot-container-inner-cell'><div class='av-hotspot-container-inner-wrap'><div class='av-image-hotspot av-av_image_spot-bed14bb79213ce54f219926915526add av-image-hotspot-1 ' data-avia-tooltip-position='top' data-avia-tooltip-alignment='left' data-avia-tooltip-class='av-tt-default-width av-tt-pos-above av-tt-align-left  av-mobile-fallback-active  main_color av-tt-hotspot' data-avia-tooltip='&lt;p class=&quot;Corpo&quot;&gt;&lt;span style=&quot;font-size: 14.0pt;&quot;&gt;Design moderno&lt;\/span&gt;&lt;\/p&gt;\n'><div class='av-image-hotspot_inner'>1<\/div><div class='av-image-hotspot-pulse'><\/div><\/div><div class='av-image-hotspot av-av_image_spot-df557590c68665c6869b4537237b4092 av-image-hotspot-2 ' data-avia-tooltip-position='top' data-avia-tooltip-alignment='left' data-avia-tooltip-class='av-tt-default-width av-tt-pos-above av-tt-align-left  av-mobile-fallback-active  main_color av-tt-hotspot' data-avia-tooltip='&lt;p&gt;At\u00e9 4 horas de m\u00fasica ininterrupta&lt;\/p&gt;\n'><div class='av-image-hotspot_inner'>2<\/div><div class='av-image-hotspot-pulse'><\/div><\/div><div class='av-image-hotspot av-av_image_spot-b6ddc2ab9e512f560efbb89706f6767f av-image-hotspot-3 ' data-avia-tooltip-position='top' data-avia-tooltip-alignment='left' data-avia-tooltip-class='av-tt-default-width av-tt-pos-above av-tt-align-left  av-mobile-fallback-active  main_color av-tt-hotspot' data-avia-tooltip='&lt;p&gt;Recarga atrav\u00e9s de cabo micro-USB&lt;\/p&gt;\n'><div class='av-image-hotspot_inner'>3<\/div><div class='av-image-hotspot-pulse'><\/div><\/div><img decoding=\"async\" class='wp-image-1958 avia-img-lazy-loading-not-1958 avia_image' src=\"https:\/\/superior-electronics.com\/website\/wp-content\/uploads\/2016\/11\/superior-myway-2S-bluetooth-speaker-square-1030x1030.jpg\" alt='' title='superior-myway-2s-bluetooth-speaker-square'  height=\"1030\" width=\"1030\"  itemprop=\"thumbnailUrl\" srcset=\"https:\/\/superior-electronics.com\/website\/wp-content\/uploads\/2016\/11\/superior-myway-2S-bluetooth-speaker-square-1030x1030.jpg 1030w, https:\/\/superior-electronics.com\/website\/wp-content\/uploads\/2016\/11\/superior-myway-2S-bluetooth-speaker-square-450x450.jpg 450w, https:\/\/superior-electronics.com\/website\/wp-content\/uploads\/2016\/11\/superior-myway-2S-bluetooth-speaker-square-100x100.jpg 100w, https:\/\/superior-electronics.com\/website\/wp-content\/uploads\/2016\/11\/superior-myway-2S-bluetooth-speaker-square-80x80.jpg 80w, https:\/\/superior-electronics.com\/website\/wp-content\/uploads\/2016\/11\/superior-myway-2S-bluetooth-speaker-square-300x300.jpg 300w, https:\/\/superior-electronics.com\/website\/wp-content\/uploads\/2016\/11\/superior-myway-2S-bluetooth-speaker-square-768x768.jpg 768w, https:\/\/superior-electronics.com\/website\/wp-content\/uploads\/2016\/11\/superior-myway-2S-bluetooth-speaker-square-36x36.jpg 36w, https:\/\/superior-electronics.com\/website\/wp-content\/uploads\/2016\/11\/superior-myway-2S-bluetooth-speaker-square-180x180.jpg 180w, https:\/\/superior-electronics.com\/website\/wp-content\/uploads\/2016\/11\/superior-myway-2S-bluetooth-speaker-square-705x705.jpg 705w, https:\/\/superior-electronics.com\/website\/wp-content\/uploads\/2016\/11\/superior-myway-2S-bluetooth-speaker-square-120x120.jpg 120w, https:\/\/superior-electronics.com\/website\/wp-content\/uploads\/2016\/11\/superior-myway-2S-bluetooth-speaker-square.jpg 1280w\" sizes=\"(max-width: 1030px) 100vw, 1030px\" \/><\/div><\/div><\/div><div class='av-hotspot-fallback-tooltip av-image-hotspot-1 '><div class=\"av-hotspot-fallback-tooltip-count\">1<div class=\"avia-arrow\"><\/div><\/div><div class=\"av-hotspot-fallback-tooltip-inner clearfix\"><\/p>\n<p class=\"Corpo\"><span style=\"font-size: 14.0pt;\">Design moderno<\/span><\/p>\n<p>\n<\/div><\/div><div class='av-hotspot-fallback-tooltip av-image-hotspot-2 '><div class=\"av-hotspot-fallback-tooltip-count\">2<div class=\"avia-arrow\"><\/div><\/div><div class=\"av-hotspot-fallback-tooltip-inner clearfix\"><p>At\u00e9 4 horas de m\u00fasica ininterrupta<\/p>\n<\/div><\/div><div class='av-hotspot-fallback-tooltip av-image-hotspot-3 '><div class=\"av-hotspot-fallback-tooltip-count\">3<div class=\"avia-arrow\"><\/div><\/div><div class=\"av-hotspot-fallback-tooltip-inner clearfix\"><p>Recarga atrav\u00e9s de cabo micro-USB<\/p>\n<\/div><\/div><\/div><\/div>\n\n<style type=\"text\/css\" data-created_by=\"avia_inline_auto\" id=\"style-css-av-av_one_third-0aa7055fe62c3622faec82866afbaeb2\">\n.flex_column.av-av_one_third-0aa7055fe62c3622faec82866afbaeb2{\n-webkit-border-radius:0px 0px 0px 0px;\n-moz-border-radius:0px 0px 0px 0px;\nborder-radius:0px 0px 0px 0px;\npadding:0px 0px 0px 0px;\n}\n<\/style>\n<div  class='flex_column av-av_one_third-0aa7055fe62c3622faec82866afbaeb2 av_one_third  avia-builder-el-7  el_after_av_one_third  el_before_av_hr  flex_column_div av-zero-column-padding  '     ><div  class='togglecontainer av-jr19u9uo-47a050e1b152a0558bc5a986289fd134  avia-builder-el-8  avia-builder-el-no-sibling  dmc-accordion toggle_close_all' ><section class='av_toggle_section av-av_toggle-04d17a4441adfed1645f0ab8660b1207'  itemscope=\"itemscope\" itemtype=\"https:\/\/schema.org\/CreativeWork\" ><div role=\"tablist\" class=\"single_toggle\" data-tags=\"{All} \"  ><p data-fake-id='#toggle-id-1' class='toggler  activeTitle '  itemprop=\"headline\"  role='tab' tabindex='0' aria-controls='toggle-id-1'>ESPECIFICA\u00c7\u00d5ES T\u00c9CNICAS<span class=\"toggle_icon\"><span class=\"vert_icon\"><\/span><span class=\"hor_icon\"><\/span><\/span><\/p><div id='toggle-id-1' class='toggle_wrap  active_tc' style='display:block;' ><div class='toggle_content invers-color '  itemprop=\"text\" ><p><strong>PESO:<\/strong> 410 g<\/p>\n<p><strong>DIMENS\u00d5ES:<\/strong> 22,0 x 6,5 x 6,5 cm<\/p>\n<p><strong>BATERIAS:<\/strong> Litio <em>(Integrada)<\/em><\/p>\n<\/div><\/div><\/div><\/section><section class='av_toggle_section av-av_toggle-f6d8ed8c0b20fade03e7a0921b5ed09c'  itemscope=\"itemscope\" itemtype=\"https:\/\/schema.org\/CreativeWork\" ><div role=\"tablist\" class=\"single_toggle\" data-tags=\"{All} \"  ><p data-fake-id='#toggle-id-2' class='toggler   '  itemprop=\"headline\"  role='tab' tabindex='0' aria-controls='toggle-id-2'>INFORMA\u00c7\u00d5ES COMPLEMENTARES<span class=\"toggle_icon\"><span class=\"vert_icon\"><\/span><span class=\"hor_icon\"><\/span><\/span><\/p><div id='toggle-id-2' class='toggle_wrap  '  ><div class='toggle_content invers-color '  itemprop=\"text\" ><p><strong>C\u00d3DIGO:\u00a0<\/strong>SUPASB002<\/p>\n<p><strong>C\u00d3DIGO DE BARRAS:<\/strong>\u00a08054242080261<\/p>\n<p><strong>TIPO:<\/strong> Caixa Est\u00e9reo Wireless Bluetooth Port\u00e1til<\/p>\n<p><strong>DADOS T\u00c9CNICOS:<\/strong><\/p>\n<ul>\n<li>Dura\u00e7\u00e3o das baterias com carga total: Cerca de 3H com volume 80%<\/li>\n<li>Tempo de carga: 1H30M<\/li>\n<li>Requisitos da alimenta\u00e7\u00e3o (entrada): 5V 500mA<\/li>\n<li>Consumo pot\u00eancia: 2 x 3W<\/li>\n<li>Frequ\u00eancia operativa: 120HZ-18kHz<\/li>\n<li>Imped\u00e2ncia: 4\u03a9<\/li>\n<\/ul>\n<p><strong>CONFIGURA\u00c7\u00c3O:<\/strong> F\u00e1cil acoplamento BT seguindo as instru\u00e7\u00f5es do manual<\/p>\n<p><strong>CONTE\u00daDO DO BLISTER:<\/strong> Caixa Bluetooth, cabo micro USB, cabo de entrada AUX, manual instru\u00e7\u00f5es em 6 l\u00ednguas. Garantia de 2 anos<\/p>\n<\/div><\/div><\/div><\/section><section class='av_toggle_section av-av_toggle-bce1d0e6617de748c2e89236d30a9ad4'  itemscope=\"itemscope\" itemtype=\"https:\/\/schema.org\/CreativeWork\" ><div role=\"tablist\" class=\"single_toggle\" data-tags=\"{All} \"  ><p data-fake-id='#toggle-id-3' class='toggler   '  itemprop=\"headline\"  role='tab' tabindex='0' aria-controls='toggle-id-3'>Downloads<span class=\"toggle_icon\"><span class=\"vert_icon\"><\/span><span class=\"hor_icon\"><\/span><\/span><\/p><div id='toggle-id-3' class='toggle_wrap  '  ><div class='toggle_content invers-color '  itemprop=\"text\" ><p>[ddownload id=&#8221;10240&#8243; text=&#8221;Manuais&#8221;]<\/p>\n<p>[ddownload id=&#8221;10250&#8243; text=&#8221;Ficha T\u00e9cnica&#8221;]<\/p>\n<\/div><\/div><\/div><\/section><\/div><\/div>\n<style type=\"text\/css\" data-created_by=\"avia_inline_auto\" id=\"style-css-av-av_hr-0688d0b0b6ed2f8b057db7a8270206df\">\n#top .hr.hr-invisible.av-av_hr-0688d0b0b6ed2f8b057db7a8270206df{\nheight:50px;\n}\n<\/style>\n<div  class='hr av-av_hr-0688d0b0b6ed2f8b057db7a8270206df hr-invisible  avia-builder-el-9  el_after_av_one_third  avia-builder-el-last '><span class='hr-inner '><span class=\"hr-inner-style\"><\/span><\/span><\/div><\/p>\n","protected":false},"excerpt":{"rendered":"","protected":false},"author":1,"featured_media":0,"parent":4793,"menu_order":20,"comment_status":"closed","ping_status":"closed","template":"","meta":{"inline_featured_image":false,"footnotes":""},"categories":[119],"tags":[],"class_list":["post-6273","page","type-page","status-publish","hentry","category-novita-pt-pt"],"yoast_head":"<!-- This site is optimized with the Yoast SEO plugin v27.3 - https:\/\/yoast.com\/product\/yoast-seo-wordpress\/ -->\n<title>MyWay \u2013 2S - Superior Electronics<\/title>\n<meta name=\"robots\" content=\"index, follow, max-snippet:-1, max-image-preview:large, max-video-preview:-1\" \/>\n<link rel=\"canonical\" href=\"https:\/\/superior-electronics.com\/pt-pt\/produtos\/audio\/superior-myway-2s-altoparlante-bluetooth-stereo\/\" \/>\n<meta property=\"og:locale\" content=\"pt_PT\" \/>\n<meta property=\"og:type\" content=\"article\" \/>\n<meta property=\"og:title\" content=\"MyWay \u2013 2S - Superior Electronics\" \/>\n<meta property=\"og:url\" content=\"https:\/\/superior-electronics.com\/pt-pt\/produtos\/audio\/superior-myway-2s-altoparlante-bluetooth-stereo\/\" \/>\n<meta property=\"og:site_name\" content=\"Superior Electronics\" \/>\n<meta property=\"article:modified_time\" content=\"2019-01-18T00:43:19+00:00\" \/>\n<meta name=\"twitter:card\" content=\"summary_large_image\" \/>\n<meta name=\"twitter:label1\" content=\"Tempo estimado de leitura\" \/>\n\t<meta name=\"twitter:data1\" content=\"4 minutos\" \/>\n<script type=\"application\/ld+json\" class=\"yoast-schema-graph\">{\"@context\":\"https:\\\/\\\/schema.org\",\"@graph\":[{\"@type\":\"WebPage\",\"@id\":\"https:\\\/\\\/superior-electronics.com\\\/pt-pt\\\/produtos\\\/audio\\\/superior-myway-2s-altoparlante-bluetooth-stereo\\\/\",\"url\":\"https:\\\/\\\/superior-electronics.com\\\/pt-pt\\\/produtos\\\/audio\\\/superior-myway-2s-altoparlante-bluetooth-stereo\\\/\",\"name\":\"MyWay \u2013 2S - Superior Electronics\",\"isPartOf\":{\"@id\":\"https:\\\/\\\/superior-electronics.com\\\/pt-pt\\\/#website\"},\"datePublished\":\"2017-03-02T09:51:12+00:00\",\"dateModified\":\"2019-01-18T00:43:19+00:00\",\"breadcrumb\":{\"@id\":\"https:\\\/\\\/superior-electronics.com\\\/pt-pt\\\/produtos\\\/audio\\\/superior-myway-2s-altoparlante-bluetooth-stereo\\\/#breadcrumb\"},\"inLanguage\":\"pt-PT\",\"potentialAction\":[{\"@type\":\"ReadAction\",\"target\":[\"https:\\\/\\\/superior-electronics.com\\\/pt-pt\\\/produtos\\\/audio\\\/superior-myway-2s-altoparlante-bluetooth-stereo\\\/\"]}]},{\"@type\":\"BreadcrumbList\",\"@id\":\"https:\\\/\\\/superior-electronics.com\\\/pt-pt\\\/produtos\\\/audio\\\/superior-myway-2s-altoparlante-bluetooth-stereo\\\/#breadcrumb\",\"itemListElement\":[{\"@type\":\"ListItem\",\"position\":1,\"name\":\"Home\",\"item\":\"https:\\\/\\\/superior-electronics.com\\\/pt-pt\\\/superior-electronics\\\/\"},{\"@type\":\"ListItem\",\"position\":2,\"name\":\"Produtos\",\"item\":\"https:\\\/\\\/superior-electronics.com\\\/pt-pt\\\/produtos\\\/\"},{\"@type\":\"ListItem\",\"position\":3,\"name\":\"Audio\",\"item\":\"https:\\\/\\\/superior-electronics.com\\\/pt-pt\\\/produtos\\\/audio\\\/\"},{\"@type\":\"ListItem\",\"position\":4,\"name\":\"MyWay \u2013 2S\"}]},{\"@type\":\"WebSite\",\"@id\":\"https:\\\/\\\/superior-electronics.com\\\/pt-pt\\\/#website\",\"url\":\"https:\\\/\\\/superior-electronics.com\\\/pt-pt\\\/\",\"name\":\"Superior Electronics\",\"description\":\"Telecomandi programmabili, elettronica di qualit\u00e0\",\"publisher\":{\"@id\":\"https:\\\/\\\/superior-electronics.com\\\/pt-pt\\\/#organization\"},\"potentialAction\":[{\"@type\":\"SearchAction\",\"target\":{\"@type\":\"EntryPoint\",\"urlTemplate\":\"https:\\\/\\\/superior-electronics.com\\\/pt-pt\\\/?s={search_term_string}\"},\"query-input\":{\"@type\":\"PropertyValueSpecification\",\"valueRequired\":true,\"valueName\":\"search_term_string\"}}],\"inLanguage\":\"pt-PT\"},{\"@type\":\"Organization\",\"@id\":\"https:\\\/\\\/superior-electronics.com\\\/pt-pt\\\/#organization\",\"name\":\"Superior Srl\",\"url\":\"https:\\\/\\\/superior-electronics.com\\\/pt-pt\\\/\",\"logo\":{\"@type\":\"ImageObject\",\"inLanguage\":\"pt-PT\",\"@id\":\"https:\\\/\\\/superior-electronics.com\\\/pt-pt\\\/#\\\/schema\\\/logo\\\/image\\\/\",\"url\":\"https:\\\/\\\/superior-electronics.com\\\/website\\\/wp-content\\\/uploads\\\/2017\\\/09\\\/Superior-logo-header-new.png\",\"contentUrl\":\"https:\\\/\\\/superior-electronics.com\\\/website\\\/wp-content\\\/uploads\\\/2017\\\/09\\\/Superior-logo-header-new.png\",\"width\":528,\"height\":156,\"caption\":\"Superior Srl\"},\"image\":{\"@id\":\"https:\\\/\\\/superior-electronics.com\\\/pt-pt\\\/#\\\/schema\\\/logo\\\/image\\\/\"}}]}<\/script>\n<!-- \/ Yoast SEO plugin. -->","yoast_head_json":{"title":"MyWay \u2013 2S - Superior Electronics","robots":{"index":"index","follow":"follow","max-snippet":"max-snippet:-1","max-image-preview":"max-image-preview:large","max-video-preview":"max-video-preview:-1"},"canonical":"https:\/\/superior-electronics.com\/pt-pt\/produtos\/audio\/superior-myway-2s-altoparlante-bluetooth-stereo\/","og_locale":"pt_PT","og_type":"article","og_title":"MyWay \u2013 2S - Superior Electronics","og_url":"https:\/\/superior-electronics.com\/pt-pt\/produtos\/audio\/superior-myway-2s-altoparlante-bluetooth-stereo\/","og_site_name":"Superior Electronics","article_modified_time":"2019-01-18T00:43:19+00:00","twitter_card":"summary_large_image","twitter_misc":{"Tempo estimado de leitura":"4 minutos"},"schema":{"@context":"https:\/\/schema.org","@graph":[{"@type":"WebPage","@id":"https:\/\/superior-electronics.com\/pt-pt\/produtos\/audio\/superior-myway-2s-altoparlante-bluetooth-stereo\/","url":"https:\/\/superior-electronics.com\/pt-pt\/produtos\/audio\/superior-myway-2s-altoparlante-bluetooth-stereo\/","name":"MyWay \u2013 2S - Superior Electronics","isPartOf":{"@id":"https:\/\/superior-electronics.com\/pt-pt\/#website"},"datePublished":"2017-03-02T09:51:12+00:00","dateModified":"2019-01-18T00:43:19+00:00","breadcrumb":{"@id":"https:\/\/superior-electronics.com\/pt-pt\/produtos\/audio\/superior-myway-2s-altoparlante-bluetooth-stereo\/#breadcrumb"},"inLanguage":"pt-PT","potentialAction":[{"@type":"ReadAction","target":["https:\/\/superior-electronics.com\/pt-pt\/produtos\/audio\/superior-myway-2s-altoparlante-bluetooth-stereo\/"]}]},{"@type":"BreadcrumbList","@id":"https:\/\/superior-electronics.com\/pt-pt\/produtos\/audio\/superior-myway-2s-altoparlante-bluetooth-stereo\/#breadcrumb","itemListElement":[{"@type":"ListItem","position":1,"name":"Home","item":"https:\/\/superior-electronics.com\/pt-pt\/superior-electronics\/"},{"@type":"ListItem","position":2,"name":"Produtos","item":"https:\/\/superior-electronics.com\/pt-pt\/produtos\/"},{"@type":"ListItem","position":3,"name":"Audio","item":"https:\/\/superior-electronics.com\/pt-pt\/produtos\/audio\/"},{"@type":"ListItem","position":4,"name":"MyWay \u2013 2S"}]},{"@type":"WebSite","@id":"https:\/\/superior-electronics.com\/pt-pt\/#website","url":"https:\/\/superior-electronics.com\/pt-pt\/","name":"Superior Electronics","description":"Telecomandi programmabili, elettronica di qualit\u00e0","publisher":{"@id":"https:\/\/superior-electronics.com\/pt-pt\/#organization"},"potentialAction":[{"@type":"SearchAction","target":{"@type":"EntryPoint","urlTemplate":"https:\/\/superior-electronics.com\/pt-pt\/?s={search_term_string}"},"query-input":{"@type":"PropertyValueSpecification","valueRequired":true,"valueName":"search_term_string"}}],"inLanguage":"pt-PT"},{"@type":"Organization","@id":"https:\/\/superior-electronics.com\/pt-pt\/#organization","name":"Superior Srl","url":"https:\/\/superior-electronics.com\/pt-pt\/","logo":{"@type":"ImageObject","inLanguage":"pt-PT","@id":"https:\/\/superior-electronics.com\/pt-pt\/#\/schema\/logo\/image\/","url":"https:\/\/superior-electronics.com\/website\/wp-content\/uploads\/2017\/09\/Superior-logo-header-new.png","contentUrl":"https:\/\/superior-electronics.com\/website\/wp-content\/uploads\/2017\/09\/Superior-logo-header-new.png","width":528,"height":156,"caption":"Superior Srl"},"image":{"@id":"https:\/\/superior-electronics.com\/pt-pt\/#\/schema\/logo\/image\/"}}]}},"_links":{"self":[{"href":"https:\/\/superior-electronics.com\/pt-pt\/wp-json\/wp\/v2\/pages\/6273","targetHints":{"allow":["GET"]}}],"collection":[{"href":"https:\/\/superior-electronics.com\/pt-pt\/wp-json\/wp\/v2\/pages"}],"about":[{"href":"https:\/\/superior-electronics.com\/pt-pt\/wp-json\/wp\/v2\/types\/page"}],"author":[{"embeddable":true,"href":"https:\/\/superior-electronics.com\/pt-pt\/wp-json\/wp\/v2\/users\/1"}],"replies":[{"embeddable":true,"href":"https:\/\/superior-electronics.com\/pt-pt\/wp-json\/wp\/v2\/comments?post=6273"}],"version-history":[{"count":5,"href":"https:\/\/superior-electronics.com\/pt-pt\/wp-json\/wp\/v2\/pages\/6273\/revisions"}],"predecessor-version":[{"id":15258,"href":"https:\/\/superior-electronics.com\/pt-pt\/wp-json\/wp\/v2\/pages\/6273\/revisions\/15258"}],"up":[{"embeddable":true,"href":"https:\/\/superior-electronics.com\/pt-pt\/wp-json\/wp\/v2\/pages\/4793"}],"wp:attachment":[{"href":"https:\/\/superior-electronics.com\/pt-pt\/wp-json\/wp\/v2\/media?parent=6273"}],"wp:term":[{"taxonomy":"category","embeddable":true,"href":"https:\/\/superior-electronics.com\/pt-pt\/wp-json\/wp\/v2\/categories?post=6273"},{"taxonomy":"post_tag","embeddable":true,"href":"https:\/\/superior-electronics.com\/pt-pt\/wp-json\/wp\/v2\/tags?post=6273"}],"curies":[{"name":"wp","href":"https:\/\/api.w.org\/{rel}","templated":true}]}}