{"id":4800,"date":"2016-12-15T14:44:56","date_gmt":"2016-12-15T13:44:56","guid":{"rendered":"https:\/\/superior-electronics.com\/website\/privacy-cookies-policy\/"},"modified":"2017-02-16T13:04:00","modified_gmt":"2017-02-16T12:04:00","slug":"politica-de-privacidade-e-cookies","status":"publish","type":"page","link":"https:\/\/superior-electronics.com\/pt-pt\/politica-de-privacidade-e-cookies\/","title":{"rendered":"Politica de Privacidade e Cookies"},"content":{"rendered":"\n<style type=\"text\/css\" data-created_by=\"avia_inline_auto\" id=\"style-css-av-av_one_full-6126cab7d8fab8d08143dd2dacdf673c\">\n.flex_column.av-av_one_full-6126cab7d8fab8d08143dd2dacdf673c{\n-webkit-border-radius:0px 0px 0px 0px;\n-moz-border-radius:0px 0px 0px 0px;\nborder-radius:0px 0px 0px 0px;\npadding:0px 0px 0px 0px;\n}\n<\/style>\n<div  class='flex_column av-av_one_full-6126cab7d8fab8d08143dd2dacdf673c av_one_full  avia-builder-el-0  avia-builder-el-no-sibling  first flex_column_div av-zero-column-padding  '     ><section  class='av_textblock_section av-av_textblock-35972167d9f102c5ddaec0c531c98b9e '   itemscope=\"itemscope\" itemtype=\"https:\/\/schema.org\/CreativeWork\" ><div class='avia_textblock'  itemprop=\"text\" ><h1>Politica de Privacidade e Cookies<\/h1>\n<p>Titular e Respons\u00e1vel tratamento dos dados: <strong>Superior Srl &#8211; Largo R. Lanciani, 24 &#8211; 00162 Roma<\/strong><\/p>\n<p>Essa Aplica\u00e7\u00e3o, de modo aut\u00f4nomo, por expressa vontade do Usu\u00e1rio ou atrav\u00e9s de terceiros, arrecada alguns Dados pessoais dos pr\u00f3prios usu\u00e1rios tais como: Nome, Nome da Empresa, E-mail, Cookie e Dados de uso. Em alguns casos poderiam ser arrecadadas outras tipologias de Dados pessoais diferentes daquelas acima listadas: caso isso se verificasse ser\u00e1 imediatamente indicado em outras sec\u00e7\u00f5es desta privacy policy ou mediante textos informativos visualizados contextualmente \u00e0 arrecada\u00e7\u00e3o dos dados.<\/p>\n<p>O tratamento \u00e9 efetuado mediante ferramentas inform\u00e1ticas e\/ou telem\u00e1ticas, com modalidades organizativas e com l\u00f3gicas estritamente correlacionadas \u00e0s finalidades ligadas ao fornecimento do servi\u00e7o solicitado pelo usu\u00e1rio. O eventual uso de cookies \u2013 ou de outras ferramentas de rastreamento \u2013 por parte desta aplica\u00e7\u00e3o ou dos titulares dos servi\u00e7os terceiros utilizados por essa aplica\u00e7\u00e3o, se n\u00e3o diferentemente especificado, tem somente a finalidade de identificar o usu\u00e1rio e registrar as relativas prefer\u00eancias \u00fateis para alcan\u00e7ar os objetivos a seguir indicados. Se o usu\u00e1rio n\u00e3o disponibilizar alguns dados pessoais poderia impedir a essa aplica\u00e7\u00e3o de fornecer os pr\u00f3prios servi\u00e7os. O Usu\u00e1rio tamb\u00e9m assume a responsabilidade dos dados pessoais de terceiros publicados ou partilhados mediante essa aplica\u00e7\u00e3o e garante ter o direito de comunica-los ou difundi-los, exonerando o Titular de qualquer responsabilidade em rela\u00e7\u00e3o a terceiros.<\/p>\n<p>O titular trata os dados pessoais dos usu\u00e1rios adotando as oportunas medidas de seguran\u00e7a que visam impedir o acesso, a divulga\u00e7\u00e3o, a modifica\u00e7\u00e3o ou a distribui\u00e7\u00e3o n\u00e3o autorizadas dos Dados Pessoais. Al\u00e9m do Titular, em alguns casos, poderiam ter acesso aos dados algumas categorias de encarregados envolvidas na organiza\u00e7\u00e3o do site (pessoal da administra\u00e7\u00e3o, comercial, marketing, jur\u00eddicos, administradores de sistema) bem como sujeitos externos (como fornecedores de servi\u00e7os t\u00e9cnicos terceiros, entregadores de correio, hosting provider, sociedades inform\u00e1ticas, ag\u00eancias de comunica\u00e7\u00e3o) tamb\u00e9m nomeados, se necess\u00e1rio, Respons\u00e1veis do Tratamento por parte do Titular. A lista atualizada dos Respons\u00e1veis poder\u00e1 sempre ser solicitada ao Titular do Tratamento.<\/p>\n<p>Os Dados s\u00e3o tratados pelo tempo necess\u00e1rio \u00e0 realiza\u00e7\u00e3o do servi\u00e7o solicitado pelo Usu\u00e1rio, ou requerido para as finalidades descritas neste documento e o Usu\u00e1rio pode sempre pedir a interrup\u00e7\u00e3o do tratamento ou o cancelamento dos dados. Os dados s\u00e3o tratados junto \u00e0s sedes operativas do Titular e em qualquer outro lugar onde as partes envolvidas no tratamento estejam localizadas.<\/p>\n<p>Os Dados Pessoais do Usu\u00e1rio podem ser utilizados para a defesa por parte do Titular em ju\u00edzo ou nas fases proped\u00eauticas \u00e0 sua eventual instaura\u00e7\u00e3o, contra abusos no uso da mesma ou dos servi\u00e7os ligados por parte do Usu\u00e1rio. O Usu\u00e1rio declara de saber que ao Titular poderia ser solicitado de revelar os Dados por parte das autoridades p\u00fablicas.<\/p>\n<p>Os sujeitos aos quais se referem os Dados Pessoais t\u00eam em qualquer momento o direito de obter a confirma\u00e7\u00e3o da exist\u00eancia ou n\u00e3o dos mesmos junto ao Titular do Tratamento, de conhecer o conte\u00fado e a origem, de verificar sua exatid\u00e3o ou pedir sua integra\u00e7\u00e3o, cancelamento, atualiza\u00e7\u00e3o, retifica\u00e7\u00e3o, transforma\u00e7\u00e3o em forma an\u00f4nima ou em bloco dos Dados Pessoais tratados em viola\u00e7\u00e3o da lei, bem como de opor-se em qualquer caso, por motivos leg\u00edtimos ao tratamento dos mesmos. Os pedidos dever\u00e3o ser endere\u00e7ados ao Titular do Tratamento.<\/p>\n<p>O Titular do Tratamento reserva-se o direito de fazer altera\u00e7\u00f5es a esta privacy policy em qualquer momento informando os Usu\u00e1rios atrav\u00e9s essa p\u00e1gina pede-se portanto de consulta-la com frequ\u00eancia tendo como refer\u00eancia a data da \u00faltima modifica\u00e7\u00e3o indicada abaixo. E caso de n\u00e3o aceita\u00e7\u00e3o das modifica\u00e7\u00f5es feitas \u00e0 esta privacy policy, o Usu\u00e1rio deve cessar o uso dessa aplica\u00e7\u00e3o e pode pedir ao Titular do Tratamento de remover os pr\u00f3prios Dados Pessoais. Exceto quando especificado diferentemente, a precedente privacy policy continuar\u00e1 a ser aplicada aos Dados Pessoais arrecadados at\u00e9 aquele momento.<\/p>\n<p>Maiores informa\u00e7\u00f5es em rela\u00e7\u00e3o ao tratamento dos Dados Pessoais poder\u00e3o ser solicitadas em qualquer momento ao Titular do Tratamento utilizando as informa\u00e7\u00f5es de contato.<\/p>\n<p>Os Dados do Usu\u00e1rio s\u00e3o arrecadados para que o Titular possa fornecer os pr\u00f3prios servi\u00e7os, para as seguintes finalidades: M\u00f3dulo de contato, Estat\u00edstica, Gest\u00e3o endere\u00e7os e envio de mensagens e-mail e Intera\u00e7\u00e3o com social network e plataformas externas. Por necessidades ligadas ao funcionamento e \u00e0 manuten\u00e7\u00e3o, essa Aplica\u00e7\u00e3o e os eventuais servi\u00e7os a terceiros utilizados poder\u00e3o arrecadar Log de sistema, ou seja arquivos que cadastram as intera\u00e7\u00f5es e que podem conter tamb\u00e9m Dados Pessoais, tais como o endere\u00e7o IP Usu\u00e1rio. Essa Aplica\u00e7\u00e3o n\u00e3o suporta pedidos de \u201cDo Not Track\u201d. Para saber se eventuais servi\u00e7os de terceiras partes utilizados as suportam, consultar as relativas privacy policy. As tipologias de Dados Pessoais utilizados para cada finalidade est\u00e3o indicadas nas sec\u00e7\u00f5es espec\u00edficas deste documento.<\/p>\n<h3>M\u00f3dulo de contato (Esta Aplica\u00e7\u00e3o)<\/h3>\n<p>O Usu\u00e1rio, preenchendo com os pr\u00f3prios Dados o m\u00f3dulo de contato, autoriza o seu uso para obter resposta aos pedidos de informa\u00e7\u00e3o, de or\u00e7amento, ou de qualquer outra natureza indicada no cabe\u00e7alho do m\u00f3dulo.<\/p>\n<p>Dados pessoais arrecadados: E-mail, Nome e Nome da Empresa.<\/p>\n<p>Lugar do tratamento: It\u00e1lia<\/p>\n<h3>Estat\u00edstica<\/h3>\n<p>Os servi\u00e7os contidos nesta sec\u00e7\u00e3o permitem ao Titular do Tratamento de monitorizar e analisar os dados de tr\u00e1fego e servem para manter rastro do comportamento do Usu\u00e1rio.<\/p>\n<h3>Gest\u00e3o endere\u00e7os e envio de mensagens e-mail<\/h3>\n<p>Estes servi\u00e7os permitem gerenciar um banco de dados de contatos e-mail, contatos telef\u00f4nicos ou contatos de qualquer outro tipo, utilizados para comunicar com o Usu\u00e1rio. Esses servi\u00e7os tamb\u00e9m poderiam permitir de arrecadar dados relativos \u00e0 data e ao hor\u00e1rio de visualiza\u00e7\u00e3o das mensagens por parte do Usu\u00e1rio, bem como a intera\u00e7\u00e3o do Usu\u00e1rio com os mesmos, como as informa\u00e7\u00f5es sobre os cliques nos links inseridos na mensagem.<\/p>\n<h3>Intera\u00e7\u00e3o com social network e plataformas externas<\/h3>\n<p>Esses servi\u00e7os permitem efetuar intera\u00e7\u00f5es com os social network, ou com outras plataformas externas, diretamente da p\u00e1gina desta Aplica\u00e7\u00e3o. As intera\u00e7\u00f5es e as informa\u00e7\u00f5es adquiridas por essa Aplica\u00e7\u00e3o est\u00e3o de toda forma sujeitas \u00e0s defini\u00e7\u00f5es privacy do Usu\u00e1rio relativas a cada social network. No caso em que seja instalado um servi\u00e7o de intera\u00e7\u00e3o com os social network, \u00e9 poss\u00edvel que, mesmo se os Usu\u00e1rios n\u00e3o utilizem o servi\u00e7o, o mesmo arrecade dados de tr\u00e1fego relativos \u00e0s p\u00e1ginas onde foi instalado.<\/p>\n<h3>Google Analytics (Google Inc.)<\/h3>\n<p>Google Analytics \u00e9 um servi\u00e7o de an\u00e1lise web fornecido pela Google Inc. (\u201cGoogle\u201d). Google utiliza os Dados Pessoais arrecadados com o objetivo de rastrear e examinar o uso dessa Aplica\u00e7\u00e3o, preencher relat\u00f3rios e compartilha-los com os outros servi\u00e7os desenvolvidos por Google. Google poderia utilizar os Dados Pessoais para contextualizar e personalizar os an\u00fancios do pr\u00f3prio network publicit\u00e1rio.<\/p>\n<p>Dados pessoais arrecadados: Cookies e Dados de uso.<\/p>\n<p>Lugar do tratamento: USA \u2013 <a href=\"http:\/\/www.google.com\/policies\/privacy\/\">Privacy Policy<\/a><\/p>\n<h2>DEFINI\u00c7\u00d5ES<\/h2>\n<h3>Dados Pessoais (ou Dados)<\/h3>\n<p>Constitui dado pessoal qualquer informa\u00e7\u00e3o relativa \u00e0 pessoa f\u00edsica, identificada ou identific\u00e1vel, mesmo indiretamente, mediante refer\u00eancia a qualquer outra informa\u00e7\u00e3o, inclu\u00eddo o n\u00famero de identifica\u00e7\u00e3o pessoal.<\/p>\n<h3>Dados de Utiliza\u00e7\u00e3o<\/h3>\n<p>S\u00e3o as informa\u00e7\u00f5es arrecadas em maneira autom\u00e1tica por essa Aplica\u00e7\u00e3o (ou pelas aplica\u00e7\u00f5es de partes terceiras que essa Aplica\u00e7\u00e3o utiliza), entre estas: os endere\u00e7os IP ou os nomes em dom\u00ednio dos computadores utilizados pelo Usu\u00e1rio que se conecta com essa Aplica\u00e7\u00e3o, os endere\u00e7os em nota\u00e7\u00e3o URI (Uniform Resource Identifier), o hor\u00e1rio do pedido, o m\u00e9todo utilizado para submeter o pedido ao servidor, as dimens\u00f5es do arquivo obtido em resposta, o c\u00f3digo num\u00e9rico que indica o estado da resposta do servidor (bom fim, erro, etc.) o Pa\u00eds de proveni\u00eancia, as caracter\u00edsticas do browser e do sistema operativo utilizados pelo visitante, as diversas conota\u00e7\u00f5es temporais da visita (por exemplo o tempo de perman\u00eancia em cada p\u00e1gina) e os detalhes relativos ao itiner\u00e1rio feito dentro da Aplica\u00e7\u00e3o, com especial refer\u00eancia \u00e0 sequ\u00eancia das p\u00e1ginas consultadas, aos par\u00e2metros relativos ao sistema operativo e ao ambiente inform\u00e1tico do Usu\u00e1rio.<\/p>\n<h3>Usu\u00e1rio<\/h3>\n<p>\u00c9 o indiv\u00edduo que utiliza essa Aplica\u00e7\u00e3o, que deve coincidir com o interessado ou ser autorizado por ele e cujos Dados Pessoais s\u00e3o objeto de tratamento.<\/p>\n<h3>Interessado<\/h3>\n<p>A pessoa f\u00edsica ou jur\u00eddica \u00e0 qual referem-se os Dados Pessoais.<\/p>\n<h3>Respons\u00e1vel do Tratamento (ou Respons\u00e1vel)<\/h3>\n<p>A pessoa f\u00edsica, jur\u00eddica, a administra\u00e7\u00e3o p\u00fablica e qualquer outra entidade, associa\u00e7\u00e3o ou \u00f3rg\u00e3o prepostos pelo Titular ao tratamento dos Dados Pessoais, conforme quanto disposto pela presente privacy policy.<\/p>\n<h3>Titular do Tratamento (ou Titular)<\/h3>\n<p>A pessoa f\u00edsica, jur\u00eddica, a administra\u00e7\u00e3o p\u00fablica e qualquer outra entidade, associa\u00e7\u00e3o ou \u00f3rg\u00e3o aos quais competem, inclusive junto com outro Titular, as decis\u00f5es relativas \u00e0s finalidades, \u00e0s modalidades do tratamento dos dados pessoais e \u00e0s ferramentas utilizadas, inclu\u00eddo o perfil da seguran\u00e7a, em rela\u00e7\u00e3o ao funcionamento e \u00e0 frui\u00e7\u00e3o desta Aplica\u00e7\u00e3o. O Titular do Tratamento, exceto quando diferentemente especificado, \u00e9 o propriet\u00e1rio dessa Aplica\u00e7\u00e3o.<\/p>\n<h3>Esta Aplica\u00e7\u00e3o<\/h3>\n<p>A ferramenta hardware ou software mediante a qual s\u00e3o arrecadados os Dados Pessoais dos Usu\u00e1rios.<\/p>\n<h3>Cookies<\/h3>\n<p>Pequena por\u00e7\u00e3o de dados conservada dentro do dispositivo do Usu\u00e1rio.<\/p>\n<h2>REFER\u00caNCIAS JUR\u00cdDICAS<\/h2>\n<p>Aviso aos Usu\u00e1rios europeus: esta informativa privacy \u00e9 redigida em cumprimento das obriga\u00e7\u00f5es previstas pelo Art. 10 da Diretiva n. 95\/46\/CE, bem como de quanto previsto pela Diretiva 2002\/58\/CE, como atualizada pela Diretiva 2009\/136\/CE, em mat\u00e9ria de Cookies. Essa informativa refere-se exclusivamente a esta aplica\u00e7\u00e3o.<\/p>\n<\/div><\/section><\/div>\n","protected":false},"excerpt":{"rendered":"","protected":false},"author":1,"featured_media":0,"parent":0,"menu_order":999,"comment_status":"closed","ping_status":"closed","template":"","meta":{"inline_featured_image":false,"footnotes":""},"categories":[],"tags":[],"class_list":["post-4800","page","type-page","status-publish","hentry"],"yoast_head":"<!-- This site is optimized with the Yoast SEO plugin v27.3 - https:\/\/yoast.com\/product\/yoast-seo-wordpress\/ -->\n<title>Politica de Privacidade e Cookies - Superior Electronics<\/title>\n<meta name=\"robots\" content=\"noindex, nofollow\" \/>\n<meta property=\"og:locale\" content=\"pt_PT\" \/>\n<meta property=\"og:type\" content=\"article\" \/>\n<meta property=\"og:title\" content=\"Politica de Privacidade e Cookies - Superior Electronics\" \/>\n<meta property=\"og:url\" content=\"https:\/\/superior-electronics.com\/pt-pt\/politica-de-privacidade-e-cookies\/\" \/>\n<meta property=\"og:site_name\" content=\"Superior Electronics\" \/>\n<meta property=\"article:modified_time\" content=\"2017-02-16T12:04:00+00:00\" \/>\n<meta name=\"twitter:card\" content=\"summary_large_image\" \/>\n<meta name=\"twitter:label1\" content=\"Tempo estimado de leitura\" \/>\n\t<meta name=\"twitter:data1\" content=\"9 minutos\" \/>\n<script type=\"application\/ld+json\" class=\"yoast-schema-graph\">{\"@context\":\"https:\\\/\\\/schema.org\",\"@graph\":[{\"@type\":\"WebPage\",\"@id\":\"https:\\\/\\\/superior-electronics.com\\\/pt-pt\\\/politica-de-privacidade-e-cookies\\\/\",\"url\":\"https:\\\/\\\/superior-electronics.com\\\/pt-pt\\\/politica-de-privacidade-e-cookies\\\/\",\"name\":\"Politica de Privacidade e Cookies - Superior Electronics\",\"isPartOf\":{\"@id\":\"https:\\\/\\\/superior-electronics.com\\\/pt-pt\\\/#website\"},\"datePublished\":\"2016-12-15T13:44:56+00:00\",\"dateModified\":\"2017-02-16T12:04:00+00:00\",\"breadcrumb\":{\"@id\":\"https:\\\/\\\/superior-electronics.com\\\/pt-pt\\\/politica-de-privacidade-e-cookies\\\/#breadcrumb\"},\"inLanguage\":\"pt-PT\",\"potentialAction\":[{\"@type\":\"ReadAction\",\"target\":[\"https:\\\/\\\/superior-electronics.com\\\/pt-pt\\\/politica-de-privacidade-e-cookies\\\/\"]}]},{\"@type\":\"BreadcrumbList\",\"@id\":\"https:\\\/\\\/superior-electronics.com\\\/pt-pt\\\/politica-de-privacidade-e-cookies\\\/#breadcrumb\",\"itemListElement\":[{\"@type\":\"ListItem\",\"position\":1,\"name\":\"Home\",\"item\":\"https:\\\/\\\/superior-electronics.com\\\/pt-pt\\\/superior-electronics\\\/\"},{\"@type\":\"ListItem\",\"position\":2,\"name\":\"Politica de Privacidade e Cookies\"}]},{\"@type\":\"WebSite\",\"@id\":\"https:\\\/\\\/superior-electronics.com\\\/pt-pt\\\/#website\",\"url\":\"https:\\\/\\\/superior-electronics.com\\\/pt-pt\\\/\",\"name\":\"Superior Electronics\",\"description\":\"Telecomandi programmabili, elettronica di qualit\u00e0\",\"publisher\":{\"@id\":\"https:\\\/\\\/superior-electronics.com\\\/pt-pt\\\/#organization\"},\"potentialAction\":[{\"@type\":\"SearchAction\",\"target\":{\"@type\":\"EntryPoint\",\"urlTemplate\":\"https:\\\/\\\/superior-electronics.com\\\/pt-pt\\\/?s={search_term_string}\"},\"query-input\":{\"@type\":\"PropertyValueSpecification\",\"valueRequired\":true,\"valueName\":\"search_term_string\"}}],\"inLanguage\":\"pt-PT\"},{\"@type\":\"Organization\",\"@id\":\"https:\\\/\\\/superior-electronics.com\\\/pt-pt\\\/#organization\",\"name\":\"Superior Srl\",\"url\":\"https:\\\/\\\/superior-electronics.com\\\/pt-pt\\\/\",\"logo\":{\"@type\":\"ImageObject\",\"inLanguage\":\"pt-PT\",\"@id\":\"https:\\\/\\\/superior-electronics.com\\\/pt-pt\\\/#\\\/schema\\\/logo\\\/image\\\/\",\"url\":\"https:\\\/\\\/superior-electronics.com\\\/website\\\/wp-content\\\/uploads\\\/2017\\\/09\\\/Superior-logo-header-new.png\",\"contentUrl\":\"https:\\\/\\\/superior-electronics.com\\\/website\\\/wp-content\\\/uploads\\\/2017\\\/09\\\/Superior-logo-header-new.png\",\"width\":528,\"height\":156,\"caption\":\"Superior Srl\"},\"image\":{\"@id\":\"https:\\\/\\\/superior-electronics.com\\\/pt-pt\\\/#\\\/schema\\\/logo\\\/image\\\/\"}}]}<\/script>\n<!-- \/ Yoast SEO plugin. -->","yoast_head_json":{"title":"Politica de Privacidade e Cookies - Superior Electronics","robots":{"index":"noindex","follow":"nofollow"},"og_locale":"pt_PT","og_type":"article","og_title":"Politica de Privacidade e Cookies - Superior Electronics","og_url":"https:\/\/superior-electronics.com\/pt-pt\/politica-de-privacidade-e-cookies\/","og_site_name":"Superior Electronics","article_modified_time":"2017-02-16T12:04:00+00:00","twitter_card":"summary_large_image","twitter_misc":{"Tempo estimado de leitura":"9 minutos"},"schema":{"@context":"https:\/\/schema.org","@graph":[{"@type":"WebPage","@id":"https:\/\/superior-electronics.com\/pt-pt\/politica-de-privacidade-e-cookies\/","url":"https:\/\/superior-electronics.com\/pt-pt\/politica-de-privacidade-e-cookies\/","name":"Politica de Privacidade e Cookies - Superior Electronics","isPartOf":{"@id":"https:\/\/superior-electronics.com\/pt-pt\/#website"},"datePublished":"2016-12-15T13:44:56+00:00","dateModified":"2017-02-16T12:04:00+00:00","breadcrumb":{"@id":"https:\/\/superior-electronics.com\/pt-pt\/politica-de-privacidade-e-cookies\/#breadcrumb"},"inLanguage":"pt-PT","potentialAction":[{"@type":"ReadAction","target":["https:\/\/superior-electronics.com\/pt-pt\/politica-de-privacidade-e-cookies\/"]}]},{"@type":"BreadcrumbList","@id":"https:\/\/superior-electronics.com\/pt-pt\/politica-de-privacidade-e-cookies\/#breadcrumb","itemListElement":[{"@type":"ListItem","position":1,"name":"Home","item":"https:\/\/superior-electronics.com\/pt-pt\/superior-electronics\/"},{"@type":"ListItem","position":2,"name":"Politica de Privacidade e Cookies"}]},{"@type":"WebSite","@id":"https:\/\/superior-electronics.com\/pt-pt\/#website","url":"https:\/\/superior-electronics.com\/pt-pt\/","name":"Superior Electronics","description":"Telecomandi programmabili, elettronica di qualit\u00e0","publisher":{"@id":"https:\/\/superior-electronics.com\/pt-pt\/#organization"},"potentialAction":[{"@type":"SearchAction","target":{"@type":"EntryPoint","urlTemplate":"https:\/\/superior-electronics.com\/pt-pt\/?s={search_term_string}"},"query-input":{"@type":"PropertyValueSpecification","valueRequired":true,"valueName":"search_term_string"}}],"inLanguage":"pt-PT"},{"@type":"Organization","@id":"https:\/\/superior-electronics.com\/pt-pt\/#organization","name":"Superior Srl","url":"https:\/\/superior-electronics.com\/pt-pt\/","logo":{"@type":"ImageObject","inLanguage":"pt-PT","@id":"https:\/\/superior-electronics.com\/pt-pt\/#\/schema\/logo\/image\/","url":"https:\/\/superior-electronics.com\/website\/wp-content\/uploads\/2017\/09\/Superior-logo-header-new.png","contentUrl":"https:\/\/superior-electronics.com\/website\/wp-content\/uploads\/2017\/09\/Superior-logo-header-new.png","width":528,"height":156,"caption":"Superior Srl"},"image":{"@id":"https:\/\/superior-electronics.com\/pt-pt\/#\/schema\/logo\/image\/"}}]}},"_links":{"self":[{"href":"https:\/\/superior-electronics.com\/pt-pt\/wp-json\/wp\/v2\/pages\/4800","targetHints":{"allow":["GET"]}}],"collection":[{"href":"https:\/\/superior-electronics.com\/pt-pt\/wp-json\/wp\/v2\/pages"}],"about":[{"href":"https:\/\/superior-electronics.com\/pt-pt\/wp-json\/wp\/v2\/types\/page"}],"author":[{"embeddable":true,"href":"https:\/\/superior-electronics.com\/pt-pt\/wp-json\/wp\/v2\/users\/1"}],"replies":[{"embeddable":true,"href":"https:\/\/superior-electronics.com\/pt-pt\/wp-json\/wp\/v2\/comments?post=4800"}],"version-history":[{"count":3,"href":"https:\/\/superior-electronics.com\/pt-pt\/wp-json\/wp\/v2\/pages\/4800\/revisions"}],"predecessor-version":[{"id":8731,"href":"https:\/\/superior-electronics.com\/pt-pt\/wp-json\/wp\/v2\/pages\/4800\/revisions\/8731"}],"wp:attachment":[{"href":"https:\/\/superior-electronics.com\/pt-pt\/wp-json\/wp\/v2\/media?parent=4800"}],"wp:term":[{"taxonomy":"category","embeddable":true,"href":"https:\/\/superior-electronics.com\/pt-pt\/wp-json\/wp\/v2\/categories?post=4800"},{"taxonomy":"post_tag","embeddable":true,"href":"https:\/\/superior-electronics.com\/pt-pt\/wp-json\/wp\/v2\/tags?post=4800"}],"curies":[{"name":"wp","href":"https:\/\/api.w.org\/{rel}","templated":true}]}}