{"id":4781,"date":"2016-09-20T15:24:20","date_gmt":"2016-09-20T13:24:20","guid":{"rendered":"https:\/\/superior-electronics.com\/website\/prodotti\/telecomandi\/airco\/"},"modified":"2019-05-02T13:12:01","modified_gmt":"2019-05-02T11:12:01","slug":"airco","status":"publish","type":"page","link":"https:\/\/superior-electronics.com\/pt-pt\/produtos\/telecomandos-2\/airco\/","title":{"rendered":"Air Conditioning"},"content":{"rendered":"<div id='full_slider_1'  class='avia-fullwidth-slider main_color avia-shadow   avia-builder-el-0  el_before_av_one_full  avia-builder-el-first   container_wrap fullsize'  ><div  class='avia-slideshow av-av_slideshow_full-347a66de1a9eb89731f43c5165301181 avia-slideshow-featured av_slideshow_full avia-slide-slider av-slideshow-ui av-control-hidden av-no-slider-navigation av-hide-nav-arrows av-slideshow-manual av-loop-once av-loop-manual-endless av-default-height-applied   avia-slideshow-1' data-slideshow-options=\"{&quot;animation&quot;:&quot;slide&quot;,&quot;autoplay&quot;:false,&quot;loop_autoplay&quot;:&quot;once&quot;,&quot;interval&quot;:5,&quot;loop_manual&quot;:&quot;manual-endless&quot;,&quot;autoplay_stopper&quot;:false,&quot;noNavigation&quot;:true,&quot;bg_slider&quot;:false,&quot;keep_padding&quot;:false,&quot;hoverpause&quot;:false,&quot;show_slide_delay&quot;:0}\"  itemprop=\"image\" itemscope=\"itemscope\" itemtype=\"https:\/\/schema.org\/ImageObject\" ><ul class='avia-slideshow-inner ' style='padding-bottom: 30.534351145038%;'><li  class='avia-slideshow-slide av-av_slideshow_full-347a66de1a9eb89731f43c5165301181__0  av-single-slide slide-1 slide-odd'><div data-rel='slideshow-1' class='avia-slide-wrap '   ><div class='av-slideshow-caption av-av_slideshow_full-347a66de1a9eb89731f43c5165301181__0 caption_fullwidth caption_bottom caption_bottom_framed caption_framed'><div class=\"container caption_container\"><div class=\"slideshow_caption\"><div class=\"slideshow_inner_caption\"><div class=\"slideshow_align_caption\"><h2 class='avia-caption-title '  itemprop=\"name\" >Controle o seu ambiente com Superior<\/h2><div class='avia-caption-content '  itemprop=\"description\" ><p>\u2022 F\u00e1ceis de usar<br \/>\u2022 M\u00e1xima compatibilidade<br \/>\u2022 Design moderno e elegante<\/p>\n<\/div><\/div><\/div><\/div><\/div><\/div><img decoding=\"async\" class=\"wp-image-2241 avia-img-lazy-loading-not-2241\"  src=\"https:\/\/superior-electronics.com\/website\/wp-content\/uploads\/2016\/11\/Tavola-disegno-3-80.jpg\" width=\"1310\" height=\"400\" title='tavola-disegno-3-80' alt=''  itemprop=\"thumbnailUrl\" srcset=\"https:\/\/superior-electronics.com\/website\/wp-content\/uploads\/2016\/11\/Tavola-disegno-3-80.jpg 1310w, https:\/\/superior-electronics.com\/website\/wp-content\/uploads\/2016\/11\/Tavola-disegno-3-80-450x137.jpg 450w, https:\/\/superior-electronics.com\/website\/wp-content\/uploads\/2016\/11\/Tavola-disegno-3-80-300x92.jpg 300w, https:\/\/superior-electronics.com\/website\/wp-content\/uploads\/2016\/11\/Tavola-disegno-3-80-768x235.jpg 768w, https:\/\/superior-electronics.com\/website\/wp-content\/uploads\/2016\/11\/Tavola-disegno-3-80-1030x315.jpg 1030w, https:\/\/superior-electronics.com\/website\/wp-content\/uploads\/2016\/11\/Tavola-disegno-3-80-705x215.jpg 705w\" sizes=\"(max-width: 1310px) 100vw, 1310px\" \/><\/div><\/li><\/ul><\/div><\/div><div id='after_full_slider_1'  class='main_color av_default_container_wrap container_wrap fullsize'  ><div class='container av-section-cont-open' ><div class='template-page content  av-content-full alpha units'><div class='post-entry post-entry-type-page post-entry-4781'><div class='entry-content-wrapper clearfix'>\n\n<style type=\"text\/css\" data-created_by=\"avia_inline_auto\" id=\"style-css-av-av_one_full-996540c1df109937eb28dbf925cb882f\">\n#top .flex_column.av-av_one_full-996540c1df109937eb28dbf925cb882f{\nmargin-top:50px;\nmargin-bottom:50px;\n}\n.flex_column.av-av_one_full-996540c1df109937eb28dbf925cb882f{\n-webkit-border-radius:0px 0px 0px 0px;\n-moz-border-radius:0px 0px 0px 0px;\nborder-radius:0px 0px 0px 0px;\npadding:0px 0px 0px 0px;\n}\n.responsive #top #wrap_all .flex_column.av-av_one_full-996540c1df109937eb28dbf925cb882f{\nmargin-top:50px;\nmargin-bottom:50px;\n}\n<\/style>\n<div  class='flex_column av-av_one_full-996540c1df109937eb28dbf925cb882f av_one_full  avia-builder-el-1  el_after_av_slideshow_full  el_before_av_heading  avia-builder-el-first  first flex_column_div av-zero-column-padding  '     ><p>\n<style type=\"text\/css\" data-created_by=\"avia_inline_auto\" id=\"style-css-av-av_heading-0d40d9966350759e14f32f4fa11f22b9\">\n#top .av-special-heading.av-av_heading-0d40d9966350759e14f32f4fa11f22b9{\npadding-bottom:0;\n}\nbody .av-special-heading.av-av_heading-0d40d9966350759e14f32f4fa11f22b9 .av-special-heading-tag .heading-char{\nfont-size:25px;\n}\n.av-special-heading.av-av_heading-0d40d9966350759e14f32f4fa11f22b9 .av-subheading{\nfont-size:15px;\n}\n<\/style>\n<div  class='av-special-heading av-av_heading-0d40d9966350759e14f32f4fa11f22b9 av-special-heading-h2 blockquote modern-quote modern-centered  avia-builder-el-2  el_after_av_one_full  avia-builder-el-last '><h2 class='av-special-heading-tag'  itemprop=\"headline\"  >Telecomandos Universais de reposi\u00e7\u00e3o para condicionadores de ar. Aptos para cada exig\u00eancia: do simples ao elegante ao mais completo. <\/h2><div class=\"special-heading-border\"><div class=\"special-heading-inner-border\"><\/div><\/div><\/div><br \/>\n\n<style type=\"text\/css\" data-created_by=\"avia_inline_auto\" id=\"style-css-av-av_heading-4bd622eb555df644ad09bcc8b85177f1\">\n#top .av-special-heading.av-av_heading-4bd622eb555df644ad09bcc8b85177f1{\npadding-bottom:0;\n}\nbody .av-special-heading.av-av_heading-4bd622eb555df644ad09bcc8b85177f1 .av-special-heading-tag .heading-char{\nfont-size:25px;\n}\n.av-special-heading.av-av_heading-4bd622eb555df644ad09bcc8b85177f1 .av-subheading{\nfont-size:15px;\n}\n<\/style>\n<div  class='av-special-heading av-av_heading-4bd622eb555df644ad09bcc8b85177f1 av-special-heading-h3 blockquote modern-quote modern-centered'><h3 class='av-special-heading-tag'  itemprop=\"headline\"  >Program\u00e1veis de modo simples e intuitivo para obter o m\u00e1ximo conforto.<\/h3><div class=\"special-heading-border\"><div class=\"special-heading-inner-border\"><\/div><\/div><\/div><\/p><\/div>\n\n<style type=\"text\/css\" data-created_by=\"avia_inline_auto\" id=\"style-css-av-av_hr-0e5fae4cf333afdc9255169b631fb4d5\">\n#top .hr.av-av_hr-0e5fae4cf333afdc9255169b631fb4d5{\nmargin-top:30px;\nmargin-bottom:30px;\n}\n.hr.av-av_hr-0e5fae4cf333afdc9255169b631fb4d5 .hr-inner{\nwidth:100%;\n}\n<\/style>\n<div  class='hr av-av_hr-0e5fae4cf333afdc9255169b631fb4d5 hr-custom hr-center hr-icon-no'><span class='hr-inner inner-border-av-border-none'><span class=\"hr-inner-style\"><\/span><\/span><\/div>\n\n","protected":false},"excerpt":{"rendered":"","protected":false},"author":1,"featured_media":0,"parent":4765,"menu_order":30,"comment_status":"closed","ping_status":"closed","template":"","meta":{"inline_featured_image":false,"footnotes":""},"categories":[],"tags":[],"class_list":["post-4781","page","type-page","status-publish","hentry"],"yoast_head":"<!-- This site is optimized with the Yoast SEO plugin v27.3 - https:\/\/yoast.com\/product\/yoast-seo-wordpress\/ -->\n<title>Air Conditioning - Superior Electronics<\/title>\n<meta name=\"robots\" content=\"index, follow, max-snippet:-1, max-image-preview:large, max-video-preview:-1\" \/>\n<link rel=\"canonical\" href=\"https:\/\/superior-electronics.com\/pt-pt\/produtos\/telecomandos-2\/airco\/\" \/>\n<meta property=\"og:locale\" content=\"pt_PT\" \/>\n<meta property=\"og:type\" content=\"article\" \/>\n<meta property=\"og:title\" content=\"Air Conditioning - Superior Electronics\" \/>\n<meta property=\"og:url\" content=\"https:\/\/superior-electronics.com\/pt-pt\/produtos\/telecomandos-2\/airco\/\" \/>\n<meta property=\"og:site_name\" content=\"Superior Electronics\" \/>\n<meta property=\"article:modified_time\" content=\"2019-05-02T11:12:01+00:00\" \/>\n<meta name=\"twitter:card\" content=\"summary_large_image\" \/>\n<meta name=\"twitter:label1\" content=\"Tempo estimado de leitura\" \/>\n\t<meta name=\"twitter:data1\" content=\"2 minutos\" \/>\n<script type=\"application\/ld+json\" class=\"yoast-schema-graph\">{\"@context\":\"https:\\\/\\\/schema.org\",\"@graph\":[{\"@type\":\"WebPage\",\"@id\":\"https:\\\/\\\/superior-electronics.com\\\/pt-pt\\\/produtos\\\/telecomandos-2\\\/airco\\\/\",\"url\":\"https:\\\/\\\/superior-electronics.com\\\/pt-pt\\\/produtos\\\/telecomandos-2\\\/airco\\\/\",\"name\":\"Air Conditioning - Superior Electronics\",\"isPartOf\":{\"@id\":\"https:\\\/\\\/superior-electronics.com\\\/pt-pt\\\/#website\"},\"datePublished\":\"2016-09-20T13:24:20+00:00\",\"dateModified\":\"2019-05-02T11:12:01+00:00\",\"breadcrumb\":{\"@id\":\"https:\\\/\\\/superior-electronics.com\\\/pt-pt\\\/produtos\\\/telecomandos-2\\\/airco\\\/#breadcrumb\"},\"inLanguage\":\"pt-PT\",\"potentialAction\":[{\"@type\":\"ReadAction\",\"target\":[\"https:\\\/\\\/superior-electronics.com\\\/pt-pt\\\/produtos\\\/telecomandos-2\\\/airco\\\/\"]}]},{\"@type\":\"BreadcrumbList\",\"@id\":\"https:\\\/\\\/superior-electronics.com\\\/pt-pt\\\/produtos\\\/telecomandos-2\\\/airco\\\/#breadcrumb\",\"itemListElement\":[{\"@type\":\"ListItem\",\"position\":1,\"name\":\"Home\",\"item\":\"https:\\\/\\\/superior-electronics.com\\\/pt-pt\\\/superior-electronics\\\/\"},{\"@type\":\"ListItem\",\"position\":2,\"name\":\"Produtos\",\"item\":\"https:\\\/\\\/superior-electronics.com\\\/pt-pt\\\/produtos\\\/\"},{\"@type\":\"ListItem\",\"position\":3,\"name\":\"Telecomandos\",\"item\":\"https:\\\/\\\/superior-electronics.com\\\/pt-pt\\\/produtos\\\/telecomandos-2\\\/\"},{\"@type\":\"ListItem\",\"position\":4,\"name\":\"Air Conditioning\"}]},{\"@type\":\"WebSite\",\"@id\":\"https:\\\/\\\/superior-electronics.com\\\/pt-pt\\\/#website\",\"url\":\"https:\\\/\\\/superior-electronics.com\\\/pt-pt\\\/\",\"name\":\"Superior Electronics\",\"description\":\"Telecomandi programmabili, elettronica di qualit\u00e0\",\"publisher\":{\"@id\":\"https:\\\/\\\/superior-electronics.com\\\/pt-pt\\\/#organization\"},\"potentialAction\":[{\"@type\":\"SearchAction\",\"target\":{\"@type\":\"EntryPoint\",\"urlTemplate\":\"https:\\\/\\\/superior-electronics.com\\\/pt-pt\\\/?s={search_term_string}\"},\"query-input\":{\"@type\":\"PropertyValueSpecification\",\"valueRequired\":true,\"valueName\":\"search_term_string\"}}],\"inLanguage\":\"pt-PT\"},{\"@type\":\"Organization\",\"@id\":\"https:\\\/\\\/superior-electronics.com\\\/pt-pt\\\/#organization\",\"name\":\"Superior Srl\",\"url\":\"https:\\\/\\\/superior-electronics.com\\\/pt-pt\\\/\",\"logo\":{\"@type\":\"ImageObject\",\"inLanguage\":\"pt-PT\",\"@id\":\"https:\\\/\\\/superior-electronics.com\\\/pt-pt\\\/#\\\/schema\\\/logo\\\/image\\\/\",\"url\":\"https:\\\/\\\/superior-electronics.com\\\/website\\\/wp-content\\\/uploads\\\/2017\\\/09\\\/Superior-logo-header-new.png\",\"contentUrl\":\"https:\\\/\\\/superior-electronics.com\\\/website\\\/wp-content\\\/uploads\\\/2017\\\/09\\\/Superior-logo-header-new.png\",\"width\":528,\"height\":156,\"caption\":\"Superior Srl\"},\"image\":{\"@id\":\"https:\\\/\\\/superior-electronics.com\\\/pt-pt\\\/#\\\/schema\\\/logo\\\/image\\\/\"}}]}<\/script>\n<!-- \/ Yoast SEO plugin. -->","yoast_head_json":{"title":"Air Conditioning - Superior Electronics","robots":{"index":"index","follow":"follow","max-snippet":"max-snippet:-1","max-image-preview":"max-image-preview:large","max-video-preview":"max-video-preview:-1"},"canonical":"https:\/\/superior-electronics.com\/pt-pt\/produtos\/telecomandos-2\/airco\/","og_locale":"pt_PT","og_type":"article","og_title":"Air Conditioning - Superior Electronics","og_url":"https:\/\/superior-electronics.com\/pt-pt\/produtos\/telecomandos-2\/airco\/","og_site_name":"Superior Electronics","article_modified_time":"2019-05-02T11:12:01+00:00","twitter_card":"summary_large_image","twitter_misc":{"Tempo estimado de leitura":"2 minutos"},"schema":{"@context":"https:\/\/schema.org","@graph":[{"@type":"WebPage","@id":"https:\/\/superior-electronics.com\/pt-pt\/produtos\/telecomandos-2\/airco\/","url":"https:\/\/superior-electronics.com\/pt-pt\/produtos\/telecomandos-2\/airco\/","name":"Air Conditioning - Superior Electronics","isPartOf":{"@id":"https:\/\/superior-electronics.com\/pt-pt\/#website"},"datePublished":"2016-09-20T13:24:20+00:00","dateModified":"2019-05-02T11:12:01+00:00","breadcrumb":{"@id":"https:\/\/superior-electronics.com\/pt-pt\/produtos\/telecomandos-2\/airco\/#breadcrumb"},"inLanguage":"pt-PT","potentialAction":[{"@type":"ReadAction","target":["https:\/\/superior-electronics.com\/pt-pt\/produtos\/telecomandos-2\/airco\/"]}]},{"@type":"BreadcrumbList","@id":"https:\/\/superior-electronics.com\/pt-pt\/produtos\/telecomandos-2\/airco\/#breadcrumb","itemListElement":[{"@type":"ListItem","position":1,"name":"Home","item":"https:\/\/superior-electronics.com\/pt-pt\/superior-electronics\/"},{"@type":"ListItem","position":2,"name":"Produtos","item":"https:\/\/superior-electronics.com\/pt-pt\/produtos\/"},{"@type":"ListItem","position":3,"name":"Telecomandos","item":"https:\/\/superior-electronics.com\/pt-pt\/produtos\/telecomandos-2\/"},{"@type":"ListItem","position":4,"name":"Air Conditioning"}]},{"@type":"WebSite","@id":"https:\/\/superior-electronics.com\/pt-pt\/#website","url":"https:\/\/superior-electronics.com\/pt-pt\/","name":"Superior Electronics","description":"Telecomandi programmabili, elettronica di qualit\u00e0","publisher":{"@id":"https:\/\/superior-electronics.com\/pt-pt\/#organization"},"potentialAction":[{"@type":"SearchAction","target":{"@type":"EntryPoint","urlTemplate":"https:\/\/superior-electronics.com\/pt-pt\/?s={search_term_string}"},"query-input":{"@type":"PropertyValueSpecification","valueRequired":true,"valueName":"search_term_string"}}],"inLanguage":"pt-PT"},{"@type":"Organization","@id":"https:\/\/superior-electronics.com\/pt-pt\/#organization","name":"Superior Srl","url":"https:\/\/superior-electronics.com\/pt-pt\/","logo":{"@type":"ImageObject","inLanguage":"pt-PT","@id":"https:\/\/superior-electronics.com\/pt-pt\/#\/schema\/logo\/image\/","url":"https:\/\/superior-electronics.com\/website\/wp-content\/uploads\/2017\/09\/Superior-logo-header-new.png","contentUrl":"https:\/\/superior-electronics.com\/website\/wp-content\/uploads\/2017\/09\/Superior-logo-header-new.png","width":528,"height":156,"caption":"Superior Srl"},"image":{"@id":"https:\/\/superior-electronics.com\/pt-pt\/#\/schema\/logo\/image\/"}}]}},"_links":{"self":[{"href":"https:\/\/superior-electronics.com\/pt-pt\/wp-json\/wp\/v2\/pages\/4781","targetHints":{"allow":["GET"]}}],"collection":[{"href":"https:\/\/superior-electronics.com\/pt-pt\/wp-json\/wp\/v2\/pages"}],"about":[{"href":"https:\/\/superior-electronics.com\/pt-pt\/wp-json\/wp\/v2\/types\/page"}],"author":[{"embeddable":true,"href":"https:\/\/superior-electronics.com\/pt-pt\/wp-json\/wp\/v2\/users\/1"}],"replies":[{"embeddable":true,"href":"https:\/\/superior-electronics.com\/pt-pt\/wp-json\/wp\/v2\/comments?post=4781"}],"version-history":[{"count":5,"href":"https:\/\/superior-electronics.com\/pt-pt\/wp-json\/wp\/v2\/pages\/4781\/revisions"}],"predecessor-version":[{"id":16545,"href":"https:\/\/superior-electronics.com\/pt-pt\/wp-json\/wp\/v2\/pages\/4781\/revisions\/16545"}],"up":[{"embeddable":true,"href":"https:\/\/superior-electronics.com\/pt-pt\/wp-json\/wp\/v2\/pages\/4765"}],"wp:attachment":[{"href":"https:\/\/superior-electronics.com\/pt-pt\/wp-json\/wp\/v2\/media?parent=4781"}],"wp:term":[{"taxonomy":"category","embeddable":true,"href":"https:\/\/superior-electronics.com\/pt-pt\/wp-json\/wp\/v2\/categories?post=4781"},{"taxonomy":"post_tag","embeddable":true,"href":"https:\/\/superior-electronics.com\/pt-pt\/wp-json\/wp\/v2\/tags?post=4781"}],"curies":[{"name":"wp","href":"https:\/\/api.w.org\/{rel}","templated":true}]}}