{"id":4160,"date":"2016-09-21T14:50:59","date_gmt":"2016-09-21T12:50:59","guid":{"rendered":"https:\/\/superior-electronics.com\/website\/downloads\/software-setup\/"},"modified":"2024-01-19T16:21:49","modified_gmt":"2024-01-19T15:21:49","slug":"software-setup","status":"publish","type":"page","link":"https:\/\/superior-electronics.com\/pt-pt\/downloads\/software-setup\/","title":{"rendered":"Software para telecomandos"},"content":{"rendered":"\n<style type=\"text\/css\" data-created_by=\"avia_inline_auto\" id=\"style-css-av-av_one_full-6126cab7d8fab8d08143dd2dacdf673c\">\n.flex_column.av-av_one_full-6126cab7d8fab8d08143dd2dacdf673c{\n-webkit-border-radius:0px 0px 0px 0px;\n-moz-border-radius:0px 0px 0px 0px;\nborder-radius:0px 0px 0px 0px;\npadding:0px 0px 0px 0px;\n}\n<\/style>\n<div  class='flex_column av-av_one_full-6126cab7d8fab8d08143dd2dacdf673c av_one_full  avia-builder-el-0  el_before_av_one_half  avia-builder-el-first  first flex_column_div av-zero-column-padding  '     ><p>\n<style type=\"text\/css\" data-created_by=\"avia_inline_auto\" id=\"style-css-av-av_font_icon-9f3d657253f5d4cc0f3e000aec64ff1d\">\n.av_font_icon.av-av_font_icon-9f3d657253f5d4cc0f3e000aec64ff1d{\ncolor:#e30613;\nborder-color:#e30613;\n}\n.av_font_icon.av-av_font_icon-9f3d657253f5d4cc0f3e000aec64ff1d .av-icon-char{\nfont-size:40px;\nline-height:40px;\n}\n<\/style>\n<span  class='av_font_icon av-av_font_icon-9f3d657253f5d4cc0f3e000aec64ff1d avia_animate_when_visible av-icon-style- avia-icon-pos-left avia-icon-animate'><span class='av-icon-char' aria-hidden='true' data-av_icon='\ue82d' data-av_iconfont='entypo-fontello' ><\/span><\/span><br \/>\n\n<style type=\"text\/css\" data-created_by=\"avia_inline_auto\" id=\"style-css-av-av_heading-6af32300e53013f3afe77d0b74eb2692\">\n#top .av-special-heading.av-av_heading-6af32300e53013f3afe77d0b74eb2692{\npadding-bottom:10px;\ncolor:#000000;\n}\nbody .av-special-heading.av-av_heading-6af32300e53013f3afe77d0b74eb2692 .av-special-heading-tag .heading-char{\nfont-size:25px;\n}\n.av-special-heading.av-av_heading-6af32300e53013f3afe77d0b74eb2692 .special-heading-inner-border{\nborder-color:#000000;\n}\n.av-special-heading.av-av_heading-6af32300e53013f3afe77d0b74eb2692 .av-subheading{\nfont-size:15px;\n}\n<\/style>\n<div  class='av-special-heading av-av_heading-6af32300e53013f3afe77d0b74eb2692 av-special-heading-h2 custom-color-heading blockquote modern-quote  avia-builder-el-2  el_after_av_font_icon  el_before_av_textblock '><h2 class='av-special-heading-tag'  itemprop=\"headline\"  >Baixe o software atualizado do seu dispositivo.<\/h2><div class=\"special-heading-border\"><div class=\"special-heading-inner-border\"><\/div><\/div><\/div><br \/>\n<section  class='av_textblock_section av-av_textblock-35972167d9f102c5ddaec0c531c98b9e '   itemscope=\"itemscope\" itemtype=\"https:\/\/schema.org\/CreativeWork\" ><div class='avia_textblock'  itemprop=\"text\" ><p>Utilize o campo \u201csearch\u201d para encontrar o software do seu dispositivo.<\/p>\n<p><strong>PDF COM INSTRU\u00c7\u00d5ES DE INSTALA\u00c7\u00c3O<\/strong><\/p>\n<\/div><\/section><\/p><\/div>\n<div class='flex_column_table av-b1t67-2823d666ed5fb57e4b72c28cd2bed6c8 sc-av_one_half av-equal-height-column-flextable'>\n<style type=\"text\/css\" data-created_by=\"avia_inline_auto\" id=\"style-css-av-b1t67-2823d666ed5fb57e4b72c28cd2bed6c8\">\n#top .flex_column_table.av-equal-height-column-flextable.av-b1t67-2823d666ed5fb57e4b72c28cd2bed6c8{\nmargin-top:40px;\nmargin-bottom:40px;\n}\n.flex_column.av-b1t67-2823d666ed5fb57e4b72c28cd2bed6c8{\nborder-width:1px;\nborder-color:#c4c4c4;\nborder-style:solid;\n-webkit-border-radius:4px 4px 4px 4px;\n-moz-border-radius:4px 4px 4px 4px;\nborder-radius:4px 4px 4px 4px;\npadding:0px 0px 0px 0px;\n}\n<\/style>\n<div  class='flex_column av-b1t67-2823d666ed5fb57e4b72c28cd2bed6c8 av_one_half  avia-builder-el-4  el_after_av_one_full  el_before_av_one_half  first flex_column_table_cell av-equal-height-column av-align-top av-zero-column-padding  column-top-margin'     ><section  class='av_textblock_section av-kf8dyu50-69c554469721f69165d8550c057da7f5 '   itemscope=\"itemscope\" itemtype=\"https:\/\/schema.org\/CreativeWork\" ><div class='avia_textblock'  itemprop=\"text\" ><p style=\"text-align: center;\"><strong>Setup Software<\/strong><\/p>\n<p style=\"text-align: center;\"><img loading=\"lazy\" decoding=\"async\" class=\"aligncenter wp-image-12918 size-medium\" src=\"https:\/\/superior-electronics.com\/website\/wp-content\/uploads\/2018\/06\/icone-software-300x300.png\" alt=\"\" width=\"300\" height=\"300\" \/><\/p>\n<\/div><\/section><br \/>\n<\/p><\/div>\n<div class='av-flex-placeholder'><\/div>\n<style type=\"text\/css\" data-created_by=\"avia_inline_auto\" id=\"style-css-av-b1t67-d37be341ee0f0992c8e7f62fcdaf7ef0\">\n#top .flex_column_table.av-equal-height-column-flextable.av-b1t67-d37be341ee0f0992c8e7f62fcdaf7ef0{\nmargin-top:0px;\nmargin-bottom:0px;\n}\n.flex_column.av-b1t67-d37be341ee0f0992c8e7f62fcdaf7ef0{\nborder-width:1px;\nborder-color:#c4c4c4;\nborder-style:solid;\n-webkit-border-radius:4px 4px 4px 4px;\n-moz-border-radius:4px 4px 4px 4px;\nborder-radius:4px 4px 4px 4px;\npadding:0px 0px 0px 0px;\n}\n<\/style>\n<div  class='flex_column av-b1t67-d37be341ee0f0992c8e7f62fcdaf7ef0 av_one_half  avia-builder-el-7  el_after_av_one_half  avia-builder-el-last  flex_column_table_cell av-equal-height-column av-align-top av-zero-column-padding  column-top-margin'     ><section  class='av_textblock_section av-kf8dyu50-97b13babc73e5b9f321a4afe9acdb6a0 '   itemscope=\"itemscope\" itemtype=\"https:\/\/schema.org\/CreativeWork\" ><div class='avia_textblock'  itemprop=\"text\" ><p style=\"text-align: center;\"><strong>Micro USB (Freedom) Setup Software<\/strong><\/p>\n<p style=\"text-align: center;\"><img loading=\"lazy\" decoding=\"async\" class=\"aligncenter wp-image-38426 size-medium\" src=\"https:\/\/superior-electronics.com\/website\/wp-content\/uploads\/2024\/01\/icone-software-usb-300x300.png\" alt=\"\" width=\"300\" height=\"300\" srcset=\"https:\/\/superior-electronics.com\/website\/wp-content\/uploads\/2024\/01\/icone-software-usb-300x300.png 300w, https:\/\/superior-electronics.com\/website\/wp-content\/uploads\/2024\/01\/icone-software-usb-80x80.png 80w, https:\/\/superior-electronics.com\/website\/wp-content\/uploads\/2024\/01\/icone-software-usb-768x768.png 768w, https:\/\/superior-electronics.com\/website\/wp-content\/uploads\/2024\/01\/icone-software-usb-36x36.png 36w, https:\/\/superior-electronics.com\/website\/wp-content\/uploads\/2024\/01\/icone-software-usb-180x180.png 180w, https:\/\/superior-electronics.com\/website\/wp-content\/uploads\/2024\/01\/icone-software-usb-705x705.png 705w, https:\/\/superior-electronics.com\/website\/wp-content\/uploads\/2024\/01\/icone-software-usb-120x120.png 120w, https:\/\/superior-electronics.com\/website\/wp-content\/uploads\/2024\/01\/icone-software-usb-450x450.png 450w, https:\/\/superior-electronics.com\/website\/wp-content\/uploads\/2024\/01\/icone-software-usb-24x24.png 24w, https:\/\/superior-electronics.com\/website\/wp-content\/uploads\/2024\/01\/icone-software-usb-100x100.png 100w, https:\/\/superior-electronics.com\/website\/wp-content\/uploads\/2024\/01\/icone-software-usb.png 1000w\" sizes=\"auto, (max-width: 300px) 100vw, 300px\" \/><\/p>\n<\/div><\/section><br \/>\n<\/p><\/div><\/div><!--close column table wrapper. Autoclose: 1 -->\n","protected":false},"excerpt":{"rendered":"","protected":false},"author":1,"featured_media":0,"parent":3130,"menu_order":20,"comment_status":"closed","ping_status":"closed","template":"","meta":{"inline_featured_image":false,"footnotes":""},"categories":[],"tags":[],"class_list":["post-4160","page","type-page","status-publish","hentry"],"yoast_head":"<!-- This site is optimized with the Yoast SEO plugin v27.3 - https:\/\/yoast.com\/product\/yoast-seo-wordpress\/ -->\n<title>Software para telecomandos - Superior Electronics<\/title>\n<meta name=\"robots\" content=\"index, follow, max-snippet:-1, max-image-preview:large, max-video-preview:-1\" \/>\n<link rel=\"canonical\" href=\"https:\/\/superior-electronics.com\/pt-pt\/downloads\/software-setup\/\" \/>\n<meta property=\"og:locale\" content=\"pt_PT\" \/>\n<meta property=\"og:type\" content=\"article\" \/>\n<meta property=\"og:title\" content=\"Software para telecomandos - Superior Electronics\" \/>\n<meta property=\"og:url\" content=\"https:\/\/superior-electronics.com\/pt-pt\/downloads\/software-setup\/\" \/>\n<meta property=\"og:site_name\" content=\"Superior Electronics\" \/>\n<meta property=\"article:modified_time\" content=\"2024-01-19T15:21:49+00:00\" \/>\n<meta property=\"og:image\" content=\"https:\/\/superior-electronics.com\/website\/wp-content\/uploads\/2018\/06\/icone-software-300x300.png\" \/>\n<meta name=\"twitter:card\" content=\"summary_large_image\" \/>\n<meta name=\"twitter:label1\" content=\"Tempo estimado de leitura\" \/>\n\t<meta name=\"twitter:data1\" content=\"5 minutos\" \/>\n<script type=\"application\/ld+json\" class=\"yoast-schema-graph\">{\"@context\":\"https:\\\/\\\/schema.org\",\"@graph\":[{\"@type\":\"WebPage\",\"@id\":\"https:\\\/\\\/superior-electronics.com\\\/pt-pt\\\/downloads\\\/software-setup\\\/\",\"url\":\"https:\\\/\\\/superior-electronics.com\\\/pt-pt\\\/downloads\\\/software-setup\\\/\",\"name\":\"Software para telecomandos - Superior Electronics\",\"isPartOf\":{\"@id\":\"https:\\\/\\\/superior-electronics.com\\\/pt-pt\\\/#website\"},\"primaryImageOfPage\":{\"@id\":\"https:\\\/\\\/superior-electronics.com\\\/pt-pt\\\/downloads\\\/software-setup\\\/#primaryimage\"},\"image\":{\"@id\":\"https:\\\/\\\/superior-electronics.com\\\/pt-pt\\\/downloads\\\/software-setup\\\/#primaryimage\"},\"thumbnailUrl\":\"https:\\\/\\\/superior-electronics.com\\\/website\\\/wp-content\\\/uploads\\\/2018\\\/06\\\/icone-software-300x300.png\",\"datePublished\":\"2016-09-21T12:50:59+00:00\",\"dateModified\":\"2024-01-19T15:21:49+00:00\",\"breadcrumb\":{\"@id\":\"https:\\\/\\\/superior-electronics.com\\\/pt-pt\\\/downloads\\\/software-setup\\\/#breadcrumb\"},\"inLanguage\":\"pt-PT\",\"potentialAction\":[{\"@type\":\"ReadAction\",\"target\":[\"https:\\\/\\\/superior-electronics.com\\\/pt-pt\\\/downloads\\\/software-setup\\\/\"]}]},{\"@type\":\"ImageObject\",\"inLanguage\":\"pt-PT\",\"@id\":\"https:\\\/\\\/superior-electronics.com\\\/pt-pt\\\/downloads\\\/software-setup\\\/#primaryimage\",\"url\":\"https:\\\/\\\/superior-electronics.com\\\/website\\\/wp-content\\\/uploads\\\/2018\\\/06\\\/icone-software-300x300.png\",\"contentUrl\":\"https:\\\/\\\/superior-electronics.com\\\/website\\\/wp-content\\\/uploads\\\/2018\\\/06\\\/icone-software-300x300.png\"},{\"@type\":\"BreadcrumbList\",\"@id\":\"https:\\\/\\\/superior-electronics.com\\\/pt-pt\\\/downloads\\\/software-setup\\\/#breadcrumb\",\"itemListElement\":[{\"@type\":\"ListItem\",\"position\":1,\"name\":\"Home\",\"item\":\"https:\\\/\\\/superior-electronics.com\\\/pt-pt\\\/superior-electronics\\\/\"},{\"@type\":\"ListItem\",\"position\":2,\"name\":\"Downloads\",\"item\":\"https:\\\/\\\/superior-electronics.com\\\/pt-pt\\\/downloads\\\/\"},{\"@type\":\"ListItem\",\"position\":3,\"name\":\"Software para telecomandos\"}]},{\"@type\":\"WebSite\",\"@id\":\"https:\\\/\\\/superior-electronics.com\\\/pt-pt\\\/#website\",\"url\":\"https:\\\/\\\/superior-electronics.com\\\/pt-pt\\\/\",\"name\":\"Superior Electronics\",\"description\":\"Telecomandi programmabili, elettronica di qualit\u00e0\",\"publisher\":{\"@id\":\"https:\\\/\\\/superior-electronics.com\\\/pt-pt\\\/#organization\"},\"potentialAction\":[{\"@type\":\"SearchAction\",\"target\":{\"@type\":\"EntryPoint\",\"urlTemplate\":\"https:\\\/\\\/superior-electronics.com\\\/pt-pt\\\/?s={search_term_string}\"},\"query-input\":{\"@type\":\"PropertyValueSpecification\",\"valueRequired\":true,\"valueName\":\"search_term_string\"}}],\"inLanguage\":\"pt-PT\"},{\"@type\":\"Organization\",\"@id\":\"https:\\\/\\\/superior-electronics.com\\\/pt-pt\\\/#organization\",\"name\":\"Superior Srl\",\"url\":\"https:\\\/\\\/superior-electronics.com\\\/pt-pt\\\/\",\"logo\":{\"@type\":\"ImageObject\",\"inLanguage\":\"pt-PT\",\"@id\":\"https:\\\/\\\/superior-electronics.com\\\/pt-pt\\\/#\\\/schema\\\/logo\\\/image\\\/\",\"url\":\"https:\\\/\\\/superior-electronics.com\\\/website\\\/wp-content\\\/uploads\\\/2017\\\/09\\\/Superior-logo-header-new.png\",\"contentUrl\":\"https:\\\/\\\/superior-electronics.com\\\/website\\\/wp-content\\\/uploads\\\/2017\\\/09\\\/Superior-logo-header-new.png\",\"width\":528,\"height\":156,\"caption\":\"Superior Srl\"},\"image\":{\"@id\":\"https:\\\/\\\/superior-electronics.com\\\/pt-pt\\\/#\\\/schema\\\/logo\\\/image\\\/\"}}]}<\/script>\n<!-- \/ Yoast SEO plugin. -->","yoast_head_json":{"title":"Software para telecomandos - Superior Electronics","robots":{"index":"index","follow":"follow","max-snippet":"max-snippet:-1","max-image-preview":"max-image-preview:large","max-video-preview":"max-video-preview:-1"},"canonical":"https:\/\/superior-electronics.com\/pt-pt\/downloads\/software-setup\/","og_locale":"pt_PT","og_type":"article","og_title":"Software para telecomandos - Superior Electronics","og_url":"https:\/\/superior-electronics.com\/pt-pt\/downloads\/software-setup\/","og_site_name":"Superior Electronics","article_modified_time":"2024-01-19T15:21:49+00:00","og_image":[{"url":"https:\/\/superior-electronics.com\/website\/wp-content\/uploads\/2018\/06\/icone-software-300x300.png","type":"","width":"","height":""}],"twitter_card":"summary_large_image","twitter_misc":{"Tempo estimado de leitura":"5 minutos"},"schema":{"@context":"https:\/\/schema.org","@graph":[{"@type":"WebPage","@id":"https:\/\/superior-electronics.com\/pt-pt\/downloads\/software-setup\/","url":"https:\/\/superior-electronics.com\/pt-pt\/downloads\/software-setup\/","name":"Software para telecomandos - Superior Electronics","isPartOf":{"@id":"https:\/\/superior-electronics.com\/pt-pt\/#website"},"primaryImageOfPage":{"@id":"https:\/\/superior-electronics.com\/pt-pt\/downloads\/software-setup\/#primaryimage"},"image":{"@id":"https:\/\/superior-electronics.com\/pt-pt\/downloads\/software-setup\/#primaryimage"},"thumbnailUrl":"https:\/\/superior-electronics.com\/website\/wp-content\/uploads\/2018\/06\/icone-software-300x300.png","datePublished":"2016-09-21T12:50:59+00:00","dateModified":"2024-01-19T15:21:49+00:00","breadcrumb":{"@id":"https:\/\/superior-electronics.com\/pt-pt\/downloads\/software-setup\/#breadcrumb"},"inLanguage":"pt-PT","potentialAction":[{"@type":"ReadAction","target":["https:\/\/superior-electronics.com\/pt-pt\/downloads\/software-setup\/"]}]},{"@type":"ImageObject","inLanguage":"pt-PT","@id":"https:\/\/superior-electronics.com\/pt-pt\/downloads\/software-setup\/#primaryimage","url":"https:\/\/superior-electronics.com\/website\/wp-content\/uploads\/2018\/06\/icone-software-300x300.png","contentUrl":"https:\/\/superior-electronics.com\/website\/wp-content\/uploads\/2018\/06\/icone-software-300x300.png"},{"@type":"BreadcrumbList","@id":"https:\/\/superior-electronics.com\/pt-pt\/downloads\/software-setup\/#breadcrumb","itemListElement":[{"@type":"ListItem","position":1,"name":"Home","item":"https:\/\/superior-electronics.com\/pt-pt\/superior-electronics\/"},{"@type":"ListItem","position":2,"name":"Downloads","item":"https:\/\/superior-electronics.com\/pt-pt\/downloads\/"},{"@type":"ListItem","position":3,"name":"Software para telecomandos"}]},{"@type":"WebSite","@id":"https:\/\/superior-electronics.com\/pt-pt\/#website","url":"https:\/\/superior-electronics.com\/pt-pt\/","name":"Superior Electronics","description":"Telecomandi programmabili, elettronica di qualit\u00e0","publisher":{"@id":"https:\/\/superior-electronics.com\/pt-pt\/#organization"},"potentialAction":[{"@type":"SearchAction","target":{"@type":"EntryPoint","urlTemplate":"https:\/\/superior-electronics.com\/pt-pt\/?s={search_term_string}"},"query-input":{"@type":"PropertyValueSpecification","valueRequired":true,"valueName":"search_term_string"}}],"inLanguage":"pt-PT"},{"@type":"Organization","@id":"https:\/\/superior-electronics.com\/pt-pt\/#organization","name":"Superior Srl","url":"https:\/\/superior-electronics.com\/pt-pt\/","logo":{"@type":"ImageObject","inLanguage":"pt-PT","@id":"https:\/\/superior-electronics.com\/pt-pt\/#\/schema\/logo\/image\/","url":"https:\/\/superior-electronics.com\/website\/wp-content\/uploads\/2017\/09\/Superior-logo-header-new.png","contentUrl":"https:\/\/superior-electronics.com\/website\/wp-content\/uploads\/2017\/09\/Superior-logo-header-new.png","width":528,"height":156,"caption":"Superior Srl"},"image":{"@id":"https:\/\/superior-electronics.com\/pt-pt\/#\/schema\/logo\/image\/"}}]}},"_links":{"self":[{"href":"https:\/\/superior-electronics.com\/pt-pt\/wp-json\/wp\/v2\/pages\/4160","targetHints":{"allow":["GET"]}}],"collection":[{"href":"https:\/\/superior-electronics.com\/pt-pt\/wp-json\/wp\/v2\/pages"}],"about":[{"href":"https:\/\/superior-electronics.com\/pt-pt\/wp-json\/wp\/v2\/types\/page"}],"author":[{"embeddable":true,"href":"https:\/\/superior-electronics.com\/pt-pt\/wp-json\/wp\/v2\/users\/1"}],"replies":[{"embeddable":true,"href":"https:\/\/superior-electronics.com\/pt-pt\/wp-json\/wp\/v2\/comments?post=4160"}],"version-history":[{"count":5,"href":"https:\/\/superior-electronics.com\/pt-pt\/wp-json\/wp\/v2\/pages\/4160\/revisions"}],"predecessor-version":[{"id":38437,"href":"https:\/\/superior-electronics.com\/pt-pt\/wp-json\/wp\/v2\/pages\/4160\/revisions\/38437"}],"up":[{"embeddable":true,"href":"https:\/\/superior-electronics.com\/pt-pt\/wp-json\/wp\/v2\/pages\/3130"}],"wp:attachment":[{"href":"https:\/\/superior-electronics.com\/pt-pt\/wp-json\/wp\/v2\/media?parent=4160"}],"wp:term":[{"taxonomy":"category","embeddable":true,"href":"https:\/\/superior-electronics.com\/pt-pt\/wp-json\/wp\/v2\/categories?post=4160"},{"taxonomy":"post_tag","embeddable":true,"href":"https:\/\/superior-electronics.com\/pt-pt\/wp-json\/wp\/v2\/tags?post=4160"}],"curies":[{"name":"wp","href":"https:\/\/api.w.org\/{rel}","templated":true}]}}