{"id":13426,"date":"2018-09-27T19:24:55","date_gmt":"2018-09-27T17:24:55","guid":{"rendered":"https:\/\/superior-electronics.com\/?page_id=13426"},"modified":"2024-05-07T20:54:53","modified_gmt":"2024-05-07T18:54:53","slug":"multi-key","status":"publish","type":"page","link":"https:\/\/superior-electronics.com\/pt-pt\/produtos\/radiocomandi\/multi-key\/","title":{"rendered":"Multi-Key"},"content":{"rendered":"<div id='full_slider_1'  class='avia-fullwidth-slider main_color avia-shadow   avia-builder-el-0  el_before_av_hr  avia-builder-el-first  dmc-hide-mobile dmc-caption-alt  container_wrap fullsize'  ><div  class='avia-slideshow av-75epi2u-ce1c3b5b10cc7a5a80595010bde779de avia-slideshow-no scaling av_slideshow_full avia-fade-slider dmc-hide-mobile dmc-caption-alt av-slideshow-ui av-control-hidden av-no-slider-navigation av-hide-nav-arrows av-slideshow-manual av-loop-once av-loop-manual-endless av-default-height-applied   avia-slideshow-1' data-slideshow-options=\"{&quot;animation&quot;:&quot;fade&quot;,&quot;autoplay&quot;:false,&quot;loop_autoplay&quot;:&quot;once&quot;,&quot;interval&quot;:5,&quot;loop_manual&quot;:&quot;manual-endless&quot;,&quot;autoplay_stopper&quot;:false,&quot;noNavigation&quot;:true,&quot;bg_slider&quot;:false,&quot;keep_padding&quot;:false,&quot;hoverpause&quot;:false,&quot;show_slide_delay&quot;:0}\"  itemprop=\"image\" itemscope=\"itemscope\" itemtype=\"https:\/\/schema.org\/ImageObject\" ><ul class='avia-slideshow-inner ' style='padding-bottom: 17.709923664122%;'><li  class='avia-slideshow-slide av-75epi2u-ce1c3b5b10cc7a5a80595010bde779de__0  av-single-slide slide-1 slide-odd'><div data-rel='slideshow-1' class='avia-slide-wrap '   ><div class='av-slideshow-caption av-75epi2u-ce1c3b5b10cc7a5a80595010bde779de__0 caption_fullwidth caption_right caption_right_framed caption_framed'><div class=\"container caption_container\"><div class=\"slideshow_caption\"><div class=\"slideshow_inner_caption\"><div class=\"slideshow_align_caption\"><div class='avia-caption-content '  itemprop=\"description\" ><p>\u2022 Controla at\u00e9 quatro dispositivos<br \/>\n\u2022 Teclas amplas para maior comodidade<br \/>\n\u2022 Chaveiro pr\u00e1tico<\/p>\n<\/div><\/div><\/div><\/div><\/div><\/div><img decoding=\"async\" class=\"wp-image-13441 avia-img-lazy-loading-not-13441\"  src=\"https:\/\/superior-electronics.com\/website\/wp-content\/uploads\/2018\/09\/universal-radio-frequency-remote-control-multi-Key.jpg\" width=\"1310\" height=\"232\" title='universal-radio-frequency-remote-control-multi-Key' alt=''  itemprop=\"thumbnailUrl\" srcset=\"https:\/\/superior-electronics.com\/website\/wp-content\/uploads\/2018\/09\/universal-radio-frequency-remote-control-multi-Key.jpg 1310w, https:\/\/superior-electronics.com\/website\/wp-content\/uploads\/2018\/09\/universal-radio-frequency-remote-control-multi-Key-450x80.jpg 450w, https:\/\/superior-electronics.com\/website\/wp-content\/uploads\/2018\/09\/universal-radio-frequency-remote-control-multi-Key-300x53.jpg 300w, https:\/\/superior-electronics.com\/website\/wp-content\/uploads\/2018\/09\/universal-radio-frequency-remote-control-multi-Key-768x136.jpg 768w, https:\/\/superior-electronics.com\/website\/wp-content\/uploads\/2018\/09\/universal-radio-frequency-remote-control-multi-Key-1030x182.jpg 1030w, https:\/\/superior-electronics.com\/website\/wp-content\/uploads\/2018\/09\/universal-radio-frequency-remote-control-multi-Key-705x125.jpg 705w\" sizes=\"(max-width: 1310px) 100vw, 1310px\" \/><\/div><\/li><\/ul><\/div><\/div><div id='after_full_slider_1'  class='main_color av_default_container_wrap container_wrap fullsize'  ><div class='container av-section-cont-open' ><div class='template-page content  av-content-full alpha units'><div class='post-entry post-entry-type-page post-entry-13426'><div class='entry-content-wrapper clearfix'>\n\n<style type=\"text\/css\" data-created_by=\"avia_inline_auto\" id=\"style-css-av-635fgdi-d510dc2b011c6738ee0682d49230c896\">\n#top .hr.hr-invisible.av-635fgdi-d510dc2b011c6738ee0682d49230c896{\nheight:50px;\n}\n<\/style>\n<div  class='hr av-635fgdi-d510dc2b011c6738ee0682d49230c896 hr-invisible  avia-builder-el-1  el_after_av_slideshow_full  el_before_av_two_fifth  avia-builder-el-first '><span class='hr-inner '><span class=\"hr-inner-style\"><\/span><\/span><\/div>\n\n<style type=\"text\/css\" data-created_by=\"avia_inline_auto\" id=\"style-css-av-5m6ea86-9d9aa59a40930392241132f9910ba0fa\">\n.flex_column.av-5m6ea86-9d9aa59a40930392241132f9910ba0fa{\n-webkit-border-radius:0px 0px 0px 0px;\n-moz-border-radius:0px 0px 0px 0px;\nborder-radius:0px 0px 0px 0px;\npadding:0px 0px 0px 0px;\n}\n<\/style>\n<div  class='flex_column av-5m6ea86-9d9aa59a40930392241132f9910ba0fa av_two_fifth  avia-builder-el-2  el_after_av_hr  el_before_av_one_fourth  first flex_column_div av-zero-column-padding  '     ><section  class='av_textblock_section av-5hl02di-639157d936c426467a413669c77d0acd '   itemscope=\"itemscope\" itemtype=\"https:\/\/schema.org\/CreativeWork\" ><div class='avia_textblock'  itemprop=\"text\" ><h2>O radiocomando<br \/>\nmultifrequ\u00eancia universal de autoaprendizagem mais difundido<\/h2>\n<ul>\n<li>Possibilidades de programar at\u00e9 4 dispositivos\u00a0de 4 freq\u00fc\u00eancias diferentes<\/li>\n<li>A programa\u00e7\u00e3o \u00e9 simples e r\u00e1pida<\/li>\n<li>M\u00e1xima compatibilidade (frequ\u00eancias dispon\u00edveis na ficha t\u00e9cnica)<\/li>\n<\/ul>\n<\/div><\/section><br \/>\n\n<style type=\"text\/css\" data-created_by=\"avia_inline_auto\" id=\"style-css-av-4xfpt8m-5ca56c4e3459afce1b0e958da8f88668\">\n#top .hr.hr-invisible.av-4xfpt8m-5ca56c4e3459afce1b0e958da8f88668{\nheight:25px;\n}\n<\/style>\n<div  class='hr av-4xfpt8m-5ca56c4e3459afce1b0e958da8f88668 hr-invisible  avia-builder-el-4  el_after_av_textblock  el_before_av_sidebar '><span class='hr-inner '><span class=\"hr-inner-style\"><\/span><\/span><\/div><br \/>\n<\/p><\/div>\n\n<style type=\"text\/css\" data-created_by=\"avia_inline_auto\" id=\"style-css-av-dyfyfa-4543d1f6baac3be11f7cdc20a92531de\">\n.flex_column.av-dyfyfa-4543d1f6baac3be11f7cdc20a92531de{\n-webkit-border-radius:0px 0px 0px 0px;\n-moz-border-radius:0px 0px 0px 0px;\nborder-radius:0px 0px 0px 0px;\npadding:0px 0px 0px 0px;\n}\n<\/style>\n<div  class='flex_column av-dyfyfa-4543d1f6baac3be11f7cdc20a92531de av_one_fourth  avia-builder-el-6  el_after_av_two_fifth  el_before_av_one_third  flex_column_div av-zero-column-padding  '     ><style type=\"text\/css\" data-created_by=\"avia_inline_auto\" id=\"style-css-av-39s9fdy-2e289d1cc06ea3a06c6cfd7f3e464c8d\">\n.avia-image-container.av-39s9fdy-2e289d1cc06ea3a06c6cfd7f3e464c8d img.avia_image{\nbox-shadow:none;\n}\n.avia-image-container.av-39s9fdy-2e289d1cc06ea3a06c6cfd7f3e464c8d .av-image-caption-overlay-center{\ncolor:#ffffff;\n}\n<\/style>\n<div  class='avia-image-container av-39s9fdy-2e289d1cc06ea3a06c6cfd7f3e464c8d av-styling- avia-align-center  avia-builder-el-7  avia-builder-el-no-sibling '   itemprop=\"image\" itemscope=\"itemscope\" itemtype=\"https:\/\/schema.org\/ImageObject\" ><div class=\"avia-image-container-inner\"><div class=\"avia-image-overlay-wrap\"><img decoding=\"async\" class='wp-image-36312 avia-img-lazy-loading-not-36312 avia_image ' src=\"https:\/\/superior-electronics.com\/website\/wp-content\/uploads\/2022\/06\/multi-key.png\" alt='' title='multi-key'  height=\"900\" width=\"577\"  itemprop=\"thumbnailUrl\" srcset=\"https:\/\/superior-electronics.com\/website\/wp-content\/uploads\/2022\/06\/multi-key.png 577w, https:\/\/superior-electronics.com\/website\/wp-content\/uploads\/2022\/06\/multi-key-450x702.png 450w, https:\/\/superior-electronics.com\/website\/wp-content\/uploads\/2022\/06\/multi-key-192x300.png 192w, https:\/\/superior-electronics.com\/website\/wp-content\/uploads\/2022\/06\/multi-key-452x705.png 452w, https:\/\/superior-electronics.com\/website\/wp-content\/uploads\/2022\/06\/multi-key-15x24.png 15w, https:\/\/superior-electronics.com\/website\/wp-content\/uploads\/2022\/06\/multi-key-51x80.png 51w, https:\/\/superior-electronics.com\/website\/wp-content\/uploads\/2022\/06\/multi-key-77x120.png 77w\" sizes=\"(max-width: 577px) 100vw, 577px\" \/><\/div><\/div><\/div><\/div>\n\n<style type=\"text\/css\" data-created_by=\"avia_inline_auto\" id=\"style-css-av-2wehgo6-836dc3e68a0028f5ca71193621df10df\">\n.flex_column.av-2wehgo6-836dc3e68a0028f5ca71193621df10df{\n-webkit-border-radius:0px 0px 0px 0px;\n-moz-border-radius:0px 0px 0px 0px;\nborder-radius:0px 0px 0px 0px;\npadding:0px 0px 0px 0px;\n}\n<\/style>\n<div  class='flex_column av-2wehgo6-836dc3e68a0028f5ca71193621df10df av_one_third  avia-builder-el-8  el_after_av_one_fourth  el_before_av_hr  flex_column_div av-zero-column-padding  '     ><div  class='togglecontainer av-2jogozq-74c9f1f162c6b4f65a6caa8250df86d4  avia-builder-el-9  avia-builder-el-no-sibling  dmc-accordion toggle_close_all' >\n<section class='av_toggle_section av-av_toggle-d6289d7e7ea3ef8e78cd8423f48d098c'  itemscope=\"itemscope\" itemtype=\"https:\/\/schema.org\/CreativeWork\" ><div role=\"tablist\" class=\"single_toggle\" data-tags=\"{All} \"  ><p data-fake-id='#toggle-id-1' class='toggler  activeTitle '  itemprop=\"headline\"  role='tab' tabindex='0' aria-controls='toggle-id-1'>Especifica\u00e7\u00f5es t\u00e9cnicas<span class=\"toggle_icon\"><span class=\"vert_icon\"><\/span><span class=\"hor_icon\"><\/span><\/span><\/p><div id='toggle-id-1' class='toggle_wrap  active_tc' style='display:block;' ><div class='toggle_content invers-color '  itemprop=\"text\" ><p><strong>PESO:<\/strong>\u00a029 g<\/p>\n<p><strong>DIMENS\u00d5ES:\u00a0<\/strong>6,0 x 3,5 x 1,5 cm<\/p>\n<p><strong>BATERIAS:\u00a0<\/strong>1 x 12V \u2013 27A\u00a0<em>(Inclu\u00edda)<\/em><\/p>\n<\/div><\/div><\/div><\/section>\n<section class='av_toggle_section av-av_toggle-f6d8ed8c0b20fade03e7a0921b5ed09c'  itemscope=\"itemscope\" itemtype=\"https:\/\/schema.org\/CreativeWork\" ><div role=\"tablist\" class=\"single_toggle\" data-tags=\"{All} \"  ><p data-fake-id='#toggle-id-2' class='toggler   '  itemprop=\"headline\"  role='tab' tabindex='0' aria-controls='toggle-id-2'>INFORMA\u00c7\u00d5ES COMPLEMENTARES<span class=\"toggle_icon\"><span class=\"vert_icon\"><\/span><span class=\"hor_icon\"><\/span><\/span><\/p><div id='toggle-id-2' class='toggle_wrap  '  ><div class='toggle_content invers-color '  itemprop=\"text\" ><p><strong>C\u00d3DIGO:\u00a0<\/strong>SUPRF004<\/p>\n<p><strong>C\u00d3DIGO DE BARRAS:\u00a0<\/strong>8054242080568<\/p>\n<p><strong style=\"line-height: 1.5;\">TIPO:<\/strong><span style=\"line-height: 1.5;\">\u00a0Radiocomando de autoaprendizagem.<\/span><\/p>\n<p><strong>CONFIGURA\u00c7\u00c3O:<\/strong>\u00a0Seguir as indica\u00e7\u00f5es do manual de instru\u00e7\u00f5es. Telecomando original necess\u00e1rio<\/p>\n<p><strong>CONTE\u00daDO DO BLISTER:<\/strong>\u00a0Manual e radiocomando com baterias 12V inclu\u00eddas<\/p>\n<\/div><\/div><\/div><\/section>\n<section class='av_toggle_section av-av_toggle-bce1d0e6617de748c2e89236d30a9ad4'  itemscope=\"itemscope\" itemtype=\"https:\/\/schema.org\/CreativeWork\" ><div role=\"tablist\" class=\"single_toggle\" data-tags=\"{All} \"  ><p data-fake-id='#toggle-id-3' class='toggler   '  itemprop=\"headline\"  role='tab' tabindex='0' aria-controls='toggle-id-3'>Downloads<span class=\"toggle_icon\"><span class=\"vert_icon\"><\/span><span class=\"hor_icon\"><\/span><\/span><\/p><div id='toggle-id-3' class='toggle_wrap  '  ><div class='toggle_content invers-color '  itemprop=\"text\" ><div class=\"wpfd-single-file\">\n\n    <div class=\"wpfd-single-file--details wpfd-file-content\">\n                <p class=\"wpfd-file-content--description\">\n                    Datasheet\n                <\/p>\n    <\/div>\n    <div class=\"wpfd-single-file--buttons\">\n                                <a href=\"https:\/\/superior-electronics.com\/website\/download\/398\/datasheet\/27362\/multi-key_data-sheet_en.pdf\"  data-id=\"27362\" title=\"Datasheet\" class=\"noLightbox wpfd_downloadlink wpfd-single-file-button wpfd-button-download\">\n                    <span>Download<\/span>\n                <\/a>\n    <\/div>\n<\/div>\n\n<div class=\"wpfd-single-file\">\n\n    <div class=\"wpfd-single-file--details wpfd-file-content\">\n                <p class=\"wpfd-file-content--description\">\n                    Manual\n                <\/p>\n    <\/div>\n    <div class=\"wpfd-single-file--buttons\">\n                                <a href=\"https:\/\/superior-electronics.com\/website\/download\/400\/manuals\/25788\/multi-key-manual-en.pdf\"  data-id=\"25788\" title=\"Manual\" class=\"noLightbox wpfd_downloadlink wpfd-single-file-button wpfd-button-download\">\n                    <span>Download<\/span>\n                <\/a>\n    <\/div>\n<\/div>\n\n<\/div><\/div><\/div><\/section>\n<\/div><\/div>\n<style type=\"text\/css\" data-created_by=\"avia_inline_auto\" id=\"style-css-av-kimm3q-14c216d772bb2798e0862a0646f720eb\">\n#top .hr.hr-invisible.av-kimm3q-14c216d772bb2798e0862a0646f720eb{\nheight:50px;\n}\n<\/style>\n<div  class='hr av-kimm3q-14c216d772bb2798e0862a0646f720eb hr-invisible  avia-builder-el-10  el_after_av_one_third  avia-builder-el-last '><span class='hr-inner '><span class=\"hr-inner-style\"><\/span><\/span><\/div><\/p>\n","protected":false},"excerpt":{"rendered":"<p>\u2022 Controla at\u00e9 quatro dispositivos<br \/>\n\u2022 Teclas amplas para maior comodidade<br \/>\n\u2022 Chaveiro pr\u00e1tico<\/p>\n","protected":false},"author":4,"featured_media":36324,"parent":4787,"menu_order":10,"comment_status":"closed","ping_status":"closed","template":"","meta":{"inline_featured_image":false,"footnotes":""},"categories":[323,333,626],"tags":[],"class_list":["post-13426","page","type-page","status-publish","has-post-thumbnail","hentry","category-automacao","category-radiocomandos","category-rf-remote-controls-pt-pt"],"yoast_head":"<!-- This site is optimized with the Yoast SEO plugin v27.4 - https:\/\/yoast.com\/product\/yoast-seo-wordpress\/ -->\n<title>Multi-Key - Superior Electronics<\/title>\n<meta name=\"robots\" content=\"index, follow, max-snippet:-1, max-image-preview:large, max-video-preview:-1\" \/>\n<link rel=\"canonical\" href=\"https:\/\/superior-electronics.com\/pt-pt\/produtos\/radiocomandi\/multi-key\/\" \/>\n<meta property=\"og:locale\" content=\"pt_PT\" \/>\n<meta property=\"og:type\" content=\"article\" \/>\n<meta property=\"og:title\" content=\"Multi-Key - Superior Electronics\" \/>\n<meta property=\"og:description\" content=\"\u2022 Controla at\u00e9 quatro dispositivos \u2022 Teclas amplas para maior comodidade \u2022 Chaveiro pr\u00e1tico\" \/>\n<meta property=\"og:url\" content=\"https:\/\/superior-electronics.com\/pt-pt\/produtos\/radiocomandi\/multi-key\/\" \/>\n<meta property=\"og:site_name\" content=\"Superior Electronics\" \/>\n<meta property=\"article:modified_time\" content=\"2024-05-07T18:54:53+00:00\" \/>\n<meta property=\"og:image\" content=\"https:\/\/superior-electronics.com\/website\/wp-content\/uploads\/2022\/06\/Immagini-Evidenza-multi-key.jpg\" \/>\n\t<meta property=\"og:image:width\" content=\"600\" \/>\n\t<meta property=\"og:image:height\" content=\"600\" \/>\n\t<meta property=\"og:image:type\" content=\"image\/jpeg\" \/>\n<meta name=\"twitter:card\" content=\"summary_large_image\" \/>\n<meta name=\"twitter:label1\" content=\"Tempo estimado de leitura\" \/>\n\t<meta name=\"twitter:data1\" content=\"4 minutos\" \/>\n<script type=\"application\/ld+json\" class=\"yoast-schema-graph\">{\"@context\":\"https:\\\/\\\/schema.org\",\"@graph\":[{\"@type\":\"WebPage\",\"@id\":\"https:\\\/\\\/superior-electronics.com\\\/pt-pt\\\/produtos\\\/radiocomandi\\\/multi-key\\\/\",\"url\":\"https:\\\/\\\/superior-electronics.com\\\/pt-pt\\\/produtos\\\/radiocomandi\\\/multi-key\\\/\",\"name\":\"Multi-Key - Superior Electronics\",\"isPartOf\":{\"@id\":\"https:\\\/\\\/superior-electronics.com\\\/pt-pt\\\/#website\"},\"primaryImageOfPage\":{\"@id\":\"https:\\\/\\\/superior-electronics.com\\\/pt-pt\\\/produtos\\\/radiocomandi\\\/multi-key\\\/#primaryimage\"},\"image\":{\"@id\":\"https:\\\/\\\/superior-electronics.com\\\/pt-pt\\\/produtos\\\/radiocomandi\\\/multi-key\\\/#primaryimage\"},\"thumbnailUrl\":\"https:\\\/\\\/superior-electronics.com\\\/website\\\/wp-content\\\/uploads\\\/2022\\\/06\\\/Immagini-Evidenza-multi-key.jpg\",\"datePublished\":\"2018-09-27T17:24:55+00:00\",\"dateModified\":\"2024-05-07T18:54:53+00:00\",\"breadcrumb\":{\"@id\":\"https:\\\/\\\/superior-electronics.com\\\/pt-pt\\\/produtos\\\/radiocomandi\\\/multi-key\\\/#breadcrumb\"},\"inLanguage\":\"pt-PT\",\"potentialAction\":[{\"@type\":\"ReadAction\",\"target\":[\"https:\\\/\\\/superior-electronics.com\\\/pt-pt\\\/produtos\\\/radiocomandi\\\/multi-key\\\/\"]}]},{\"@type\":\"ImageObject\",\"inLanguage\":\"pt-PT\",\"@id\":\"https:\\\/\\\/superior-electronics.com\\\/pt-pt\\\/produtos\\\/radiocomandi\\\/multi-key\\\/#primaryimage\",\"url\":\"https:\\\/\\\/superior-electronics.com\\\/website\\\/wp-content\\\/uploads\\\/2022\\\/06\\\/Immagini-Evidenza-multi-key.jpg\",\"contentUrl\":\"https:\\\/\\\/superior-electronics.com\\\/website\\\/wp-content\\\/uploads\\\/2022\\\/06\\\/Immagini-Evidenza-multi-key.jpg\",\"width\":600,\"height\":600},{\"@type\":\"BreadcrumbList\",\"@id\":\"https:\\\/\\\/superior-electronics.com\\\/pt-pt\\\/produtos\\\/radiocomandi\\\/multi-key\\\/#breadcrumb\",\"itemListElement\":[{\"@type\":\"ListItem\",\"position\":1,\"name\":\"Home\",\"item\":\"https:\\\/\\\/superior-electronics.com\\\/pt-pt\\\/superior-electronics\\\/\"},{\"@type\":\"ListItem\",\"position\":2,\"name\":\"Produtos\",\"item\":\"https:\\\/\\\/superior-electronics.com\\\/pt-pt\\\/produtos\\\/\"},{\"@type\":\"ListItem\",\"position\":3,\"name\":\"Radiocomandos\",\"item\":\"https:\\\/\\\/superior-electronics.com\\\/pt-pt\\\/produtos\\\/radiocomandi\\\/\"},{\"@type\":\"ListItem\",\"position\":4,\"name\":\"Multi-Key\"}]},{\"@type\":\"WebSite\",\"@id\":\"https:\\\/\\\/superior-electronics.com\\\/pt-pt\\\/#website\",\"url\":\"https:\\\/\\\/superior-electronics.com\\\/pt-pt\\\/\",\"name\":\"Superior Electronics\",\"description\":\"Telecomandi programmabili, elettronica di qualit\u00e0\",\"publisher\":{\"@id\":\"https:\\\/\\\/superior-electronics.com\\\/pt-pt\\\/#organization\"},\"potentialAction\":[{\"@type\":\"SearchAction\",\"target\":{\"@type\":\"EntryPoint\",\"urlTemplate\":\"https:\\\/\\\/superior-electronics.com\\\/pt-pt\\\/?s={search_term_string}\"},\"query-input\":{\"@type\":\"PropertyValueSpecification\",\"valueRequired\":true,\"valueName\":\"search_term_string\"}}],\"inLanguage\":\"pt-PT\"},{\"@type\":\"Organization\",\"@id\":\"https:\\\/\\\/superior-electronics.com\\\/pt-pt\\\/#organization\",\"name\":\"Superior Srl\",\"url\":\"https:\\\/\\\/superior-electronics.com\\\/pt-pt\\\/\",\"logo\":{\"@type\":\"ImageObject\",\"inLanguage\":\"pt-PT\",\"@id\":\"https:\\\/\\\/superior-electronics.com\\\/pt-pt\\\/#\\\/schema\\\/logo\\\/image\\\/\",\"url\":\"https:\\\/\\\/superior-electronics.com\\\/website\\\/wp-content\\\/uploads\\\/2017\\\/09\\\/Superior-logo-header-new.png\",\"contentUrl\":\"https:\\\/\\\/superior-electronics.com\\\/website\\\/wp-content\\\/uploads\\\/2017\\\/09\\\/Superior-logo-header-new.png\",\"width\":528,\"height\":156,\"caption\":\"Superior Srl\"},\"image\":{\"@id\":\"https:\\\/\\\/superior-electronics.com\\\/pt-pt\\\/#\\\/schema\\\/logo\\\/image\\\/\"}}]}<\/script>\n<!-- \/ Yoast SEO plugin. -->","yoast_head_json":{"title":"Multi-Key - Superior Electronics","robots":{"index":"index","follow":"follow","max-snippet":"max-snippet:-1","max-image-preview":"max-image-preview:large","max-video-preview":"max-video-preview:-1"},"canonical":"https:\/\/superior-electronics.com\/pt-pt\/produtos\/radiocomandi\/multi-key\/","og_locale":"pt_PT","og_type":"article","og_title":"Multi-Key - Superior Electronics","og_description":"\u2022 Controla at\u00e9 quatro dispositivos \u2022 Teclas amplas para maior comodidade \u2022 Chaveiro pr\u00e1tico","og_url":"https:\/\/superior-electronics.com\/pt-pt\/produtos\/radiocomandi\/multi-key\/","og_site_name":"Superior Electronics","article_modified_time":"2024-05-07T18:54:53+00:00","og_image":[{"width":600,"height":600,"url":"https:\/\/superior-electronics.com\/website\/wp-content\/uploads\/2022\/06\/Immagini-Evidenza-multi-key.jpg","type":"image\/jpeg"}],"twitter_card":"summary_large_image","twitter_misc":{"Tempo estimado de leitura":"4 minutos"},"schema":{"@context":"https:\/\/schema.org","@graph":[{"@type":"WebPage","@id":"https:\/\/superior-electronics.com\/pt-pt\/produtos\/radiocomandi\/multi-key\/","url":"https:\/\/superior-electronics.com\/pt-pt\/produtos\/radiocomandi\/multi-key\/","name":"Multi-Key - Superior Electronics","isPartOf":{"@id":"https:\/\/superior-electronics.com\/pt-pt\/#website"},"primaryImageOfPage":{"@id":"https:\/\/superior-electronics.com\/pt-pt\/produtos\/radiocomandi\/multi-key\/#primaryimage"},"image":{"@id":"https:\/\/superior-electronics.com\/pt-pt\/produtos\/radiocomandi\/multi-key\/#primaryimage"},"thumbnailUrl":"https:\/\/superior-electronics.com\/website\/wp-content\/uploads\/2022\/06\/Immagini-Evidenza-multi-key.jpg","datePublished":"2018-09-27T17:24:55+00:00","dateModified":"2024-05-07T18:54:53+00:00","breadcrumb":{"@id":"https:\/\/superior-electronics.com\/pt-pt\/produtos\/radiocomandi\/multi-key\/#breadcrumb"},"inLanguage":"pt-PT","potentialAction":[{"@type":"ReadAction","target":["https:\/\/superior-electronics.com\/pt-pt\/produtos\/radiocomandi\/multi-key\/"]}]},{"@type":"ImageObject","inLanguage":"pt-PT","@id":"https:\/\/superior-electronics.com\/pt-pt\/produtos\/radiocomandi\/multi-key\/#primaryimage","url":"https:\/\/superior-electronics.com\/website\/wp-content\/uploads\/2022\/06\/Immagini-Evidenza-multi-key.jpg","contentUrl":"https:\/\/superior-electronics.com\/website\/wp-content\/uploads\/2022\/06\/Immagini-Evidenza-multi-key.jpg","width":600,"height":600},{"@type":"BreadcrumbList","@id":"https:\/\/superior-electronics.com\/pt-pt\/produtos\/radiocomandi\/multi-key\/#breadcrumb","itemListElement":[{"@type":"ListItem","position":1,"name":"Home","item":"https:\/\/superior-electronics.com\/pt-pt\/superior-electronics\/"},{"@type":"ListItem","position":2,"name":"Produtos","item":"https:\/\/superior-electronics.com\/pt-pt\/produtos\/"},{"@type":"ListItem","position":3,"name":"Radiocomandos","item":"https:\/\/superior-electronics.com\/pt-pt\/produtos\/radiocomandi\/"},{"@type":"ListItem","position":4,"name":"Multi-Key"}]},{"@type":"WebSite","@id":"https:\/\/superior-electronics.com\/pt-pt\/#website","url":"https:\/\/superior-electronics.com\/pt-pt\/","name":"Superior Electronics","description":"Telecomandi programmabili, elettronica di qualit\u00e0","publisher":{"@id":"https:\/\/superior-electronics.com\/pt-pt\/#organization"},"potentialAction":[{"@type":"SearchAction","target":{"@type":"EntryPoint","urlTemplate":"https:\/\/superior-electronics.com\/pt-pt\/?s={search_term_string}"},"query-input":{"@type":"PropertyValueSpecification","valueRequired":true,"valueName":"search_term_string"}}],"inLanguage":"pt-PT"},{"@type":"Organization","@id":"https:\/\/superior-electronics.com\/pt-pt\/#organization","name":"Superior Srl","url":"https:\/\/superior-electronics.com\/pt-pt\/","logo":{"@type":"ImageObject","inLanguage":"pt-PT","@id":"https:\/\/superior-electronics.com\/pt-pt\/#\/schema\/logo\/image\/","url":"https:\/\/superior-electronics.com\/website\/wp-content\/uploads\/2017\/09\/Superior-logo-header-new.png","contentUrl":"https:\/\/superior-electronics.com\/website\/wp-content\/uploads\/2017\/09\/Superior-logo-header-new.png","width":528,"height":156,"caption":"Superior Srl"},"image":{"@id":"https:\/\/superior-electronics.com\/pt-pt\/#\/schema\/logo\/image\/"}}]}},"_links":{"self":[{"href":"https:\/\/superior-electronics.com\/pt-pt\/wp-json\/wp\/v2\/pages\/13426","targetHints":{"allow":["GET"]}}],"collection":[{"href":"https:\/\/superior-electronics.com\/pt-pt\/wp-json\/wp\/v2\/pages"}],"about":[{"href":"https:\/\/superior-electronics.com\/pt-pt\/wp-json\/wp\/v2\/types\/page"}],"author":[{"embeddable":true,"href":"https:\/\/superior-electronics.com\/pt-pt\/wp-json\/wp\/v2\/users\/4"}],"replies":[{"embeddable":true,"href":"https:\/\/superior-electronics.com\/pt-pt\/wp-json\/wp\/v2\/comments?post=13426"}],"version-history":[{"count":6,"href":"https:\/\/superior-electronics.com\/pt-pt\/wp-json\/wp\/v2\/pages\/13426\/revisions"}],"predecessor-version":[{"id":39792,"href":"https:\/\/superior-electronics.com\/pt-pt\/wp-json\/wp\/v2\/pages\/13426\/revisions\/39792"}],"up":[{"embeddable":true,"href":"https:\/\/superior-electronics.com\/pt-pt\/wp-json\/wp\/v2\/pages\/4787"}],"wp:featuredmedia":[{"embeddable":true,"href":"https:\/\/superior-electronics.com\/pt-pt\/wp-json\/wp\/v2\/media\/36324"}],"wp:attachment":[{"href":"https:\/\/superior-electronics.com\/pt-pt\/wp-json\/wp\/v2\/media?parent=13426"}],"wp:term":[{"taxonomy":"category","embeddable":true,"href":"https:\/\/superior-electronics.com\/pt-pt\/wp-json\/wp\/v2\/categories?post=13426"},{"taxonomy":"post_tag","embeddable":true,"href":"https:\/\/superior-electronics.com\/pt-pt\/wp-json\/wp\/v2\/tags?post=13426"}],"curies":[{"name":"wp","href":"https:\/\/api.w.org\/{rel}","templated":true}]}}