{"id":7208,"date":"2017-03-13T09:44:14","date_gmt":"2017-03-13T08:44:14","guid":{"rendered":"https:\/\/superior-electronics.com\/produits\/audio\/superior-myway-2s-altoparlante-bluetooth-stereo\/"},"modified":"2019-01-16T21:33:57","modified_gmt":"2019-01-16T20:33:57","slug":"superior-myway-2s-altoparlante-bluetooth-stereo","status":"publish","type":"page","link":"https:\/\/superior-electronics.com\/fr\/produits\/audio\/superior-myway-2s-altoparlante-bluetooth-stereo\/","title":{"rendered":"MyWay \u2013 2S"},"content":{"rendered":"<div id='full_slider_1'  class='avia-fullwidth-slider main_color avia-shadow   avia-builder-el-0  el_before_av_hr  avia-builder-el-first  dmc-hide-mobile  container_wrap fullsize'  ><div  class='avia-slideshow av-av_slideshow_full-20095e13615386d3aaf97a300ee1ece1 avia-slideshow-no scaling av_slideshow_full avia-fade-slider dmc-hide-mobile av-slideshow-ui av-control-hidden av-no-slider-navigation av-hide-nav-arrows av-slideshow-manual av-loop-once av-loop-manual-endless av-default-height-applied   avia-slideshow-1' data-slideshow-options=\"{&quot;animation&quot;:&quot;fade&quot;,&quot;autoplay&quot;:false,&quot;loop_autoplay&quot;:&quot;once&quot;,&quot;interval&quot;:5,&quot;loop_manual&quot;:&quot;manual-endless&quot;,&quot;autoplay_stopper&quot;:false,&quot;noNavigation&quot;:true,&quot;bg_slider&quot;:false,&quot;keep_padding&quot;:false,&quot;hoverpause&quot;:false,&quot;show_slide_delay&quot;:0}\"  itemprop=\"image\" itemscope=\"itemscope\" itemtype=\"https:\/\/schema.org\/ImageObject\" ><ul class='avia-slideshow-inner ' style='padding-bottom: 22.883295194508%;'><li  class='avia-slideshow-slide av-av_slideshow_full-20095e13615386d3aaf97a300ee1ece1__0  av-single-slide slide-1 slide-odd'><div data-rel='slideshow-1' class='avia-slide-wrap '   ><div class='av-slideshow-caption av-av_slideshow_full-20095e13615386d3aaf97a300ee1ece1__0 caption_fullwidth caption_right caption_right_framed caption_framed'><div class=\"container caption_container\"><div class=\"slideshow_caption\"><div class=\"slideshow_inner_caption\"><div class=\"slideshow_align_caption\"><div class='avia-caption-content '  itemprop=\"description\" ><p>\u2022 Design\u00a0 moderne<br \/>\u2022 Jusqu\u2019\u00e0 4 heures de musique ininterrompue<br \/>\u2022 Recharge par c\u00e2ble micro-USB<\/p>\n<\/div><\/div><\/div><\/div><\/div><\/div><img decoding=\"async\" class=\"wp-image-7788 avia-img-lazy-loading-not-7788\"  src=\"https:\/\/superior-electronics.com\/website\/wp-content\/uploads\/2017\/03\/my_way2_superior-myway-2s-bluetooth-speaker-hero.jpg\" width=\"1311\" height=\"300\" title='my_way2_superior-myway-2s-bluetooth-speaker-hero' alt=''  itemprop=\"thumbnailUrl\" srcset=\"https:\/\/superior-electronics.com\/website\/wp-content\/uploads\/2017\/03\/my_way2_superior-myway-2s-bluetooth-speaker-hero.jpg 1311w, https:\/\/superior-electronics.com\/website\/wp-content\/uploads\/2017\/03\/my_way2_superior-myway-2s-bluetooth-speaker-hero-450x103.jpg 450w, https:\/\/superior-electronics.com\/website\/wp-content\/uploads\/2017\/03\/my_way2_superior-myway-2s-bluetooth-speaker-hero-300x69.jpg 300w, https:\/\/superior-electronics.com\/website\/wp-content\/uploads\/2017\/03\/my_way2_superior-myway-2s-bluetooth-speaker-hero-768x176.jpg 768w, https:\/\/superior-electronics.com\/website\/wp-content\/uploads\/2017\/03\/my_way2_superior-myway-2s-bluetooth-speaker-hero-1030x236.jpg 1030w, https:\/\/superior-electronics.com\/website\/wp-content\/uploads\/2017\/03\/my_way2_superior-myway-2s-bluetooth-speaker-hero-705x161.jpg 705w\" sizes=\"(max-width: 1311px) 100vw, 1311px\" \/><\/div><\/li><\/ul><\/div><\/div><div id='after_full_slider_1'  class='main_color av_default_container_wrap container_wrap fullsize'  ><div class='container av-section-cont-open' ><div class='template-page content  av-content-full alpha units'><div class='post-entry post-entry-type-page post-entry-7208'><div class='entry-content-wrapper clearfix'>\n\n<style type=\"text\/css\" data-created_by=\"avia_inline_auto\" id=\"style-css-av-av_hr-0688d0b0b6ed2f8b057db7a8270206df\">\n#top .hr.hr-invisible.av-av_hr-0688d0b0b6ed2f8b057db7a8270206df{\nheight:50px;\n}\n<\/style>\n<div  class='hr av-av_hr-0688d0b0b6ed2f8b057db7a8270206df hr-invisible  avia-builder-el-1  el_after_av_slideshow_full  el_before_av_one_third  avia-builder-el-first '><span class='hr-inner '><span class=\"hr-inner-style\"><\/span><\/span><\/div>\n\n<style type=\"text\/css\" data-created_by=\"avia_inline_auto\" id=\"style-css-av-av_one_third-6126cab7d8fab8d08143dd2dacdf673c\">\n.flex_column.av-av_one_third-6126cab7d8fab8d08143dd2dacdf673c{\n-webkit-border-radius:0px 0px 0px 0px;\n-moz-border-radius:0px 0px 0px 0px;\nborder-radius:0px 0px 0px 0px;\npadding:0px 0px 0px 0px;\n}\n<\/style>\n<div  class='flex_column av-av_one_third-6126cab7d8fab8d08143dd2dacdf673c av_one_third  avia-builder-el-2  el_after_av_hr  el_before_av_one_third  first flex_column_div av-zero-column-padding  '     ><section  class='av_textblock_section av-av_textblock-35972167d9f102c5ddaec0c531c98b9e '   itemscope=\"itemscope\" itemtype=\"https:\/\/schema.org\/CreativeWork\" ><div class='avia_textblock'  itemprop=\"text\" ><h2>Enceinte sans fil portative, st\u00e9r\u00e9o, compatible avec les ordinateurs Windows, Apple, smartphones et tablettes (iOS, Android, Windows Phone).<\/h2>\n<ul>\n<li>Jusqu\u2019\u00e0 4 heures de musique ininterrompue<\/li>\n<li>Recharge en 90 minutes par c\u00e2ble micro-USB (fourni dans la bo\u00eete)<\/li>\n<li>Compatible avec tout appareil qui supporte la m\u00eame technologie sans fil<\/li>\n<li>Possibilit\u00e9 de connexion par c\u00e2ble audio (fourni dans la bo\u00eete)<\/li>\n<li>Sonorit\u00e9 importante gr\u00e2ce au double haut-parleur dans un design moderne et appr\u00e9ci\u00e9<\/li>\n<li>Port\u00e9e jusqu\u2019\u00e0 10 m<\/li>\n<\/ul>\n<\/div><\/section><br \/>\n\n<style type=\"text\/css\" data-created_by=\"avia_inline_auto\" id=\"style-css-av-av_hr-c9ba6ccf0e28539cef079a4b419f7f68\">\n#top .hr.hr-invisible.av-av_hr-c9ba6ccf0e28539cef079a4b419f7f68{\nheight:25px;\n}\n<\/style>\n<div  class='hr av-av_hr-c9ba6ccf0e28539cef079a4b419f7f68 hr-invisible  avia-builder-el-4  el_after_av_textblock  avia-builder-el-last '><span class='hr-inner '><span class=\"hr-inner-style\"><\/span><\/span><\/div><\/p><\/div>\n\n<style type=\"text\/css\" data-created_by=\"avia_inline_auto\" id=\"style-css-av-av_one_third-0aa7055fe62c3622faec82866afbaeb2\">\n.flex_column.av-av_one_third-0aa7055fe62c3622faec82866afbaeb2{\n-webkit-border-radius:0px 0px 0px 0px;\n-moz-border-radius:0px 0px 0px 0px;\nborder-radius:0px 0px 0px 0px;\npadding:0px 0px 0px 0px;\n}\n<\/style>\n<div  class='flex_column av-av_one_third-0aa7055fe62c3622faec82866afbaeb2 av_one_third  avia-builder-el-5  el_after_av_one_third  el_before_av_one_third  flex_column_div av-zero-column-padding  '     ><style type=\"text\/css\" data-created_by=\"avia_inline_auto\" id=\"style-css-sub-av-av_image_hotspot-3d08edadd3784162310a9e4293c31ea6\">\n.av-hotspot-image-container .av-image-hotspot.av-av_image_spot-bed14bb79213ce54f219926915526add{\ntop:41.3%;\nleft:50%;\n}\n.av-hotspot-image-container .av-image-hotspot.av-av_image_spot-bed14bb79213ce54f219926915526add .av-image-hotspot_inner{\nbackground-color:#e30615;\ncolor:#ffffff;\n}\n.av-hotspot-image-container .av-image-hotspot.av-av_image_spot-bed14bb79213ce54f219926915526add .av-image-hotspot-pulse{\nbackground-color:#e30615;\n}\n.av-hotspot-image-container .av-image-hotspot.av-av_image_spot-df557590c68665c6869b4537237b4092{\ntop:43.1%;\nleft:85.1%;\n}\n.av-hotspot-image-container .av-image-hotspot.av-av_image_spot-df557590c68665c6869b4537237b4092 .av-image-hotspot_inner{\nbackground-color:#e30615;\ncolor:#ffffff;\n}\n.av-hotspot-image-container .av-image-hotspot.av-av_image_spot-df557590c68665c6869b4537237b4092 .av-image-hotspot-pulse{\nbackground-color:#e30615;\n}\n.av-hotspot-image-container .av-image-hotspot.av-av_image_spot-b6ddc2ab9e512f560efbb89706f6767f{\ntop:59.4%;\nleft:50%;\n}\n.av-hotspot-image-container .av-image-hotspot.av-av_image_spot-b6ddc2ab9e512f560efbb89706f6767f .av-image-hotspot_inner{\nbackground-color:#e30615;\ncolor:#ffffff;\n}\n.av-hotspot-image-container .av-image-hotspot.av-av_image_spot-b6ddc2ab9e512f560efbb89706f6767f .av-image-hotspot-pulse{\nbackground-color:#e30615;\n}\n<\/style>\n<div  class='av-hotspot-image-container av-av_image_hotspot-3d08edadd3784162310a9e4293c31ea6  avia-builder-el-6  avia-builder-el-no-sibling  av-hotspot-numbered av-mobile-fallback-active  av-non-fullwidth-hotspot-image'  itemprop=\"image\" itemscope=\"itemscope\" itemtype=\"https:\/\/schema.org\/ImageObject\" ><div class='av-hotspot-container'><div class='av-hotspot-container-inner-cell'><div class='av-hotspot-container-inner-wrap'><div class='av-image-hotspot av-av_image_spot-bed14bb79213ce54f219926915526add av-image-hotspot-1 ' data-avia-tooltip-position='top' data-avia-tooltip-alignment='left' data-avia-tooltip-class='av-tt-default-width av-tt-pos-above av-tt-align-left  av-mobile-fallback-active  main_color av-tt-hotspot' data-avia-tooltip='&lt;p class=&quot;Corpo&quot;&gt;Design moderne&lt;\/p&gt;\n'><div class='av-image-hotspot_inner'>1<\/div><div class='av-image-hotspot-pulse'><\/div><\/div><div class='av-image-hotspot av-av_image_spot-df557590c68665c6869b4537237b4092 av-image-hotspot-2 ' data-avia-tooltip-position='top' data-avia-tooltip-alignment='left' data-avia-tooltip-class='av-tt-default-width av-tt-pos-above av-tt-align-left  av-mobile-fallback-active  main_color av-tt-hotspot' data-avia-tooltip='&lt;p&gt;Jusqu\u2019\u00e0 4 heures de musique ininterrompue&lt;\/p&gt;\n'><div class='av-image-hotspot_inner'>2<\/div><div class='av-image-hotspot-pulse'><\/div><\/div><div class='av-image-hotspot av-av_image_spot-b6ddc2ab9e512f560efbb89706f6767f av-image-hotspot-3 ' data-avia-tooltip-position='top' data-avia-tooltip-alignment='left' data-avia-tooltip-class='av-tt-default-width av-tt-pos-above av-tt-align-left  av-mobile-fallback-active  main_color av-tt-hotspot' data-avia-tooltip='&lt;p&gt;Recharge par c\u00e2ble micro-USB&lt;\/p&gt;\n'><div class='av-image-hotspot_inner'>3<\/div><div class='av-image-hotspot-pulse'><\/div><\/div><img decoding=\"async\" class='wp-image-1955 avia-img-lazy-loading-not-1955 avia_image' src=\"https:\/\/superior-electronics.com\/website\/wp-content\/uploads\/2016\/11\/superior-myway-2S-bluetooth-speaker-square-1030x1030.jpg\" alt='' title='superior-myway-2s-bluetooth-speaker-square'  height=\"1030\" width=\"1030\"  itemprop=\"thumbnailUrl\" srcset=\"https:\/\/superior-electronics.com\/website\/wp-content\/uploads\/2016\/11\/superior-myway-2S-bluetooth-speaker-square-1030x1030.jpg 1030w, https:\/\/superior-electronics.com\/website\/wp-content\/uploads\/2016\/11\/superior-myway-2S-bluetooth-speaker-square-450x450.jpg 450w, https:\/\/superior-electronics.com\/website\/wp-content\/uploads\/2016\/11\/superior-myway-2S-bluetooth-speaker-square-100x100.jpg 100w, https:\/\/superior-electronics.com\/website\/wp-content\/uploads\/2016\/11\/superior-myway-2S-bluetooth-speaker-square-80x80.jpg 80w, https:\/\/superior-electronics.com\/website\/wp-content\/uploads\/2016\/11\/superior-myway-2S-bluetooth-speaker-square-300x300.jpg 300w, https:\/\/superior-electronics.com\/website\/wp-content\/uploads\/2016\/11\/superior-myway-2S-bluetooth-speaker-square-768x768.jpg 768w, https:\/\/superior-electronics.com\/website\/wp-content\/uploads\/2016\/11\/superior-myway-2S-bluetooth-speaker-square-36x36.jpg 36w, https:\/\/superior-electronics.com\/website\/wp-content\/uploads\/2016\/11\/superior-myway-2S-bluetooth-speaker-square-180x180.jpg 180w, https:\/\/superior-electronics.com\/website\/wp-content\/uploads\/2016\/11\/superior-myway-2S-bluetooth-speaker-square-705x705.jpg 705w, https:\/\/superior-electronics.com\/website\/wp-content\/uploads\/2016\/11\/superior-myway-2S-bluetooth-speaker-square-120x120.jpg 120w, https:\/\/superior-electronics.com\/website\/wp-content\/uploads\/2016\/11\/superior-myway-2S-bluetooth-speaker-square.jpg 1280w\" sizes=\"(max-width: 1030px) 100vw, 1030px\" \/><\/div><\/div><\/div><div class='av-hotspot-fallback-tooltip av-image-hotspot-1 '><div class=\"av-hotspot-fallback-tooltip-count\">1<div class=\"avia-arrow\"><\/div><\/div><div class=\"av-hotspot-fallback-tooltip-inner clearfix\"><\/p>\n<p class=\"Corpo\">Design moderne<\/p>\n<p>\n<\/div><\/div><div class='av-hotspot-fallback-tooltip av-image-hotspot-2 '><div class=\"av-hotspot-fallback-tooltip-count\">2<div class=\"avia-arrow\"><\/div><\/div><div class=\"av-hotspot-fallback-tooltip-inner clearfix\"><p>Jusqu\u2019\u00e0 4 heures de musique ininterrompue<\/p>\n<\/div><\/div><div class='av-hotspot-fallback-tooltip av-image-hotspot-3 '><div class=\"av-hotspot-fallback-tooltip-count\">3<div class=\"avia-arrow\"><\/div><\/div><div class=\"av-hotspot-fallback-tooltip-inner clearfix\"><p>Recharge par c\u00e2ble micro-USB<\/p>\n<\/div><\/div><\/div><\/div>\n\n<style type=\"text\/css\" data-created_by=\"avia_inline_auto\" id=\"style-css-av-av_one_third-0aa7055fe62c3622faec82866afbaeb2\">\n.flex_column.av-av_one_third-0aa7055fe62c3622faec82866afbaeb2{\n-webkit-border-radius:0px 0px 0px 0px;\n-moz-border-radius:0px 0px 0px 0px;\nborder-radius:0px 0px 0px 0px;\npadding:0px 0px 0px 0px;\n}\n<\/style>\n<div  class='flex_column av-av_one_third-0aa7055fe62c3622faec82866afbaeb2 av_one_third  avia-builder-el-7  el_after_av_one_third  el_before_av_hr  flex_column_div av-zero-column-padding  '     ><div  class='togglecontainer av-jqzlhk5w-5434c0df0b58064729ac222bc83b7151  avia-builder-el-8  avia-builder-el-no-sibling  dmc-accordion toggle_close_all' ><section class='av_toggle_section av-av_toggle-cfc2905f34ac9372f14573a22f952fc0'  itemscope=\"itemscope\" itemtype=\"https:\/\/schema.org\/CreativeWork\" ><div role=\"tablist\" class=\"single_toggle\" data-tags=\"{Tout} \"  ><p data-fake-id='#toggle-id-1' class='toggler  activeTitle '  itemprop=\"headline\"  role='tab' tabindex='0' aria-controls='toggle-id-1'>SP\u00c9CIFICATIONS TECHNIQUES<span class=\"toggle_icon\"><span class=\"vert_icon\"><\/span><span class=\"hor_icon\"><\/span><\/span><\/p><div id='toggle-id-1' class='toggle_wrap  active_tc' style='display:block;' ><div class='toggle_content invers-color '  itemprop=\"text\" ><p><strong>POIDS:<\/strong> 410 g<\/p>\n<p><strong>DIMENSIONS:<\/strong> 22,0 x 6,5 x 6,5 cm<\/p>\n<p><strong>BATTERIE:<\/strong> Lithium <em>(int\u00e9gr\u00e9e)<\/em><\/p>\n<\/div><\/div><\/div><\/section><section class='av_toggle_section av-av_toggle-6743c0eccf76100f67d99df6e540fc68'  itemscope=\"itemscope\" itemtype=\"https:\/\/schema.org\/CreativeWork\" ><div role=\"tablist\" class=\"single_toggle\" data-tags=\"{Tout} \"  ><p data-fake-id='#toggle-id-2' class='toggler   '  itemprop=\"headline\"  role='tab' tabindex='0' aria-controls='toggle-id-2'>INFORMATIONS SUPPL\u00c9MENTAIRES<span class=\"toggle_icon\"><span class=\"vert_icon\"><\/span><span class=\"hor_icon\"><\/span><\/span><\/p><div id='toggle-id-2' class='toggle_wrap  '  ><div class='toggle_content invers-color '  itemprop=\"text\" ><p><strong>CODE:\u00a0<\/strong>SUPASB002<\/p>\n<p><strong>CODE-BARRES :<\/strong>\u00a08054242080261<\/p>\n<p><strong>TYPE:<\/strong> Enceinte st\u00e9r\u00e9o sans fil Bluetooth portative<\/p>\n<p><strong>DONN\u00c9ES TECHNIQUES:<\/strong><\/p>\n<ul>\n<li>Autonomie de la batterie \u00e0 pleine charge : environ 3 h avec volume \u00e0 80%<\/li>\n<li>Temps de charge : 1 h 30<\/li>\n<li>Alimentation (entr\u00e9e) : 5 V 500 mA<\/li>\n<li>Consommation puissance : 2 x 3 W<\/li>\n<li>Fr\u00e9quence\u00a0: 120 HZ-18 kHz<\/li>\n<li>Imp\u00e9dance : 4 \u03a9<\/li>\n<\/ul>\n<p><strong>CONFIGURATION:<\/strong> Couplage BT facile en suivant les instructions du mode d\u2019emploi<\/p>\n<p><strong>CONTENU DU BLISTER :<\/strong> Enceinte Bluetooth, c\u00e2ble micro USB, c\u00e2ble d\u2019entr\u00e9e AUX, mode d\u2019emploi en 6 langues. Garantie de 2 ans<\/p>\n<\/div><\/div><\/div><\/section><section class='av_toggle_section av-av_toggle-bce1d0e6617de748c2e89236d30a9ad4'  itemscope=\"itemscope\" itemtype=\"https:\/\/schema.org\/CreativeWork\" ><div role=\"tablist\" class=\"single_toggle\" data-tags=\"{Tout} \"  ><p data-fake-id='#toggle-id-3' class='toggler   '  itemprop=\"headline\"  role='tab' tabindex='0' aria-controls='toggle-id-3'>Downloads<span class=\"toggle_icon\"><span class=\"vert_icon\"><\/span><span class=\"hor_icon\"><\/span><\/span><\/p><div id='toggle-id-3' class='toggle_wrap  '  ><div class='toggle_content invers-color '  itemprop=\"text\" ><p>[ddownload id=\u00a0\u00bb10240&Prime; text=\u00a0\u00bbManuel\u00a0\u00bb]<\/p>\n<p>[ddownload id=\u00a0\u00bb10251&Prime; text=\u00a0\u00bbFiches Technique\u00a0\u00bb]<\/p>\n<\/div><\/div><\/div><\/section><\/div><\/div>\n<style type=\"text\/css\" data-created_by=\"avia_inline_auto\" id=\"style-css-av-av_hr-0688d0b0b6ed2f8b057db7a8270206df\">\n#top .hr.hr-invisible.av-av_hr-0688d0b0b6ed2f8b057db7a8270206df{\nheight:50px;\n}\n<\/style>\n<div  class='hr av-av_hr-0688d0b0b6ed2f8b057db7a8270206df hr-invisible  avia-builder-el-9  el_after_av_one_third  avia-builder-el-last '><span class='hr-inner '><span class=\"hr-inner-style\"><\/span><\/span><\/div><\/p>\n","protected":false},"excerpt":{"rendered":"","protected":false},"author":1,"featured_media":0,"parent":4791,"menu_order":20,"comment_status":"closed","ping_status":"closed","template":"","meta":{"inline_featured_image":false,"footnotes":""},"categories":[117],"tags":[],"class_list":["post-7208","page","type-page","status-publish","hentry","category-novita-fr"],"yoast_head":"<!-- This site is optimized with the Yoast SEO plugin v27.3 - https:\/\/yoast.com\/product\/yoast-seo-wordpress\/ -->\n<title>MyWay \u2013 2S - Superior Electronics<\/title>\n<meta name=\"robots\" content=\"index, follow, max-snippet:-1, max-image-preview:large, max-video-preview:-1\" \/>\n<link rel=\"canonical\" href=\"https:\/\/superior-electronics.com\/fr\/produits\/audio\/superior-myway-2s-altoparlante-bluetooth-stereo\/\" \/>\n<meta property=\"og:locale\" content=\"fr_FR\" \/>\n<meta property=\"og:type\" content=\"article\" \/>\n<meta property=\"og:title\" content=\"MyWay \u2013 2S - Superior Electronics\" \/>\n<meta property=\"og:url\" content=\"https:\/\/superior-electronics.com\/fr\/produits\/audio\/superior-myway-2s-altoparlante-bluetooth-stereo\/\" \/>\n<meta property=\"og:site_name\" content=\"Superior Electronics\" \/>\n<meta property=\"article:modified_time\" content=\"2019-01-16T20:33:57+00:00\" \/>\n<meta name=\"twitter:card\" content=\"summary_large_image\" \/>\n<meta name=\"twitter:label1\" content=\"Dur\u00e9e de lecture estim\u00e9e\" \/>\n\t<meta name=\"twitter:data1\" content=\"4 minutes\" \/>\n<script type=\"application\/ld+json\" class=\"yoast-schema-graph\">{\"@context\":\"https:\\\/\\\/schema.org\",\"@graph\":[{\"@type\":\"WebPage\",\"@id\":\"https:\\\/\\\/superior-electronics.com\\\/fr\\\/produits\\\/audio\\\/superior-myway-2s-altoparlante-bluetooth-stereo\\\/\",\"url\":\"https:\\\/\\\/superior-electronics.com\\\/fr\\\/produits\\\/audio\\\/superior-myway-2s-altoparlante-bluetooth-stereo\\\/\",\"name\":\"MyWay \u2013 2S - Superior Electronics\",\"isPartOf\":{\"@id\":\"https:\\\/\\\/superior-electronics.com\\\/fr\\\/#website\"},\"datePublished\":\"2017-03-13T08:44:14+00:00\",\"dateModified\":\"2019-01-16T20:33:57+00:00\",\"breadcrumb\":{\"@id\":\"https:\\\/\\\/superior-electronics.com\\\/fr\\\/produits\\\/audio\\\/superior-myway-2s-altoparlante-bluetooth-stereo\\\/#breadcrumb\"},\"inLanguage\":\"fr-FR\",\"potentialAction\":[{\"@type\":\"ReadAction\",\"target\":[\"https:\\\/\\\/superior-electronics.com\\\/fr\\\/produits\\\/audio\\\/superior-myway-2s-altoparlante-bluetooth-stereo\\\/\"]}]},{\"@type\":\"BreadcrumbList\",\"@id\":\"https:\\\/\\\/superior-electronics.com\\\/fr\\\/produits\\\/audio\\\/superior-myway-2s-altoparlante-bluetooth-stereo\\\/#breadcrumb\",\"itemListElement\":[{\"@type\":\"ListItem\",\"position\":1,\"name\":\"Home\",\"item\":\"https:\\\/\\\/superior-electronics.com\\\/fr\\\/superior-electronics\\\/\"},{\"@type\":\"ListItem\",\"position\":2,\"name\":\"Produits\",\"item\":\"https:\\\/\\\/superior-electronics.com\\\/fr\\\/produits\\\/\"},{\"@type\":\"ListItem\",\"position\":3,\"name\":\"Audio\",\"item\":\"https:\\\/\\\/superior-electronics.com\\\/fr\\\/produits\\\/audio\\\/\"},{\"@type\":\"ListItem\",\"position\":4,\"name\":\"MyWay \u2013 2S\"}]},{\"@type\":\"WebSite\",\"@id\":\"https:\\\/\\\/superior-electronics.com\\\/fr\\\/#website\",\"url\":\"https:\\\/\\\/superior-electronics.com\\\/fr\\\/\",\"name\":\"Superior Electronics\",\"description\":\"Telecomandi programmabili\",\"publisher\":{\"@id\":\"https:\\\/\\\/superior-electronics.com\\\/fr\\\/#organization\"},\"potentialAction\":[{\"@type\":\"SearchAction\",\"target\":{\"@type\":\"EntryPoint\",\"urlTemplate\":\"https:\\\/\\\/superior-electronics.com\\\/fr\\\/?s={search_term_string}\"},\"query-input\":{\"@type\":\"PropertyValueSpecification\",\"valueRequired\":true,\"valueName\":\"search_term_string\"}}],\"inLanguage\":\"fr-FR\"},{\"@type\":\"Organization\",\"@id\":\"https:\\\/\\\/superior-electronics.com\\\/fr\\\/#organization\",\"name\":\"Superior Srl\",\"url\":\"https:\\\/\\\/superior-electronics.com\\\/fr\\\/\",\"logo\":{\"@type\":\"ImageObject\",\"inLanguage\":\"fr-FR\",\"@id\":\"https:\\\/\\\/superior-electronics.com\\\/fr\\\/#\\\/schema\\\/logo\\\/image\\\/\",\"url\":\"https:\\\/\\\/superior-electronics.com\\\/website\\\/wp-content\\\/uploads\\\/2017\\\/09\\\/Superior-logo-header-new.png\",\"contentUrl\":\"https:\\\/\\\/superior-electronics.com\\\/website\\\/wp-content\\\/uploads\\\/2017\\\/09\\\/Superior-logo-header-new.png\",\"width\":528,\"height\":156,\"caption\":\"Superior Srl\"},\"image\":{\"@id\":\"https:\\\/\\\/superior-electronics.com\\\/fr\\\/#\\\/schema\\\/logo\\\/image\\\/\"}}]}<\/script>\n<!-- \/ Yoast SEO plugin. -->","yoast_head_json":{"title":"MyWay \u2013 2S - Superior Electronics","robots":{"index":"index","follow":"follow","max-snippet":"max-snippet:-1","max-image-preview":"max-image-preview:large","max-video-preview":"max-video-preview:-1"},"canonical":"https:\/\/superior-electronics.com\/fr\/produits\/audio\/superior-myway-2s-altoparlante-bluetooth-stereo\/","og_locale":"fr_FR","og_type":"article","og_title":"MyWay \u2013 2S - Superior Electronics","og_url":"https:\/\/superior-electronics.com\/fr\/produits\/audio\/superior-myway-2s-altoparlante-bluetooth-stereo\/","og_site_name":"Superior Electronics","article_modified_time":"2019-01-16T20:33:57+00:00","twitter_card":"summary_large_image","twitter_misc":{"Dur\u00e9e de lecture estim\u00e9e":"4 minutes"},"schema":{"@context":"https:\/\/schema.org","@graph":[{"@type":"WebPage","@id":"https:\/\/superior-electronics.com\/fr\/produits\/audio\/superior-myway-2s-altoparlante-bluetooth-stereo\/","url":"https:\/\/superior-electronics.com\/fr\/produits\/audio\/superior-myway-2s-altoparlante-bluetooth-stereo\/","name":"MyWay \u2013 2S - Superior Electronics","isPartOf":{"@id":"https:\/\/superior-electronics.com\/fr\/#website"},"datePublished":"2017-03-13T08:44:14+00:00","dateModified":"2019-01-16T20:33:57+00:00","breadcrumb":{"@id":"https:\/\/superior-electronics.com\/fr\/produits\/audio\/superior-myway-2s-altoparlante-bluetooth-stereo\/#breadcrumb"},"inLanguage":"fr-FR","potentialAction":[{"@type":"ReadAction","target":["https:\/\/superior-electronics.com\/fr\/produits\/audio\/superior-myway-2s-altoparlante-bluetooth-stereo\/"]}]},{"@type":"BreadcrumbList","@id":"https:\/\/superior-electronics.com\/fr\/produits\/audio\/superior-myway-2s-altoparlante-bluetooth-stereo\/#breadcrumb","itemListElement":[{"@type":"ListItem","position":1,"name":"Home","item":"https:\/\/superior-electronics.com\/fr\/superior-electronics\/"},{"@type":"ListItem","position":2,"name":"Produits","item":"https:\/\/superior-electronics.com\/fr\/produits\/"},{"@type":"ListItem","position":3,"name":"Audio","item":"https:\/\/superior-electronics.com\/fr\/produits\/audio\/"},{"@type":"ListItem","position":4,"name":"MyWay \u2013 2S"}]},{"@type":"WebSite","@id":"https:\/\/superior-electronics.com\/fr\/#website","url":"https:\/\/superior-electronics.com\/fr\/","name":"Superior Electronics","description":"Telecomandi programmabili","publisher":{"@id":"https:\/\/superior-electronics.com\/fr\/#organization"},"potentialAction":[{"@type":"SearchAction","target":{"@type":"EntryPoint","urlTemplate":"https:\/\/superior-electronics.com\/fr\/?s={search_term_string}"},"query-input":{"@type":"PropertyValueSpecification","valueRequired":true,"valueName":"search_term_string"}}],"inLanguage":"fr-FR"},{"@type":"Organization","@id":"https:\/\/superior-electronics.com\/fr\/#organization","name":"Superior Srl","url":"https:\/\/superior-electronics.com\/fr\/","logo":{"@type":"ImageObject","inLanguage":"fr-FR","@id":"https:\/\/superior-electronics.com\/fr\/#\/schema\/logo\/image\/","url":"https:\/\/superior-electronics.com\/website\/wp-content\/uploads\/2017\/09\/Superior-logo-header-new.png","contentUrl":"https:\/\/superior-electronics.com\/website\/wp-content\/uploads\/2017\/09\/Superior-logo-header-new.png","width":528,"height":156,"caption":"Superior Srl"},"image":{"@id":"https:\/\/superior-electronics.com\/fr\/#\/schema\/logo\/image\/"}}]}},"_links":{"self":[{"href":"https:\/\/superior-electronics.com\/fr\/wp-json\/wp\/v2\/pages\/7208","targetHints":{"allow":["GET"]}}],"collection":[{"href":"https:\/\/superior-electronics.com\/fr\/wp-json\/wp\/v2\/pages"}],"about":[{"href":"https:\/\/superior-electronics.com\/fr\/wp-json\/wp\/v2\/types\/page"}],"author":[{"embeddable":true,"href":"https:\/\/superior-electronics.com\/fr\/wp-json\/wp\/v2\/users\/1"}],"replies":[{"embeddable":true,"href":"https:\/\/superior-electronics.com\/fr\/wp-json\/wp\/v2\/comments?post=7208"}],"version-history":[{"count":5,"href":"https:\/\/superior-electronics.com\/fr\/wp-json\/wp\/v2\/pages\/7208\/revisions"}],"predecessor-version":[{"id":15008,"href":"https:\/\/superior-electronics.com\/fr\/wp-json\/wp\/v2\/pages\/7208\/revisions\/15008"}],"up":[{"embeddable":true,"href":"https:\/\/superior-electronics.com\/fr\/wp-json\/wp\/v2\/pages\/4791"}],"wp:attachment":[{"href":"https:\/\/superior-electronics.com\/fr\/wp-json\/wp\/v2\/media?parent=7208"}],"wp:term":[{"taxonomy":"category","embeddable":true,"href":"https:\/\/superior-electronics.com\/fr\/wp-json\/wp\/v2\/categories?post=7208"},{"taxonomy":"post_tag","embeddable":true,"href":"https:\/\/superior-electronics.com\/fr\/wp-json\/wp\/v2\/tags?post=7208"}],"curies":[{"name":"wp","href":"https:\/\/api.w.org\/{rel}","templated":true}]}}