{"id":6803,"date":"2017-03-10T10:54:15","date_gmt":"2017-03-10T09:54:15","guid":{"rendered":"https:\/\/superior-electronics.com\/produits\/piles-aaa-superior\/"},"modified":"2024-05-07T19:11:28","modified_gmt":"2024-05-07T17:11:28","slug":"piles-aaa-superior","status":"publish","type":"page","link":"https:\/\/superior-electronics.com\/fr\/produits\/piles-aaa-superior\/","title":{"rendered":"Piles Superior"},"content":{"rendered":"<div id='full_slider_1'  class='avia-fullwidth-slider main_color avia-shadow   avia-builder-el-0  el_before_av_hr  avia-builder-el-first  dmc-hide-mobile dmc-caption-alt  container_wrap fullsize'  ><div  class='avia-slideshow av-av_slideshow_full-7168e1e4d44f23ef939dd7014241d96c avia-slideshow-no scaling av_slideshow_full avia-fade-slider dmc-hide-mobile dmc-caption-alt av-slideshow-ui av-control-hidden av-no-slider-navigation av-hide-nav-arrows av-slideshow-manual av-loop-once av-loop-manual-endless av-default-height-applied   avia-slideshow-1' data-slideshow-options=\"{&quot;animation&quot;:&quot;fade&quot;,&quot;autoplay&quot;:false,&quot;loop_autoplay&quot;:&quot;once&quot;,&quot;interval&quot;:5,&quot;loop_manual&quot;:&quot;manual-endless&quot;,&quot;autoplay_stopper&quot;:false,&quot;noNavigation&quot;:true,&quot;bg_slider&quot;:false,&quot;keep_padding&quot;:false,&quot;hoverpause&quot;:false,&quot;show_slide_delay&quot;:0}\"  itemprop=\"image\" itemscope=\"itemscope\" itemtype=\"https:\/\/schema.org\/ImageObject\" ><ul class='avia-slideshow-inner ' style='padding-bottom: 17.709923664122%;'><li  class='avia-slideshow-slide av-av_slideshow_full-7168e1e4d44f23ef939dd7014241d96c__0  av-single-slide slide-1 slide-odd'><div data-rel='slideshow-1' class='avia-slide-wrap '   ><div class='av-slideshow-caption av-av_slideshow_full-7168e1e4d44f23ef939dd7014241d96c__0 caption_fullwidth caption_right caption_right_framed caption_framed'><div class=\"container caption_container\"><div class=\"slideshow_caption\"><div class=\"slideshow_inner_caption\"><div class=\"slideshow_align_caption\"><div class='avia-caption-content '  itemprop=\"description\" ><p>\u2022 Sans mercure<br \/>\n\u2022\u00a0Abordables et de longue dur\u00e9e<\/p>\n<\/div><\/div><\/div><\/div><\/div><\/div><img decoding=\"async\" class=\"wp-image-11423 avia-img-lazy-loading-not-11423\"  src=\"https:\/\/superior-electronics.com\/website\/wp-content\/uploads\/2018\/02\/Cadmium_and_mercury-free_Economic_and_durable_batteries_for_remote_control.jpg\" width=\"1310\" height=\"232\" title='Cadmium_and_mercury-free_Economic_and_durable_batteries_for_remote_control' alt=''  itemprop=\"thumbnailUrl\" srcset=\"https:\/\/superior-electronics.com\/website\/wp-content\/uploads\/2018\/02\/Cadmium_and_mercury-free_Economic_and_durable_batteries_for_remote_control.jpg 1310w, https:\/\/superior-electronics.com\/website\/wp-content\/uploads\/2018\/02\/Cadmium_and_mercury-free_Economic_and_durable_batteries_for_remote_control-450x80.jpg 450w, https:\/\/superior-electronics.com\/website\/wp-content\/uploads\/2018\/02\/Cadmium_and_mercury-free_Economic_and_durable_batteries_for_remote_control-300x53.jpg 300w, https:\/\/superior-electronics.com\/website\/wp-content\/uploads\/2018\/02\/Cadmium_and_mercury-free_Economic_and_durable_batteries_for_remote_control-768x136.jpg 768w, https:\/\/superior-electronics.com\/website\/wp-content\/uploads\/2018\/02\/Cadmium_and_mercury-free_Economic_and_durable_batteries_for_remote_control-1030x182.jpg 1030w, https:\/\/superior-electronics.com\/website\/wp-content\/uploads\/2018\/02\/Cadmium_and_mercury-free_Economic_and_durable_batteries_for_remote_control-705x125.jpg 705w, https:\/\/superior-electronics.com\/website\/wp-content\/uploads\/2018\/02\/Cadmium_and_mercury-free_Economic_and_durable_batteries_for_remote_control-600x106.jpg 600w\" sizes=\"(max-width: 1310px) 100vw, 1310px\" \/><\/div><\/li><\/ul><\/div><\/div><div id='after_full_slider_1'  class='main_color av_default_container_wrap container_wrap fullsize'  ><div class='container av-section-cont-open' ><div class='template-page content  av-content-full alpha units'><div class='post-entry post-entry-type-page post-entry-6803'><div class='entry-content-wrapper clearfix'>\n\n<style type=\"text\/css\" data-created_by=\"avia_inline_auto\" id=\"style-css-av-av_hr-0688d0b0b6ed2f8b057db7a8270206df\">\n#top .hr.hr-invisible.av-av_hr-0688d0b0b6ed2f8b057db7a8270206df{\nheight:50px;\n}\n<\/style>\n<div  class='hr av-av_hr-0688d0b0b6ed2f8b057db7a8270206df hr-invisible  avia-builder-el-1  el_after_av_slideshow_full  el_before_av_one_half  avia-builder-el-first '><span class='hr-inner '><span class=\"hr-inner-style\"><\/span><\/span><\/div>\n\n<style type=\"text\/css\" data-created_by=\"avia_inline_auto\" id=\"style-css-av-av_one_half-6126cab7d8fab8d08143dd2dacdf673c\">\n.flex_column.av-av_one_half-6126cab7d8fab8d08143dd2dacdf673c{\n-webkit-border-radius:0px 0px 0px 0px;\n-moz-border-radius:0px 0px 0px 0px;\nborder-radius:0px 0px 0px 0px;\npadding:0px 0px 0px 0px;\n}\n<\/style>\n<div  class='flex_column av-av_one_half-6126cab7d8fab8d08143dd2dacdf673c av_one_half  avia-builder-el-2  el_after_av_hr  el_before_av_one_half  first flex_column_div av-zero-column-padding  '     ><section  class='av_textblock_section av-av_textblock-283972ea15f2e73870c23e2d6de3245d '   itemscope=\"itemscope\" itemtype=\"https:\/\/schema.org\/CreativeWork\" ><div class='avia_textblock'  itemprop=\"text\" ><h2>Compl\u00e9tez votre assortiment \u201cSuperior\u201d avec les piles alcalines parfaites pour toutes vos t\u00e9l\u00e9commandes<\/h2>\n<ul>\n<li>Piles alcalines Micro AAA\/LR03<\/li>\n<li>Piles alcalines AA\/LR6<\/li>\n<li>Sans cadmium et mercure<\/li>\n<li>Abordables et de longue dur\u00e9e<\/li>\n<\/ul>\n<\/div><\/section><br \/>\n\n<style type=\"text\/css\" data-created_by=\"avia_inline_auto\" id=\"style-css-sub-av-av_image_hotspot-57182e79797c245a1ae45604e1270165\">\n.av-hotspot-image-container .av-image-hotspot.av-av_image_spot-d236256c94d4b40be04137490d693f4b{\ntop:19.2%;\nleft:40.8%;\n}\n.av-hotspot-image-container .av-image-hotspot.av-av_image_spot-d236256c94d4b40be04137490d693f4b .av-image-hotspot_inner{\nbackground-color:#ff0000;\ncolor:#ffffff;\n}\n.av-hotspot-image-container .av-image-hotspot.av-av_image_spot-d236256c94d4b40be04137490d693f4b .av-image-hotspot-pulse{\nbackground-color:#ff0000;\n}\n<\/style>\n<div  class='av-hotspot-image-container av-av_image_hotspot-57182e79797c245a1ae45604e1270165  avia-builder-el-4  el_after_av_textblock  avia-builder-el-last  av-hotspot-numbered av-mobile-fallback-active  av-non-fullwidth-hotspot-image'  itemprop=\"image\" itemscope=\"itemscope\" itemtype=\"https:\/\/schema.org\/ImageObject\" ><div class='av-hotspot-container'><div class='av-hotspot-container-inner-cell'><div class='av-hotspot-container-inner-wrap'><div class='av-image-hotspot av-av_image_spot-d236256c94d4b40be04137490d693f4b av-image-hotspot-1 ' data-avia-tooltip-position='top' data-avia-tooltip-alignment='left' data-avia-tooltip-class='av-tt-default-width av-tt-pos-above av-tt-align-left  av-mobile-fallback-active  transparent_dark av-tt-hotspot' data-avia-tooltip='&lt;p&gt;En bo\u00eetes de 2 pi\u00e8ces pr\u00eates pour la prochaine t\u00e9l\u00e9commande&lt;\/p&gt;\n'><div class='av-image-hotspot_inner'>1<\/div><div class='av-image-hotspot-pulse'><\/div><\/div><img decoding=\"async\" class='wp-image-2197 avia-img-lazy-loading-not-2197 avia_image' src=\"https:\/\/superior-electronics.com\/website\/wp-content\/uploads\/2016\/09\/superior-AAA-batteries-square.jpg\" alt='' title='superior-aaa-batteries-square'  height=\"1280\" width=\"1280\"  itemprop=\"thumbnailUrl\" srcset=\"https:\/\/superior-electronics.com\/website\/wp-content\/uploads\/2016\/09\/superior-AAA-batteries-square.jpg 1280w, https:\/\/superior-electronics.com\/website\/wp-content\/uploads\/2016\/09\/superior-AAA-batteries-square-450x450.jpg 450w, https:\/\/superior-electronics.com\/website\/wp-content\/uploads\/2016\/09\/superior-AAA-batteries-square-100x100.jpg 100w, https:\/\/superior-electronics.com\/website\/wp-content\/uploads\/2016\/09\/superior-AAA-batteries-square-80x80.jpg 80w, https:\/\/superior-electronics.com\/website\/wp-content\/uploads\/2016\/09\/superior-AAA-batteries-square-300x300.jpg 300w, https:\/\/superior-electronics.com\/website\/wp-content\/uploads\/2016\/09\/superior-AAA-batteries-square-768x768.jpg 768w, https:\/\/superior-electronics.com\/website\/wp-content\/uploads\/2016\/09\/superior-AAA-batteries-square-1030x1030.jpg 1030w, https:\/\/superior-electronics.com\/website\/wp-content\/uploads\/2016\/09\/superior-AAA-batteries-square-36x36.jpg 36w, https:\/\/superior-electronics.com\/website\/wp-content\/uploads\/2016\/09\/superior-AAA-batteries-square-180x180.jpg 180w, https:\/\/superior-electronics.com\/website\/wp-content\/uploads\/2016\/09\/superior-AAA-batteries-square-705x705.jpg 705w, https:\/\/superior-electronics.com\/website\/wp-content\/uploads\/2016\/09\/superior-AAA-batteries-square-120x120.jpg 120w\" sizes=\"(max-width: 1280px) 100vw, 1280px\" \/><\/div><\/div><\/div><div class='av-hotspot-fallback-tooltip av-image-hotspot-1 '><div class=\"av-hotspot-fallback-tooltip-count\">1<div class=\"avia-arrow\"><\/div><\/div><div class=\"av-hotspot-fallback-tooltip-inner clearfix\"><p>En bo\u00eetes de 2 pi\u00e8ces pr\u00eates pour la prochaine t\u00e9l\u00e9commande<\/p>\n<\/div><\/div><\/div><\/p><\/div>\n\n<style type=\"text\/css\" data-created_by=\"avia_inline_auto\" id=\"style-css-av-av_one_half-0aa7055fe62c3622faec82866afbaeb2\">\n.flex_column.av-av_one_half-0aa7055fe62c3622faec82866afbaeb2{\n-webkit-border-radius:0px 0px 0px 0px;\n-moz-border-radius:0px 0px 0px 0px;\nborder-radius:0px 0px 0px 0px;\npadding:0px 0px 0px 0px;\n}\n<\/style>\n<div  class='flex_column av-av_one_half-0aa7055fe62c3622faec82866afbaeb2 av_one_half  avia-builder-el-5  el_after_av_one_half  el_before_av_hr  flex_column_div av-zero-column-padding  '     ><p>\n<style type=\"text\/css\" data-created_by=\"avia_inline_auto\" id=\"style-css-av-l472t3b2-2131d5de1e4a88691f9cb744ce6e0d7f\">\n.avia-image-container.av-l472t3b2-2131d5de1e4a88691f9cb744ce6e0d7f img.avia_image{\nbox-shadow:none;\n}\n.avia-image-container.av-l472t3b2-2131d5de1e4a88691f9cb744ce6e0d7f .av-image-caption-overlay-center{\ncolor:#ffffff;\n}\n<\/style>\n<div  class='avia-image-container av-l472t3b2-2131d5de1e4a88691f9cb744ce6e0d7f av-styling- avia-align-center  avia-builder-el-6  el_before_av_toggle_container  avia-builder-el-first '   itemprop=\"image\" itemscope=\"itemscope\" itemtype=\"https:\/\/schema.org\/ImageObject\" ><div class=\"avia-image-container-inner\"><div class=\"avia-image-overlay-wrap\"><img decoding=\"async\" class='wp-image-36629 avia-img-lazy-loading-not-36629 avia_image ' src=\"https:\/\/superior-electronics.com\/website\/wp-content\/uploads\/2022\/06\/blister_aa_aaa.jpg\" alt='' title='blister_aa_aaa'  height=\"233\" width=\"352\"  itemprop=\"thumbnailUrl\" srcset=\"https:\/\/superior-electronics.com\/website\/wp-content\/uploads\/2022\/06\/blister_aa_aaa.jpg 352w, https:\/\/superior-electronics.com\/website\/wp-content\/uploads\/2022\/06\/blister_aa_aaa-300x199.jpg 300w, https:\/\/superior-electronics.com\/website\/wp-content\/uploads\/2022\/06\/blister_aa_aaa-24x16.jpg 24w, https:\/\/superior-electronics.com\/website\/wp-content\/uploads\/2022\/06\/blister_aa_aaa-80x53.jpg 80w, https:\/\/superior-electronics.com\/website\/wp-content\/uploads\/2022\/06\/blister_aa_aaa-120x79.jpg 120w\" sizes=\"(max-width: 352px) 100vw, 352px\" \/><\/div><\/div><\/div><br \/>\n<div  class='togglecontainer av-jqzlpm23-a8b8f22a867811b6147c689d0925ad6d  avia-builder-el-7  el_after_av_image  avia-builder-el-last  dmc-accordion toggle_close_all' >\n<section class='av_toggle_section av-av_toggle-cfc2905f34ac9372f14573a22f952fc0'  itemscope=\"itemscope\" itemtype=\"https:\/\/schema.org\/CreativeWork\" ><div role=\"tablist\" class=\"single_toggle\" data-tags=\"{Tout} \"  ><p data-fake-id='#toggle-id-1' class='toggler   '  itemprop=\"headline\"  role='tab' tabindex='0' aria-controls='toggle-id-1'>SP\u00c9CIFICATIONS TECHNIQUES<span class=\"toggle_icon\"><span class=\"vert_icon\"><\/span><span class=\"hor_icon\"><\/span><\/span><\/p><div id='toggle-id-1' class='toggle_wrap  '  ><div class='toggle_content invers-color '  itemprop=\"text\" ><p><strong>POIDS:<\/strong> 11 g<\/p>\n<p><strong>DIMENSIONS:<\/strong> 4,5 x 1,0 x 1,0 cm<\/p>\n<\/div><\/div><\/div><\/section>\n<section class='av_toggle_section av-av_toggle-6743c0eccf76100f67d99df6e540fc68'  itemscope=\"itemscope\" itemtype=\"https:\/\/schema.org\/CreativeWork\" ><div role=\"tablist\" class=\"single_toggle\" data-tags=\"{Tout} \"  ><p data-fake-id='#toggle-id-2' class='toggler  activeTitle '  itemprop=\"headline\"  role='tab' tabindex='0' aria-controls='toggle-id-2'>INFORMATIONS SUPPL\u00c9MENTAIRES<span class=\"toggle_icon\"><span class=\"vert_icon\"><\/span><span class=\"hor_icon\"><\/span><\/span><\/p><div id='toggle-id-2' class='toggle_wrap  active_tc' style='display:block;' ><div class='toggle_content invers-color '  itemprop=\"text\" ><p><strong>CODE:<br \/>\n<\/strong>\u2013 Alkaline AAA Blister: SUPBA001<br \/>\n\u2013 Alkaline AA Blister: SUPBA002<\/p>\n<p><strong>BARCODE:<br \/>\n<\/strong>\u2013 Alkaline AAA Blister: 8054242080278<br \/>\n\u2013 Alkaline AA Blister: 8054242080377<\/p>\n<p><strong>TYPE:<\/strong> Pile alcaline<\/p>\n<p><strong>DESCRIPTION:<\/strong> Sans mercure et cadmium. Piles AAA\/AA format libre alcalines zinc-magn\u00e9sium. Pour tous les appareils \u00e9lectroniques : jouets, appareils photo, appareils audio, t\u00e9l\u00e9commandes, etc.<\/p>\n<p><strong>BO\u00ceTE:<\/strong> Colis de 1200 pi\u00e8ces (20 bo\u00eetes)<\/p>\n<\/div><\/div><\/div><\/section>\n<section class='av_toggle_section av-av_toggle-b280e6181180b96a00a842e65ac6c2ca'  itemscope=\"itemscope\" itemtype=\"https:\/\/schema.org\/CreativeWork\" ><div role=\"tablist\" class=\"single_toggle\" data-tags=\"{Tout} \"  ><p data-fake-id='#toggle-id-3' class='toggler   '  itemprop=\"headline\"  role='tab' tabindex='0' aria-controls='toggle-id-3'>t\u00e9l\u00e9charger<span class=\"toggle_icon\"><span class=\"vert_icon\"><\/span><span class=\"hor_icon\"><\/span><\/span><\/p><div id='toggle-id-3' class='toggle_wrap  '  ><div class='toggle_content invers-color '  itemprop=\"text\" ><div class=\"wpfd-single-file\">\n\n    <div class=\"wpfd-single-file--details wpfd-file-content\">\n                <p class=\"wpfd-file-content--description\">\n                    Datasheet\n                <\/p>\n    <\/div>\n    <div class=\"wpfd-single-file--buttons\">\n                                <a href=\"https:\/\/superior-electronics.com\/website\/download\/398\/datasheet\/25692\/batteries-datasheet-en.pdf\"  data-id=\"25692\" title=\"Datasheet\" class=\"noLightbox wpfd_downloadlink wpfd-single-file-button wpfd-button-download\">\n                    <span>Download<\/span>\n                <\/a>\n    <\/div>\n<\/div>\n\n<\/div><\/div><\/div><\/section>\n<\/div><\/p><\/div>\n<style type=\"text\/css\" data-created_by=\"avia_inline_auto\" id=\"style-css-av-av_hr-0688d0b0b6ed2f8b057db7a8270206df\">\n#top .hr.hr-invisible.av-av_hr-0688d0b0b6ed2f8b057db7a8270206df{\nheight:50px;\n}\n<\/style>\n<div  class='hr av-av_hr-0688d0b0b6ed2f8b057db7a8270206df hr-invisible  avia-builder-el-8  el_after_av_one_half  avia-builder-el-last '><span class='hr-inner '><span class=\"hr-inner-style\"><\/span><\/span><\/div><\/p>\n","protected":false},"excerpt":{"rendered":"<p>\u2022 Sans mercure \u2022 Abordables et de longue dur\u00e9e<\/p>\n","protected":false},"author":1,"featured_media":15683,"parent":4750,"menu_order":40,"comment_status":"closed","ping_status":"closed","template":"","meta":{"inline_featured_image":false,"footnotes":""},"categories":[348],"tags":[],"class_list":["post-6803","page","type-page","status-publish","has-post-thumbnail","hentry","category-piles"],"yoast_head":"<!-- This site is optimized with the Yoast SEO plugin v27.3 - https:\/\/yoast.com\/product\/yoast-seo-wordpress\/ -->\n<title>Piles Superior - Superior Electronics<\/title>\n<meta name=\"robots\" content=\"index, follow, max-snippet:-1, max-image-preview:large, max-video-preview:-1\" \/>\n<link rel=\"canonical\" href=\"https:\/\/superior-electronics.com\/fr\/produits\/piles-aaa-superior\/\" \/>\n<meta property=\"og:locale\" content=\"fr_FR\" \/>\n<meta property=\"og:type\" content=\"article\" \/>\n<meta property=\"og:title\" content=\"Piles Superior - Superior Electronics\" \/>\n<meta property=\"og:description\" content=\"\u2022 Sans mercure \u2022 Abordables et de longue dur\u00e9e\" \/>\n<meta property=\"og:url\" content=\"https:\/\/superior-electronics.com\/fr\/produits\/piles-aaa-superior\/\" \/>\n<meta property=\"og:site_name\" content=\"Superior Electronics\" \/>\n<meta property=\"article:modified_time\" content=\"2024-05-07T17:11:28+00:00\" \/>\n<meta property=\"og:image\" content=\"https:\/\/superior-electronics.com\/website\/wp-content\/uploads\/2019\/02\/Immagini-Evidenza-batterie-1.jpg\" \/>\n\t<meta property=\"og:image:width\" content=\"600\" \/>\n\t<meta property=\"og:image:height\" content=\"600\" \/>\n\t<meta property=\"og:image:type\" content=\"image\/jpeg\" \/>\n<meta name=\"twitter:card\" content=\"summary_large_image\" \/>\n<meta name=\"twitter:label1\" content=\"Dur\u00e9e de lecture estim\u00e9e\" \/>\n\t<meta name=\"twitter:data1\" content=\"4 minutes\" \/>\n<script type=\"application\/ld+json\" class=\"yoast-schema-graph\">{\"@context\":\"https:\\\/\\\/schema.org\",\"@graph\":[{\"@type\":\"WebPage\",\"@id\":\"https:\\\/\\\/superior-electronics.com\\\/fr\\\/produits\\\/piles-aaa-superior\\\/\",\"url\":\"https:\\\/\\\/superior-electronics.com\\\/fr\\\/produits\\\/piles-aaa-superior\\\/\",\"name\":\"Piles Superior - Superior Electronics\",\"isPartOf\":{\"@id\":\"https:\\\/\\\/superior-electronics.com\\\/fr\\\/#website\"},\"primaryImageOfPage\":{\"@id\":\"https:\\\/\\\/superior-electronics.com\\\/fr\\\/produits\\\/piles-aaa-superior\\\/#primaryimage\"},\"image\":{\"@id\":\"https:\\\/\\\/superior-electronics.com\\\/fr\\\/produits\\\/piles-aaa-superior\\\/#primaryimage\"},\"thumbnailUrl\":\"https:\\\/\\\/superior-electronics.com\\\/website\\\/wp-content\\\/uploads\\\/2019\\\/02\\\/Immagini-Evidenza-batterie-1.jpg\",\"datePublished\":\"2017-03-10T09:54:15+00:00\",\"dateModified\":\"2024-05-07T17:11:28+00:00\",\"breadcrumb\":{\"@id\":\"https:\\\/\\\/superior-electronics.com\\\/fr\\\/produits\\\/piles-aaa-superior\\\/#breadcrumb\"},\"inLanguage\":\"fr-FR\",\"potentialAction\":[{\"@type\":\"ReadAction\",\"target\":[\"https:\\\/\\\/superior-electronics.com\\\/fr\\\/produits\\\/piles-aaa-superior\\\/\"]}]},{\"@type\":\"ImageObject\",\"inLanguage\":\"fr-FR\",\"@id\":\"https:\\\/\\\/superior-electronics.com\\\/fr\\\/produits\\\/piles-aaa-superior\\\/#primaryimage\",\"url\":\"https:\\\/\\\/superior-electronics.com\\\/website\\\/wp-content\\\/uploads\\\/2019\\\/02\\\/Immagini-Evidenza-batterie-1.jpg\",\"contentUrl\":\"https:\\\/\\\/superior-electronics.com\\\/website\\\/wp-content\\\/uploads\\\/2019\\\/02\\\/Immagini-Evidenza-batterie-1.jpg\",\"width\":600,\"height\":600},{\"@type\":\"BreadcrumbList\",\"@id\":\"https:\\\/\\\/superior-electronics.com\\\/fr\\\/produits\\\/piles-aaa-superior\\\/#breadcrumb\",\"itemListElement\":[{\"@type\":\"ListItem\",\"position\":1,\"name\":\"Home\",\"item\":\"https:\\\/\\\/superior-electronics.com\\\/fr\\\/superior-electronics\\\/\"},{\"@type\":\"ListItem\",\"position\":2,\"name\":\"Produits\",\"item\":\"https:\\\/\\\/superior-electronics.com\\\/fr\\\/produits\\\/\"},{\"@type\":\"ListItem\",\"position\":3,\"name\":\"Piles Superior\"}]},{\"@type\":\"WebSite\",\"@id\":\"https:\\\/\\\/superior-electronics.com\\\/fr\\\/#website\",\"url\":\"https:\\\/\\\/superior-electronics.com\\\/fr\\\/\",\"name\":\"Superior Electronics\",\"description\":\"Telecomandi programmabili\",\"publisher\":{\"@id\":\"https:\\\/\\\/superior-electronics.com\\\/fr\\\/#organization\"},\"potentialAction\":[{\"@type\":\"SearchAction\",\"target\":{\"@type\":\"EntryPoint\",\"urlTemplate\":\"https:\\\/\\\/superior-electronics.com\\\/fr\\\/?s={search_term_string}\"},\"query-input\":{\"@type\":\"PropertyValueSpecification\",\"valueRequired\":true,\"valueName\":\"search_term_string\"}}],\"inLanguage\":\"fr-FR\"},{\"@type\":\"Organization\",\"@id\":\"https:\\\/\\\/superior-electronics.com\\\/fr\\\/#organization\",\"name\":\"Superior Srl\",\"url\":\"https:\\\/\\\/superior-electronics.com\\\/fr\\\/\",\"logo\":{\"@type\":\"ImageObject\",\"inLanguage\":\"fr-FR\",\"@id\":\"https:\\\/\\\/superior-electronics.com\\\/fr\\\/#\\\/schema\\\/logo\\\/image\\\/\",\"url\":\"https:\\\/\\\/superior-electronics.com\\\/website\\\/wp-content\\\/uploads\\\/2017\\\/09\\\/Superior-logo-header-new.png\",\"contentUrl\":\"https:\\\/\\\/superior-electronics.com\\\/website\\\/wp-content\\\/uploads\\\/2017\\\/09\\\/Superior-logo-header-new.png\",\"width\":528,\"height\":156,\"caption\":\"Superior Srl\"},\"image\":{\"@id\":\"https:\\\/\\\/superior-electronics.com\\\/fr\\\/#\\\/schema\\\/logo\\\/image\\\/\"}}]}<\/script>\n<!-- \/ Yoast SEO plugin. -->","yoast_head_json":{"title":"Piles Superior - Superior Electronics","robots":{"index":"index","follow":"follow","max-snippet":"max-snippet:-1","max-image-preview":"max-image-preview:large","max-video-preview":"max-video-preview:-1"},"canonical":"https:\/\/superior-electronics.com\/fr\/produits\/piles-aaa-superior\/","og_locale":"fr_FR","og_type":"article","og_title":"Piles Superior - Superior Electronics","og_description":"\u2022 Sans mercure \u2022 Abordables et de longue dur\u00e9e","og_url":"https:\/\/superior-electronics.com\/fr\/produits\/piles-aaa-superior\/","og_site_name":"Superior Electronics","article_modified_time":"2024-05-07T17:11:28+00:00","og_image":[{"width":600,"height":600,"url":"https:\/\/superior-electronics.com\/website\/wp-content\/uploads\/2019\/02\/Immagini-Evidenza-batterie-1.jpg","type":"image\/jpeg"}],"twitter_card":"summary_large_image","twitter_misc":{"Dur\u00e9e de lecture estim\u00e9e":"4 minutes"},"schema":{"@context":"https:\/\/schema.org","@graph":[{"@type":"WebPage","@id":"https:\/\/superior-electronics.com\/fr\/produits\/piles-aaa-superior\/","url":"https:\/\/superior-electronics.com\/fr\/produits\/piles-aaa-superior\/","name":"Piles Superior - Superior Electronics","isPartOf":{"@id":"https:\/\/superior-electronics.com\/fr\/#website"},"primaryImageOfPage":{"@id":"https:\/\/superior-electronics.com\/fr\/produits\/piles-aaa-superior\/#primaryimage"},"image":{"@id":"https:\/\/superior-electronics.com\/fr\/produits\/piles-aaa-superior\/#primaryimage"},"thumbnailUrl":"https:\/\/superior-electronics.com\/website\/wp-content\/uploads\/2019\/02\/Immagini-Evidenza-batterie-1.jpg","datePublished":"2017-03-10T09:54:15+00:00","dateModified":"2024-05-07T17:11:28+00:00","breadcrumb":{"@id":"https:\/\/superior-electronics.com\/fr\/produits\/piles-aaa-superior\/#breadcrumb"},"inLanguage":"fr-FR","potentialAction":[{"@type":"ReadAction","target":["https:\/\/superior-electronics.com\/fr\/produits\/piles-aaa-superior\/"]}]},{"@type":"ImageObject","inLanguage":"fr-FR","@id":"https:\/\/superior-electronics.com\/fr\/produits\/piles-aaa-superior\/#primaryimage","url":"https:\/\/superior-electronics.com\/website\/wp-content\/uploads\/2019\/02\/Immagini-Evidenza-batterie-1.jpg","contentUrl":"https:\/\/superior-electronics.com\/website\/wp-content\/uploads\/2019\/02\/Immagini-Evidenza-batterie-1.jpg","width":600,"height":600},{"@type":"BreadcrumbList","@id":"https:\/\/superior-electronics.com\/fr\/produits\/piles-aaa-superior\/#breadcrumb","itemListElement":[{"@type":"ListItem","position":1,"name":"Home","item":"https:\/\/superior-electronics.com\/fr\/superior-electronics\/"},{"@type":"ListItem","position":2,"name":"Produits","item":"https:\/\/superior-electronics.com\/fr\/produits\/"},{"@type":"ListItem","position":3,"name":"Piles Superior"}]},{"@type":"WebSite","@id":"https:\/\/superior-electronics.com\/fr\/#website","url":"https:\/\/superior-electronics.com\/fr\/","name":"Superior Electronics","description":"Telecomandi programmabili","publisher":{"@id":"https:\/\/superior-electronics.com\/fr\/#organization"},"potentialAction":[{"@type":"SearchAction","target":{"@type":"EntryPoint","urlTemplate":"https:\/\/superior-electronics.com\/fr\/?s={search_term_string}"},"query-input":{"@type":"PropertyValueSpecification","valueRequired":true,"valueName":"search_term_string"}}],"inLanguage":"fr-FR"},{"@type":"Organization","@id":"https:\/\/superior-electronics.com\/fr\/#organization","name":"Superior Srl","url":"https:\/\/superior-electronics.com\/fr\/","logo":{"@type":"ImageObject","inLanguage":"fr-FR","@id":"https:\/\/superior-electronics.com\/fr\/#\/schema\/logo\/image\/","url":"https:\/\/superior-electronics.com\/website\/wp-content\/uploads\/2017\/09\/Superior-logo-header-new.png","contentUrl":"https:\/\/superior-electronics.com\/website\/wp-content\/uploads\/2017\/09\/Superior-logo-header-new.png","width":528,"height":156,"caption":"Superior Srl"},"image":{"@id":"https:\/\/superior-electronics.com\/fr\/#\/schema\/logo\/image\/"}}]}},"_links":{"self":[{"href":"https:\/\/superior-electronics.com\/fr\/wp-json\/wp\/v2\/pages\/6803","targetHints":{"allow":["GET"]}}],"collection":[{"href":"https:\/\/superior-electronics.com\/fr\/wp-json\/wp\/v2\/pages"}],"about":[{"href":"https:\/\/superior-electronics.com\/fr\/wp-json\/wp\/v2\/types\/page"}],"author":[{"embeddable":true,"href":"https:\/\/superior-electronics.com\/fr\/wp-json\/wp\/v2\/users\/1"}],"replies":[{"embeddable":true,"href":"https:\/\/superior-electronics.com\/fr\/wp-json\/wp\/v2\/comments?post=6803"}],"version-history":[{"count":5,"href":"https:\/\/superior-electronics.com\/fr\/wp-json\/wp\/v2\/pages\/6803\/revisions"}],"predecessor-version":[{"id":39684,"href":"https:\/\/superior-electronics.com\/fr\/wp-json\/wp\/v2\/pages\/6803\/revisions\/39684"}],"up":[{"embeddable":true,"href":"https:\/\/superior-electronics.com\/fr\/wp-json\/wp\/v2\/pages\/4750"}],"wp:featuredmedia":[{"embeddable":true,"href":"https:\/\/superior-electronics.com\/fr\/wp-json\/wp\/v2\/media\/15683"}],"wp:attachment":[{"href":"https:\/\/superior-electronics.com\/fr\/wp-json\/wp\/v2\/media?parent=6803"}],"wp:term":[{"taxonomy":"category","embeddable":true,"href":"https:\/\/superior-electronics.com\/fr\/wp-json\/wp\/v2\/categories?post=6803"},{"taxonomy":"post_tag","embeddable":true,"href":"https:\/\/superior-electronics.com\/fr\/wp-json\/wp\/v2\/tags?post=6803"}],"curies":[{"name":"wp","href":"https:\/\/api.w.org\/{rel}","templated":true}]}}