{"id":6732,"date":"2017-03-10T10:36:19","date_gmt":"2017-03-10T09:36:19","guid":{"rendered":"https:\/\/superior-electronics.com\/produits\/telecommandes\/consumer\/superior-universal-smart-lg-samsung\/"},"modified":"2024-05-07T17:51:43","modified_gmt":"2024-05-07T15:51:43","slug":"superior-universal-smart-lg-samsung","status":"publish","type":"page","link":"https:\/\/superior-electronics.com\/fr\/produits\/telecommandes\/consumer\/superior-universal-smart-lg-samsung\/","title":{"rendered":"LG\/Samsung &#8211; Smart"},"content":{"rendered":"<div id='full_slider_1'  class='avia-fullwidth-slider main_color avia-shadow   avia-builder-el-0  el_before_av_hr  avia-builder-el-first  dmc-hide-mobile dmc-caption-alt  container_wrap fullsize'  ><div  class='avia-slideshow av-av_slideshow_full-7168e1e4d44f23ef939dd7014241d96c avia-slideshow-no scaling av_slideshow_full avia-fade-slider dmc-hide-mobile dmc-caption-alt av-slideshow-ui av-control-hidden av-no-slider-navigation av-hide-nav-arrows av-slideshow-manual av-loop-once av-loop-manual-endless av-default-height-applied   avia-slideshow-1' data-slideshow-options=\"{&quot;animation&quot;:&quot;fade&quot;,&quot;autoplay&quot;:false,&quot;loop_autoplay&quot;:&quot;once&quot;,&quot;interval&quot;:5,&quot;loop_manual&quot;:&quot;manual-endless&quot;,&quot;autoplay_stopper&quot;:false,&quot;noNavigation&quot;:true,&quot;bg_slider&quot;:false,&quot;keep_padding&quot;:false,&quot;hoverpause&quot;:false,&quot;show_slide_delay&quot;:0}\"  itemprop=\"image\" itemscope=\"itemscope\" itemtype=\"https:\/\/schema.org\/ImageObject\" ><ul class='avia-slideshow-inner ' style='padding-bottom: 17.709923664122%;'><li  class='avia-slideshow-slide av-av_slideshow_full-7168e1e4d44f23ef939dd7014241d96c__0  av-single-slide slide-1 slide-odd'><div data-rel='slideshow-1' class='avia-slide-wrap '   ><div class='av-slideshow-caption av-av_slideshow_full-7168e1e4d44f23ef939dd7014241d96c__0 caption_fullwidth caption_right caption_right_framed caption_framed'><div class=\"container caption_container\"><div class=\"slideshow_caption\"><div class=\"slideshow_inner_caption\"><div class=\"slideshow_align_caption\"><div class='avia-caption-content '  itemprop=\"description\" ><p>\u2022 Pr\u00eate \u00e0 l\u2019emploi, sans programmation<br \/>\n\u2022 Contr\u00f4le simultan\u00e9ment les TV LG et Samsung<br \/>\n\u2022 Fonctions Smart et 3D<\/p>\n<\/div><\/div><\/div><\/div><\/div><\/div><img decoding=\"async\" class=\"wp-image-11334 avia-img-lazy-loading-not-11334\"  src=\"https:\/\/superior-electronics.com\/website\/wp-content\/uploads\/2018\/02\/universal-remote-control-Samsung-LG-smart.jpg\" width=\"1310\" height=\"232\" title='universal-remote-control-Samsung-LG-smart' alt=''  itemprop=\"thumbnailUrl\" srcset=\"https:\/\/superior-electronics.com\/website\/wp-content\/uploads\/2018\/02\/universal-remote-control-Samsung-LG-smart.jpg 1310w, https:\/\/superior-electronics.com\/website\/wp-content\/uploads\/2018\/02\/universal-remote-control-Samsung-LG-smart-450x80.jpg 450w, https:\/\/superior-electronics.com\/website\/wp-content\/uploads\/2018\/02\/universal-remote-control-Samsung-LG-smart-300x53.jpg 300w, https:\/\/superior-electronics.com\/website\/wp-content\/uploads\/2018\/02\/universal-remote-control-Samsung-LG-smart-768x136.jpg 768w, https:\/\/superior-electronics.com\/website\/wp-content\/uploads\/2018\/02\/universal-remote-control-Samsung-LG-smart-1030x182.jpg 1030w, https:\/\/superior-electronics.com\/website\/wp-content\/uploads\/2018\/02\/universal-remote-control-Samsung-LG-smart-705x125.jpg 705w, https:\/\/superior-electronics.com\/website\/wp-content\/uploads\/2018\/02\/universal-remote-control-Samsung-LG-smart-600x106.jpg 600w\" sizes=\"(max-width: 1310px) 100vw, 1310px\" \/><\/div><\/li><\/ul><\/div><\/div><div id='after_full_slider_1'  class='main_color av_default_container_wrap container_wrap fullsize'  ><div class='container av-section-cont-open' ><div class='template-page content  av-content-full alpha units'><div class='post-entry post-entry-type-page post-entry-6732'><div class='entry-content-wrapper clearfix'>\n\n<style type=\"text\/css\" data-created_by=\"avia_inline_auto\" id=\"style-css-av-av_hr-0688d0b0b6ed2f8b057db7a8270206df\">\n#top .hr.hr-invisible.av-av_hr-0688d0b0b6ed2f8b057db7a8270206df{\nheight:50px;\n}\n<\/style>\n<div  class='hr av-av_hr-0688d0b0b6ed2f8b057db7a8270206df hr-invisible  avia-builder-el-1  el_after_av_slideshow_full  el_before_av_one_third  avia-builder-el-first '><span class='hr-inner '><span class=\"hr-inner-style\"><\/span><\/span><\/div>\n\n<style type=\"text\/css\" data-created_by=\"avia_inline_auto\" id=\"style-css-av-av_one_third-6126cab7d8fab8d08143dd2dacdf673c\">\n.flex_column.av-av_one_third-6126cab7d8fab8d08143dd2dacdf673c{\n-webkit-border-radius:0px 0px 0px 0px;\n-moz-border-radius:0px 0px 0px 0px;\nborder-radius:0px 0px 0px 0px;\npadding:0px 0px 0px 0px;\n}\n<\/style>\n<div  class='flex_column av-av_one_third-6126cab7d8fab8d08143dd2dacdf673c av_one_third  avia-builder-el-2  el_after_av_hr  el_before_av_one_third  first flex_column_div av-zero-column-padding  '     ><section  class='av_textblock_section av-jxabghvs-b9f0d2141ae3ae8d91c262548dbaa4d6 '   itemscope=\"itemscope\" itemtype=\"https:\/\/schema.org\/CreativeWork\" ><div class='avia_textblock'  itemprop=\"text\" ><h2>La t\u00e9l\u00e9commande universelle pour les Smart TV LG et Samsung<\/h2>\n<ul>\n<li>T\u00e9l\u00e9commande universelle pour tous les t\u00e9l\u00e9viseurs LG et Samsung fabriqu\u00e9s apr\u00e8s 2000<\/li>\n<li>Il suffit d&rsquo;ins\u00e9rer les piles et elle est pr\u00eate \u00e0 l&#8217;emploi : elle ne n\u00e9cessite aucune programmation<\/li>\n<li>Toutes les principales fonctions pour les TV Smart et 3D<\/li>\n<\/ul>\n<\/div><\/section><br \/>\n\n<style type=\"text\/css\" data-created_by=\"avia_inline_auto\" id=\"style-css-av-av_hr-c9ba6ccf0e28539cef079a4b419f7f68\">\n#top .hr.hr-invisible.av-av_hr-c9ba6ccf0e28539cef079a4b419f7f68{\nheight:25px;\n}\n<\/style>\n<div  class='hr av-av_hr-c9ba6ccf0e28539cef079a4b419f7f68 hr-invisible  avia-builder-el-4  el_after_av_textblock  el_before_av_image '><span class='hr-inner '><span class=\"hr-inner-style\"><\/span><\/span><\/div><br \/>\n\n<style type=\"text\/css\" data-created_by=\"avia_inline_auto\" id=\"style-css-av-l3itki4w-61cf1a139b78345ddbad971353e3c19d\">\n.avia-image-container.av-l3itki4w-61cf1a139b78345ddbad971353e3c19d img.avia_image{\nbox-shadow:none;\n}\n.avia-image-container.av-l3itki4w-61cf1a139b78345ddbad971353e3c19d .av-image-caption-overlay-center{\ncolor:#ffffff;\n}\n<\/style>\n<div  class='avia-image-container av-l3itki4w-61cf1a139b78345ddbad971353e3c19d av-styling- avia-align-center  avia-builder-el-5  el_after_av_hr  avia-builder-el-last '   itemprop=\"image\" itemscope=\"itemscope\" itemtype=\"https:\/\/schema.org\/ImageObject\" ><div class=\"avia-image-container-inner\"><div class=\"avia-image-overlay-wrap\"><img decoding=\"async\" class='wp-image-35549 avia-img-lazy-loading-not-35549 avia_image ' src=\"https:\/\/superior-electronics.com\/website\/wp-content\/uploads\/2022\/05\/superior-universal-smart-lg-samsung-1.jpg\" alt='' title='superior-universal-smart-lg-samsung'  height=\"777\" width=\"398\"  itemprop=\"thumbnailUrl\" srcset=\"https:\/\/superior-electronics.com\/website\/wp-content\/uploads\/2022\/05\/superior-universal-smart-lg-samsung-1.jpg 398w, https:\/\/superior-electronics.com\/website\/wp-content\/uploads\/2022\/05\/superior-universal-smart-lg-samsung-1-154x300.jpg 154w, https:\/\/superior-electronics.com\/website\/wp-content\/uploads\/2022\/05\/superior-universal-smart-lg-samsung-1-361x705.jpg 361w, https:\/\/superior-electronics.com\/website\/wp-content\/uploads\/2022\/05\/superior-universal-smart-lg-samsung-1-12x24.jpg 12w, https:\/\/superior-electronics.com\/website\/wp-content\/uploads\/2022\/05\/superior-universal-smart-lg-samsung-1-41x80.jpg 41w, https:\/\/superior-electronics.com\/website\/wp-content\/uploads\/2022\/05\/superior-universal-smart-lg-samsung-1-61x120.jpg 61w\" sizes=\"(max-width: 398px) 100vw, 398px\" \/><\/div><\/div><\/div><\/p><\/div>\n\n<style type=\"text\/css\" data-created_by=\"avia_inline_auto\" id=\"style-css-av-2fhs6o-3a6aeb39ef3e8286b6eeca47c7e622d4\">\n.flex_column.av-2fhs6o-3a6aeb39ef3e8286b6eeca47c7e622d4{\n-webkit-border-radius:0px 0px 0px 0px;\n-moz-border-radius:0px 0px 0px 0px;\nborder-radius:0px 0px 0px 0px;\npadding:0px 0px 0px 0px;\n}\n<\/style>\n<div  class='flex_column av-2fhs6o-3a6aeb39ef3e8286b6eeca47c7e622d4 av_one_third  avia-builder-el-6  el_after_av_one_third  el_before_av_one_third  flex_column_div av-zero-column-padding  '     ><p>\n<style type=\"text\/css\" data-created_by=\"avia_inline_auto\" id=\"style-css-av-7o40w-6e4174923ad44cab00d7e58bf61834f8\">\n#top .hr.hr-invisible.av-7o40w-6e4174923ad44cab00d7e58bf61834f8{\nheight:20px;\n}\n<\/style>\n<div  class='hr av-7o40w-6e4174923ad44cab00d7e58bf61834f8 hr-invisible  avia-builder-el-7  el_before_av_image  avia-builder-el-first '><span class='hr-inner '><span class=\"hr-inner-style\"><\/span><\/span><\/div><br \/>\n\n<style type=\"text\/css\" data-created_by=\"avia_inline_auto\" id=\"style-css-av-kmxft757-1a5a3b367132d7016d45a8f72a644dfa\">\n.avia-image-container.av-kmxft757-1a5a3b367132d7016d45a8f72a644dfa img.avia_image{\nbox-shadow:none;\n}\n.avia-image-container.av-kmxft757-1a5a3b367132d7016d45a8f72a644dfa .av-image-caption-overlay-center{\ncolor:#ffffff;\n}\n<\/style>\n<div  class='avia-image-container av-kmxft757-1a5a3b367132d7016d45a8f72a644dfa av-styling- avia-align-center  avia-builder-el-8  el_after_av_hr  el_before_av_codeblock '   itemprop=\"image\" itemscope=\"itemscope\" itemtype=\"https:\/\/schema.org\/ImageObject\" ><div class=\"avia-image-container-inner\"><div class=\"avia-image-overlay-wrap\"><img decoding=\"async\" class='wp-image-29651 avia-img-lazy-loading-not-29651 avia_image ' src=\"https:\/\/superior-electronics.com\/website\/wp-content\/uploads\/2021\/03\/drag-icon_grey.png\" alt='' title='drag-icon_grey'  height=\"55\" width=\"59\"  itemprop=\"thumbnailUrl\" srcset=\"https:\/\/superior-electronics.com\/website\/wp-content\/uploads\/2021\/03\/drag-icon_grey.png 59w, https:\/\/superior-electronics.com\/website\/wp-content\/uploads\/2021\/03\/drag-icon_grey-24x22.png 24w\" sizes=\"(max-width: 59px) 100vw, 59px\" \/><\/div><\/div><\/div><br \/>\n<\/p><\/div>\n\n<style type=\"text\/css\" data-created_by=\"avia_inline_auto\" id=\"style-css-av-av_one_third-0aa7055fe62c3622faec82866afbaeb2\">\n.flex_column.av-av_one_third-0aa7055fe62c3622faec82866afbaeb2{\n-webkit-border-radius:0px 0px 0px 0px;\n-moz-border-radius:0px 0px 0px 0px;\nborder-radius:0px 0px 0px 0px;\npadding:0px 0px 0px 0px;\n}\n<\/style>\n<div  class='flex_column av-av_one_third-0aa7055fe62c3622faec82866afbaeb2 av_one_third  avia-builder-el-10  el_after_av_one_third  el_before_av_hr  flex_column_div av-zero-column-padding  '     ><div  class='togglecontainer av-jqzhd3kg-099a5e1785793b6e39127df008fb874e  avia-builder-el-11  avia-builder-el-no-sibling  dmc-accordion toggle_close_all' >\n<section class='av_toggle_section av-av_toggle-cfc2905f34ac9372f14573a22f952fc0'  itemscope=\"itemscope\" itemtype=\"https:\/\/schema.org\/CreativeWork\" ><div role=\"tablist\" class=\"single_toggle\" data-tags=\"{Tout} \"  ><p data-fake-id='#toggle-id-1' class='toggler  activeTitle '  itemprop=\"headline\"  role='tab' tabindex='0' aria-controls='toggle-id-1'>SP\u00c9CIFICATIONS TECHNIQUES<span class=\"toggle_icon\"><span class=\"vert_icon\"><\/span><span class=\"hor_icon\"><\/span><\/span><\/p><div id='toggle-id-1' class='toggle_wrap  active_tc' style='display:block;' ><div class='toggle_content invers-color '  itemprop=\"text\" ><p><strong>POIDS:<\/strong> 83 g<\/p>\n<p><strong>DIMENSIONS:<\/strong> 20,5 x 4,5 x 2,0 cm<\/p>\n<p><strong>PILES:<\/strong> 2 x 1,5V \u2013 AAA <em>(non incluses)<\/em><\/p>\n<\/div><\/div><\/div><\/section>\n<section class='av_toggle_section av-av_toggle-6743c0eccf76100f67d99df6e540fc68'  itemscope=\"itemscope\" itemtype=\"https:\/\/schema.org\/CreativeWork\" ><div role=\"tablist\" class=\"single_toggle\" data-tags=\"{Tout} \"  ><p data-fake-id='#toggle-id-2' class='toggler   '  itemprop=\"headline\"  role='tab' tabindex='0' aria-controls='toggle-id-2'>INFORMATIONS SUPPL\u00c9MENTAIRES<span class=\"toggle_icon\"><span class=\"vert_icon\"><\/span><span class=\"hor_icon\"><\/span><\/span><\/p><div id='toggle-id-2' class='toggle_wrap  '  ><div class='toggle_content invers-color '  itemprop=\"text\" ><p><strong>CODE:\u00a0<\/strong>SUPTRB002<\/p>\n<p><strong>CODE-BARRES:<\/strong>\u00a08054242080322<\/p>\n<p><strong>TYPE:<\/strong> T\u00e9l\u00e9commande universelle pr\u00eate \u00e0 l&#8217;emploi<\/p>\n<p><strong>CONFIGURATION:<\/strong> Pr\u00eate \u00e0 l&#8217;emploi, il suffit d&rsquo;ins\u00e9rer les piles<\/p>\n<p><strong>CONTENU DU BLISTER:<\/strong> Blister attractif et thermo-soud\u00e9, inclut : t\u00e9l\u00e9commande, mode d&#8217;emploi, garantie de 2 ans<\/p>\n<p><strong>BO\u00ceTE:<\/strong> Colis de 40 pi\u00e8ces<\/p>\n<\/div><\/div><\/div><\/section>\n<section class='av_toggle_section av-av_toggle-e382a71f70272c67d2a2810df292c15e'  itemscope=\"itemscope\" itemtype=\"https:\/\/schema.org\/CreativeWork\" ><div role=\"tablist\" class=\"single_toggle\" data-tags=\"{Tout} \"  ><p data-fake-id='#toggle-id-3' class='toggler   '  itemprop=\"headline\"  role='tab' tabindex='0' aria-controls='toggle-id-3'>T\u00e9l\u00e9charger<span class=\"toggle_icon\"><span class=\"vert_icon\"><\/span><span class=\"hor_icon\"><\/span><\/span><\/p><div id='toggle-id-3' class='toggle_wrap  '  ><div class='toggle_content invers-color '  itemprop=\"text\" ><div class=\"wpfd-single-file\">\n\n    <div class=\"wpfd-single-file--details wpfd-file-content\">\n                <p class=\"wpfd-file-content--description\">\n                    Fiches Technique\n                <\/p>\n    <\/div>\n    <div class=\"wpfd-single-file--buttons\">\n                                <a href=\"https:\/\/superior-electronics.com\/website\/download\/398\/datasheet\/25728\/lg-samsung-smart-datasheet-fr.pdf\"  data-id=\"25728\" title=\"Fiches Technique\" class=\"noLightbox wpfd_downloadlink wpfd-single-file-button wpfd-button-download\">\n                    <span>Download<\/span>\n                <\/a>\n    <\/div>\n<\/div>\n\n<\/div><\/div><\/div><\/section>\n<\/div><\/div>\n<style type=\"text\/css\" data-created_by=\"avia_inline_auto\" id=\"style-css-av-av_hr-0688d0b0b6ed2f8b057db7a8270206df\">\n#top .hr.hr-invisible.av-av_hr-0688d0b0b6ed2f8b057db7a8270206df{\nheight:50px;\n}\n<\/style>\n<div  class='hr av-av_hr-0688d0b0b6ed2f8b057db7a8270206df hr-invisible  avia-builder-el-12  el_after_av_one_third  avia-builder-el-last '><span class='hr-inner '><span class=\"hr-inner-style\"><\/span><\/span><\/div><\/p>\n","protected":false},"excerpt":{"rendered":"<p>\u2022 Pr\u00eate \u00e0 l\u2019emploi, sans programmation \u2022 Contr\u00f4le simultan\u00e9ment les TV LG et Samsung \u2022 Fonctions Smart et 3D<\/p>\n","protected":false},"author":1,"featured_media":35481,"parent":4769,"menu_order":30,"comment_status":"closed","ping_status":"closed","template":"","meta":{"inline_featured_image":false,"footnotes":""},"categories":[236,304],"tags":[],"class_list":["post-6732","page","type-page","status-publish","has-post-thumbnail","hentry","category-consumer-fr","category-prete-a-lemploi"],"yoast_head":"<!-- This site is optimized with the Yoast SEO plugin v27.4 - https:\/\/yoast.com\/product\/yoast-seo-wordpress\/ -->\n<title>LG\/Samsung - Smart - Superior Electronics<\/title>\n<meta name=\"robots\" content=\"index, follow, max-snippet:-1, max-image-preview:large, max-video-preview:-1\" \/>\n<link rel=\"canonical\" href=\"https:\/\/superior-electronics.com\/fr\/produits\/telecommandes\/consumer\/superior-universal-smart-lg-samsung\/\" \/>\n<meta property=\"og:locale\" content=\"fr_FR\" \/>\n<meta property=\"og:type\" content=\"article\" \/>\n<meta property=\"og:title\" content=\"LG\/Samsung - Smart - Superior Electronics\" \/>\n<meta property=\"og:description\" content=\"\u2022 Pr\u00eate \u00e0 l\u2019emploi, sans programmation \u2022 Contr\u00f4le simultan\u00e9ment les TV LG et Samsung \u2022 Fonctions Smart et 3D\" \/>\n<meta property=\"og:url\" content=\"https:\/\/superior-electronics.com\/fr\/produits\/telecommandes\/consumer\/superior-universal-smart-lg-samsung\/\" \/>\n<meta property=\"og:site_name\" content=\"Superior Electronics\" \/>\n<meta property=\"article:modified_time\" content=\"2024-05-07T15:51:43+00:00\" \/>\n<meta property=\"og:image\" content=\"https:\/\/superior-electronics.com\/website\/wp-content\/uploads\/2022\/05\/Immagini-Evidenza-lg-samsung.jpg\" \/>\n\t<meta property=\"og:image:width\" content=\"600\" \/>\n\t<meta property=\"og:image:height\" content=\"600\" \/>\n\t<meta property=\"og:image:type\" content=\"image\/jpeg\" \/>\n<meta name=\"twitter:card\" content=\"summary_large_image\" \/>\n<meta name=\"twitter:label1\" content=\"Dur\u00e9e de lecture estim\u00e9e\" \/>\n\t<meta name=\"twitter:data1\" content=\"4 minutes\" \/>\n<script type=\"application\/ld+json\" class=\"yoast-schema-graph\">{\"@context\":\"https:\\\/\\\/schema.org\",\"@graph\":[{\"@type\":\"WebPage\",\"@id\":\"https:\\\/\\\/superior-electronics.com\\\/fr\\\/produits\\\/telecommandes\\\/consumer\\\/superior-universal-smart-lg-samsung\\\/\",\"url\":\"https:\\\/\\\/superior-electronics.com\\\/fr\\\/produits\\\/telecommandes\\\/consumer\\\/superior-universal-smart-lg-samsung\\\/\",\"name\":\"LG\\\/Samsung - Smart - Superior Electronics\",\"isPartOf\":{\"@id\":\"https:\\\/\\\/superior-electronics.com\\\/fr\\\/#website\"},\"primaryImageOfPage\":{\"@id\":\"https:\\\/\\\/superior-electronics.com\\\/fr\\\/produits\\\/telecommandes\\\/consumer\\\/superior-universal-smart-lg-samsung\\\/#primaryimage\"},\"image\":{\"@id\":\"https:\\\/\\\/superior-electronics.com\\\/fr\\\/produits\\\/telecommandes\\\/consumer\\\/superior-universal-smart-lg-samsung\\\/#primaryimage\"},\"thumbnailUrl\":\"https:\\\/\\\/superior-electronics.com\\\/website\\\/wp-content\\\/uploads\\\/2022\\\/05\\\/Immagini-Evidenza-lg-samsung.jpg\",\"datePublished\":\"2017-03-10T09:36:19+00:00\",\"dateModified\":\"2024-05-07T15:51:43+00:00\",\"breadcrumb\":{\"@id\":\"https:\\\/\\\/superior-electronics.com\\\/fr\\\/produits\\\/telecommandes\\\/consumer\\\/superior-universal-smart-lg-samsung\\\/#breadcrumb\"},\"inLanguage\":\"fr-FR\",\"potentialAction\":[{\"@type\":\"ReadAction\",\"target\":[\"https:\\\/\\\/superior-electronics.com\\\/fr\\\/produits\\\/telecommandes\\\/consumer\\\/superior-universal-smart-lg-samsung\\\/\"]}]},{\"@type\":\"ImageObject\",\"inLanguage\":\"fr-FR\",\"@id\":\"https:\\\/\\\/superior-electronics.com\\\/fr\\\/produits\\\/telecommandes\\\/consumer\\\/superior-universal-smart-lg-samsung\\\/#primaryimage\",\"url\":\"https:\\\/\\\/superior-electronics.com\\\/website\\\/wp-content\\\/uploads\\\/2022\\\/05\\\/Immagini-Evidenza-lg-samsung.jpg\",\"contentUrl\":\"https:\\\/\\\/superior-electronics.com\\\/website\\\/wp-content\\\/uploads\\\/2022\\\/05\\\/Immagini-Evidenza-lg-samsung.jpg\",\"width\":600,\"height\":600},{\"@type\":\"BreadcrumbList\",\"@id\":\"https:\\\/\\\/superior-electronics.com\\\/fr\\\/produits\\\/telecommandes\\\/consumer\\\/superior-universal-smart-lg-samsung\\\/#breadcrumb\",\"itemListElement\":[{\"@type\":\"ListItem\",\"position\":1,\"name\":\"Home\",\"item\":\"https:\\\/\\\/superior-electronics.com\\\/fr\\\/superior-electronics\\\/\"},{\"@type\":\"ListItem\",\"position\":2,\"name\":\"Produits\",\"item\":\"https:\\\/\\\/superior-electronics.com\\\/fr\\\/produits\\\/\"},{\"@type\":\"ListItem\",\"position\":3,\"name\":\"T\u00e9l\u00e9commandes\",\"item\":\"https:\\\/\\\/superior-electronics.com\\\/fr\\\/produits\\\/telecommandes\\\/\"},{\"@type\":\"ListItem\",\"position\":4,\"name\":\"Consumer\",\"item\":\"https:\\\/\\\/superior-electronics.com\\\/fr\\\/produits\\\/telecommandes\\\/consumer\\\/\"},{\"@type\":\"ListItem\",\"position\":5,\"name\":\"LG\\\/Samsung &#8211; Smart\"}]},{\"@type\":\"WebSite\",\"@id\":\"https:\\\/\\\/superior-electronics.com\\\/fr\\\/#website\",\"url\":\"https:\\\/\\\/superior-electronics.com\\\/fr\\\/\",\"name\":\"Superior Electronics\",\"description\":\"Telecomandi programmabili\",\"publisher\":{\"@id\":\"https:\\\/\\\/superior-electronics.com\\\/fr\\\/#organization\"},\"potentialAction\":[{\"@type\":\"SearchAction\",\"target\":{\"@type\":\"EntryPoint\",\"urlTemplate\":\"https:\\\/\\\/superior-electronics.com\\\/fr\\\/?s={search_term_string}\"},\"query-input\":{\"@type\":\"PropertyValueSpecification\",\"valueRequired\":true,\"valueName\":\"search_term_string\"}}],\"inLanguage\":\"fr-FR\"},{\"@type\":\"Organization\",\"@id\":\"https:\\\/\\\/superior-electronics.com\\\/fr\\\/#organization\",\"name\":\"Superior Srl\",\"url\":\"https:\\\/\\\/superior-electronics.com\\\/fr\\\/\",\"logo\":{\"@type\":\"ImageObject\",\"inLanguage\":\"fr-FR\",\"@id\":\"https:\\\/\\\/superior-electronics.com\\\/fr\\\/#\\\/schema\\\/logo\\\/image\\\/\",\"url\":\"https:\\\/\\\/superior-electronics.com\\\/website\\\/wp-content\\\/uploads\\\/2017\\\/09\\\/Superior-logo-header-new.png\",\"contentUrl\":\"https:\\\/\\\/superior-electronics.com\\\/website\\\/wp-content\\\/uploads\\\/2017\\\/09\\\/Superior-logo-header-new.png\",\"width\":528,\"height\":156,\"caption\":\"Superior Srl\"},\"image\":{\"@id\":\"https:\\\/\\\/superior-electronics.com\\\/fr\\\/#\\\/schema\\\/logo\\\/image\\\/\"}}]}<\/script>\n<!-- \/ Yoast SEO plugin. -->","yoast_head_json":{"title":"LG\/Samsung - Smart - Superior Electronics","robots":{"index":"index","follow":"follow","max-snippet":"max-snippet:-1","max-image-preview":"max-image-preview:large","max-video-preview":"max-video-preview:-1"},"canonical":"https:\/\/superior-electronics.com\/fr\/produits\/telecommandes\/consumer\/superior-universal-smart-lg-samsung\/","og_locale":"fr_FR","og_type":"article","og_title":"LG\/Samsung - Smart - Superior Electronics","og_description":"\u2022 Pr\u00eate \u00e0 l\u2019emploi, sans programmation \u2022 Contr\u00f4le simultan\u00e9ment les TV LG et Samsung \u2022 Fonctions Smart et 3D","og_url":"https:\/\/superior-electronics.com\/fr\/produits\/telecommandes\/consumer\/superior-universal-smart-lg-samsung\/","og_site_name":"Superior Electronics","article_modified_time":"2024-05-07T15:51:43+00:00","og_image":[{"width":600,"height":600,"url":"https:\/\/superior-electronics.com\/website\/wp-content\/uploads\/2022\/05\/Immagini-Evidenza-lg-samsung.jpg","type":"image\/jpeg"}],"twitter_card":"summary_large_image","twitter_misc":{"Dur\u00e9e de lecture estim\u00e9e":"4 minutes"},"schema":{"@context":"https:\/\/schema.org","@graph":[{"@type":"WebPage","@id":"https:\/\/superior-electronics.com\/fr\/produits\/telecommandes\/consumer\/superior-universal-smart-lg-samsung\/","url":"https:\/\/superior-electronics.com\/fr\/produits\/telecommandes\/consumer\/superior-universal-smart-lg-samsung\/","name":"LG\/Samsung - Smart - Superior Electronics","isPartOf":{"@id":"https:\/\/superior-electronics.com\/fr\/#website"},"primaryImageOfPage":{"@id":"https:\/\/superior-electronics.com\/fr\/produits\/telecommandes\/consumer\/superior-universal-smart-lg-samsung\/#primaryimage"},"image":{"@id":"https:\/\/superior-electronics.com\/fr\/produits\/telecommandes\/consumer\/superior-universal-smart-lg-samsung\/#primaryimage"},"thumbnailUrl":"https:\/\/superior-electronics.com\/website\/wp-content\/uploads\/2022\/05\/Immagini-Evidenza-lg-samsung.jpg","datePublished":"2017-03-10T09:36:19+00:00","dateModified":"2024-05-07T15:51:43+00:00","breadcrumb":{"@id":"https:\/\/superior-electronics.com\/fr\/produits\/telecommandes\/consumer\/superior-universal-smart-lg-samsung\/#breadcrumb"},"inLanguage":"fr-FR","potentialAction":[{"@type":"ReadAction","target":["https:\/\/superior-electronics.com\/fr\/produits\/telecommandes\/consumer\/superior-universal-smart-lg-samsung\/"]}]},{"@type":"ImageObject","inLanguage":"fr-FR","@id":"https:\/\/superior-electronics.com\/fr\/produits\/telecommandes\/consumer\/superior-universal-smart-lg-samsung\/#primaryimage","url":"https:\/\/superior-electronics.com\/website\/wp-content\/uploads\/2022\/05\/Immagini-Evidenza-lg-samsung.jpg","contentUrl":"https:\/\/superior-electronics.com\/website\/wp-content\/uploads\/2022\/05\/Immagini-Evidenza-lg-samsung.jpg","width":600,"height":600},{"@type":"BreadcrumbList","@id":"https:\/\/superior-electronics.com\/fr\/produits\/telecommandes\/consumer\/superior-universal-smart-lg-samsung\/#breadcrumb","itemListElement":[{"@type":"ListItem","position":1,"name":"Home","item":"https:\/\/superior-electronics.com\/fr\/superior-electronics\/"},{"@type":"ListItem","position":2,"name":"Produits","item":"https:\/\/superior-electronics.com\/fr\/produits\/"},{"@type":"ListItem","position":3,"name":"T\u00e9l\u00e9commandes","item":"https:\/\/superior-electronics.com\/fr\/produits\/telecommandes\/"},{"@type":"ListItem","position":4,"name":"Consumer","item":"https:\/\/superior-electronics.com\/fr\/produits\/telecommandes\/consumer\/"},{"@type":"ListItem","position":5,"name":"LG\/Samsung &#8211; Smart"}]},{"@type":"WebSite","@id":"https:\/\/superior-electronics.com\/fr\/#website","url":"https:\/\/superior-electronics.com\/fr\/","name":"Superior Electronics","description":"Telecomandi programmabili","publisher":{"@id":"https:\/\/superior-electronics.com\/fr\/#organization"},"potentialAction":[{"@type":"SearchAction","target":{"@type":"EntryPoint","urlTemplate":"https:\/\/superior-electronics.com\/fr\/?s={search_term_string}"},"query-input":{"@type":"PropertyValueSpecification","valueRequired":true,"valueName":"search_term_string"}}],"inLanguage":"fr-FR"},{"@type":"Organization","@id":"https:\/\/superior-electronics.com\/fr\/#organization","name":"Superior Srl","url":"https:\/\/superior-electronics.com\/fr\/","logo":{"@type":"ImageObject","inLanguage":"fr-FR","@id":"https:\/\/superior-electronics.com\/fr\/#\/schema\/logo\/image\/","url":"https:\/\/superior-electronics.com\/website\/wp-content\/uploads\/2017\/09\/Superior-logo-header-new.png","contentUrl":"https:\/\/superior-electronics.com\/website\/wp-content\/uploads\/2017\/09\/Superior-logo-header-new.png","width":528,"height":156,"caption":"Superior Srl"},"image":{"@id":"https:\/\/superior-electronics.com\/fr\/#\/schema\/logo\/image\/"}}]}},"_links":{"self":[{"href":"https:\/\/superior-electronics.com\/fr\/wp-json\/wp\/v2\/pages\/6732","targetHints":{"allow":["GET"]}}],"collection":[{"href":"https:\/\/superior-electronics.com\/fr\/wp-json\/wp\/v2\/pages"}],"about":[{"href":"https:\/\/superior-electronics.com\/fr\/wp-json\/wp\/v2\/types\/page"}],"author":[{"embeddable":true,"href":"https:\/\/superior-electronics.com\/fr\/wp-json\/wp\/v2\/users\/1"}],"replies":[{"embeddable":true,"href":"https:\/\/superior-electronics.com\/fr\/wp-json\/wp\/v2\/comments?post=6732"}],"version-history":[{"count":6,"href":"https:\/\/superior-electronics.com\/fr\/wp-json\/wp\/v2\/pages\/6732\/revisions"}],"predecessor-version":[{"id":39213,"href":"https:\/\/superior-electronics.com\/fr\/wp-json\/wp\/v2\/pages\/6732\/revisions\/39213"}],"up":[{"embeddable":true,"href":"https:\/\/superior-electronics.com\/fr\/wp-json\/wp\/v2\/pages\/4769"}],"wp:featuredmedia":[{"embeddable":true,"href":"https:\/\/superior-electronics.com\/fr\/wp-json\/wp\/v2\/media\/35481"}],"wp:attachment":[{"href":"https:\/\/superior-electronics.com\/fr\/wp-json\/wp\/v2\/media?parent=6732"}],"wp:term":[{"taxonomy":"category","embeddable":true,"href":"https:\/\/superior-electronics.com\/fr\/wp-json\/wp\/v2\/categories?post=6732"},{"taxonomy":"post_tag","embeddable":true,"href":"https:\/\/superior-electronics.com\/fr\/wp-json\/wp\/v2\/tags?post=6732"}],"curies":[{"name":"wp","href":"https:\/\/api.w.org\/{rel}","templated":true}]}}