{"id":4798,"date":"2016-12-15T14:44:56","date_gmt":"2016-12-15T13:44:56","guid":{"rendered":"https:\/\/superior-electronics.com\/website\/privacy-cookies-policy\/"},"modified":"2017-02-16T13:00:48","modified_gmt":"2017-02-16T12:00:48","slug":"vie-privee-politique-de-cookie","status":"publish","type":"page","link":"https:\/\/superior-electronics.com\/fr\/vie-privee-politique-de-cookie\/","title":{"rendered":"Vie priv\u00e9e &#038; Politique de cookie"},"content":{"rendered":"\n<style type=\"text\/css\" data-created_by=\"avia_inline_auto\" id=\"style-css-av-av_one_full-6126cab7d8fab8d08143dd2dacdf673c\">\n.flex_column.av-av_one_full-6126cab7d8fab8d08143dd2dacdf673c{\n-webkit-border-radius:0px 0px 0px 0px;\n-moz-border-radius:0px 0px 0px 0px;\nborder-radius:0px 0px 0px 0px;\npadding:0px 0px 0px 0px;\n}\n<\/style>\n<div  class='flex_column av-av_one_full-6126cab7d8fab8d08143dd2dacdf673c av_one_full  avia-builder-el-0  avia-builder-el-no-sibling  first flex_column_div av-zero-column-padding  '     ><section  class='av_textblock_section av-av_textblock-35972167d9f102c5ddaec0c531c98b9e '   itemscope=\"itemscope\" itemtype=\"https:\/\/schema.org\/CreativeWork\" ><div class='avia_textblock'  itemprop=\"text\" ><h1>Privacy &amp; Cookies Policy<\/h1>\n<p>Propri\u00e9taire et Responsable du Traitement des Donn\u00e9es: <strong>Superior Srl &#8211; Largo R. Lanciani, 24 &#8211; 00162 Roma<\/strong><\/p>\n<p>Les Donn\u00e9es Personnelles collect\u00e9es par cette Application, de mani\u00e8re autonome par la volont\u00e9 expresse de l&rsquo;Utilisateur ou par des tiers, incluent : Nom, Raison sociale, E-mail, Cookies et Donn\u00e9es d&rsquo;utilisation. D&rsquo;autres types de Donn\u00e9es Personnelles que celles \u00e9num\u00e9r\u00e9es ci-dessus peuvent parfois \u00eatre collect\u00e9es : dans ce cas, cela sera ponctuellement indiqu\u00e9 dans d&rsquo;autres sections de cette politique de confidentialit\u00e9 ou par des textes informatifs affich\u00e9s simultan\u00e9ment \u00e0 la collecte de donn\u00e9es.<\/p>\n<p>Le Traitement est effectu\u00e9 en utilisant des outils informatiques et \/ ou t\u00e9l\u00e9matiques avec des modalit\u00e9s d&rsquo;organisation et des logiques \u00e9troitement li\u00e9es aux finalit\u00e9s de la fourniture du service qui est demand\u00e9 par l&rsquo;Utilisateur. L\u2019utilisation de cookies \u2013 ou de tout autre outil de tra\u00e7abilit\u00e9 \u2013 par cette Application, ou par les propri\u00e9taires de services offerts par des tiers, utilis\u00e9s par cette Application, a pour seul but, sauf mention contraire, d&rsquo;identifier les Utilisateurs et d&rsquo;enregistrer leurs pr\u00e9f\u00e9rences, aux seules fins de poursuivre les buts \u00e9nonc\u00e9s ci-dessous. Si certaines Donn\u00e9es Personnelles ne sont pas fournies par l&rsquo;Utilisateur, cette Application peut se trouver dans l&rsquo;impossibilit\u00e9 de fournir ses services. L\u2019Utilisateur assume aussi la responsabilit\u00e9 de la publication ou du partage de Donn\u00e9es Personnelles de tierces parties par le biais de cette Application et garantit avoir le droit de les communiquer ou de les diffuser, exon\u00e9rant ainsi le Propri\u00e9taire de toute responsabilit\u00e9 \u00e0 l&rsquo;\u00e9gard des tiers.<\/p>\n<p>Le Propri\u00e9taire traite les Donn\u00e9es Personnelles des Utilisateurs en adoptant toutes les mesures de s\u00e9curit\u00e9 appropri\u00e9es pour emp\u00eacher l&rsquo;acc\u00e8s, la divulgation, la modification ou la destruction non autoris\u00e9s des Donn\u00e9es Personnelles. En plus du Propri\u00e9taire, dans certains cas, certaines cat\u00e9gories de personnes en charge des op\u00e9rations du site (personnel administratif, commercial, marketing, service juridique, administrateurs du syst\u00e8me) ou des parties externes (telles que les fournisseurs tiers de services techniques, les services de messagerie, les fournisseurs d&rsquo;h\u00e9bergement, les soci\u00e9t\u00e9s informatiques, les agences de communication) pourraient avoir acc\u00e8s aux Donn\u00e9es et \u00eatre \u00e9galement d\u00e9sign\u00e9es, le cas \u00e9ch\u00e9ant, comme Responsables du Traitement par le Propri\u00e9taire. La liste mise \u00e0 jour des Responsables peut \u00eatre demand\u00e9e \u00e0 tout moment au Propri\u00e9taire du Traitement.<\/p>\n<p>Les Donn\u00e9es sont trait\u00e9es pendant le temps n\u00e9cessaire pour fournir le service demand\u00e9 par l&rsquo;Utilisateur, ou tel qu&rsquo;\u00e9nonc\u00e9 dans les objectifs d\u00e9crits dans ce document. L\u2019Utilisateur peut demander \u00e0 tout moment la suspension du Traitement ou la suppression des Donn\u00e9es. Les Donn\u00e9es sont trait\u00e9es aux si\u00e8ges du Propri\u00e9taire et dans tout autre lieu o\u00f9 les parties impliqu\u00e9es dans le Traitement sont \u00e9tablies.<\/p>\n<p>Les Donn\u00e9es Personnelles de l&rsquo;Utilisateur peuvent \u00eatre utilis\u00e9es \u00e0 des fins l\u00e9gales par le Propri\u00e9taire devant les tribunaux ou \u00e0 toute \u00e9tape menant \u00e0 une \u00e9ventuelle action juridique r\u00e9sultant d&rsquo;une utilisation abusive de celles-ci ou des services connexes de la part de l&rsquo;Utilisateur. L\u2019Utilisateur d\u00e9clare \u00eatre \u00e0 connaissance qu&rsquo;il pourrait \u00eatre demand\u00e9 au Propri\u00e9taire de r\u00e9v\u00e9ler les Donn\u00e9es \u00e0 la demande des autorit\u00e9s publiques.<\/p>\n<p>Les sujets auxquels se r\u00e9f\u00e8rent les Donn\u00e9es Personnelles ont le droit d&rsquo;obtenir \u00e0 tout moment la confirmation de leur existence ou non aupr\u00e8s du Propri\u00e9taire du Traitement, de conna\u00eetre leur contenu et leur origine, de v\u00e9rifier leur exactitude ou de demander leur int\u00e9gration, leur suppression, leur mise \u00e0 jour, leur rectification, leur anonymisation ou le blocage des Donn\u00e9es Personnelles trait\u00e9es en violation de la loi, et de s&rsquo;opposer en tout cas, pour des raisons l\u00e9gitimes, \u00e0 leur Traitement. Les demandes devront \u00eatre adress\u00e9es au Propri\u00e9taire du Traitement.<\/p>\n<p>Le Propri\u00e9taire du Traitement se r\u00e9serve le droit d&rsquo;apporter \u00e0 tout moment des modifications \u00e0 cette politique de confidentialit\u00e9, par avis donn\u00e9 aux Utilisateurs sur cette page. Il est recommand\u00e9 de consulter r\u00e9guli\u00e8rement cette page, en se r\u00e9f\u00e9rant \u00e0 la date de la derni\u00e8re modification indiqu\u00e9e au bas. En cas de non-acceptation des modifications apport\u00e9es \u00e0 la pr\u00e9sente politique de confidentialit\u00e9, l\u2019Utilisateur doit cesser d&rsquo;utiliser cette Application et peut demander au Propri\u00e9taire du Traitement de supprimer ses Donn\u00e9es Personnelles. Sauf mention contraire, la politique de confidentialit\u00e9 pr\u00e9c\u00e9dente continuera de s&rsquo;appliquer aux Donn\u00e9es Personnelles qui ont \u00e9t\u00e9 collect\u00e9es jusqu&rsquo;\u00e0 ce moment-l\u00e0.<\/p>\n<p>De plus amples informations en ce qui concerne le Traitement des Donn\u00e9es Personnelles peuvent \u00eatre demand\u00e9es \u00e0 tout moment au Propri\u00e9taire du Traitement en utilisant les informations de contact.<\/p>\n<p>Les Donn\u00e9es de l&rsquo;Utilisateur sont collect\u00e9es pour permettre au Propri\u00e9taire de fournir ses services, ainsi que pour les finalit\u00e9s suivantes : Formulaire de contact, Statistiques, Gestion des adresses et envoi de courriels et Interaction avec les r\u00e9seaux sociaux et les plateformes externes. \u00c0 des fins d&rsquo;exploitation et de maintenance, cette Application et tout autre service tiers qu&rsquo;elle utilise, peuvent collecter des journaux du syst\u00e8me, \u00e0 savoir des fichiers qui enregistrent les interactions et qui peuvent \u00e9galement contenir des Donn\u00e9es Personnelles, telle que l&rsquo;adresse IP de l&rsquo;Utilisateur. Cette Application ne supporte pas les requ\u00eates \u201cDo NotTrack\u201d. Pour savoir si elles sont support\u00e9es par les \u00e9ventuels services de tierces parties utilis\u00e9s, consulter les politiques de confidentialit\u00e9 respectives. Les types de Donn\u00e9es Personnelles utilis\u00e9es pour chaque finalit\u00e9 sont indiqu\u00e9s dans les sections sp\u00e9cifiques de ce document.<\/p>\n<h3>Formulaire de contact (cette Application)<\/h3>\n<p>En remplissant le formulaire de contact avec ses Donn\u00e9es, l&rsquo;Utilisateur accepte leur utilisation pour r\u00e9pondre aux demandes d&rsquo;informations, de devis ou de toute autre nature indiqu\u00e9e par le libell\u00e9 du formulaire.<\/p>\n<p>Donn\u00e9es Personnelles collect\u00e9es : E-mail, Nom et Raison sociale.<\/p>\n<p>Lieu du Traitement : Italie<\/p>\n<h3>Statistiques<\/h3>\n<p>Les services contenus dans cette section permettent au Propri\u00e9taire du Traitement de suivre et analyser les Donn\u00e9es de trafic et sont utilis\u00e9s pour garder la trace du comportement de l&rsquo;Utilisateur.<\/p>\n<h3>Gestion des adresses et envoi de courriels<\/h3>\n<p>Ces services permettent de g\u00e9rer une base de Donn\u00e9es de contacts de messagerie, de contacts de t\u00e9l\u00e9phone ou de contacts d&rsquo;un tout autre type, qui sont utilis\u00e9s pour communiquer avec l\u2019Utilisateur. Ces services peuvent \u00e9galement permettre de collecter des Donn\u00e9es sur la date et l&rsquo;heure de visualisation des messages de la part de l&rsquo;Utilisateur, ainsi que sur l&rsquo;interaction de l&rsquo;Utilisateur avec eux, telles que les informations sur les clics sur les liens ins\u00e9r\u00e9s dans les messages.<\/p>\n<h3>Interaction avec les r\u00e9seaux sociaux et les plateformes externes<\/h3>\n<p>Ces services permettent d&rsquo;effectuer des interactions avec les r\u00e9seaux sociaux, ou avec d&rsquo;autres plateformes externes, directement \u00e0 partir des pages de cette Application. Les interactions et les informations collect\u00e9es \u00e0 partir de cette Application sont li\u00e9es, dans tous les cas, aux param\u00e8tres de confidentialit\u00e9 qui sont configur\u00e9s par l\u2019Utilisateur pour chaque r\u00e9seau social. Si un service d&rsquo;interaction avec les r\u00e9seaux sociaux est install\u00e9, il est possible que, m\u00eame si les Utilisateurs n&rsquo;utilisent pas le service, celui-ci collecte des Donn\u00e9es de trafic sur les pages o\u00f9 il est install\u00e9.<\/p>\n<h3>Google Analytics (Google Inc.)<\/h3>\n<p>Google Analytics est un service d&rsquo;analyse de site Internet fourni par Google Inc. (\u201cGoogle\u201d). Google utilise les Donn\u00e9es Personnelles collect\u00e9es afin de tracer et examiner l&rsquo;utilisation de cette Application, \u00e9tablir des rapports et les partager avec d&rsquo;autres services d\u00e9velopp\u00e9s par Google. Google peut utiliser les Donn\u00e9es Personnelles pour contextualiser et personnaliser les annonces de son propre r\u00e9seau de publicit\u00e9.<\/p>\n<p>Donn\u00e9es Personnelles collect\u00e9es : Cookies et Donn\u00e9es d&rsquo;utilisation.<\/p>\n<p>Lieu de Traitement : \u00c9tats-Unis \u2013 <a href=\"http:\/\/www.google.com\/policies\/privacy\/\">Privacy Policy<\/a><\/p>\n<h2>D\u00e9finitions<\/h2>\n<h3>Donn\u00e9es Personnelles (ou Donn\u00e9es)<\/h3>\n<p>Est une donn\u00e9e personnelle toute information relative \u00e0 une personne physique, identifi\u00e9e ou identifiable, m\u00eame indirectement, par r\u00e9f\u00e9rence \u00e0 toute autre information, y compris un num\u00e9ro d&rsquo;identification personnelle.<\/p>\n<h3>Donn\u00e9es d&rsquo;utilisation<\/h3>\n<p>Ce sont les informations collect\u00e9es de mani\u00e8re automatique par cette Application (ou par les Applications de tiers que cette Application utilise), parmi lesquelles : les adresses IP ou les noms de domaine des ordinateurs utilis\u00e9s par l&rsquo;Utilisateur qui se connecte \u00e0 cette Application, les adresses URI (Uniform Resource Identifier), l&rsquo;heure de la requ\u00eate, la m\u00e9thode utilis\u00e9e pour soumettre la requ\u00eate au serveur, la dimension du fichier re\u00e7u en r\u00e9ponse, le code num\u00e9rique indiquant le statut de la r\u00e9ponse du serveur (succ\u00e8s, erreur, etc.), le pays de provenance, les caract\u00e9ristiques du navigateur et du syst\u00e8me d&rsquo;exploitation utilis\u00e9s par le visiteur, les diff\u00e9rentes informations temporelles de la visite (par exemple, le temps pass\u00e9 sur chaque page) et les d\u00e9tails relatifs au chemin suivi dans l&rsquo;Application, avec une r\u00e9f\u00e9rence particuli\u00e8re \u00e0 la s\u00e9quence des pages visit\u00e9es, aux param\u00e8tres concernant le syst\u00e8me d&rsquo;exploitation et \u00e0 l&rsquo;environnement informatique de l&rsquo;Utilisateur.<\/p>\n<h3>Utilisateur<\/h3>\n<p>L&rsquo;individu qui utilise cette Application, qui doit \u00eatre la personne concern\u00e9e ou \u00eatre autoris\u00e9 par celle-ci et dont les Donn\u00e9es Personnelles font l&rsquo;objet du Traitement.<\/p>\n<h3>Personne concern\u00e9e<\/h3>\n<p>La personne physique ou morale \u00e0 laquelle les Donn\u00e9es Personnelles se r\u00e9f\u00e8rent.<\/p>\n<h3>Responsable du Traitement (ou Responsable)<\/h3>\n<p>La personne physique ou morale, l&rsquo;administration publique et toute autre entit\u00e9, association ou organisme charg\u00e9s du Traitement des Donn\u00e9es Personnelles par le Propri\u00e9taire, en conformit\u00e9 avec la pr\u00e9sente politique de confidentialit\u00e9.<\/p>\n<h3>Propri\u00e9taire du Traitement (ou Propri\u00e9taire)<\/h3>\n<p>La personne physique ou morale, l&rsquo;administration publique et toute autre entit\u00e9, association ou organisme \u00e9tant habilit\u00e9, m\u00eame conjointement avec un autre responsable, \u00e0 prendre les d\u00e9cisions concernant les finalit\u00e9s, les modalit\u00e9s de Traitement des Donn\u00e9es Personnelles et les outils utilis\u00e9s, y compris les mesures de s\u00e9curit\u00e9 concernant l&rsquo;exploitation et l&rsquo;utilisation de cette Application. Sauf mention contraire, le Propri\u00e9taire du Traitement est le propri\u00e9taire de cette Application.<\/p>\n<h3>Cette Application<\/h3>\n<p>L&rsquo;outil mat\u00e9riel ou logiciel gr\u00e2ce auquel les Donn\u00e9es Personnelles des Utilisateurs sont collect\u00e9es.<\/p>\n<h3>Cookie<\/h3>\n<p>Petite portion de Donn\u00e9es stock\u00e9e \u00e0 l&rsquo;int\u00e9rieur du dispositif de l\u2019Utilisateur.<\/p>\n<h2>Mentions legales<\/h2>\n<p>Avis aux Utilisateurs europ\u00e9ens : cette politique de confidentialit\u00e9 a \u00e9t\u00e9 r\u00e9dig\u00e9e conform\u00e9ment aux dispositions de l\u2019Art. 10 de la Directive n\u00b0 95\/46\/CE, ainsi que de la Directive 2002\/58\/CE, telle que r\u00e9vis\u00e9e par la Directive 2009\/136\/CE portant sur les Cookies. Cette politique de confidentialit\u00e9 s&rsquo;applique exclusivement \u00e0 cette Application.<\/p>\n<\/div><\/section><\/div>\n","protected":false},"excerpt":{"rendered":"","protected":false},"author":1,"featured_media":0,"parent":0,"menu_order":999,"comment_status":"closed","ping_status":"closed","template":"","meta":{"inline_featured_image":false,"footnotes":""},"categories":[],"tags":[],"class_list":["post-4798","page","type-page","status-publish","hentry"],"yoast_head":"<!-- This site is optimized with the Yoast SEO plugin v27.3 - https:\/\/yoast.com\/product\/yoast-seo-wordpress\/ -->\n<title>Vie priv\u00e9e &amp; Politique de cookie - Superior Electronics<\/title>\n<meta name=\"robots\" content=\"noindex, nofollow\" \/>\n<meta property=\"og:locale\" content=\"fr_FR\" \/>\n<meta property=\"og:type\" content=\"article\" \/>\n<meta property=\"og:title\" content=\"Vie priv\u00e9e &amp; Politique de cookie - Superior Electronics\" \/>\n<meta property=\"og:url\" content=\"https:\/\/superior-electronics.com\/fr\/vie-privee-politique-de-cookie\/\" \/>\n<meta property=\"og:site_name\" content=\"Superior Electronics\" \/>\n<meta property=\"article:modified_time\" content=\"2017-02-16T12:00:48+00:00\" \/>\n<meta name=\"twitter:card\" content=\"summary_large_image\" \/>\n<meta name=\"twitter:label1\" content=\"Dur\u00e9e de lecture estim\u00e9e\" \/>\n\t<meta name=\"twitter:data1\" content=\"9 minutes\" \/>\n<script type=\"application\/ld+json\" class=\"yoast-schema-graph\">{\"@context\":\"https:\\\/\\\/schema.org\",\"@graph\":[{\"@type\":\"WebPage\",\"@id\":\"https:\\\/\\\/superior-electronics.com\\\/fr\\\/vie-privee-politique-de-cookie\\\/\",\"url\":\"https:\\\/\\\/superior-electronics.com\\\/fr\\\/vie-privee-politique-de-cookie\\\/\",\"name\":\"Vie priv\u00e9e & Politique de cookie - Superior Electronics\",\"isPartOf\":{\"@id\":\"https:\\\/\\\/superior-electronics.com\\\/fr\\\/#website\"},\"datePublished\":\"2016-12-15T13:44:56+00:00\",\"dateModified\":\"2017-02-16T12:00:48+00:00\",\"breadcrumb\":{\"@id\":\"https:\\\/\\\/superior-electronics.com\\\/fr\\\/vie-privee-politique-de-cookie\\\/#breadcrumb\"},\"inLanguage\":\"fr-FR\",\"potentialAction\":[{\"@type\":\"ReadAction\",\"target\":[\"https:\\\/\\\/superior-electronics.com\\\/fr\\\/vie-privee-politique-de-cookie\\\/\"]}]},{\"@type\":\"BreadcrumbList\",\"@id\":\"https:\\\/\\\/superior-electronics.com\\\/fr\\\/vie-privee-politique-de-cookie\\\/#breadcrumb\",\"itemListElement\":[{\"@type\":\"ListItem\",\"position\":1,\"name\":\"Home\",\"item\":\"https:\\\/\\\/superior-electronics.com\\\/fr\\\/superior-electronics\\\/\"},{\"@type\":\"ListItem\",\"position\":2,\"name\":\"Vie priv\u00e9e &#038; Politique de cookie\"}]},{\"@type\":\"WebSite\",\"@id\":\"https:\\\/\\\/superior-electronics.com\\\/fr\\\/#website\",\"url\":\"https:\\\/\\\/superior-electronics.com\\\/fr\\\/\",\"name\":\"Superior Electronics\",\"description\":\"Telecomandi programmabili\",\"publisher\":{\"@id\":\"https:\\\/\\\/superior-electronics.com\\\/fr\\\/#organization\"},\"potentialAction\":[{\"@type\":\"SearchAction\",\"target\":{\"@type\":\"EntryPoint\",\"urlTemplate\":\"https:\\\/\\\/superior-electronics.com\\\/fr\\\/?s={search_term_string}\"},\"query-input\":{\"@type\":\"PropertyValueSpecification\",\"valueRequired\":true,\"valueName\":\"search_term_string\"}}],\"inLanguage\":\"fr-FR\"},{\"@type\":\"Organization\",\"@id\":\"https:\\\/\\\/superior-electronics.com\\\/fr\\\/#organization\",\"name\":\"Superior Srl\",\"url\":\"https:\\\/\\\/superior-electronics.com\\\/fr\\\/\",\"logo\":{\"@type\":\"ImageObject\",\"inLanguage\":\"fr-FR\",\"@id\":\"https:\\\/\\\/superior-electronics.com\\\/fr\\\/#\\\/schema\\\/logo\\\/image\\\/\",\"url\":\"https:\\\/\\\/superior-electronics.com\\\/website\\\/wp-content\\\/uploads\\\/2017\\\/09\\\/Superior-logo-header-new.png\",\"contentUrl\":\"https:\\\/\\\/superior-electronics.com\\\/website\\\/wp-content\\\/uploads\\\/2017\\\/09\\\/Superior-logo-header-new.png\",\"width\":528,\"height\":156,\"caption\":\"Superior Srl\"},\"image\":{\"@id\":\"https:\\\/\\\/superior-electronics.com\\\/fr\\\/#\\\/schema\\\/logo\\\/image\\\/\"}}]}<\/script>\n<!-- \/ Yoast SEO plugin. -->","yoast_head_json":{"title":"Vie priv\u00e9e & Politique de cookie - Superior Electronics","robots":{"index":"noindex","follow":"nofollow"},"og_locale":"fr_FR","og_type":"article","og_title":"Vie priv\u00e9e & Politique de cookie - Superior Electronics","og_url":"https:\/\/superior-electronics.com\/fr\/vie-privee-politique-de-cookie\/","og_site_name":"Superior Electronics","article_modified_time":"2017-02-16T12:00:48+00:00","twitter_card":"summary_large_image","twitter_misc":{"Dur\u00e9e de lecture estim\u00e9e":"9 minutes"},"schema":{"@context":"https:\/\/schema.org","@graph":[{"@type":"WebPage","@id":"https:\/\/superior-electronics.com\/fr\/vie-privee-politique-de-cookie\/","url":"https:\/\/superior-electronics.com\/fr\/vie-privee-politique-de-cookie\/","name":"Vie priv\u00e9e & Politique de cookie - Superior Electronics","isPartOf":{"@id":"https:\/\/superior-electronics.com\/fr\/#website"},"datePublished":"2016-12-15T13:44:56+00:00","dateModified":"2017-02-16T12:00:48+00:00","breadcrumb":{"@id":"https:\/\/superior-electronics.com\/fr\/vie-privee-politique-de-cookie\/#breadcrumb"},"inLanguage":"fr-FR","potentialAction":[{"@type":"ReadAction","target":["https:\/\/superior-electronics.com\/fr\/vie-privee-politique-de-cookie\/"]}]},{"@type":"BreadcrumbList","@id":"https:\/\/superior-electronics.com\/fr\/vie-privee-politique-de-cookie\/#breadcrumb","itemListElement":[{"@type":"ListItem","position":1,"name":"Home","item":"https:\/\/superior-electronics.com\/fr\/superior-electronics\/"},{"@type":"ListItem","position":2,"name":"Vie priv\u00e9e &#038; Politique de cookie"}]},{"@type":"WebSite","@id":"https:\/\/superior-electronics.com\/fr\/#website","url":"https:\/\/superior-electronics.com\/fr\/","name":"Superior Electronics","description":"Telecomandi programmabili","publisher":{"@id":"https:\/\/superior-electronics.com\/fr\/#organization"},"potentialAction":[{"@type":"SearchAction","target":{"@type":"EntryPoint","urlTemplate":"https:\/\/superior-electronics.com\/fr\/?s={search_term_string}"},"query-input":{"@type":"PropertyValueSpecification","valueRequired":true,"valueName":"search_term_string"}}],"inLanguage":"fr-FR"},{"@type":"Organization","@id":"https:\/\/superior-electronics.com\/fr\/#organization","name":"Superior Srl","url":"https:\/\/superior-electronics.com\/fr\/","logo":{"@type":"ImageObject","inLanguage":"fr-FR","@id":"https:\/\/superior-electronics.com\/fr\/#\/schema\/logo\/image\/","url":"https:\/\/superior-electronics.com\/website\/wp-content\/uploads\/2017\/09\/Superior-logo-header-new.png","contentUrl":"https:\/\/superior-electronics.com\/website\/wp-content\/uploads\/2017\/09\/Superior-logo-header-new.png","width":528,"height":156,"caption":"Superior Srl"},"image":{"@id":"https:\/\/superior-electronics.com\/fr\/#\/schema\/logo\/image\/"}}]}},"_links":{"self":[{"href":"https:\/\/superior-electronics.com\/fr\/wp-json\/wp\/v2\/pages\/4798","targetHints":{"allow":["GET"]}}],"collection":[{"href":"https:\/\/superior-electronics.com\/fr\/wp-json\/wp\/v2\/pages"}],"about":[{"href":"https:\/\/superior-electronics.com\/fr\/wp-json\/wp\/v2\/types\/page"}],"author":[{"embeddable":true,"href":"https:\/\/superior-electronics.com\/fr\/wp-json\/wp\/v2\/users\/1"}],"replies":[{"embeddable":true,"href":"https:\/\/superior-electronics.com\/fr\/wp-json\/wp\/v2\/comments?post=4798"}],"version-history":[{"count":3,"href":"https:\/\/superior-electronics.com\/fr\/wp-json\/wp\/v2\/pages\/4798\/revisions"}],"predecessor-version":[{"id":8729,"href":"https:\/\/superior-electronics.com\/fr\/wp-json\/wp\/v2\/pages\/4798\/revisions\/8729"}],"wp:attachment":[{"href":"https:\/\/superior-electronics.com\/fr\/wp-json\/wp\/v2\/media?parent=4798"}],"wp:term":[{"taxonomy":"category","embeddable":true,"href":"https:\/\/superior-electronics.com\/fr\/wp-json\/wp\/v2\/categories?post=4798"},{"taxonomy":"post_tag","embeddable":true,"href":"https:\/\/superior-electronics.com\/fr\/wp-json\/wp\/v2\/tags?post=4798"}],"curies":[{"name":"wp","href":"https:\/\/api.w.org\/{rel}","templated":true}]}}