{"id":44912,"date":"2026-03-20T18:11:11","date_gmt":"2026-03-20T17:11:11","guid":{"rendered":"https:\/\/superior-electronics.com\/specifications-decoconception\/"},"modified":"2026-03-30T16:12:26","modified_gmt":"2026-03-30T14:12:26","slug":"specifications-decoconception","status":"publish","type":"page","link":"https:\/\/superior-electronics.com\/fr\/specifications-decoconception\/","title":{"rendered":"SP\u00c9CIFICATIONS D&rsquo;\u00c9COCONCEPTION"},"content":{"rendered":"<section  class='av_textblock_section av-mmz3tqr7-be84494189f91ef98ee4781274b21297 '   itemscope=\"itemscope\" itemtype=\"https:\/\/schema.org\/CreativeWork\" ><div class='avia_textblock'  itemprop=\"text\" ><p><strong>SUPiCM001 &#8211;\u00a0FULL HD+ Wireless Indoor Smart Camera<\/strong><\/p>\n<ul>\n<li><span lang=\"FR\" data-olk-copy-source=\"MessageBody\">Consommation d&rsquo;\u00e9nergie en mode veille:<\/span><span lang=\"FR\">0,6 W.<\/span><\/li>\n<li><span lang=\"FR\">Consommation d&rsquo;\u00e9nergie en mode veille avec maintien de la connexion au r\u00e9seau:<\/span><span lang=\"FR\"> 0,6 W.<\/span><\/li>\n<li><span lang=\"FR\">Activer\/D\u00e9sactiver les ports r\u00e9seau (filaires\/sans fil):<\/span><span lang=\"FR\">\u00a0Dissociez la cam\u00e9ra de l&rsquo;application ou maintenez le bouton de r\u00e9initialisation enfonc\u00e9 jusqu&rsquo;au signal sonore.<\/span><\/li>\n<li><span lang=\"FR\">Mode veille automatique:<\/span><span lang=\"FR\">\u00a01 minute.<\/span><\/li>\n<li><span lang=\"FR\">Mode arr\u00eat:<\/span><span lang=\"FR\">\u00a0N\/A<\/span><\/li>\n<\/ul>\n<p><i><span lang=\"FR\">(<b>Note :<\/b> en raison de sa fonction de s\u00e9curit\u00e9 et de surveillance, cette cam\u00e9ra n&rsquo;est pas \u00e9quip\u00e9e d&rsquo;un mode \u00abArr\u00eat\u00bb).<\/span><\/i><\/p>\n<\/div><\/section>\n","protected":false},"excerpt":{"rendered":"","protected":false},"author":4,"featured_media":0,"parent":0,"menu_order":0,"comment_status":"closed","ping_status":"closed","template":"","meta":{"inline_featured_image":false,"footnotes":""},"categories":[],"tags":[],"class_list":["post-44912","page","type-page","status-publish","hentry"],"yoast_head":"<!-- This site is optimized with the Yoast SEO plugin v27.3 - https:\/\/yoast.com\/product\/yoast-seo-wordpress\/ -->\n<title>SP\u00c9CIFICATIONS D&#039;\u00c9COCONCEPTION - Superior Electronics<\/title>\n<meta name=\"robots\" content=\"index, follow, max-snippet:-1, max-image-preview:large, max-video-preview:-1\" \/>\n<link rel=\"canonical\" href=\"https:\/\/superior-electronics.com\/fr\/specifications-decoconception\/\" \/>\n<meta property=\"og:locale\" content=\"fr_FR\" \/>\n<meta property=\"og:type\" content=\"article\" \/>\n<meta property=\"og:title\" content=\"SP\u00c9CIFICATIONS D&#039;\u00c9COCONCEPTION - Superior Electronics\" \/>\n<meta property=\"og:url\" content=\"https:\/\/superior-electronics.com\/fr\/specifications-decoconception\/\" \/>\n<meta property=\"og:site_name\" content=\"Superior Electronics\" \/>\n<meta property=\"article:modified_time\" content=\"2026-03-30T14:12:26+00:00\" \/>\n<meta name=\"twitter:card\" content=\"summary_large_image\" \/>\n<meta name=\"twitter:label1\" content=\"Dur\u00e9e de lecture estim\u00e9e\" \/>\n\t<meta name=\"twitter:data1\" content=\"1 minute\" \/>\n<script type=\"application\/ld+json\" class=\"yoast-schema-graph\">{\"@context\":\"https:\\\/\\\/schema.org\",\"@graph\":[{\"@type\":\"WebPage\",\"@id\":\"https:\\\/\\\/superior-electronics.com\\\/fr\\\/specifications-decoconception\\\/\",\"url\":\"https:\\\/\\\/superior-electronics.com\\\/fr\\\/specifications-decoconception\\\/\",\"name\":\"SP\u00c9CIFICATIONS D'\u00c9COCONCEPTION - Superior Electronics\",\"isPartOf\":{\"@id\":\"https:\\\/\\\/superior-electronics.com\\\/fr\\\/#website\"},\"datePublished\":\"2026-03-20T17:11:11+00:00\",\"dateModified\":\"2026-03-30T14:12:26+00:00\",\"breadcrumb\":{\"@id\":\"https:\\\/\\\/superior-electronics.com\\\/fr\\\/specifications-decoconception\\\/#breadcrumb\"},\"inLanguage\":\"fr-FR\",\"potentialAction\":[{\"@type\":\"ReadAction\",\"target\":[\"https:\\\/\\\/superior-electronics.com\\\/fr\\\/specifications-decoconception\\\/\"]}]},{\"@type\":\"BreadcrumbList\",\"@id\":\"https:\\\/\\\/superior-electronics.com\\\/fr\\\/specifications-decoconception\\\/#breadcrumb\",\"itemListElement\":[{\"@type\":\"ListItem\",\"position\":1,\"name\":\"Home\",\"item\":\"https:\\\/\\\/superior-electronics.com\\\/fr\\\/superior-electronics\\\/\"},{\"@type\":\"ListItem\",\"position\":2,\"name\":\"SP\u00c9CIFICATIONS D&#8217;\u00c9COCONCEPTION\"}]},{\"@type\":\"WebSite\",\"@id\":\"https:\\\/\\\/superior-electronics.com\\\/fr\\\/#website\",\"url\":\"https:\\\/\\\/superior-electronics.com\\\/fr\\\/\",\"name\":\"Superior Electronics\",\"description\":\"Telecomandi programmabili\",\"publisher\":{\"@id\":\"https:\\\/\\\/superior-electronics.com\\\/fr\\\/#organization\"},\"potentialAction\":[{\"@type\":\"SearchAction\",\"target\":{\"@type\":\"EntryPoint\",\"urlTemplate\":\"https:\\\/\\\/superior-electronics.com\\\/fr\\\/?s={search_term_string}\"},\"query-input\":{\"@type\":\"PropertyValueSpecification\",\"valueRequired\":true,\"valueName\":\"search_term_string\"}}],\"inLanguage\":\"fr-FR\"},{\"@type\":\"Organization\",\"@id\":\"https:\\\/\\\/superior-electronics.com\\\/fr\\\/#organization\",\"name\":\"Superior Srl\",\"url\":\"https:\\\/\\\/superior-electronics.com\\\/fr\\\/\",\"logo\":{\"@type\":\"ImageObject\",\"inLanguage\":\"fr-FR\",\"@id\":\"https:\\\/\\\/superior-electronics.com\\\/fr\\\/#\\\/schema\\\/logo\\\/image\\\/\",\"url\":\"https:\\\/\\\/superior-electronics.com\\\/website\\\/wp-content\\\/uploads\\\/2017\\\/09\\\/Superior-logo-header-new.png\",\"contentUrl\":\"https:\\\/\\\/superior-electronics.com\\\/website\\\/wp-content\\\/uploads\\\/2017\\\/09\\\/Superior-logo-header-new.png\",\"width\":528,\"height\":156,\"caption\":\"Superior Srl\"},\"image\":{\"@id\":\"https:\\\/\\\/superior-electronics.com\\\/fr\\\/#\\\/schema\\\/logo\\\/image\\\/\"}}]}<\/script>\n<!-- \/ Yoast SEO plugin. -->","yoast_head_json":{"title":"SP\u00c9CIFICATIONS D'\u00c9COCONCEPTION - Superior Electronics","robots":{"index":"index","follow":"follow","max-snippet":"max-snippet:-1","max-image-preview":"max-image-preview:large","max-video-preview":"max-video-preview:-1"},"canonical":"https:\/\/superior-electronics.com\/fr\/specifications-decoconception\/","og_locale":"fr_FR","og_type":"article","og_title":"SP\u00c9CIFICATIONS D'\u00c9COCONCEPTION - Superior Electronics","og_url":"https:\/\/superior-electronics.com\/fr\/specifications-decoconception\/","og_site_name":"Superior Electronics","article_modified_time":"2026-03-30T14:12:26+00:00","twitter_card":"summary_large_image","twitter_misc":{"Dur\u00e9e de lecture estim\u00e9e":"1 minute"},"schema":{"@context":"https:\/\/schema.org","@graph":[{"@type":"WebPage","@id":"https:\/\/superior-electronics.com\/fr\/specifications-decoconception\/","url":"https:\/\/superior-electronics.com\/fr\/specifications-decoconception\/","name":"SP\u00c9CIFICATIONS D'\u00c9COCONCEPTION - Superior Electronics","isPartOf":{"@id":"https:\/\/superior-electronics.com\/fr\/#website"},"datePublished":"2026-03-20T17:11:11+00:00","dateModified":"2026-03-30T14:12:26+00:00","breadcrumb":{"@id":"https:\/\/superior-electronics.com\/fr\/specifications-decoconception\/#breadcrumb"},"inLanguage":"fr-FR","potentialAction":[{"@type":"ReadAction","target":["https:\/\/superior-electronics.com\/fr\/specifications-decoconception\/"]}]},{"@type":"BreadcrumbList","@id":"https:\/\/superior-electronics.com\/fr\/specifications-decoconception\/#breadcrumb","itemListElement":[{"@type":"ListItem","position":1,"name":"Home","item":"https:\/\/superior-electronics.com\/fr\/superior-electronics\/"},{"@type":"ListItem","position":2,"name":"SP\u00c9CIFICATIONS D&#8217;\u00c9COCONCEPTION"}]},{"@type":"WebSite","@id":"https:\/\/superior-electronics.com\/fr\/#website","url":"https:\/\/superior-electronics.com\/fr\/","name":"Superior Electronics","description":"Telecomandi programmabili","publisher":{"@id":"https:\/\/superior-electronics.com\/fr\/#organization"},"potentialAction":[{"@type":"SearchAction","target":{"@type":"EntryPoint","urlTemplate":"https:\/\/superior-electronics.com\/fr\/?s={search_term_string}"},"query-input":{"@type":"PropertyValueSpecification","valueRequired":true,"valueName":"search_term_string"}}],"inLanguage":"fr-FR"},{"@type":"Organization","@id":"https:\/\/superior-electronics.com\/fr\/#organization","name":"Superior Srl","url":"https:\/\/superior-electronics.com\/fr\/","logo":{"@type":"ImageObject","inLanguage":"fr-FR","@id":"https:\/\/superior-electronics.com\/fr\/#\/schema\/logo\/image\/","url":"https:\/\/superior-electronics.com\/website\/wp-content\/uploads\/2017\/09\/Superior-logo-header-new.png","contentUrl":"https:\/\/superior-electronics.com\/website\/wp-content\/uploads\/2017\/09\/Superior-logo-header-new.png","width":528,"height":156,"caption":"Superior Srl"},"image":{"@id":"https:\/\/superior-electronics.com\/fr\/#\/schema\/logo\/image\/"}}]}},"_links":{"self":[{"href":"https:\/\/superior-electronics.com\/fr\/wp-json\/wp\/v2\/pages\/44912","targetHints":{"allow":["GET"]}}],"collection":[{"href":"https:\/\/superior-electronics.com\/fr\/wp-json\/wp\/v2\/pages"}],"about":[{"href":"https:\/\/superior-electronics.com\/fr\/wp-json\/wp\/v2\/types\/page"}],"author":[{"embeddable":true,"href":"https:\/\/superior-electronics.com\/fr\/wp-json\/wp\/v2\/users\/4"}],"replies":[{"embeddable":true,"href":"https:\/\/superior-electronics.com\/fr\/wp-json\/wp\/v2\/comments?post=44912"}],"version-history":[{"count":5,"href":"https:\/\/superior-electronics.com\/fr\/wp-json\/wp\/v2\/pages\/44912\/revisions"}],"predecessor-version":[{"id":45007,"href":"https:\/\/superior-electronics.com\/fr\/wp-json\/wp\/v2\/pages\/44912\/revisions\/45007"}],"wp:attachment":[{"href":"https:\/\/superior-electronics.com\/fr\/wp-json\/wp\/v2\/media?parent=44912"}],"wp:term":[{"taxonomy":"category","embeddable":true,"href":"https:\/\/superior-electronics.com\/fr\/wp-json\/wp\/v2\/categories?post=44912"},{"taxonomy":"post_tag","embeddable":true,"href":"https:\/\/superior-electronics.com\/fr\/wp-json\/wp\/v2\/tags?post=44912"}],"curies":[{"name":"wp","href":"https:\/\/api.w.org\/{rel}","templated":true}]}}