{"id":14160,"date":"2018-04-17T11:23:26","date_gmt":"2018-04-17T09:23:26","guid":{"rendered":"https:\/\/superior-electronics.com\/scarica-il-catalogo\/"},"modified":"2026-03-06T15:55:04","modified_gmt":"2026-03-06T14:55:04","slug":"scarica-il-catalogo","status":"publish","type":"page","link":"https:\/\/superior-electronics.com\/fr\/scarica-il-catalogo\/","title":{"rendered":"T\u00e9l\u00e9charger le catalogue Superior Electronics"},"content":{"rendered":"\n<style type=\"text\/css\" data-created_by=\"avia_inline_auto\" id=\"style-css-av-2hadf75-7aebba261a0f0e3a8fc489c1204693cb\">\n.flex_column.av-2hadf75-7aebba261a0f0e3a8fc489c1204693cb{\n-webkit-border-radius:0px 0px 0px 0px;\n-moz-border-radius:0px 0px 0px 0px;\nborder-radius:0px 0px 0px 0px;\npadding:0px 0px 0px 0px;\n}\n<\/style>\n<div  class='flex_column av-2hadf75-7aebba261a0f0e3a8fc489c1204693cb av_one_full  avia-builder-el-0  avia-builder-el-no-sibling  first flex_column_div av-zero-column-padding  '     ><br \/>\n<form action=\"https:\/\/superior-electronics.com\/fr\/scarica-il-catalogo\/\" method=\"post\" data-fields-with-error=\"Found errors in the following field(s):\" class=\"avia_ajax_form av-form-labels-visible   avia-builder-el-2  el_after_av_codeblock  el_before_av_textblock   \" data-avia-form-id=\"1\" data-avia-redirect='https:\/\/superior-electronics.com\/fr\/cat00098462068453\/' ><h3 class=''>Entrez votre nom et votre email pour recevoir le catalogue Superior gratuitement<\/h3><fieldset><p class='  first_form  form_element form_fullwidth' id='element_avia_1_1'><label for=\"avia_1_1\">Nom <abbr class=\"required\" title=\"requis\">*<\/abbr><\/label> <input name=\"avia_1_1\" class=\"text_input is_empty\" type=\"text\" id=\"avia_1_1\" value=\"\" \/><\/p><p class='  first_form  form_element form_fullwidth' id='element_avia_2_1'><label for=\"avia_2_1\">E-Mail <abbr class=\"required\" title=\"requis\">*<\/abbr><\/label> <input name=\"avia_2_1\" class=\"text_input is_email\" type=\"text\" id=\"avia_2_1\" value=\"\" \/><\/p><p class='  first_form  form_element form_fullwidth av-last-visible-form-element' id='element_avia_3_1'><input  name=\"avia_3_1\" class=\"input_checkbox is_empty\" type=\"checkbox\" id=\"avia_3_1\" value=\"true\"\/><label class=\"input_checkbox_label\" for=\"avia_3_1\">Vous acceptez de recevoir mensuellement des informations sur nos produits. Vous pouvez vous d\u00e9sinscrire \u00e0 tout moment gr\u00e2ce au lien figurant dans chaque email. <abbr class=\"required\" title=\"requis\">*<\/abbr><\/label><\/p><p class=\"hidden\"><input type=\"text\" name=\"avia_4_1\" class=\"hidden \" id=\"avia_4_1\" value=\"\" \/><\/p><p class=\"form_element \"><input type=\"hidden\" value=\"1\" name=\"avia_generated_form1\" \/><input type=\"submit\" value=\"ENVOYEZ-MOI LE CATALOGUE MAINTENANT\" class=\"button\"  data-sending-label=\"Envoi\"\/><\/p><\/fieldset><\/form><div id=\"ajaxresponse_1\" class=\"ajaxresponse ajaxresponse_1 hidden\"><\/div><br \/>\n<section  class='av_textblock_section av-j9ftkh-a1302104e157f41196699a7169fa8bf8 '   itemscope=\"itemscope\" itemtype=\"https:\/\/schema.org\/CreativeWork\" ><div class='avia_textblock'  itemprop=\"text\" ><p style=\"text-align: center;\"><img loading=\"lazy\" decoding=\"async\" class=\"aligncenter wp-image-44566 size-large\" src=\"https:\/\/superior-electronics.com\/website\/wp-content\/uploads\/2026\/03\/Cover_2026_EN_FINAL-e1772808799869-1030x731.jpg\" alt=\"\" width=\"1030\" height=\"731\" srcset=\"https:\/\/superior-electronics.com\/website\/wp-content\/uploads\/2026\/03\/Cover_2026_EN_FINAL-e1772808799869-1030x731.jpg 1030w, https:\/\/superior-electronics.com\/website\/wp-content\/uploads\/2026\/03\/Cover_2026_EN_FINAL-e1772808799869-300x213.jpg 300w, https:\/\/superior-electronics.com\/website\/wp-content\/uploads\/2026\/03\/Cover_2026_EN_FINAL-e1772808799869-768x545.jpg 768w, https:\/\/superior-electronics.com\/website\/wp-content\/uploads\/2026\/03\/Cover_2026_EN_FINAL-e1772808799869-1536x1090.jpg 1536w, https:\/\/superior-electronics.com\/website\/wp-content\/uploads\/2026\/03\/Cover_2026_EN_FINAL-e1772808799869-1500x1065.jpg 1500w, https:\/\/superior-electronics.com\/website\/wp-content\/uploads\/2026\/03\/Cover_2026_EN_FINAL-e1772808799869-260x185.jpg 260w, https:\/\/superior-electronics.com\/website\/wp-content\/uploads\/2026\/03\/Cover_2026_EN_FINAL-e1772808799869-705x500.jpg 705w, https:\/\/superior-electronics.com\/website\/wp-content\/uploads\/2026\/03\/Cover_2026_EN_FINAL-e1772808799869-24x17.jpg 24w, https:\/\/superior-electronics.com\/website\/wp-content\/uploads\/2026\/03\/Cover_2026_EN_FINAL-e1772808799869-80x57.jpg 80w, https:\/\/superior-electronics.com\/website\/wp-content\/uploads\/2026\/03\/Cover_2026_EN_FINAL-e1772808799869-120x85.jpg 120w, https:\/\/superior-electronics.com\/website\/wp-content\/uploads\/2026\/03\/Cover_2026_EN_FINAL-e1772808799869.jpg 1850w\" sizes=\"auto, (max-width: 1030px) 100vw, 1030px\" \/><\/p>\n<\/div><\/section><\/p><\/div>\n","protected":false},"excerpt":{"rendered":"","protected":false},"author":4,"featured_media":0,"parent":0,"menu_order":0,"comment_status":"closed","ping_status":"closed","template":"","meta":{"inline_featured_image":false,"footnotes":""},"categories":[],"tags":[],"class_list":["post-14160","page","type-page","status-publish","hentry"],"yoast_head":"<!-- This site is optimized with the Yoast SEO plugin v27.3 - https:\/\/yoast.com\/product\/yoast-seo-wordpress\/ -->\n<title>T\u00e9l\u00e9charger le catalogue Superior Electronics - Superior Electronics<\/title>\n<meta name=\"robots\" content=\"noindex, follow\" \/>\n<meta property=\"og:locale\" content=\"fr_FR\" \/>\n<meta property=\"og:type\" content=\"article\" \/>\n<meta property=\"og:title\" content=\"T\u00e9l\u00e9charger le catalogue Superior Electronics - Superior Electronics\" \/>\n<meta property=\"og:url\" content=\"https:\/\/superior-electronics.com\/fr\/scarica-il-catalogo\/\" \/>\n<meta property=\"og:site_name\" content=\"Superior Electronics\" \/>\n<meta property=\"article:modified_time\" content=\"2026-03-06T14:55:04+00:00\" \/>\n<meta property=\"og:image\" content=\"https:\/\/superior-electronics.com\/website\/wp-content\/uploads\/2026\/03\/Cover_2026_EN_FINAL-e1772808799869.jpg\" \/>\n\t<meta property=\"og:image:width\" content=\"1850\" \/>\n\t<meta property=\"og:image:height\" content=\"1313\" \/>\n\t<meta property=\"og:image:type\" content=\"image\/jpeg\" \/>\n<meta name=\"twitter:card\" content=\"summary_large_image\" \/>\n<meta name=\"twitter:label1\" content=\"Dur\u00e9e de lecture estim\u00e9e\" \/>\n\t<meta name=\"twitter:data1\" content=\"1 minute\" \/>\n<script type=\"application\/ld+json\" class=\"yoast-schema-graph\">{\"@context\":\"https:\\\/\\\/schema.org\",\"@graph\":[{\"@type\":\"WebPage\",\"@id\":\"https:\\\/\\\/superior-electronics.com\\\/fr\\\/scarica-il-catalogo\\\/\",\"url\":\"https:\\\/\\\/superior-electronics.com\\\/fr\\\/scarica-il-catalogo\\\/\",\"name\":\"T\u00e9l\u00e9charger le catalogue Superior Electronics - Superior Electronics\",\"isPartOf\":{\"@id\":\"https:\\\/\\\/superior-electronics.com\\\/fr\\\/#website\"},\"primaryImageOfPage\":{\"@id\":\"https:\\\/\\\/superior-electronics.com\\\/fr\\\/scarica-il-catalogo\\\/#primaryimage\"},\"image\":{\"@id\":\"https:\\\/\\\/superior-electronics.com\\\/fr\\\/scarica-il-catalogo\\\/#primaryimage\"},\"thumbnailUrl\":\"https:\\\/\\\/superior-electronics.com\\\/website\\\/wp-content\\\/uploads\\\/2026\\\/03\\\/Cover_2026_EN_FINAL-e1772808799869-1030x731.jpg\",\"datePublished\":\"2018-04-17T09:23:26+00:00\",\"dateModified\":\"2026-03-06T14:55:04+00:00\",\"breadcrumb\":{\"@id\":\"https:\\\/\\\/superior-electronics.com\\\/fr\\\/scarica-il-catalogo\\\/#breadcrumb\"},\"inLanguage\":\"fr-FR\",\"potentialAction\":[{\"@type\":\"ReadAction\",\"target\":[\"https:\\\/\\\/superior-electronics.com\\\/fr\\\/scarica-il-catalogo\\\/\"]}]},{\"@type\":\"ImageObject\",\"inLanguage\":\"fr-FR\",\"@id\":\"https:\\\/\\\/superior-electronics.com\\\/fr\\\/scarica-il-catalogo\\\/#primaryimage\",\"url\":\"https:\\\/\\\/superior-electronics.com\\\/website\\\/wp-content\\\/uploads\\\/2026\\\/03\\\/Cover_2026_EN_FINAL-e1772808799869-1030x731.jpg\",\"contentUrl\":\"https:\\\/\\\/superior-electronics.com\\\/website\\\/wp-content\\\/uploads\\\/2026\\\/03\\\/Cover_2026_EN_FINAL-e1772808799869-1030x731.jpg\"},{\"@type\":\"BreadcrumbList\",\"@id\":\"https:\\\/\\\/superior-electronics.com\\\/fr\\\/scarica-il-catalogo\\\/#breadcrumb\",\"itemListElement\":[{\"@type\":\"ListItem\",\"position\":1,\"name\":\"Home\",\"item\":\"https:\\\/\\\/superior-electronics.com\\\/fr\\\/superior-electronics\\\/\"},{\"@type\":\"ListItem\",\"position\":2,\"name\":\"T\u00e9l\u00e9charger le catalogue Superior Electronics\"}]},{\"@type\":\"WebSite\",\"@id\":\"https:\\\/\\\/superior-electronics.com\\\/fr\\\/#website\",\"url\":\"https:\\\/\\\/superior-electronics.com\\\/fr\\\/\",\"name\":\"Superior Electronics\",\"description\":\"Telecomandi programmabili\",\"publisher\":{\"@id\":\"https:\\\/\\\/superior-electronics.com\\\/fr\\\/#organization\"},\"potentialAction\":[{\"@type\":\"SearchAction\",\"target\":{\"@type\":\"EntryPoint\",\"urlTemplate\":\"https:\\\/\\\/superior-electronics.com\\\/fr\\\/?s={search_term_string}\"},\"query-input\":{\"@type\":\"PropertyValueSpecification\",\"valueRequired\":true,\"valueName\":\"search_term_string\"}}],\"inLanguage\":\"fr-FR\"},{\"@type\":\"Organization\",\"@id\":\"https:\\\/\\\/superior-electronics.com\\\/fr\\\/#organization\",\"name\":\"Superior Srl\",\"url\":\"https:\\\/\\\/superior-electronics.com\\\/fr\\\/\",\"logo\":{\"@type\":\"ImageObject\",\"inLanguage\":\"fr-FR\",\"@id\":\"https:\\\/\\\/superior-electronics.com\\\/fr\\\/#\\\/schema\\\/logo\\\/image\\\/\",\"url\":\"https:\\\/\\\/superior-electronics.com\\\/website\\\/wp-content\\\/uploads\\\/2017\\\/09\\\/Superior-logo-header-new.png\",\"contentUrl\":\"https:\\\/\\\/superior-electronics.com\\\/website\\\/wp-content\\\/uploads\\\/2017\\\/09\\\/Superior-logo-header-new.png\",\"width\":528,\"height\":156,\"caption\":\"Superior Srl\"},\"image\":{\"@id\":\"https:\\\/\\\/superior-electronics.com\\\/fr\\\/#\\\/schema\\\/logo\\\/image\\\/\"}}]}<\/script>\n<!-- \/ Yoast SEO plugin. -->","yoast_head_json":{"title":"T\u00e9l\u00e9charger le catalogue Superior Electronics - Superior Electronics","robots":{"index":"noindex","follow":"follow"},"og_locale":"fr_FR","og_type":"article","og_title":"T\u00e9l\u00e9charger le catalogue Superior Electronics - Superior Electronics","og_url":"https:\/\/superior-electronics.com\/fr\/scarica-il-catalogo\/","og_site_name":"Superior Electronics","article_modified_time":"2026-03-06T14:55:04+00:00","og_image":[{"width":1850,"height":1313,"url":"https:\/\/superior-electronics.com\/website\/wp-content\/uploads\/2026\/03\/Cover_2026_EN_FINAL-e1772808799869.jpg","type":"image\/jpeg"}],"twitter_card":"summary_large_image","twitter_misc":{"Dur\u00e9e de lecture estim\u00e9e":"1 minute"},"schema":{"@context":"https:\/\/schema.org","@graph":[{"@type":"WebPage","@id":"https:\/\/superior-electronics.com\/fr\/scarica-il-catalogo\/","url":"https:\/\/superior-electronics.com\/fr\/scarica-il-catalogo\/","name":"T\u00e9l\u00e9charger le catalogue Superior Electronics - Superior Electronics","isPartOf":{"@id":"https:\/\/superior-electronics.com\/fr\/#website"},"primaryImageOfPage":{"@id":"https:\/\/superior-electronics.com\/fr\/scarica-il-catalogo\/#primaryimage"},"image":{"@id":"https:\/\/superior-electronics.com\/fr\/scarica-il-catalogo\/#primaryimage"},"thumbnailUrl":"https:\/\/superior-electronics.com\/website\/wp-content\/uploads\/2026\/03\/Cover_2026_EN_FINAL-e1772808799869-1030x731.jpg","datePublished":"2018-04-17T09:23:26+00:00","dateModified":"2026-03-06T14:55:04+00:00","breadcrumb":{"@id":"https:\/\/superior-electronics.com\/fr\/scarica-il-catalogo\/#breadcrumb"},"inLanguage":"fr-FR","potentialAction":[{"@type":"ReadAction","target":["https:\/\/superior-electronics.com\/fr\/scarica-il-catalogo\/"]}]},{"@type":"ImageObject","inLanguage":"fr-FR","@id":"https:\/\/superior-electronics.com\/fr\/scarica-il-catalogo\/#primaryimage","url":"https:\/\/superior-electronics.com\/website\/wp-content\/uploads\/2026\/03\/Cover_2026_EN_FINAL-e1772808799869-1030x731.jpg","contentUrl":"https:\/\/superior-electronics.com\/website\/wp-content\/uploads\/2026\/03\/Cover_2026_EN_FINAL-e1772808799869-1030x731.jpg"},{"@type":"BreadcrumbList","@id":"https:\/\/superior-electronics.com\/fr\/scarica-il-catalogo\/#breadcrumb","itemListElement":[{"@type":"ListItem","position":1,"name":"Home","item":"https:\/\/superior-electronics.com\/fr\/superior-electronics\/"},{"@type":"ListItem","position":2,"name":"T\u00e9l\u00e9charger le catalogue Superior Electronics"}]},{"@type":"WebSite","@id":"https:\/\/superior-electronics.com\/fr\/#website","url":"https:\/\/superior-electronics.com\/fr\/","name":"Superior Electronics","description":"Telecomandi programmabili","publisher":{"@id":"https:\/\/superior-electronics.com\/fr\/#organization"},"potentialAction":[{"@type":"SearchAction","target":{"@type":"EntryPoint","urlTemplate":"https:\/\/superior-electronics.com\/fr\/?s={search_term_string}"},"query-input":{"@type":"PropertyValueSpecification","valueRequired":true,"valueName":"search_term_string"}}],"inLanguage":"fr-FR"},{"@type":"Organization","@id":"https:\/\/superior-electronics.com\/fr\/#organization","name":"Superior Srl","url":"https:\/\/superior-electronics.com\/fr\/","logo":{"@type":"ImageObject","inLanguage":"fr-FR","@id":"https:\/\/superior-electronics.com\/fr\/#\/schema\/logo\/image\/","url":"https:\/\/superior-electronics.com\/website\/wp-content\/uploads\/2017\/09\/Superior-logo-header-new.png","contentUrl":"https:\/\/superior-electronics.com\/website\/wp-content\/uploads\/2017\/09\/Superior-logo-header-new.png","width":528,"height":156,"caption":"Superior Srl"},"image":{"@id":"https:\/\/superior-electronics.com\/fr\/#\/schema\/logo\/image\/"}}]}},"_links":{"self":[{"href":"https:\/\/superior-electronics.com\/fr\/wp-json\/wp\/v2\/pages\/14160","targetHints":{"allow":["GET"]}}],"collection":[{"href":"https:\/\/superior-electronics.com\/fr\/wp-json\/wp\/v2\/pages"}],"about":[{"href":"https:\/\/superior-electronics.com\/fr\/wp-json\/wp\/v2\/types\/page"}],"author":[{"embeddable":true,"href":"https:\/\/superior-electronics.com\/fr\/wp-json\/wp\/v2\/users\/4"}],"replies":[{"embeddable":true,"href":"https:\/\/superior-electronics.com\/fr\/wp-json\/wp\/v2\/comments?post=14160"}],"version-history":[{"count":5,"href":"https:\/\/superior-electronics.com\/fr\/wp-json\/wp\/v2\/pages\/14160\/revisions"}],"predecessor-version":[{"id":44575,"href":"https:\/\/superior-electronics.com\/fr\/wp-json\/wp\/v2\/pages\/14160\/revisions\/44575"}],"wp:attachment":[{"href":"https:\/\/superior-electronics.com\/fr\/wp-json\/wp\/v2\/media?parent=14160"}],"wp:term":[{"taxonomy":"category","embeddable":true,"href":"https:\/\/superior-electronics.com\/fr\/wp-json\/wp\/v2\/categories?post=14160"},{"taxonomy":"post_tag","embeddable":true,"href":"https:\/\/superior-electronics.com\/fr\/wp-json\/wp\/v2\/tags?post=14160"}],"curies":[{"name":"wp","href":"https:\/\/api.w.org\/{rel}","templated":true}]}}