{"id":11690,"date":"2018-03-23T11:57:37","date_gmt":"2018-03-23T10:57:37","guid":{"rendered":"https:\/\/superior-electronics.com\/?page_id=11690"},"modified":"2025-12-23T15:43:36","modified_gmt":"2025-12-23T14:43:36","slug":"key-2","status":"publish","type":"page","link":"https:\/\/superior-electronics.com\/fr\/produits\/radiocommandes\/key-2\/","title":{"rendered":"Key"},"content":{"rendered":"<div id='full_slider_1'  class='avia-fullwidth-slider main_color avia-shadow   avia-builder-el-0  el_before_av_hr  avia-builder-el-first  dmc-hide-mobile dmc-caption-alt  container_wrap fullsize'  ><div  class='avia-slideshow av-av_slideshow_full-7168e1e4d44f23ef939dd7014241d96c avia-slideshow-no scaling av_slideshow_full avia-fade-slider dmc-hide-mobile dmc-caption-alt av-slideshow-ui av-control-hidden av-no-slider-navigation av-hide-nav-arrows av-slideshow-manual av-loop-once av-loop-manual-endless av-default-height-applied   avia-slideshow-1' data-slideshow-options=\"{&quot;animation&quot;:&quot;fade&quot;,&quot;autoplay&quot;:false,&quot;loop_autoplay&quot;:&quot;once&quot;,&quot;interval&quot;:5,&quot;loop_manual&quot;:&quot;manual-endless&quot;,&quot;autoplay_stopper&quot;:false,&quot;noNavigation&quot;:true,&quot;bg_slider&quot;:false,&quot;keep_padding&quot;:false,&quot;hoverpause&quot;:false,&quot;show_slide_delay&quot;:0}\"  itemprop=\"image\" itemscope=\"itemscope\" itemtype=\"https:\/\/schema.org\/ImageObject\" ><ul class='avia-slideshow-inner ' style='padding-bottom: 17.709923664122%;'><li  class='avia-slideshow-slide av-av_slideshow_full-7168e1e4d44f23ef939dd7014241d96c__0  av-single-slide slide-1 slide-odd'><div data-rel='slideshow-1' class='avia-slide-wrap '   ><div class='av-slideshow-caption av-av_slideshow_full-7168e1e4d44f23ef939dd7014241d96c__0 caption_fullwidth caption_right caption_right_framed caption_framed'><div class=\"container caption_container\"><div class=\"slideshow_caption\"><div class=\"slideshow_inner_caption\"><div class=\"slideshow_align_caption\"><div class='avia-caption-content '  itemprop=\"description\" ><p>\u2022 Contr\u00f4le jusqu&rsquo;\u00e0 quatre appareils<br \/>\n\u2022 Grands boutons pour un meilleur confort<br \/>\n\u2022 Porte-cl\u00e9s\u00a0pratique<\/p>\n<\/div><\/div><\/div><\/div><\/div><\/div><img decoding=\"async\" class=\"wp-image-11723 avia-img-lazy-loading-not-11723\"  src=\"https:\/\/superior-electronics.com\/website\/wp-content\/uploads\/2018\/03\/universal-radio-frequency-remote-control-Key-1.jpg\" width=\"1310\" height=\"232\" title='universal-radio-frequency-remote-control-Key' alt=''  itemprop=\"thumbnailUrl\" srcset=\"https:\/\/superior-electronics.com\/website\/wp-content\/uploads\/2018\/03\/universal-radio-frequency-remote-control-Key-1.jpg 1310w, https:\/\/superior-electronics.com\/website\/wp-content\/uploads\/2018\/03\/universal-radio-frequency-remote-control-Key-1-450x80.jpg 450w, https:\/\/superior-electronics.com\/website\/wp-content\/uploads\/2018\/03\/universal-radio-frequency-remote-control-Key-1-300x53.jpg 300w, https:\/\/superior-electronics.com\/website\/wp-content\/uploads\/2018\/03\/universal-radio-frequency-remote-control-Key-1-768x136.jpg 768w, https:\/\/superior-electronics.com\/website\/wp-content\/uploads\/2018\/03\/universal-radio-frequency-remote-control-Key-1-1030x182.jpg 1030w, https:\/\/superior-electronics.com\/website\/wp-content\/uploads\/2018\/03\/universal-radio-frequency-remote-control-Key-1-705x125.jpg 705w, https:\/\/superior-electronics.com\/website\/wp-content\/uploads\/2018\/03\/universal-radio-frequency-remote-control-Key-1-600x106.jpg 600w\" sizes=\"(max-width: 1310px) 100vw, 1310px\" \/><\/div><\/li><\/ul><\/div><\/div><div id='after_full_slider_1'  class='main_color av_default_container_wrap container_wrap fullsize'  ><div class='container av-section-cont-open' ><div class='template-page content  av-content-full alpha units'><div class='post-entry post-entry-type-page post-entry-11690'><div class='entry-content-wrapper clearfix'>\n\n<style type=\"text\/css\" data-created_by=\"avia_inline_auto\" id=\"style-css-av-av_hr-0688d0b0b6ed2f8b057db7a8270206df\">\n#top .hr.hr-invisible.av-av_hr-0688d0b0b6ed2f8b057db7a8270206df{\nheight:50px;\n}\n<\/style>\n<div  class='hr av-av_hr-0688d0b0b6ed2f8b057db7a8270206df hr-invisible  avia-builder-el-1  el_after_av_slideshow_full  el_before_av_two_fifth  avia-builder-el-first '><span class='hr-inner '><span class=\"hr-inner-style\"><\/span><\/span><\/div>\n\n<style type=\"text\/css\" data-created_by=\"avia_inline_auto\" id=\"style-css-av-av_two_fifth-6126cab7d8fab8d08143dd2dacdf673c\">\n.flex_column.av-av_two_fifth-6126cab7d8fab8d08143dd2dacdf673c{\n-webkit-border-radius:0px 0px 0px 0px;\n-moz-border-radius:0px 0px 0px 0px;\nborder-radius:0px 0px 0px 0px;\npadding:0px 0px 0px 0px;\n}\n<\/style>\n<div  class='flex_column av-av_two_fifth-6126cab7d8fab8d08143dd2dacdf673c av_two_fifth  avia-builder-el-2  el_after_av_hr  el_before_av_one_fourth  first flex_column_div av-zero-column-padding  '     ><section  class='av_textblock_section av-jmkoty3x-10514ac35f125941ec8d1217b1fc08af '   itemscope=\"itemscope\" itemtype=\"https:\/\/schema.org\/CreativeWork\" ><div class='avia_textblock'  itemprop=\"text\" ><h2>Radiocommande universelle auto-apprenantes pour les grilles la plus r\u00e9pandue<\/h2>\n<ul>\n<li>Possibilit\u00e9 de programmer jusqu\u2019\u00e0 4 appareils diff\u00e9rents<\/li>\n<li>La programmation est simple et rapide<\/li>\n<li>Compatibilit\u00e9 maximale pour les radiocommandes \u00e0 code fixe avec une fr\u00e9quence de 433,92 MHz<\/li>\n<\/ul>\n<\/div><\/section><br \/>\n\n<style type=\"text\/css\" data-created_by=\"avia_inline_auto\" id=\"style-css-av-av_hr-c9ba6ccf0e28539cef079a4b419f7f68\">\n#top .hr.hr-invisible.av-av_hr-c9ba6ccf0e28539cef079a4b419f7f68{\nheight:25px;\n}\n<\/style>\n<div  class='hr av-av_hr-c9ba6ccf0e28539cef079a4b419f7f68 hr-invisible  avia-builder-el-4  el_after_av_textblock  el_before_av_sidebar '><span class='hr-inner '><span class=\"hr-inner-style\"><\/span><\/span><\/div><br \/>\n<\/p><\/div>\n\n<style type=\"text\/css\" data-created_by=\"avia_inline_auto\" id=\"style-css-av-av_one_fourth-0aa7055fe62c3622faec82866afbaeb2\">\n.flex_column.av-av_one_fourth-0aa7055fe62c3622faec82866afbaeb2{\n-webkit-border-radius:0px 0px 0px 0px;\n-moz-border-radius:0px 0px 0px 0px;\nborder-radius:0px 0px 0px 0px;\npadding:0px 0px 0px 0px;\n}\n<\/style>\n<div  class='flex_column av-av_one_fourth-0aa7055fe62c3622faec82866afbaeb2 av_one_fourth  avia-builder-el-6  el_after_av_two_fifth  el_before_av_one_third  flex_column_div av-zero-column-padding  '     ><style type=\"text\/css\" data-created_by=\"avia_inline_auto\" id=\"style-css-av-l42ta9py-b52fc28479ffa44bef8f36f364ebfbf0\">\n.avia-image-container.av-l42ta9py-b52fc28479ffa44bef8f36f364ebfbf0 img.avia_image{\nbox-shadow:none;\n}\n.avia-image-container.av-l42ta9py-b52fc28479ffa44bef8f36f364ebfbf0 .av-image-caption-overlay-center{\ncolor:#ffffff;\n}\n<\/style>\n<div  class='avia-image-container av-l42ta9py-b52fc28479ffa44bef8f36f364ebfbf0 av-styling- avia-align-center  avia-builder-el-7  avia-builder-el-no-sibling '   itemprop=\"image\" itemscope=\"itemscope\" itemtype=\"https:\/\/schema.org\/ImageObject\" ><div class=\"avia-image-container-inner\"><div class=\"avia-image-overlay-wrap\"><img decoding=\"async\" class='wp-image-36286 avia-img-lazy-loading-not-36286 avia_image ' src=\"https:\/\/superior-electronics.com\/website\/wp-content\/uploads\/2022\/06\/Key_blistered.jpg\" alt='' title='Key_blistered'  height=\"649\" width=\"428\"  itemprop=\"thumbnailUrl\" srcset=\"https:\/\/superior-electronics.com\/website\/wp-content\/uploads\/2022\/06\/Key_blistered.jpg 428w, https:\/\/superior-electronics.com\/website\/wp-content\/uploads\/2022\/06\/Key_blistered-198x300.jpg 198w, https:\/\/superior-electronics.com\/website\/wp-content\/uploads\/2022\/06\/Key_blistered-16x24.jpg 16w, https:\/\/superior-electronics.com\/website\/wp-content\/uploads\/2022\/06\/Key_blistered-53x80.jpg 53w, https:\/\/superior-electronics.com\/website\/wp-content\/uploads\/2022\/06\/Key_blistered-79x120.jpg 79w\" sizes=\"(max-width: 428px) 100vw, 428px\" \/><\/div><\/div><\/div><\/div>\n\n<style type=\"text\/css\" data-created_by=\"avia_inline_auto\" id=\"style-css-av-av_one_third-0aa7055fe62c3622faec82866afbaeb2\">\n.flex_column.av-av_one_third-0aa7055fe62c3622faec82866afbaeb2{\n-webkit-border-radius:0px 0px 0px 0px;\n-moz-border-radius:0px 0px 0px 0px;\nborder-radius:0px 0px 0px 0px;\npadding:0px 0px 0px 0px;\n}\n<\/style>\n<div  class='flex_column av-av_one_third-0aa7055fe62c3622faec82866afbaeb2 av_one_third  avia-builder-el-8  el_after_av_one_fourth  el_before_av_hr  flex_column_div av-zero-column-padding  '     ><p>\n<style type=\"text\/css\" data-created_by=\"avia_inline_auto\" id=\"style-css-av-mjimywu2-23690beb64593ecdbb78e2760a09c401\">\n#top .av-special-heading.av-mjimywu2-23690beb64593ecdbb78e2760a09c401{\npadding-bottom:10px;\n}\nbody .av-special-heading.av-mjimywu2-23690beb64593ecdbb78e2760a09c401 .av-special-heading-tag .heading-char{\nfont-size:25px;\n}\n.av-special-heading.av-mjimywu2-23690beb64593ecdbb78e2760a09c401 .av-subheading{\nfont-size:15px;\n}\n<\/style>\n<div  class='av-special-heading av-mjimywu2-23690beb64593ecdbb78e2760a09c401 av-special-heading-h2 blockquote modern-quote  avia-builder-el-9  el_before_av_video  avia-builder-el-first '><h2 class='av-special-heading-tag'  itemprop=\"headline\"  >Tutorial<\/h2><div class=\"special-heading-border\"><div class=\"special-heading-inner-border\"><\/div><\/div><\/div><br \/>\n<div  class='avia-video av-mjimzl1w-ecc14eb291691dac9906c5bedc726d1c avia-video-16-9 av-no-preview-image avia-video-load-always av-lazyload-immediate av-lazyload-video-embed'  itemprop=\"video\" itemtype=\"https:\/\/schema.org\/VideoObject\"  data-original_url='https:\/\/youtu.be\/J2wPKotBcJw?si=pwCAQkosal0wnZDd'><script type='text\/html' class='av-video-tmpl'><div class='avia-iframe-wrap'><iframe loading=\"lazy\" title=\"[FR] Superior Key | Comment programmer la t\u00e9l\u00e9commande universelle pour portails 433,92 MHz\" width=\"1500\" height=\"844\" src=\"https:\/\/www.youtube.com\/embed\/J2wPKotBcJw?feature=oembed&autoplay=0&loop=0&controls=1&mute=0\" frameborder=\"0\" allow=\"accelerometer; autoplay; clipboard-write; encrypted-media; gyroscope; picture-in-picture; web-share\" referrerpolicy=\"strict-origin-when-cross-origin\" allowfullscreen><\/iframe><\/div><\/script><div class='av-click-to-play-overlay'><div class=\"avia_playpause_icon\"><\/div><\/div><\/div><br \/>\n<div  class='togglecontainer av-jn1gndmo-425ac1cb4c875a567bce596dfbc89cea  avia-builder-el-11  el_after_av_video  avia-builder-el-last  dmc-accordion toggle_close_all' >\n<section class='av_toggle_section av-m912df9o-6faa15958d384a3b3b9897c8a5a5cb11'  itemscope=\"itemscope\" itemtype=\"https:\/\/schema.org\/CreativeWork\" ><div role=\"tablist\" class=\"single_toggle\" data-tags=\"{Tout} \"  ><p data-fake-id='#toggle-id-1' class='toggler  activeTitle '  itemprop=\"headline\"  role='tab' tabindex='0' aria-controls='toggle-id-1'>SP\u00c9CIFICATIONS TECHNIQUES<span class=\"toggle_icon\"><span class=\"vert_icon\"><\/span><span class=\"hor_icon\"><\/span><\/span><\/p><div id='toggle-id-1' class='toggle_wrap  active_tc' style='display:block;' ><div class='toggle_content invers-color '  itemprop=\"text\" ><p><strong>POIDS:\u00a0<\/strong>29 g<\/p>\n<p><strong>DIMENSIONS:<\/strong>\u00a06,0 x 3,5 x 1,5 cm<\/p>\n<p><strong>PILES:<\/strong> 2 x 3V \u2013 CR2016 <em>(Incluses)<\/em><\/p>\n<\/div><\/div><\/div><\/section>\n<section class='av_toggle_section av-av_toggle-fdc42cc9a7d4ebd56c15f7531747c46b'  itemscope=\"itemscope\" itemtype=\"https:\/\/schema.org\/CreativeWork\" ><div role=\"tablist\" class=\"single_toggle\" data-tags=\"{Tout} \"  ><p data-fake-id='#toggle-id-2' class='toggler   '  itemprop=\"headline\"  role='tab' tabindex='0' aria-controls='toggle-id-2'>INFORMATIONS SUPPL\u00c9MENTAIRES<span class=\"toggle_icon\"><span class=\"vert_icon\"><\/span><span class=\"hor_icon\"><\/span><\/span><\/p><div id='toggle-id-2' class='toggle_wrap  '  ><div class='toggle_content invers-color '  itemprop=\"text\" ><p><strong>CODE:\u00a0<\/strong>SUPRF003<\/p>\n<p><strong>CODE-BARRES:\u00a0<\/strong>8054242080483<\/p>\n<p><strong>TYPE:<\/strong>\u00a0Radiocommande auto-apprenante. Fr\u00e9quence fixe 433,92 Mhz<\/p>\n<p><strong>CONFIGURATION:<\/strong>\u00a0Suivre les indications du mode d\u2019emploi. T\u00e9l\u00e9commande d\u2019origine n\u00e9cessaire<\/p>\n<p><strong>CONTENU DU BLISTER:<\/strong>\u00a0Mode d\u2019emploi et radiocommande avec pile 12 V incluse<\/p>\n<\/div><\/div><\/div><\/section>\n<section class='av_toggle_section av-av_toggle-df04500b3411999db2d366f0cb0ca6d3'  itemscope=\"itemscope\" itemtype=\"https:\/\/schema.org\/CreativeWork\" ><div role=\"tablist\" class=\"single_toggle\" data-tags=\"{Tout} \"  ><p data-fake-id='#toggle-id-3' class='toggler   '  itemprop=\"headline\"  role='tab' tabindex='0' aria-controls='toggle-id-3'>t\u00e9l\u00e9charger<span class=\"toggle_icon\"><span class=\"vert_icon\"><\/span><span class=\"hor_icon\"><\/span><\/span><\/p><div id='toggle-id-3' class='toggle_wrap  '  ><div class='toggle_content invers-color '  itemprop=\"text\" ><div class=\"wpfd-single-file\">\n\n    <div class=\"wpfd-single-file--details wpfd-file-content\">\n                <p class=\"wpfd-file-content--description\">\n                    Datasheet\n                <\/p>\n    <\/div>\n    <div class=\"wpfd-single-file--buttons\">\n                                <a href=\"https:\/\/superior-electronics.com\/website\/download\/398\/datasheet\/25720\/key-data-sheet-en.pdf\"  data-id=\"25720\" title=\"Datasheet\" class=\"noLightbox wpfd_downloadlink wpfd-single-file-button wpfd-button-download\">\n                    <span>Download<\/span>\n                <\/a>\n    <\/div>\n<\/div>\n\n<p>[ddownload id=\u00a0\u00bb13666&Prime; text=\u00a0\u00bb\u00a0\u00bb] <div class=\"wpfd-single-file\">\n\n    <div class=\"wpfd-single-file--details wpfd-file-content\">\n                <p class=\"wpfd-file-content--description\">\n                    Manual\n                <\/p>\n    <\/div>\n    <div class=\"wpfd-single-file--buttons\">\n                                <a href=\"https:\/\/superior-electronics.com\/website\/download\/400\/manuals\/25793\/key-manual-en-it-fr-pt-de-es.pdf\"  data-id=\"25793\" title=\"Manual\" class=\"noLightbox wpfd_downloadlink wpfd-single-file-button wpfd-button-download\">\n                    <span>Download<\/span>\n                <\/a>\n    <\/div>\n<\/div>\n<\/p>\n<\/div><\/div><\/div><\/section>\n<\/div><\/p><\/div>\n<style type=\"text\/css\" data-created_by=\"avia_inline_auto\" id=\"style-css-av-av_hr-0688d0b0b6ed2f8b057db7a8270206df\">\n#top .hr.hr-invisible.av-av_hr-0688d0b0b6ed2f8b057db7a8270206df{\nheight:50px;\n}\n<\/style>\n<div  class='hr av-av_hr-0688d0b0b6ed2f8b057db7a8270206df hr-invisible  avia-builder-el-12  el_after_av_one_third  avia-builder-el-last '><span class='hr-inner '><span class=\"hr-inner-style\"><\/span><\/span><\/div><\/p>\n","protected":false},"excerpt":{"rendered":"<p>\u2022 Contr\u00f4le jusqu\u2019\u00e0 quatre appareils<br \/>\n\u2022 Grands boutons pour un meilleur confort<br \/>\n\u2022 Porte-cl\u00e9s pratique<\/p>\n","protected":false},"author":4,"featured_media":36292,"parent":4785,"menu_order":10,"comment_status":"closed","ping_status":"closed","template":"","meta":{"inline_featured_image":false,"footnotes":""},"categories":[321,331,624],"tags":[],"class_list":["post-11690","page","type-page","status-publish","has-post-thumbnail","hentry","category-automatisation","category-radiocommandes","category-rf-remote-controls-fr"],"yoast_head":"<!-- This site is optimized with the Yoast SEO plugin v27.4 - https:\/\/yoast.com\/product\/yoast-seo-wordpress\/ -->\n<title>Key - Superior Electronics<\/title>\n<meta name=\"robots\" content=\"index, follow, max-snippet:-1, max-image-preview:large, max-video-preview:-1\" \/>\n<link rel=\"canonical\" href=\"https:\/\/superior-electronics.com\/fr\/produits\/radiocommandes\/key-2\/\" \/>\n<meta property=\"og:locale\" content=\"fr_FR\" \/>\n<meta property=\"og:type\" content=\"article\" \/>\n<meta property=\"og:title\" content=\"Key - Superior Electronics\" \/>\n<meta property=\"og:description\" content=\"\u2022 Contr\u00f4le jusqu\u2019\u00e0 quatre appareils \u2022 Grands boutons pour un meilleur confort \u2022 Porte-cl\u00e9s pratique\" \/>\n<meta property=\"og:url\" content=\"https:\/\/superior-electronics.com\/fr\/produits\/radiocommandes\/key-2\/\" \/>\n<meta property=\"og:site_name\" content=\"Superior Electronics\" \/>\n<meta property=\"article:modified_time\" content=\"2025-12-23T14:43:36+00:00\" \/>\n<meta property=\"og:image\" content=\"https:\/\/superior-electronics.com\/website\/wp-content\/uploads\/2022\/06\/Immagini-Evidenza-key.jpg\" \/>\n\t<meta property=\"og:image:width\" content=\"600\" \/>\n\t<meta property=\"og:image:height\" content=\"600\" \/>\n\t<meta property=\"og:image:type\" content=\"image\/jpeg\" \/>\n<meta name=\"twitter:card\" content=\"summary_large_image\" \/>\n<meta name=\"twitter:label1\" content=\"Dur\u00e9e de lecture estim\u00e9e\" \/>\n\t<meta name=\"twitter:data1\" content=\"2 minutes\" \/>\n<script type=\"application\/ld+json\" class=\"yoast-schema-graph\">{\"@context\":\"https:\\\/\\\/schema.org\",\"@graph\":[{\"@type\":\"WebPage\",\"@id\":\"https:\\\/\\\/superior-electronics.com\\\/fr\\\/produits\\\/radiocommandes\\\/key-2\\\/\",\"url\":\"https:\\\/\\\/superior-electronics.com\\\/fr\\\/produits\\\/radiocommandes\\\/key-2\\\/\",\"name\":\"Key - Superior Electronics\",\"isPartOf\":{\"@id\":\"https:\\\/\\\/superior-electronics.com\\\/fr\\\/#website\"},\"primaryImageOfPage\":{\"@id\":\"https:\\\/\\\/superior-electronics.com\\\/fr\\\/produits\\\/radiocommandes\\\/key-2\\\/#primaryimage\"},\"image\":{\"@id\":\"https:\\\/\\\/superior-electronics.com\\\/fr\\\/produits\\\/radiocommandes\\\/key-2\\\/#primaryimage\"},\"thumbnailUrl\":\"https:\\\/\\\/superior-electronics.com\\\/website\\\/wp-content\\\/uploads\\\/2022\\\/06\\\/Immagini-Evidenza-key.jpg\",\"datePublished\":\"2018-03-23T10:57:37+00:00\",\"dateModified\":\"2025-12-23T14:43:36+00:00\",\"breadcrumb\":{\"@id\":\"https:\\\/\\\/superior-electronics.com\\\/fr\\\/produits\\\/radiocommandes\\\/key-2\\\/#breadcrumb\"},\"inLanguage\":\"fr-FR\",\"potentialAction\":[{\"@type\":\"ReadAction\",\"target\":[\"https:\\\/\\\/superior-electronics.com\\\/fr\\\/produits\\\/radiocommandes\\\/key-2\\\/\"]}]},{\"@type\":\"ImageObject\",\"inLanguage\":\"fr-FR\",\"@id\":\"https:\\\/\\\/superior-electronics.com\\\/fr\\\/produits\\\/radiocommandes\\\/key-2\\\/#primaryimage\",\"url\":\"https:\\\/\\\/superior-electronics.com\\\/website\\\/wp-content\\\/uploads\\\/2022\\\/06\\\/Immagini-Evidenza-key.jpg\",\"contentUrl\":\"https:\\\/\\\/superior-electronics.com\\\/website\\\/wp-content\\\/uploads\\\/2022\\\/06\\\/Immagini-Evidenza-key.jpg\",\"width\":600,\"height\":600},{\"@type\":\"BreadcrumbList\",\"@id\":\"https:\\\/\\\/superior-electronics.com\\\/fr\\\/produits\\\/radiocommandes\\\/key-2\\\/#breadcrumb\",\"itemListElement\":[{\"@type\":\"ListItem\",\"position\":1,\"name\":\"Home\",\"item\":\"https:\\\/\\\/superior-electronics.com\\\/fr\\\/superior-electronics\\\/\"},{\"@type\":\"ListItem\",\"position\":2,\"name\":\"Produits\",\"item\":\"https:\\\/\\\/superior-electronics.com\\\/fr\\\/produits\\\/\"},{\"@type\":\"ListItem\",\"position\":3,\"name\":\"Radiocommandes\",\"item\":\"https:\\\/\\\/superior-electronics.com\\\/fr\\\/produits\\\/radiocommandes\\\/\"},{\"@type\":\"ListItem\",\"position\":4,\"name\":\"Key\"}]},{\"@type\":\"WebSite\",\"@id\":\"https:\\\/\\\/superior-electronics.com\\\/fr\\\/#website\",\"url\":\"https:\\\/\\\/superior-electronics.com\\\/fr\\\/\",\"name\":\"Superior Electronics\",\"description\":\"Telecomandi programmabili\",\"publisher\":{\"@id\":\"https:\\\/\\\/superior-electronics.com\\\/fr\\\/#organization\"},\"potentialAction\":[{\"@type\":\"SearchAction\",\"target\":{\"@type\":\"EntryPoint\",\"urlTemplate\":\"https:\\\/\\\/superior-electronics.com\\\/fr\\\/?s={search_term_string}\"},\"query-input\":{\"@type\":\"PropertyValueSpecification\",\"valueRequired\":true,\"valueName\":\"search_term_string\"}}],\"inLanguage\":\"fr-FR\"},{\"@type\":\"Organization\",\"@id\":\"https:\\\/\\\/superior-electronics.com\\\/fr\\\/#organization\",\"name\":\"Superior Srl\",\"url\":\"https:\\\/\\\/superior-electronics.com\\\/fr\\\/\",\"logo\":{\"@type\":\"ImageObject\",\"inLanguage\":\"fr-FR\",\"@id\":\"https:\\\/\\\/superior-electronics.com\\\/fr\\\/#\\\/schema\\\/logo\\\/image\\\/\",\"url\":\"https:\\\/\\\/superior-electronics.com\\\/website\\\/wp-content\\\/uploads\\\/2017\\\/09\\\/Superior-logo-header-new.png\",\"contentUrl\":\"https:\\\/\\\/superior-electronics.com\\\/website\\\/wp-content\\\/uploads\\\/2017\\\/09\\\/Superior-logo-header-new.png\",\"width\":528,\"height\":156,\"caption\":\"Superior Srl\"},\"image\":{\"@id\":\"https:\\\/\\\/superior-electronics.com\\\/fr\\\/#\\\/schema\\\/logo\\\/image\\\/\"}}]}<\/script>\n<!-- \/ Yoast SEO plugin. -->","yoast_head_json":{"title":"Key - Superior Electronics","robots":{"index":"index","follow":"follow","max-snippet":"max-snippet:-1","max-image-preview":"max-image-preview:large","max-video-preview":"max-video-preview:-1"},"canonical":"https:\/\/superior-electronics.com\/fr\/produits\/radiocommandes\/key-2\/","og_locale":"fr_FR","og_type":"article","og_title":"Key - Superior Electronics","og_description":"\u2022 Contr\u00f4le jusqu\u2019\u00e0 quatre appareils \u2022 Grands boutons pour un meilleur confort \u2022 Porte-cl\u00e9s pratique","og_url":"https:\/\/superior-electronics.com\/fr\/produits\/radiocommandes\/key-2\/","og_site_name":"Superior Electronics","article_modified_time":"2025-12-23T14:43:36+00:00","og_image":[{"width":600,"height":600,"url":"https:\/\/superior-electronics.com\/website\/wp-content\/uploads\/2022\/06\/Immagini-Evidenza-key.jpg","type":"image\/jpeg"}],"twitter_card":"summary_large_image","twitter_misc":{"Dur\u00e9e de lecture estim\u00e9e":"2 minutes"},"schema":{"@context":"https:\/\/schema.org","@graph":[{"@type":"WebPage","@id":"https:\/\/superior-electronics.com\/fr\/produits\/radiocommandes\/key-2\/","url":"https:\/\/superior-electronics.com\/fr\/produits\/radiocommandes\/key-2\/","name":"Key - Superior Electronics","isPartOf":{"@id":"https:\/\/superior-electronics.com\/fr\/#website"},"primaryImageOfPage":{"@id":"https:\/\/superior-electronics.com\/fr\/produits\/radiocommandes\/key-2\/#primaryimage"},"image":{"@id":"https:\/\/superior-electronics.com\/fr\/produits\/radiocommandes\/key-2\/#primaryimage"},"thumbnailUrl":"https:\/\/superior-electronics.com\/website\/wp-content\/uploads\/2022\/06\/Immagini-Evidenza-key.jpg","datePublished":"2018-03-23T10:57:37+00:00","dateModified":"2025-12-23T14:43:36+00:00","breadcrumb":{"@id":"https:\/\/superior-electronics.com\/fr\/produits\/radiocommandes\/key-2\/#breadcrumb"},"inLanguage":"fr-FR","potentialAction":[{"@type":"ReadAction","target":["https:\/\/superior-electronics.com\/fr\/produits\/radiocommandes\/key-2\/"]}]},{"@type":"ImageObject","inLanguage":"fr-FR","@id":"https:\/\/superior-electronics.com\/fr\/produits\/radiocommandes\/key-2\/#primaryimage","url":"https:\/\/superior-electronics.com\/website\/wp-content\/uploads\/2022\/06\/Immagini-Evidenza-key.jpg","contentUrl":"https:\/\/superior-electronics.com\/website\/wp-content\/uploads\/2022\/06\/Immagini-Evidenza-key.jpg","width":600,"height":600},{"@type":"BreadcrumbList","@id":"https:\/\/superior-electronics.com\/fr\/produits\/radiocommandes\/key-2\/#breadcrumb","itemListElement":[{"@type":"ListItem","position":1,"name":"Home","item":"https:\/\/superior-electronics.com\/fr\/superior-electronics\/"},{"@type":"ListItem","position":2,"name":"Produits","item":"https:\/\/superior-electronics.com\/fr\/produits\/"},{"@type":"ListItem","position":3,"name":"Radiocommandes","item":"https:\/\/superior-electronics.com\/fr\/produits\/radiocommandes\/"},{"@type":"ListItem","position":4,"name":"Key"}]},{"@type":"WebSite","@id":"https:\/\/superior-electronics.com\/fr\/#website","url":"https:\/\/superior-electronics.com\/fr\/","name":"Superior Electronics","description":"Telecomandi programmabili","publisher":{"@id":"https:\/\/superior-electronics.com\/fr\/#organization"},"potentialAction":[{"@type":"SearchAction","target":{"@type":"EntryPoint","urlTemplate":"https:\/\/superior-electronics.com\/fr\/?s={search_term_string}"},"query-input":{"@type":"PropertyValueSpecification","valueRequired":true,"valueName":"search_term_string"}}],"inLanguage":"fr-FR"},{"@type":"Organization","@id":"https:\/\/superior-electronics.com\/fr\/#organization","name":"Superior Srl","url":"https:\/\/superior-electronics.com\/fr\/","logo":{"@type":"ImageObject","inLanguage":"fr-FR","@id":"https:\/\/superior-electronics.com\/fr\/#\/schema\/logo\/image\/","url":"https:\/\/superior-electronics.com\/website\/wp-content\/uploads\/2017\/09\/Superior-logo-header-new.png","contentUrl":"https:\/\/superior-electronics.com\/website\/wp-content\/uploads\/2017\/09\/Superior-logo-header-new.png","width":528,"height":156,"caption":"Superior Srl"},"image":{"@id":"https:\/\/superior-electronics.com\/fr\/#\/schema\/logo\/image\/"}}]}},"_links":{"self":[{"href":"https:\/\/superior-electronics.com\/fr\/wp-json\/wp\/v2\/pages\/11690","targetHints":{"allow":["GET"]}}],"collection":[{"href":"https:\/\/superior-electronics.com\/fr\/wp-json\/wp\/v2\/pages"}],"about":[{"href":"https:\/\/superior-electronics.com\/fr\/wp-json\/wp\/v2\/types\/page"}],"author":[{"embeddable":true,"href":"https:\/\/superior-electronics.com\/fr\/wp-json\/wp\/v2\/users\/4"}],"replies":[{"embeddable":true,"href":"https:\/\/superior-electronics.com\/fr\/wp-json\/wp\/v2\/comments?post=11690"}],"version-history":[{"count":5,"href":"https:\/\/superior-electronics.com\/fr\/wp-json\/wp\/v2\/pages\/11690\/revisions"}],"predecessor-version":[{"id":44099,"href":"https:\/\/superior-electronics.com\/fr\/wp-json\/wp\/v2\/pages\/11690\/revisions\/44099"}],"up":[{"embeddable":true,"href":"https:\/\/superior-electronics.com\/fr\/wp-json\/wp\/v2\/pages\/4785"}],"wp:featuredmedia":[{"embeddable":true,"href":"https:\/\/superior-electronics.com\/fr\/wp-json\/wp\/v2\/media\/36292"}],"wp:attachment":[{"href":"https:\/\/superior-electronics.com\/fr\/wp-json\/wp\/v2\/media?parent=11690"}],"wp:term":[{"taxonomy":"category","embeddable":true,"href":"https:\/\/superior-electronics.com\/fr\/wp-json\/wp\/v2\/categories?post=11690"},{"taxonomy":"post_tag","embeddable":true,"href":"https:\/\/superior-electronics.com\/fr\/wp-json\/wp\/v2\/tags?post=11690"}],"curies":[{"name":"wp","href":"https:\/\/api.w.org\/{rel}","templated":true}]}}