{"id":4801,"date":"2016-12-15T14:44:56","date_gmt":"2016-12-15T13:44:56","guid":{"rendered":"https:\/\/superior-electronics.com\/website\/privacy-cookies-policy\/"},"modified":"2017-02-16T13:05:41","modified_gmt":"2017-02-16T12:05:41","slug":"politica-de-privacidad-e-cookies","status":"publish","type":"page","link":"https:\/\/superior-electronics.com\/es\/politica-de-privacidad-e-cookies\/","title":{"rendered":"Pol\u00edtica de Privacidad e Cookies"},"content":{"rendered":"\n<style type=\"text\/css\" data-created_by=\"avia_inline_auto\" id=\"style-css-av-av_one_full-6126cab7d8fab8d08143dd2dacdf673c\">\n.flex_column.av-av_one_full-6126cab7d8fab8d08143dd2dacdf673c{\n-webkit-border-radius:0px 0px 0px 0px;\n-moz-border-radius:0px 0px 0px 0px;\nborder-radius:0px 0px 0px 0px;\npadding:0px 0px 0px 0px;\n}\n<\/style>\n<div  class='flex_column av-av_one_full-6126cab7d8fab8d08143dd2dacdf673c av_one_full  avia-builder-el-0  avia-builder-el-no-sibling  first flex_column_div av-zero-column-padding  '     ><section  class='av_textblock_section av-av_textblock-35972167d9f102c5ddaec0c531c98b9e '   itemscope=\"itemscope\" itemtype=\"https:\/\/schema.org\/CreativeWork\" ><div class='avia_textblock'  itemprop=\"text\" ><h1>Pol\u00edtica de Privacidad &amp; Cookies<\/h1>\n<p>Titular y responsable del tratamiento de datos: <strong>Superior Srl &#8211; Largo R. Lanciani, 24 &#8211; 00162 Roma<\/strong><\/p>\n<p>Esta aplicaci\u00f3n, de forma aut\u00f3noma y por voluntad expresa del usuario o a trav\u00e9s de terceros, almacena algunos datos personales de sus usuarios, entre ellos: nombre, raz\u00f3n social, correo electr\u00f3nico, cookies y datos de uso. En determinados casos podr\u00edan almacenarse otras tipolog\u00edas de datos personales diferentes de las enumeradas anteriormente. En caso de verificarse dicha eventualidad, se indicar\u00e1 puntualmente en otras secciones de esta pol\u00edtica de privacidad o mediante textos informativos visualizados en el contexto de la recogida de dichos datos.<\/p>\n<p>El tratamiento se efect\u00faa mediante instrumentos inform\u00e1ticos o telem\u00e1ticos, con modalidades organizativas y con l\u00f3gicas estrechamente relacionadas con las finalidades ligadas al suministro del servicio solicitado por el usuario. El posible uso de las cookies \u2013 u otros instrumentos de seguimiento \u2013 por parte de esta aplicaci\u00f3n o de los titulares de los servicios terceros utilizados por esta aplicaci\u00f3n, cuando no se precise lo contrario, tendr\u00e1 la \u00fanica finalidad de identificar al usuario o registrar sus preferencias con el fin de perseguir las finalidades que se enumeran a continuaci\u00f3n. El hecho de que el usuario decida no confiar algunos de sus datos personales podr\u00eda impedir que esta aplicaci\u00f3n ofrezca sus servicios. Asimismo, el usuario se asume la responsabilidad de los datos personales de terceros publicados o compartidos mediante esta aplicaci\u00f3n y garantiza que tiene derecho a comunicarlos o divulgarlos, liberando al titular de toda responsabilidad hacia terceros.<\/p>\n<p>El titular trata los datos personales de terceros adoptando las medidas de seguridad oportunas, destinadas a impedir el acceso, divulgaci\u00f3n, modificaci\u00f3n o destrucci\u00f3n no autorizadas de los datos personales. Adem\u00e1s del titular, en algunos casos podr\u00edan tener acceso a los datos algunas categor\u00edas de encargados implicadas en la administraci\u00f3n de la web (personal administrativo, comercial, m\u00e1rketing, abogados, administradores de sistema), o personal externo (como proveedores de servicios t\u00e9cnicos, servicios de paqueter\u00eda, proveedores de hosting, empresas de inform\u00e1tica, agencias de comunicaci\u00f3n), designados tambi\u00e9n en caso necesario, responsables de tratamiento por el titular. Siempre se le podr\u00e1 solicitar la lista actualizada de responsables al titular del tratamiento.<\/p>\n<p>Los datos personales del usuario pueden utilizarse para la defensa del titular en juicio o en las etapas preliminares a la posible instauraci\u00f3n del mismo, para defenderse de abusos en el uso de la misma o de los servicios vinculados a la misma por parte del usuario. El usuario declara ser consciente de que al titular podr\u00eda solicit\u00e1rsele que revelara los datos a petici\u00f3n de las autoridades p\u00fablicas.<\/p>\n<p>Los individuos a quienes se refieren los datos personales tienen derecho en todo momento a que se les confirme la existencia o no de los mismos en las dependencias del titular del tratamiento, a conocer el contenido y el origen de los mismos, a comprobar su exactitud o solicitar que se completen, borren, actualicen, rectifiquen, transformen de forma an\u00f3nima o bloqueen los datos personales tratados infringiendo la ley, as\u00ed como a oponerse en cualquier caso, por motivos leg\u00edtimos, a su tratamiento. Las solicitudes deber\u00e1n dirigirse al titular del tratamiento.<\/p>\n<p>El titular del tratamiento se reserva el derecho a aportar cambios a la presente pol\u00edtica de privacidad en cualquier momento, poni\u00e9ndolo en conocimiento de los usuarios a trav\u00e9s de esta p\u00e1gina. Por tanto, se ruega consultarla con frecuencia, tomando como referencia la fecha de la \u00faltima modificaci\u00f3n indicada al pie. En caso de no aceptar los cambios aportados a la presente pol\u00edtica de privacidad, el usuario tiene la obligaci\u00f3n de dejar de utilizar esta aplicaci\u00f3n y puede pedirle al titular del tratamiento que borre sus datos personales. Salvo todo lo especificado de otro modo, la anterior pol\u00edtica de privacidad seguir\u00e1 aplic\u00e1ndose a los datos personales recogidos hasta ese momento.<\/p>\n<p>En todo momento podr\u00e1 solicit\u00e1rsele al titular del tratamiento mayor informaci\u00f3n acerca del tratamiento de datos personales utilizando la informaci\u00f3n de contacto.<\/p>\n<p>Los datos del usuario e recogen para permitirle al titular ofrecer sus servicios, as\u00ed como con las siguientes finalidades: m\u00f3dulo de contacto, estad\u00edsticas, gesti\u00f3n de direcci\u00f3n y env\u00edo de mensajes de correo electr\u00f3nico e interacci\u00f3n con redes sociales y plataformas externas. Para necesidades ligadas al funcionamiento y al mantenimiento, esta aplicaci\u00f3n y los posibles servicios terceros que utilice la misma podr\u00edan recoger logs de sistema, es decir, ficheros que registran las interacciones y que pueden contener tambi\u00e9n datos personales, como la direcci\u00f3n IP de usuario. Esta aplicaci\u00f3n no soporta las solicitudes \u201cDo Not Track\u201d. Para saber si eventuales servicios de terceros las soportan, consultar las pol\u00edticas de privacidad correspondientes. Las tipolog\u00edas de Datos Personales utilizadas para cada finalidad est\u00e1n indicadas en las secciones espec\u00edficas de este documento.<\/p>\n<h3>M\u00f3dulo de contacto (Esta Aplicaci\u00f3n)<\/h3>\n<p>El usuario, al rellenar con sus datos el m\u00f3dulo de contacto, da su consentimiento para que se utilicen para responder a las solicitudes de informaci\u00f3n, presupuestos o de cualquier otro tipo indicado en el encabezado del m\u00f3dulo.<\/p>\n<p>Datos personales recogidos: correo electr\u00f3nico, nombre y raz\u00f3n social.<\/p>\n<p>Lugar del tratamiento: Italia<\/p>\n<h3>Estad\u00edsticas<\/h3>\n<p>Los servicios contenidos en la presente secci\u00f3n le permiten al titular del tratamiento hacer un seguimiento de los datos de tr\u00e1fico y analizarlos, y sirven para llevar un registro del comportamiento del usuario.<\/p>\n<h3>Gesti\u00f3n de direcciones y env\u00edo de mensajes de correo electr\u00f3nico<\/h3>\n<p>Estos servicios permiten manejar una base de datos de contactos de correo electr\u00f3nico, contactos telef\u00f3nicos o contactos de cualquier otro tipo, que se utilizan para comunicarse con el usuario. Estos servicios podr\u00edan permitir adem\u00e1s recabar informaci\u00f3n acerca de la fecha y hora de visualizaci\u00f3n de los mensajes por parte del usuario, as\u00ed como de la interacci\u00f3n del usuario con los mismos, e informaci\u00f3n sobre los clics en los enlaces insertados en los mensajes.<\/p>\n<h3>Interacci\u00f3n con las redes sociales y plataformas externas<\/h3>\n<p>Estos servicios permiten establecer interacciones con las redes sociales u otras plataformas externas, directamente desde las p\u00e1ginas de esta aplicaci\u00f3n. Las interacciones e informaciones adquiridas desde esta aplicaci\u00f3n est\u00e1n sujetas en todo caso a los ajustes de privacidad del usuario correspondientes a cada red social. En caso de que se haya instalado un servicio de interacci\u00f3n con las redes sociales, es posible que, incluso en caso de que los usuarios no utilicen el servicio, el mismo recoja datos de tr\u00e1fico relacionados con las p\u00e1ginas en que est\u00e1 instalado.<\/p>\n<h3>Google Analytics (Google Inc.)<\/h3>\n<p>Google Analytics es un servicio de an\u00e1lisis de web proporcionado por Google Inc. (\u201cGoogle\u201d). Google utiliza los datos personales recogidos con el fin de monitorizar y analizar el uso de esta aplicaci\u00f3n, elaborar informes y compartirlos con los dem\u00e1s servicios desarrollados por Google. Google podr\u00eda utilizar los datos personales para contextualizar y personalizar los anuncios de su propia red publicitaria.<\/p>\n<p>Datos personales recogidos: Cookies y datos de uso.<\/p>\n<p>Lugar de tratamiento: USA \u2013 <a href=\"http:\/\/www.google.com\/policies\/privacy\/\">Privacy Policy<\/a><\/p>\n<h2>DEFINICIONES<\/h2>\n<h3>Datos Personales (o Datos)<\/h3>\n<p>Constituye dato personal cualquier informaci\u00f3n relacionada con una persona f\u00edsica, identificada o identificable, incluso indirectamente, mediante referencia a cualquier otra informaci\u00f3n, incluido un n\u00famero de identificaci\u00f3n personal.<\/p>\n<h3>Datos de Uso<\/h3>\n<p>Son los datos que recoge autom\u00e1ticamente esta aplicaci\u00f3n (o las aplicaciones de terceros que utiliza esta aplicaci\u00f3n), entre los que se cuentan: las direcciones IP o los nombres de dominios de los ordenadores utilizados por el usuario que se conecta con esta aplicaci\u00f3n, las direcciones URI (Uniform Resource Identifier), el horario de la solicitud, el m\u00e9todo empleado para presentar la solicitud al servidor, el tama\u00f1o del fichero de respuesta recibido, el c\u00f3digo num\u00e9rico que indica el estado de la respuesta del servidor (exitosa, error, etc.), el pa\u00eds de procedencia, las caracter\u00edsticas del navegador y del sistema operativo que utiliza el visitante, las distintas connotaciones temporales de la visita (por ejemplo, el tiempo de permanencia en cada p\u00e1gina) y los detalles correspondientes al itinerario seguido dentro de la aplicaci\u00f3n, con especial referencia a la secuencia de las p\u00e1ginas consultadas, los par\u00e1metros relativos al sistema operativo y al entorno inform\u00e1tico del usuario.<\/p>\n<h3>Usuario<\/h3>\n<p>Es el individuo que utiliza esta aplicaci\u00f3n, que tiene que coincidir con el interesado o haber sido autorizado por el mismo, y cuyos datos personales son objeto de tratamiento.<\/p>\n<h3>Interesado<\/h3>\n<p>La persona f\u00edsica o jur\u00eddica a quien corresponden los datos personales.<\/p>\n<h3>Responsable del Tratamiento (o Responsable)<\/h3>\n<p>La persona f\u00edsica, jur\u00eddica, la administraci\u00f3n p\u00fablica y cualquier otra entidad, asociaci\u00f3n u organismo designados por el titular para el tratamiento de los datos personales, seg\u00fan lo dispuesto por la presente pol\u00edtica de privacidad.<\/p>\n<h3>Titular del Tratamiento (o Titular)<\/h3>\n<p>La persona f\u00edsica, jur\u00eddica, la administraci\u00f3n p\u00fablica y cualquier otra entidad, asociaci\u00f3n u organismo a los que correspondan, incluso conjuntamente con otro titular, las decisiones relacionadas con las finalidades, las modalidades del tratamiento de datos personales y los instrumentos utilizados, incluido el perfil de la seguridad, en lo tocante al funcionamiento y uso de esta aplicaci\u00f3n. El titular del tratamiento, salvo que se especifique lo contrario, es el propietario de esta aplicaci\u00f3n.<\/p>\n<h3>Esta Aplicaci\u00f3n<\/h3>\n<p>La herramienta hardware o software mediante la cual se recogen los datos personales de los usuarios.<\/p>\n<h3>Cookie<\/h3>\n<p>Peque\u00f1a porci\u00f3n de datos que se conserva dentro del dispositivo del usuario.<\/p>\n<h2>REFERENCIAS LEGALES<\/h2>\n<p>Aviso a los usuarios europeos: la presente pol\u00edtica de privacidad ha sido redactada de conformidad con las obligaciones previstas en el Art. 10 de la Directiva n. 95\/46\/CE, as\u00ed como al amparo de lo previsto en la Directiva 2002\/58\/CE, actualizada por la Directiva 2009\/136\/CE, en materia de Cookies. Esta pol\u00edtica informativa afecta exclusivamente a esta aplicaci\u00f3n.<\/p>\n<\/div><\/section><\/div>\n","protected":false},"excerpt":{"rendered":"","protected":false},"author":1,"featured_media":0,"parent":0,"menu_order":999,"comment_status":"closed","ping_status":"closed","template":"","meta":{"inline_featured_image":false,"footnotes":""},"categories":[],"tags":[],"class_list":["post-4801","page","type-page","status-publish","hentry"],"yoast_head":"<!-- This site is optimized with the Yoast SEO plugin v27.3 - https:\/\/yoast.com\/product\/yoast-seo-wordpress\/ -->\n<title>Pol\u00edtica de Privacidad e Cookies - Superior Electronics<\/title>\n<meta name=\"robots\" content=\"noindex, nofollow\" \/>\n<meta property=\"og:locale\" content=\"es_ES\" \/>\n<meta property=\"og:type\" content=\"article\" \/>\n<meta property=\"og:title\" content=\"Pol\u00edtica de Privacidad e Cookies - Superior Electronics\" \/>\n<meta property=\"og:url\" content=\"https:\/\/superior-electronics.com\/es\/politica-de-privacidad-e-cookies\/\" \/>\n<meta property=\"og:site_name\" content=\"Superior Electronics\" \/>\n<meta property=\"article:modified_time\" content=\"2017-02-16T12:05:41+00:00\" \/>\n<meta name=\"twitter:card\" content=\"summary_large_image\" \/>\n<meta name=\"twitter:label1\" content=\"Tiempo de lectura\" \/>\n\t<meta name=\"twitter:data1\" content=\"9 minutos\" \/>\n<script type=\"application\/ld+json\" class=\"yoast-schema-graph\">{\"@context\":\"https:\\\/\\\/schema.org\",\"@graph\":[{\"@type\":\"WebPage\",\"@id\":\"https:\\\/\\\/superior-electronics.com\\\/es\\\/politica-de-privacidad-e-cookies\\\/\",\"url\":\"https:\\\/\\\/superior-electronics.com\\\/es\\\/politica-de-privacidad-e-cookies\\\/\",\"name\":\"Pol\u00edtica de Privacidad e Cookies - Superior Electronics\",\"isPartOf\":{\"@id\":\"https:\\\/\\\/superior-electronics.com\\\/es\\\/#website\"},\"datePublished\":\"2016-12-15T13:44:56+00:00\",\"dateModified\":\"2017-02-16T12:05:41+00:00\",\"breadcrumb\":{\"@id\":\"https:\\\/\\\/superior-electronics.com\\\/es\\\/politica-de-privacidad-e-cookies\\\/#breadcrumb\"},\"inLanguage\":\"es\",\"potentialAction\":[{\"@type\":\"ReadAction\",\"target\":[\"https:\\\/\\\/superior-electronics.com\\\/es\\\/politica-de-privacidad-e-cookies\\\/\"]}]},{\"@type\":\"BreadcrumbList\",\"@id\":\"https:\\\/\\\/superior-electronics.com\\\/es\\\/politica-de-privacidad-e-cookies\\\/#breadcrumb\",\"itemListElement\":[{\"@type\":\"ListItem\",\"position\":1,\"name\":\"Home\",\"item\":\"https:\\\/\\\/superior-electronics.com\\\/es\\\/superior-electronics\\\/\"},{\"@type\":\"ListItem\",\"position\":2,\"name\":\"Pol\u00edtica de Privacidad e Cookies\"}]},{\"@type\":\"WebSite\",\"@id\":\"https:\\\/\\\/superior-electronics.com\\\/es\\\/#website\",\"url\":\"https:\\\/\\\/superior-electronics.com\\\/es\\\/\",\"name\":\"Superior Electronics\",\"description\":\"Telecomandi programmabili, elettronica di qualit\u00e0\",\"publisher\":{\"@id\":\"https:\\\/\\\/superior-electronics.com\\\/es\\\/#organization\"},\"potentialAction\":[{\"@type\":\"SearchAction\",\"target\":{\"@type\":\"EntryPoint\",\"urlTemplate\":\"https:\\\/\\\/superior-electronics.com\\\/es\\\/?s={search_term_string}\"},\"query-input\":{\"@type\":\"PropertyValueSpecification\",\"valueRequired\":true,\"valueName\":\"search_term_string\"}}],\"inLanguage\":\"es\"},{\"@type\":\"Organization\",\"@id\":\"https:\\\/\\\/superior-electronics.com\\\/es\\\/#organization\",\"name\":\"Superior Srl\",\"url\":\"https:\\\/\\\/superior-electronics.com\\\/es\\\/\",\"logo\":{\"@type\":\"ImageObject\",\"inLanguage\":\"es\",\"@id\":\"https:\\\/\\\/superior-electronics.com\\\/es\\\/#\\\/schema\\\/logo\\\/image\\\/\",\"url\":\"https:\\\/\\\/superior-electronics.com\\\/website\\\/wp-content\\\/uploads\\\/2017\\\/09\\\/Superior-logo-header-new.png\",\"contentUrl\":\"https:\\\/\\\/superior-electronics.com\\\/website\\\/wp-content\\\/uploads\\\/2017\\\/09\\\/Superior-logo-header-new.png\",\"width\":528,\"height\":156,\"caption\":\"Superior Srl\"},\"image\":{\"@id\":\"https:\\\/\\\/superior-electronics.com\\\/es\\\/#\\\/schema\\\/logo\\\/image\\\/\"}}]}<\/script>\n<!-- \/ Yoast SEO plugin. -->","yoast_head_json":{"title":"Pol\u00edtica de Privacidad e Cookies - Superior Electronics","robots":{"index":"noindex","follow":"nofollow"},"og_locale":"es_ES","og_type":"article","og_title":"Pol\u00edtica de Privacidad e Cookies - Superior Electronics","og_url":"https:\/\/superior-electronics.com\/es\/politica-de-privacidad-e-cookies\/","og_site_name":"Superior Electronics","article_modified_time":"2017-02-16T12:05:41+00:00","twitter_card":"summary_large_image","twitter_misc":{"Tiempo de lectura":"9 minutos"},"schema":{"@context":"https:\/\/schema.org","@graph":[{"@type":"WebPage","@id":"https:\/\/superior-electronics.com\/es\/politica-de-privacidad-e-cookies\/","url":"https:\/\/superior-electronics.com\/es\/politica-de-privacidad-e-cookies\/","name":"Pol\u00edtica de Privacidad e Cookies - Superior Electronics","isPartOf":{"@id":"https:\/\/superior-electronics.com\/es\/#website"},"datePublished":"2016-12-15T13:44:56+00:00","dateModified":"2017-02-16T12:05:41+00:00","breadcrumb":{"@id":"https:\/\/superior-electronics.com\/es\/politica-de-privacidad-e-cookies\/#breadcrumb"},"inLanguage":"es","potentialAction":[{"@type":"ReadAction","target":["https:\/\/superior-electronics.com\/es\/politica-de-privacidad-e-cookies\/"]}]},{"@type":"BreadcrumbList","@id":"https:\/\/superior-electronics.com\/es\/politica-de-privacidad-e-cookies\/#breadcrumb","itemListElement":[{"@type":"ListItem","position":1,"name":"Home","item":"https:\/\/superior-electronics.com\/es\/superior-electronics\/"},{"@type":"ListItem","position":2,"name":"Pol\u00edtica de Privacidad e Cookies"}]},{"@type":"WebSite","@id":"https:\/\/superior-electronics.com\/es\/#website","url":"https:\/\/superior-electronics.com\/es\/","name":"Superior Electronics","description":"Telecomandi programmabili, elettronica di qualit\u00e0","publisher":{"@id":"https:\/\/superior-electronics.com\/es\/#organization"},"potentialAction":[{"@type":"SearchAction","target":{"@type":"EntryPoint","urlTemplate":"https:\/\/superior-electronics.com\/es\/?s={search_term_string}"},"query-input":{"@type":"PropertyValueSpecification","valueRequired":true,"valueName":"search_term_string"}}],"inLanguage":"es"},{"@type":"Organization","@id":"https:\/\/superior-electronics.com\/es\/#organization","name":"Superior Srl","url":"https:\/\/superior-electronics.com\/es\/","logo":{"@type":"ImageObject","inLanguage":"es","@id":"https:\/\/superior-electronics.com\/es\/#\/schema\/logo\/image\/","url":"https:\/\/superior-electronics.com\/website\/wp-content\/uploads\/2017\/09\/Superior-logo-header-new.png","contentUrl":"https:\/\/superior-electronics.com\/website\/wp-content\/uploads\/2017\/09\/Superior-logo-header-new.png","width":528,"height":156,"caption":"Superior Srl"},"image":{"@id":"https:\/\/superior-electronics.com\/es\/#\/schema\/logo\/image\/"}}]}},"_links":{"self":[{"href":"https:\/\/superior-electronics.com\/es\/wp-json\/wp\/v2\/pages\/4801","targetHints":{"allow":["GET"]}}],"collection":[{"href":"https:\/\/superior-electronics.com\/es\/wp-json\/wp\/v2\/pages"}],"about":[{"href":"https:\/\/superior-electronics.com\/es\/wp-json\/wp\/v2\/types\/page"}],"author":[{"embeddable":true,"href":"https:\/\/superior-electronics.com\/es\/wp-json\/wp\/v2\/users\/1"}],"replies":[{"embeddable":true,"href":"https:\/\/superior-electronics.com\/es\/wp-json\/wp\/v2\/comments?post=4801"}],"version-history":[{"count":3,"href":"https:\/\/superior-electronics.com\/es\/wp-json\/wp\/v2\/pages\/4801\/revisions"}],"predecessor-version":[{"id":8732,"href":"https:\/\/superior-electronics.com\/es\/wp-json\/wp\/v2\/pages\/4801\/revisions\/8732"}],"wp:attachment":[{"href":"https:\/\/superior-electronics.com\/es\/wp-json\/wp\/v2\/media?parent=4801"}],"wp:term":[{"taxonomy":"category","embeddable":true,"href":"https:\/\/superior-electronics.com\/es\/wp-json\/wp\/v2\/categories?post=4801"},{"taxonomy":"post_tag","embeddable":true,"href":"https:\/\/superior-electronics.com\/es\/wp-json\/wp\/v2\/tags?post=4801"}],"curies":[{"name":"wp","href":"https:\/\/api.w.org\/{rel}","templated":true}]}}