{"id":13424,"date":"2018-09-27T18:30:12","date_gmt":"2018-09-27T16:30:12","guid":{"rendered":"https:\/\/superior-electronics.com\/?page_id=13424"},"modified":"2024-05-07T20:53:00","modified_gmt":"2024-05-07T18:53:00","slug":"multi-key","status":"publish","type":"page","link":"https:\/\/superior-electronics.com\/es\/prodotti\/mandos_de_garaje\/multi-key\/","title":{"rendered":"Multi-Key"},"content":{"rendered":"<div id='full_slider_1'  class='avia-fullwidth-slider main_color avia-shadow   avia-builder-el-0  el_before_av_hr  avia-builder-el-first  dmc-hide-mobile dmc-caption-alt  container_wrap fullsize'  ><div  class='avia-slideshow av-75epi2u-ce1c3b5b10cc7a5a80595010bde779de avia-slideshow-no scaling av_slideshow_full avia-fade-slider dmc-hide-mobile dmc-caption-alt av-slideshow-ui av-control-hidden av-no-slider-navigation av-hide-nav-arrows av-slideshow-manual av-loop-once av-loop-manual-endless av-default-height-applied   avia-slideshow-1' data-slideshow-options=\"{&quot;animation&quot;:&quot;fade&quot;,&quot;autoplay&quot;:false,&quot;loop_autoplay&quot;:&quot;once&quot;,&quot;interval&quot;:5,&quot;loop_manual&quot;:&quot;manual-endless&quot;,&quot;autoplay_stopper&quot;:false,&quot;noNavigation&quot;:true,&quot;bg_slider&quot;:false,&quot;keep_padding&quot;:false,&quot;hoverpause&quot;:false,&quot;show_slide_delay&quot;:0}\"  itemprop=\"image\" itemscope=\"itemscope\" itemtype=\"https:\/\/schema.org\/ImageObject\" ><ul class='avia-slideshow-inner ' style='padding-bottom: 17.709923664122%;'><li  class='avia-slideshow-slide av-75epi2u-ce1c3b5b10cc7a5a80595010bde779de__0  av-single-slide slide-1 slide-odd'><div data-rel='slideshow-1' class='avia-slide-wrap '   ><div class='av-slideshow-caption av-75epi2u-ce1c3b5b10cc7a5a80595010bde779de__0 caption_fullwidth caption_right caption_right_framed caption_framed'><div class=\"container caption_container\"><div class=\"slideshow_caption\"><div class=\"slideshow_inner_caption\"><div class=\"slideshow_align_caption\"><div class='avia-caption-content '  itemprop=\"description\" ><p>\u2022 Controla hasta 4 aparatos<br \/>\n\u2022 Teclas grandes para su mayor comodidad<br \/>\n\u2022 Pr\u00e1ctico llavero<\/p>\n<\/div><\/div><\/div><\/div><\/div><\/div><img decoding=\"async\" class=\"wp-image-13442 avia-img-lazy-loading-not-13442\"  src=\"https:\/\/superior-electronics.com\/website\/wp-content\/uploads\/2018\/09\/universal-radio-frequency-remote-control-multi-Key.jpg\" width=\"1310\" height=\"232\" title='universal-radio-frequency-remote-control-multi-Key' alt=''  itemprop=\"thumbnailUrl\" srcset=\"https:\/\/superior-electronics.com\/website\/wp-content\/uploads\/2018\/09\/universal-radio-frequency-remote-control-multi-Key.jpg 1310w, https:\/\/superior-electronics.com\/website\/wp-content\/uploads\/2018\/09\/universal-radio-frequency-remote-control-multi-Key-450x80.jpg 450w, https:\/\/superior-electronics.com\/website\/wp-content\/uploads\/2018\/09\/universal-radio-frequency-remote-control-multi-Key-300x53.jpg 300w, https:\/\/superior-electronics.com\/website\/wp-content\/uploads\/2018\/09\/universal-radio-frequency-remote-control-multi-Key-768x136.jpg 768w, https:\/\/superior-electronics.com\/website\/wp-content\/uploads\/2018\/09\/universal-radio-frequency-remote-control-multi-Key-1030x182.jpg 1030w, https:\/\/superior-electronics.com\/website\/wp-content\/uploads\/2018\/09\/universal-radio-frequency-remote-control-multi-Key-705x125.jpg 705w\" sizes=\"(max-width: 1310px) 100vw, 1310px\" \/><\/div><\/li><\/ul><\/div><\/div><div id='after_full_slider_1'  class='main_color av_default_container_wrap container_wrap fullsize'  ><div class='container av-section-cont-open' ><div class='template-page content  av-content-full alpha units'><div class='post-entry post-entry-type-page post-entry-13424'><div class='entry-content-wrapper clearfix'>\n\n<style type=\"text\/css\" data-created_by=\"avia_inline_auto\" id=\"style-css-av-635fgdi-d510dc2b011c6738ee0682d49230c896\">\n#top .hr.hr-invisible.av-635fgdi-d510dc2b011c6738ee0682d49230c896{\nheight:50px;\n}\n<\/style>\n<div  class='hr av-635fgdi-d510dc2b011c6738ee0682d49230c896 hr-invisible  avia-builder-el-1  el_after_av_slideshow_full  el_before_av_two_fifth  avia-builder-el-first '><span class='hr-inner '><span class=\"hr-inner-style\"><\/span><\/span><\/div>\n\n<style type=\"text\/css\" data-created_by=\"avia_inline_auto\" id=\"style-css-av-5m6ea86-9d9aa59a40930392241132f9910ba0fa\">\n.flex_column.av-5m6ea86-9d9aa59a40930392241132f9910ba0fa{\n-webkit-border-radius:0px 0px 0px 0px;\n-moz-border-radius:0px 0px 0px 0px;\nborder-radius:0px 0px 0px 0px;\npadding:0px 0px 0px 0px;\n}\n<\/style>\n<div  class='flex_column av-5m6ea86-9d9aa59a40930392241132f9910ba0fa av_two_fifth  avia-builder-el-2  el_after_av_hr  el_before_av_one_fourth  first flex_column_div av-zero-column-padding  '     ><section  class='av_textblock_section av-5hl02di-639157d936c426467a413669c77d0acd '   itemscope=\"itemscope\" itemtype=\"https:\/\/schema.org\/CreativeWork\" ><div class='avia_textblock'  itemprop=\"text\" ><h2>Radiomando universal multifrecuencia learning para portones<\/h2>\n<ul>\n<li>Programa 4 aparatos de 4 diversas frecuencias<\/li>\n<li>La programacion es simple y rapida<\/li>\n<li>Maxima compatibilidad (frecuencias disponibles en la Ficha T\u00e9cnica)<\/li>\n<\/ul>\n<\/div><\/section><br \/>\n\n<style type=\"text\/css\" data-created_by=\"avia_inline_auto\" id=\"style-css-av-4xfpt8m-5ca56c4e3459afce1b0e958da8f88668\">\n#top .hr.hr-invisible.av-4xfpt8m-5ca56c4e3459afce1b0e958da8f88668{\nheight:25px;\n}\n<\/style>\n<div  class='hr av-4xfpt8m-5ca56c4e3459afce1b0e958da8f88668 hr-invisible  avia-builder-el-4  el_after_av_textblock  el_before_av_sidebar '><span class='hr-inner '><span class=\"hr-inner-style\"><\/span><\/span><\/div><br \/>\n<\/p><\/div>\n\n<style type=\"text\/css\" data-created_by=\"avia_inline_auto\" id=\"style-css-av-dyfyfa-4543d1f6baac3be11f7cdc20a92531de\">\n.flex_column.av-dyfyfa-4543d1f6baac3be11f7cdc20a92531de{\n-webkit-border-radius:0px 0px 0px 0px;\n-moz-border-radius:0px 0px 0px 0px;\nborder-radius:0px 0px 0px 0px;\npadding:0px 0px 0px 0px;\n}\n<\/style>\n<div  class='flex_column av-dyfyfa-4543d1f6baac3be11f7cdc20a92531de av_one_fourth  avia-builder-el-6  el_after_av_two_fifth  el_before_av_one_third  flex_column_div av-zero-column-padding  '     ><style type=\"text\/css\" data-created_by=\"avia_inline_auto\" id=\"style-css-av-39s9fdy-51f183a600e82cd2859272d5f42cd25f\">\n.avia-image-container.av-39s9fdy-51f183a600e82cd2859272d5f42cd25f img.avia_image{\nbox-shadow:none;\n}\n.avia-image-container.av-39s9fdy-51f183a600e82cd2859272d5f42cd25f .av-image-caption-overlay-center{\ncolor:#ffffff;\n}\n<\/style>\n<div  class='avia-image-container av-39s9fdy-51f183a600e82cd2859272d5f42cd25f av-styling- avia-align-center  avia-builder-el-7  avia-builder-el-no-sibling '   itemprop=\"image\" itemscope=\"itemscope\" itemtype=\"https:\/\/schema.org\/ImageObject\" ><div class=\"avia-image-container-inner\"><div class=\"avia-image-overlay-wrap\"><img decoding=\"async\" class='wp-image-36313 avia-img-lazy-loading-not-36313 avia_image ' src=\"https:\/\/superior-electronics.com\/website\/wp-content\/uploads\/2022\/06\/multi-key.png\" alt='' title='multi-key'  height=\"900\" width=\"577\"  itemprop=\"thumbnailUrl\" srcset=\"https:\/\/superior-electronics.com\/website\/wp-content\/uploads\/2022\/06\/multi-key.png 577w, https:\/\/superior-electronics.com\/website\/wp-content\/uploads\/2022\/06\/multi-key-450x702.png 450w, https:\/\/superior-electronics.com\/website\/wp-content\/uploads\/2022\/06\/multi-key-192x300.png 192w, https:\/\/superior-electronics.com\/website\/wp-content\/uploads\/2022\/06\/multi-key-452x705.png 452w, https:\/\/superior-electronics.com\/website\/wp-content\/uploads\/2022\/06\/multi-key-15x24.png 15w, https:\/\/superior-electronics.com\/website\/wp-content\/uploads\/2022\/06\/multi-key-51x80.png 51w, https:\/\/superior-electronics.com\/website\/wp-content\/uploads\/2022\/06\/multi-key-77x120.png 77w\" sizes=\"(max-width: 577px) 100vw, 577px\" \/><\/div><\/div><\/div><\/div>\n\n<style type=\"text\/css\" data-created_by=\"avia_inline_auto\" id=\"style-css-av-2wehgo6-836dc3e68a0028f5ca71193621df10df\">\n.flex_column.av-2wehgo6-836dc3e68a0028f5ca71193621df10df{\n-webkit-border-radius:0px 0px 0px 0px;\n-moz-border-radius:0px 0px 0px 0px;\nborder-radius:0px 0px 0px 0px;\npadding:0px 0px 0px 0px;\n}\n<\/style>\n<div  class='flex_column av-2wehgo6-836dc3e68a0028f5ca71193621df10df av_one_third  avia-builder-el-8  el_after_av_one_fourth  el_before_av_hr  flex_column_div av-zero-column-padding  '     ><div  class='togglecontainer av-2jogozq-74c9f1f162c6b4f65a6caa8250df86d4  avia-builder-el-9  avia-builder-el-no-sibling  dmc-accordion toggle_close_all' >\n<section class='av_toggle_section av-av_toggle-99edd2a89c5ebe60a599c305cf7ddef2'  itemscope=\"itemscope\" itemtype=\"https:\/\/schema.org\/CreativeWork\" ><div role=\"tablist\" class=\"single_toggle\" data-tags=\"{Todo} \"  ><p data-fake-id='#toggle-id-1' class='toggler  activeTitle '  itemprop=\"headline\"  role='tab' tabindex='0' aria-controls='toggle-id-1'>ESPECIFICACIONES T\u00c9CNICAS<span class=\"toggle_icon\"><span class=\"vert_icon\"><\/span><span class=\"hor_icon\"><\/span><\/span><\/p><div id='toggle-id-1' class='toggle_wrap  active_tc' style='display:block;' ><div class='toggle_content invers-color '  itemprop=\"text\" ><p><strong>PESO:<\/strong>\u00a029 g<\/p>\n<p><strong>DIMENSIONES:<\/strong>\u00a06,0 x 3,5 x 1,5 cm<\/p>\n<p><strong>BATERIAS:<\/strong>\u00a01 x 12V \u2013 27A\u00a0<em>(Inclu\u00edda)<\/em><\/p>\n<\/div><\/div><\/div><\/section>\n<section class='av_toggle_section av-av_toggle-a22af0842761ae8be9ebe7cb8de84ed7'  itemscope=\"itemscope\" itemtype=\"https:\/\/schema.org\/CreativeWork\" ><div role=\"tablist\" class=\"single_toggle\" data-tags=\"{Todo} \"  ><p data-fake-id='#toggle-id-2' class='toggler   '  itemprop=\"headline\"  role='tab' tabindex='0' aria-controls='toggle-id-2'>INFORMACIONES COMPLEMENTARIAS<span class=\"toggle_icon\"><span class=\"vert_icon\"><\/span><span class=\"hor_icon\"><\/span><\/span><\/p><div id='toggle-id-2' class='toggle_wrap  '  ><div class='toggle_content invers-color '  itemprop=\"text\" ><p><strong>CODIGO:\u00a0<\/strong>SUPRF004<\/p>\n<p><strong>CODIGO EAN:\u00a0<\/strong>8054242080568<\/p>\n<p><strong>TIPO:<\/strong>\u00a0Radiocomando de autoaprendizagem.<\/p>\n<p><strong>CONFIGURACION:<\/strong>\u00a0Seguir as indica\u00e7\u00f5es do manual de instru\u00e7\u00f5es. Telecomando original necess\u00e1rio<\/p>\n<p><strong>CONTENIDO BLISTER:<\/strong>\u00a0Manual e radiocomando com baterias 12V inclu\u00eddas<\/p>\n<\/div><\/div><\/div><\/section>\n<section class='av_toggle_section av-av_toggle-e5a12c3c6a1b475965c7d8def01f7c93'  itemscope=\"itemscope\" itemtype=\"https:\/\/schema.org\/CreativeWork\" ><div role=\"tablist\" class=\"single_toggle\" data-tags=\"{Todo} \"  ><p data-fake-id='#toggle-id-3' class='toggler   '  itemprop=\"headline\"  role='tab' tabindex='0' aria-controls='toggle-id-3'>Descargas<span class=\"toggle_icon\"><span class=\"vert_icon\"><\/span><span class=\"hor_icon\"><\/span><\/span><\/p><div id='toggle-id-3' class='toggle_wrap  '  ><div class='toggle_content invers-color '  itemprop=\"text\" ><div class=\"wpfd-single-file\">\n\n    <div class=\"wpfd-single-file--details wpfd-file-content\">\n                <p class=\"wpfd-file-content--description\">\n                    Datasheet\n                <\/p>\n    <\/div>\n    <div class=\"wpfd-single-file--buttons\">\n                                <a href=\"https:\/\/superior-electronics.com\/website\/download\/398\/datasheet\/27362\/multi-key_data-sheet_en.pdf\"  data-id=\"27362\" title=\"Datasheet\" class=\"noLightbox wpfd_downloadlink wpfd-single-file-button wpfd-button-download\">\n                    <span>Download<\/span>\n                <\/a>\n    <\/div>\n<\/div>\n\n<div class=\"wpfd-single-file\">\n\n    <div class=\"wpfd-single-file--details wpfd-file-content\">\n                <p class=\"wpfd-file-content--description\">\n                    Manual\n                <\/p>\n    <\/div>\n    <div class=\"wpfd-single-file--buttons\">\n                                <a href=\"https:\/\/superior-electronics.com\/website\/download\/400\/manuals\/25788\/multi-key-manual-en.pdf\"  data-id=\"25788\" title=\"Manual\" class=\"noLightbox wpfd_downloadlink wpfd-single-file-button wpfd-button-download\">\n                    <span>Download<\/span>\n                <\/a>\n    <\/div>\n<\/div>\n\n<\/div><\/div><\/div><\/section>\n<\/div><\/div>\n<style type=\"text\/css\" data-created_by=\"avia_inline_auto\" id=\"style-css-av-kimm3q-14c216d772bb2798e0862a0646f720eb\">\n#top .hr.hr-invisible.av-kimm3q-14c216d772bb2798e0862a0646f720eb{\nheight:50px;\n}\n<\/style>\n<div  class='hr av-kimm3q-14c216d772bb2798e0862a0646f720eb hr-invisible  avia-builder-el-10  el_after_av_one_third  avia-builder-el-last '><span class='hr-inner '><span class=\"hr-inner-style\"><\/span><\/span><\/div><\/p>\n","protected":false},"excerpt":{"rendered":"<p>\u2022 Controla hasta 4 aparatos<br \/>\n\u2022 Teclas grandes para su mayor comodidad<br \/>\n\u2022 Pr\u00e1ctico llavero<\/p>\n","protected":false},"author":4,"featured_media":36325,"parent":4788,"menu_order":10,"comment_status":"closed","ping_status":"closed","template":"","meta":{"inline_featured_image":false,"footnotes":""},"categories":[324,336,627],"tags":[],"class_list":["post-13424","page","type-page","status-publish","has-post-thumbnail","hentry","category-automatizacion","category-mandos-de-garaje","category-rf-remote-controls-es"],"yoast_head":"<!-- This site is optimized with the Yoast SEO plugin v27.4 - https:\/\/yoast.com\/product\/yoast-seo-wordpress\/ -->\n<title>Multi-Key - Superior Electronics<\/title>\n<meta name=\"robots\" content=\"index, follow, max-snippet:-1, max-image-preview:large, max-video-preview:-1\" \/>\n<link rel=\"canonical\" href=\"https:\/\/superior-electronics.com\/es\/prodotti\/mandos_de_garaje\/multi-key\/\" \/>\n<meta property=\"og:locale\" content=\"es_ES\" \/>\n<meta property=\"og:type\" content=\"article\" \/>\n<meta property=\"og:title\" content=\"Multi-Key - Superior Electronics\" \/>\n<meta property=\"og:description\" content=\"\u2022 Controla hasta 4 aparatos \u2022 Teclas grandes para su mayor comodidad \u2022 Pr\u00e1ctico llavero\" \/>\n<meta property=\"og:url\" content=\"https:\/\/superior-electronics.com\/es\/prodotti\/mandos_de_garaje\/multi-key\/\" \/>\n<meta property=\"og:site_name\" content=\"Superior Electronics\" \/>\n<meta property=\"article:modified_time\" content=\"2024-05-07T18:53:00+00:00\" \/>\n<meta property=\"og:image\" content=\"https:\/\/superior-electronics.com\/website\/wp-content\/uploads\/2022\/06\/Immagini-Evidenza-multi-key.jpg\" \/>\n\t<meta property=\"og:image:width\" content=\"600\" \/>\n\t<meta property=\"og:image:height\" content=\"600\" \/>\n\t<meta property=\"og:image:type\" content=\"image\/jpeg\" \/>\n<meta name=\"twitter:card\" content=\"summary_large_image\" \/>\n<meta name=\"twitter:label1\" content=\"Tiempo de lectura\" \/>\n\t<meta name=\"twitter:data1\" content=\"4 minutos\" \/>\n<script type=\"application\/ld+json\" class=\"yoast-schema-graph\">{\"@context\":\"https:\\\/\\\/schema.org\",\"@graph\":[{\"@type\":\"WebPage\",\"@id\":\"https:\\\/\\\/superior-electronics.com\\\/es\\\/prodotti\\\/mandos_de_garaje\\\/multi-key\\\/\",\"url\":\"https:\\\/\\\/superior-electronics.com\\\/es\\\/prodotti\\\/mandos_de_garaje\\\/multi-key\\\/\",\"name\":\"Multi-Key - Superior Electronics\",\"isPartOf\":{\"@id\":\"https:\\\/\\\/superior-electronics.com\\\/es\\\/#website\"},\"primaryImageOfPage\":{\"@id\":\"https:\\\/\\\/superior-electronics.com\\\/es\\\/prodotti\\\/mandos_de_garaje\\\/multi-key\\\/#primaryimage\"},\"image\":{\"@id\":\"https:\\\/\\\/superior-electronics.com\\\/es\\\/prodotti\\\/mandos_de_garaje\\\/multi-key\\\/#primaryimage\"},\"thumbnailUrl\":\"https:\\\/\\\/superior-electronics.com\\\/website\\\/wp-content\\\/uploads\\\/2022\\\/06\\\/Immagini-Evidenza-multi-key.jpg\",\"datePublished\":\"2018-09-27T16:30:12+00:00\",\"dateModified\":\"2024-05-07T18:53:00+00:00\",\"breadcrumb\":{\"@id\":\"https:\\\/\\\/superior-electronics.com\\\/es\\\/prodotti\\\/mandos_de_garaje\\\/multi-key\\\/#breadcrumb\"},\"inLanguage\":\"es\",\"potentialAction\":[{\"@type\":\"ReadAction\",\"target\":[\"https:\\\/\\\/superior-electronics.com\\\/es\\\/prodotti\\\/mandos_de_garaje\\\/multi-key\\\/\"]}]},{\"@type\":\"ImageObject\",\"inLanguage\":\"es\",\"@id\":\"https:\\\/\\\/superior-electronics.com\\\/es\\\/prodotti\\\/mandos_de_garaje\\\/multi-key\\\/#primaryimage\",\"url\":\"https:\\\/\\\/superior-electronics.com\\\/website\\\/wp-content\\\/uploads\\\/2022\\\/06\\\/Immagini-Evidenza-multi-key.jpg\",\"contentUrl\":\"https:\\\/\\\/superior-electronics.com\\\/website\\\/wp-content\\\/uploads\\\/2022\\\/06\\\/Immagini-Evidenza-multi-key.jpg\",\"width\":600,\"height\":600},{\"@type\":\"BreadcrumbList\",\"@id\":\"https:\\\/\\\/superior-electronics.com\\\/es\\\/prodotti\\\/mandos_de_garaje\\\/multi-key\\\/#breadcrumb\",\"itemListElement\":[{\"@type\":\"ListItem\",\"position\":1,\"name\":\"Home\",\"item\":\"https:\\\/\\\/superior-electronics.com\\\/es\\\/superior-electronics\\\/\"},{\"@type\":\"ListItem\",\"position\":2,\"name\":\"Prodotti\",\"item\":\"https:\\\/\\\/superior-electronics.com\\\/es\\\/prodotti\\\/\"},{\"@type\":\"ListItem\",\"position\":3,\"name\":\"Mandos de Garaje\",\"item\":\"https:\\\/\\\/superior-electronics.com\\\/es\\\/prodotti\\\/mandos_de_garaje\\\/\"},{\"@type\":\"ListItem\",\"position\":4,\"name\":\"Multi-Key\"}]},{\"@type\":\"WebSite\",\"@id\":\"https:\\\/\\\/superior-electronics.com\\\/es\\\/#website\",\"url\":\"https:\\\/\\\/superior-electronics.com\\\/es\\\/\",\"name\":\"Superior Electronics\",\"description\":\"Telecomandi programmabili, elettronica di qualit\u00e0\",\"publisher\":{\"@id\":\"https:\\\/\\\/superior-electronics.com\\\/es\\\/#organization\"},\"potentialAction\":[{\"@type\":\"SearchAction\",\"target\":{\"@type\":\"EntryPoint\",\"urlTemplate\":\"https:\\\/\\\/superior-electronics.com\\\/es\\\/?s={search_term_string}\"},\"query-input\":{\"@type\":\"PropertyValueSpecification\",\"valueRequired\":true,\"valueName\":\"search_term_string\"}}],\"inLanguage\":\"es\"},{\"@type\":\"Organization\",\"@id\":\"https:\\\/\\\/superior-electronics.com\\\/es\\\/#organization\",\"name\":\"Superior Srl\",\"url\":\"https:\\\/\\\/superior-electronics.com\\\/es\\\/\",\"logo\":{\"@type\":\"ImageObject\",\"inLanguage\":\"es\",\"@id\":\"https:\\\/\\\/superior-electronics.com\\\/es\\\/#\\\/schema\\\/logo\\\/image\\\/\",\"url\":\"https:\\\/\\\/superior-electronics.com\\\/website\\\/wp-content\\\/uploads\\\/2017\\\/09\\\/Superior-logo-header-new.png\",\"contentUrl\":\"https:\\\/\\\/superior-electronics.com\\\/website\\\/wp-content\\\/uploads\\\/2017\\\/09\\\/Superior-logo-header-new.png\",\"width\":528,\"height\":156,\"caption\":\"Superior Srl\"},\"image\":{\"@id\":\"https:\\\/\\\/superior-electronics.com\\\/es\\\/#\\\/schema\\\/logo\\\/image\\\/\"}}]}<\/script>\n<!-- \/ Yoast SEO plugin. -->","yoast_head_json":{"title":"Multi-Key - Superior Electronics","robots":{"index":"index","follow":"follow","max-snippet":"max-snippet:-1","max-image-preview":"max-image-preview:large","max-video-preview":"max-video-preview:-1"},"canonical":"https:\/\/superior-electronics.com\/es\/prodotti\/mandos_de_garaje\/multi-key\/","og_locale":"es_ES","og_type":"article","og_title":"Multi-Key - Superior Electronics","og_description":"\u2022 Controla hasta 4 aparatos \u2022 Teclas grandes para su mayor comodidad \u2022 Pr\u00e1ctico llavero","og_url":"https:\/\/superior-electronics.com\/es\/prodotti\/mandos_de_garaje\/multi-key\/","og_site_name":"Superior Electronics","article_modified_time":"2024-05-07T18:53:00+00:00","og_image":[{"width":600,"height":600,"url":"https:\/\/superior-electronics.com\/website\/wp-content\/uploads\/2022\/06\/Immagini-Evidenza-multi-key.jpg","type":"image\/jpeg"}],"twitter_card":"summary_large_image","twitter_misc":{"Tiempo de lectura":"4 minutos"},"schema":{"@context":"https:\/\/schema.org","@graph":[{"@type":"WebPage","@id":"https:\/\/superior-electronics.com\/es\/prodotti\/mandos_de_garaje\/multi-key\/","url":"https:\/\/superior-electronics.com\/es\/prodotti\/mandos_de_garaje\/multi-key\/","name":"Multi-Key - Superior Electronics","isPartOf":{"@id":"https:\/\/superior-electronics.com\/es\/#website"},"primaryImageOfPage":{"@id":"https:\/\/superior-electronics.com\/es\/prodotti\/mandos_de_garaje\/multi-key\/#primaryimage"},"image":{"@id":"https:\/\/superior-electronics.com\/es\/prodotti\/mandos_de_garaje\/multi-key\/#primaryimage"},"thumbnailUrl":"https:\/\/superior-electronics.com\/website\/wp-content\/uploads\/2022\/06\/Immagini-Evidenza-multi-key.jpg","datePublished":"2018-09-27T16:30:12+00:00","dateModified":"2024-05-07T18:53:00+00:00","breadcrumb":{"@id":"https:\/\/superior-electronics.com\/es\/prodotti\/mandos_de_garaje\/multi-key\/#breadcrumb"},"inLanguage":"es","potentialAction":[{"@type":"ReadAction","target":["https:\/\/superior-electronics.com\/es\/prodotti\/mandos_de_garaje\/multi-key\/"]}]},{"@type":"ImageObject","inLanguage":"es","@id":"https:\/\/superior-electronics.com\/es\/prodotti\/mandos_de_garaje\/multi-key\/#primaryimage","url":"https:\/\/superior-electronics.com\/website\/wp-content\/uploads\/2022\/06\/Immagini-Evidenza-multi-key.jpg","contentUrl":"https:\/\/superior-electronics.com\/website\/wp-content\/uploads\/2022\/06\/Immagini-Evidenza-multi-key.jpg","width":600,"height":600},{"@type":"BreadcrumbList","@id":"https:\/\/superior-electronics.com\/es\/prodotti\/mandos_de_garaje\/multi-key\/#breadcrumb","itemListElement":[{"@type":"ListItem","position":1,"name":"Home","item":"https:\/\/superior-electronics.com\/es\/superior-electronics\/"},{"@type":"ListItem","position":2,"name":"Prodotti","item":"https:\/\/superior-electronics.com\/es\/prodotti\/"},{"@type":"ListItem","position":3,"name":"Mandos de Garaje","item":"https:\/\/superior-electronics.com\/es\/prodotti\/mandos_de_garaje\/"},{"@type":"ListItem","position":4,"name":"Multi-Key"}]},{"@type":"WebSite","@id":"https:\/\/superior-electronics.com\/es\/#website","url":"https:\/\/superior-electronics.com\/es\/","name":"Superior Electronics","description":"Telecomandi programmabili, elettronica di qualit\u00e0","publisher":{"@id":"https:\/\/superior-electronics.com\/es\/#organization"},"potentialAction":[{"@type":"SearchAction","target":{"@type":"EntryPoint","urlTemplate":"https:\/\/superior-electronics.com\/es\/?s={search_term_string}"},"query-input":{"@type":"PropertyValueSpecification","valueRequired":true,"valueName":"search_term_string"}}],"inLanguage":"es"},{"@type":"Organization","@id":"https:\/\/superior-electronics.com\/es\/#organization","name":"Superior Srl","url":"https:\/\/superior-electronics.com\/es\/","logo":{"@type":"ImageObject","inLanguage":"es","@id":"https:\/\/superior-electronics.com\/es\/#\/schema\/logo\/image\/","url":"https:\/\/superior-electronics.com\/website\/wp-content\/uploads\/2017\/09\/Superior-logo-header-new.png","contentUrl":"https:\/\/superior-electronics.com\/website\/wp-content\/uploads\/2017\/09\/Superior-logo-header-new.png","width":528,"height":156,"caption":"Superior Srl"},"image":{"@id":"https:\/\/superior-electronics.com\/es\/#\/schema\/logo\/image\/"}}]}},"_links":{"self":[{"href":"https:\/\/superior-electronics.com\/es\/wp-json\/wp\/v2\/pages\/13424","targetHints":{"allow":["GET"]}}],"collection":[{"href":"https:\/\/superior-electronics.com\/es\/wp-json\/wp\/v2\/pages"}],"about":[{"href":"https:\/\/superior-electronics.com\/es\/wp-json\/wp\/v2\/types\/page"}],"author":[{"embeddable":true,"href":"https:\/\/superior-electronics.com\/es\/wp-json\/wp\/v2\/users\/4"}],"replies":[{"embeddable":true,"href":"https:\/\/superior-electronics.com\/es\/wp-json\/wp\/v2\/comments?post=13424"}],"version-history":[{"count":5,"href":"https:\/\/superior-electronics.com\/es\/wp-json\/wp\/v2\/pages\/13424\/revisions"}],"predecessor-version":[{"id":39790,"href":"https:\/\/superior-electronics.com\/es\/wp-json\/wp\/v2\/pages\/13424\/revisions\/39790"}],"up":[{"embeddable":true,"href":"https:\/\/superior-electronics.com\/es\/wp-json\/wp\/v2\/pages\/4788"}],"wp:featuredmedia":[{"embeddable":true,"href":"https:\/\/superior-electronics.com\/es\/wp-json\/wp\/v2\/media\/36325"}],"wp:attachment":[{"href":"https:\/\/superior-electronics.com\/es\/wp-json\/wp\/v2\/media?parent=13424"}],"wp:term":[{"taxonomy":"category","embeddable":true,"href":"https:\/\/superior-electronics.com\/es\/wp-json\/wp\/v2\/categories?post=13424"},{"taxonomy":"post_tag","embeddable":true,"href":"https:\/\/superior-electronics.com\/es\/wp-json\/wp\/v2\/tags?post=13424"}],"curies":[{"name":"wp","href":"https:\/\/api.w.org\/{rel}","templated":true}]}}