{"id":9270,"date":"2017-08-22T13:39:28","date_gmt":"2017-08-22T11:39:28","guid":{"rendered":"https:\/\/superior-electronics.com\/trouble\/"},"modified":"2024-06-10T16:42:41","modified_gmt":"2024-06-10T14:42:41","slug":"faq","status":"publish","type":"page","link":"https:\/\/superior-electronics.com\/de\/faq\/","title":{"rendered":"F.A.Q."},"content":{"rendered":"\n<style type=\"text\/css\" data-created_by=\"avia_inline_auto\" id=\"style-css-av-7igcof-227933ef354d31359bb117dda314d7a6\">\n.flex_column.av-7igcof-227933ef354d31359bb117dda314d7a6{\n-webkit-border-radius:0px 0px 0px 0px;\n-moz-border-radius:0px 0px 0px 0px;\nborder-radius:0px 0px 0px 0px;\npadding:0px 0px 0px 0px;\n}\n<\/style>\n<div  class='flex_column av-7igcof-227933ef354d31359bb117dda314d7a6 av_one_fourth  avia-builder-el-0  el_before_av_one_half  avia-builder-el-first  first flex_column_div av-zero-column-padding  '     ><\/div>\n\n<style type=\"text\/css\" data-created_by=\"avia_inline_auto\" id=\"style-css-av-5emssf-3343bb845228a09e7bbb6ba293cc9974\">\n.flex_column.av-5emssf-3343bb845228a09e7bbb6ba293cc9974{\nborder-width:1px;\nborder-color:#9e9e9e;\nborder-style:solid;\n-webkit-border-radius:5px 5px 5px 5px;\n-moz-border-radius:5px 5px 5px 5px;\nborder-radius:5px 5px 5px 5px;\npadding:40px 0px 40px 0px;\nbackground-color:#919191;\n}\n<\/style>\n<div  class='flex_column av-5emssf-3343bb845228a09e7bbb6ba293cc9974 av_one_half  avia-builder-el-1  el_after_av_one_fourth  el_before_av_one_fourth  flex_column_div  '     ><style type=\"text\/css\" data-created_by=\"avia_inline_auto\" id=\"style-css-av-hozin-97a0db98beed1c86c63e53cb87db8515\">\n#top .av_textblock_section.av-hozin-97a0db98beed1c86c63e53cb87db8515 .avia_textblock{\ncolor:#0a0a0a;\n}\n<\/style>\n<section  class='av_textblock_section av-hozin-97a0db98beed1c86c63e53cb87db8515 '   itemscope=\"itemscope\" itemtype=\"https:\/\/schema.org\/CreativeWork\" ><div class='avia_textblock av_inherit_color'  itemprop=\"text\" ><table style=\"width: 572px;\">\n<tbody>\n<tr>\n<td style=\"width: 204px;\"><span style=\"color: #ff0000;\"><b>Nachricht<\/b><\/span><\/td>\n<td style=\"width: 168px;\"><span style=\"color: #ff0000;\"><strong>Ursache<\/strong><\/span><\/td>\n<td style=\"width: 200px;\"><span style=\"color: #ff0000;\"><strong>L\u00f6sung<\/strong><\/span><\/td>\n<\/tr>\n<tr>\n<td style=\"width: 204px;\"><strong><span class=\"goog-text-highlight\">Code(s) #1 (#2 \/ #3 \/ #4) wird\/werden von der Fernbedienung nicht unterst\u00fctzt.<\/span><\/strong><\/td>\n<td style=\"width: 168px;\"><span class=\"\">Der Code (oder die Codes, wenn Sie versucht haben, mehr als eine Speicherbank zu programmieren) wird von der von der Software identifizierten Remote-Version nicht unterst\u00fctzt.<\/span><\/td>\n<td style=\"width: 200px;\">Ersetzen Sie die Fernbedienung durch eine neuere Version.<\/td>\n<\/tr>\n<tr>\n<td style=\"width: 204px;\"><strong><span class=\"goog-text-highlight\">Modell unbekannt<\/span><\/strong><\/td>\n<td style=\"width: 168px;\"><span class=\"goog-text-highlight\">Die Fernbedienung wird nicht richtig erkannt.<\/span><\/td>\n<td style=\"width: 200px;\"><span class=\"goog-text-highlight\">Bitte wenden Sie sich f\u00fcr weitere technische Unterst\u00fctzung an den Helpdesk-Service unter der E-Mail-Adresse \u201e\u00a0<\/span><a href=\"mailto:info@superior-electronics.com\"><span class=\"goog-text-highlight\">info@superior-electronics.com<\/span><\/a><span class=\"goog-text-highlight\">\u00a0\u201c.<\/span><\/td>\n<\/tr>\n<tr>\n<td style=\"width: 204px;\"><strong>Anmeldefehler (6xxxx).\u00a0Bitte versuchen Sie es sp\u00e4ter erneut.<\/strong><\/p>\n<p><strong>\u00a0<\/strong><strong>\u2014\u2013<\/strong><\/p>\n<p><strong>\u00a0<\/strong><strong>Anmeldefehler (8xxxx).<\/strong><\/p>\n<p><strong>Bitte versuchen Sie es sp\u00e4ter erneut.<\/strong><\/p>\n<p><strong>\u00a0<\/strong><strong>\u2014\u2013<\/strong><\/p>\n<p><strong>\u00a0<\/strong><strong>Hinweis:<\/strong>\u00a0\u201exxxx\u201c sind 4 alphanumerische Zeichen, die zwar unterschiedlich sind, aber zu derselben Fehlerkategorie f\u00fchren.\u00a0(Beispiel: Fehler \u201e6170e\u201c und Fehler \u201e63209\u201c geh\u00f6ren beide zur Kategorie \u201e6xxxx\u201c)<\/td>\n<td style=\"width: 168px;\">Es kann keine Verbindung zum Server hergestellt werden.<\/td>\n<td style=\"width: 200px;\">\u00dcberpr\u00fcfen Sie, ob die Internetverbindung aktiv ist und\/oder ob eine Firewall die Kommunikation mit dem Server blockiert.<\/td>\n<\/tr>\n<tr>\n<td style=\"width: 204px;\"><strong>Fehler (7xxxx)<\/strong><\/p>\n<p><strong>\u00a0<\/strong><strong>\u2014\u2013<\/strong><\/p>\n<p><strong>\u00a0<\/strong><strong>Hinweis:<\/strong>\u00a0\u201exxxx\u201c sind 4 alphanumerische Zeichen, die zwar unterschiedlich sind, aber zu derselben Fehlerkategorie f\u00fchren.\u00a0(Beispiel: Fehler \u201e7170e\u201c und Fehler \u201e73209\u201c geh\u00f6ren beide zur Kategorie \u201e7xxxx\u201c)<\/td>\n<td style=\"width: 168px;\">Es kann keine Verbindung zum Server hergestellt werden.<\/td>\n<td style=\"width: 200px;\">\u00dcberpr\u00fcfen Sie, ob der Abschnitt &#8222;Internetverbindung&#8220; des Bereichs &#8222;Konfiguration&#8220; richtig eingestellt ist.<\/p>\n<p><strong>Wenn Sie sich \u00fcber einen Proxy-Server verbinden<\/strong>\u00a0, stellen Sie bitte g\u00fcltige Parameter im entsprechenden Abschnitt des &#8222;Konfiguration&#8220;-Panels ein.<\/td>\n<\/tr>\n<tr>\n<td style=\"width: 204px;\"><strong>IR-Fehler (10006).<\/strong><\/p>\n<p><strong>\u00a0<\/strong><strong>\u2014\u2013<\/strong><\/p>\n<p><strong>\u00a0<\/strong><strong>Ir-Fehler (10200).<\/strong><\/p>\n<p><strong>\u00a0<\/strong><strong>\u2014\u2013<\/strong><\/p>\n<p><strong>\u00a0<\/strong><strong>IR-Fehler (10300).<\/strong><\/td>\n<td style=\"width: 168px;\">Die Abstimmung zwischen dem USB-Programmer und der \u201eSuperior\u201c-Fernbedienung ist nicht optimal.<\/td>\n<td style=\"width: 200px;\"><strong>Wenn die \u201eSuperior\u201c-Fernbedienung in den Identifikations-\/Programmiermodus wechselt, indem sie einfach in die N\u00e4he des USB-Programmierger\u00e4ts gebracht wird,<\/strong>\u00a0positionieren Sie die Fernbedienung in einem Abstand von 1-1,5 cm vom Programmierger\u00e4t neu und richten Sie die Taste \u201eMUTE\u201c mit der blinkenden roten LED aus der Programmierer.<\/p>\n<p><strong>Wenn die &#8222;Superior&#8220;-Fernbedienung durch gleichzeitiges Dr\u00fccken der Tasten &#8222;VOL-&#8220; und &#8222;VOL+&#8220; in den Identifikations-\/Programmiermodus wechselt<\/strong>\u00a0, positionieren Sie die Fernbedienung 1-7 cm vom USB-Programmierger\u00e4t entfernt.\u00a0(\u00a0<em>Empfindlichkeit kann je nach Fernbedienungsdesign variieren<\/em>\u00a0)<\/td>\n<\/tr>\n<tr>\n<td style=\"width: 204px;\"><strong><span class=\"\">IR-Fehler (10105).<\/span><\/strong><\/td>\n<td style=\"width: 168px;\">Die Tasten \u201eV-\u201c und \u201eV+\u201c werden w\u00e4hrend der Identifikations- oder Programmierphase gedr\u00fcckt gehalten.<\/td>\n<td style=\"width: 200px;\">Zum Identifizieren bzw. Programmieren der Fernbedienung die Tasten \u201eV-\u201c und \u201eV+\u201c gleichzeitig dr\u00fccken und loslassen, sobald die roten LEDs \u00fcber den Speicherebenentasten (\u201eTV\u201c, \u201eSAT\u201c, \u201eDVD\u201c, \u201eAUX\u201c) ) beginnen zu blinken.<\/td>\n<\/tr>\n<tr>\n<td style=\"width: 204px;\"><strong>Datenbankfehler (20002).<\/strong><\/p>\n<p><strong>Installieren Sie das Programm neu.<\/strong><\/td>\n<td style=\"width: 168px;\">Die Codedatenbank ist besch\u00e4digt oder stimmt nicht mit der derzeit verwendeten Softwareversion \u00fcberein.<\/td>\n<td style=\"width: 200px;\"><span class=\"goog-text-highlight\">Bitte aktualisieren Sie die Software \u00fcber die entsprechende Schaltfl\u00e4che in der Men\u00fcleiste oder entfernen Sie sie und installieren Sie sie erneut.<\/span><\/td>\n<\/tr>\n<tr>\n<td style=\"width: 204px;\"><strong><span class=\"goog-text-highlight\">Fehler 7012d<\/span><\/strong><\/td>\n<td style=\"width: 168px;\"><span class=\"\">Die Tastenbelegungsdatei (PDF) ist derzeit nicht verf\u00fcgbar.<\/span><\/td>\n<td style=\"width: 200px;\"><span class=\"goog-text-highlight\">Bitte wenden Sie sich f\u00fcr weitere technische Unterst\u00fctzung an den Helpdesk-Service unter der E-Mail-Adresse \u201e\u00a0<\/span><a href=\"mailto:info@superior-electronics.com\"><span class=\"goog-text-highlight\">info@superior-electronics.com<\/span><\/a><span class=\"goog-text-highlight\">\u00a0\u201c.<\/span><\/td>\n<\/tr>\n<\/tbody>\n<\/table>\n<h2 style=\"text-align: center;\"><span style=\"color: #000000;\"><strong>FREEDOM<\/strong><\/span><\/h2>\n<table style=\"width: 572px;\">\n<tbody>\n<tr>\n<td style=\"width: 204px;\"><span style=\"color: #ff0000;\"><b>Nachricht<\/b><\/span><\/td>\n<td style=\"width: 168px;\"><span style=\"color: #ff0000;\"><strong>Ursache<\/strong><\/span><\/td>\n<td style=\"width: 200px;\"><span style=\"color: #ff0000;\"><strong>L\u00f6sung<\/strong><\/span><\/td>\n<\/tr>\n<tr>\n<td style=\"width: 204px;\"><strong>USB-Fehler (1xxxx).<\/strong><\/p>\n<p><strong>\u00a0<\/strong><strong>\u2014\u2013<\/strong><\/p>\n<p><strong>\u00a0<\/strong><strong>Hinweis:<\/strong>\u00a0\u201exxxx\u201c sind 4 alphanumerische Zeichen, die zwar unterschiedlich sind, aber zu derselben Fehlerkategorie f\u00fchren.\u00a0(Beispiel: Fehler \u201e10200\u201c und Fehler \u201e1848f\u201c geh\u00f6ren beide zur Kategorie \u201e1xxxx\u201c)<\/td>\n<td style=\"width: 168px;\">Die Verbindung zwischen Fernbedienung und Computer ist nicht optimal.<\/td>\n<td style=\"width: 200px;\">\u2013 Pr\u00fcfen Sie, ob die Batterien neu sind.<\/p>\n<p>\u2013 Versuchen Sie, ein anderes Micro-USB-Kabel als das im Lieferumfang enthaltene zu verwenden.<\/p>\n<p>\u2013 Versuchen Sie, die Fernbedienung an einen anderen USB-Anschluss anzuschlie\u00dfen.<\/p>\n<p>\u2013 Versuchen Sie, die Fernbedienung an einen anderen Computer anzuschlie\u00dfen.<\/td>\n<\/tr>\n<tr>\n<td style=\"width: 204px;\"><strong>Modell unbekannt<\/strong><\/p>\n<p><strong>\u00a0<\/strong><strong>\u2014\u2013<\/strong><\/p>\n<p><strong>\u00a0<\/strong><strong>Linker-Fehler (b0400).<\/strong><\/td>\n<td style=\"width: 168px;\">Die Fernbedienung wird nicht richtig erkannt.<\/td>\n<td style=\"width: 200px;\">Bitte wenden Sie sich f\u00fcr weitere technische Unterst\u00fctzung an den Helpdesk-Service unter der E-Mail-Adresse \u201e\u00a0<a href=\"mailto:info@superior-electronics.com\">info@superior-electronics.com<\/a>\u00a0\u201c.<\/td>\n<\/tr>\n<\/tbody>\n<\/table>\n<div id=\"gtx-trans\" style=\"position: absolute; left: 517px; top: 618.406px;\">\n<div class=\"gtx-trans-icon\"><\/div>\n<\/div>\n<\/div><\/section><\/div>\n<style type=\"text\/css\" data-created_by=\"avia_inline_auto\" id=\"style-css-av-313o0v-c01f18ac5f332f104f9ece7fffa84acf\">\n.flex_column.av-313o0v-c01f18ac5f332f104f9ece7fffa84acf{\n-webkit-border-radius:0px 0px 0px 0px;\n-moz-border-radius:0px 0px 0px 0px;\nborder-radius:0px 0px 0px 0px;\npadding:0px 0px 0px 0px;\n}\n<\/style>\n<div  class='flex_column av-313o0v-c01f18ac5f332f104f9ece7fffa84acf av_one_fourth  avia-builder-el-3  el_after_av_one_half  avia-builder-el-last  flex_column_div av-zero-column-padding  '     ><\/div><\/p>\n","protected":false},"excerpt":{"rendered":"","protected":false},"author":4,"featured_media":0,"parent":0,"menu_order":0,"comment_status":"closed","ping_status":"closed","template":"","meta":{"inline_featured_image":false,"footnotes":""},"categories":[],"tags":[],"class_list":["post-9270","page","type-page","status-publish","hentry"],"yoast_head":"<!-- This site is optimized with the Yoast SEO plugin v27.4 - https:\/\/yoast.com\/product\/yoast-seo-wordpress\/ -->\n<title>F.A.Q. - Superior Electronics<\/title>\n<meta name=\"robots\" content=\"index, follow, max-snippet:-1, max-image-preview:large, max-video-preview:-1\" \/>\n<link rel=\"canonical\" href=\"https:\/\/superior-electronics.com\/de\/faq\/\" \/>\n<meta property=\"og:locale\" content=\"de_DE\" \/>\n<meta property=\"og:type\" content=\"article\" \/>\n<meta property=\"og:title\" content=\"F.A.Q. - Superior Electronics\" \/>\n<meta property=\"og:url\" content=\"https:\/\/superior-electronics.com\/de\/faq\/\" \/>\n<meta property=\"og:site_name\" content=\"Superior Electronics\" \/>\n<meta property=\"article:modified_time\" content=\"2024-06-10T14:42:41+00:00\" \/>\n<meta name=\"twitter:card\" content=\"summary_large_image\" \/>\n<meta name=\"twitter:label1\" content=\"Gesch\u00e4tzte Lesezeit\" \/>\n\t<meta name=\"twitter:data1\" content=\"4\u00a0Minuten\" \/>\n<script type=\"application\/ld+json\" class=\"yoast-schema-graph\">{\"@context\":\"https:\\\/\\\/schema.org\",\"@graph\":[{\"@type\":\"WebPage\",\"@id\":\"https:\\\/\\\/superior-electronics.com\\\/de\\\/faq\\\/\",\"url\":\"https:\\\/\\\/superior-electronics.com\\\/de\\\/faq\\\/\",\"name\":\"F.A.Q. - Superior Electronics\",\"isPartOf\":{\"@id\":\"https:\\\/\\\/superior-electronics.com\\\/de\\\/#website\"},\"datePublished\":\"2017-08-22T11:39:28+00:00\",\"dateModified\":\"2024-06-10T14:42:41+00:00\",\"breadcrumb\":{\"@id\":\"https:\\\/\\\/superior-electronics.com\\\/de\\\/faq\\\/#breadcrumb\"},\"inLanguage\":\"de\",\"potentialAction\":[{\"@type\":\"ReadAction\",\"target\":[\"https:\\\/\\\/superior-electronics.com\\\/de\\\/faq\\\/\"]}]},{\"@type\":\"BreadcrumbList\",\"@id\":\"https:\\\/\\\/superior-electronics.com\\\/de\\\/faq\\\/#breadcrumb\",\"itemListElement\":[{\"@type\":\"ListItem\",\"position\":1,\"name\":\"Home\",\"item\":\"https:\\\/\\\/superior-electronics.com\\\/de\\\/universal-fernbedienung-smart\\\/\"},{\"@type\":\"ListItem\",\"position\":2,\"name\":\"F.A.Q.\"}]},{\"@type\":\"WebSite\",\"@id\":\"https:\\\/\\\/superior-electronics.com\\\/de\\\/#website\",\"url\":\"https:\\\/\\\/superior-electronics.com\\\/de\\\/\",\"name\":\"Superior Electronics\",\"description\":\"Telecomandi programmabili, elettronica di qualit\u00e0\",\"publisher\":{\"@id\":\"https:\\\/\\\/superior-electronics.com\\\/de\\\/#organization\"},\"potentialAction\":[{\"@type\":\"SearchAction\",\"target\":{\"@type\":\"EntryPoint\",\"urlTemplate\":\"https:\\\/\\\/superior-electronics.com\\\/de\\\/?s={search_term_string}\"},\"query-input\":{\"@type\":\"PropertyValueSpecification\",\"valueRequired\":true,\"valueName\":\"search_term_string\"}}],\"inLanguage\":\"de\"},{\"@type\":\"Organization\",\"@id\":\"https:\\\/\\\/superior-electronics.com\\\/de\\\/#organization\",\"name\":\"Superior Srl\",\"url\":\"https:\\\/\\\/superior-electronics.com\\\/de\\\/\",\"logo\":{\"@type\":\"ImageObject\",\"inLanguage\":\"de\",\"@id\":\"https:\\\/\\\/superior-electronics.com\\\/de\\\/#\\\/schema\\\/logo\\\/image\\\/\",\"url\":\"https:\\\/\\\/superior-electronics.com\\\/website\\\/wp-content\\\/uploads\\\/2017\\\/09\\\/Superior-logo-header-new.png\",\"contentUrl\":\"https:\\\/\\\/superior-electronics.com\\\/website\\\/wp-content\\\/uploads\\\/2017\\\/09\\\/Superior-logo-header-new.png\",\"width\":528,\"height\":156,\"caption\":\"Superior Srl\"},\"image\":{\"@id\":\"https:\\\/\\\/superior-electronics.com\\\/de\\\/#\\\/schema\\\/logo\\\/image\\\/\"}}]}<\/script>\n<!-- \/ Yoast SEO plugin. -->","yoast_head_json":{"title":"F.A.Q. - Superior Electronics","robots":{"index":"index","follow":"follow","max-snippet":"max-snippet:-1","max-image-preview":"max-image-preview:large","max-video-preview":"max-video-preview:-1"},"canonical":"https:\/\/superior-electronics.com\/de\/faq\/","og_locale":"de_DE","og_type":"article","og_title":"F.A.Q. - Superior Electronics","og_url":"https:\/\/superior-electronics.com\/de\/faq\/","og_site_name":"Superior Electronics","article_modified_time":"2024-06-10T14:42:41+00:00","twitter_card":"summary_large_image","twitter_misc":{"Gesch\u00e4tzte Lesezeit":"4\u00a0Minuten"},"schema":{"@context":"https:\/\/schema.org","@graph":[{"@type":"WebPage","@id":"https:\/\/superior-electronics.com\/de\/faq\/","url":"https:\/\/superior-electronics.com\/de\/faq\/","name":"F.A.Q. - Superior Electronics","isPartOf":{"@id":"https:\/\/superior-electronics.com\/de\/#website"},"datePublished":"2017-08-22T11:39:28+00:00","dateModified":"2024-06-10T14:42:41+00:00","breadcrumb":{"@id":"https:\/\/superior-electronics.com\/de\/faq\/#breadcrumb"},"inLanguage":"de","potentialAction":[{"@type":"ReadAction","target":["https:\/\/superior-electronics.com\/de\/faq\/"]}]},{"@type":"BreadcrumbList","@id":"https:\/\/superior-electronics.com\/de\/faq\/#breadcrumb","itemListElement":[{"@type":"ListItem","position":1,"name":"Home","item":"https:\/\/superior-electronics.com\/de\/universal-fernbedienung-smart\/"},{"@type":"ListItem","position":2,"name":"F.A.Q."}]},{"@type":"WebSite","@id":"https:\/\/superior-electronics.com\/de\/#website","url":"https:\/\/superior-electronics.com\/de\/","name":"Superior Electronics","description":"Telecomandi programmabili, elettronica di qualit\u00e0","publisher":{"@id":"https:\/\/superior-electronics.com\/de\/#organization"},"potentialAction":[{"@type":"SearchAction","target":{"@type":"EntryPoint","urlTemplate":"https:\/\/superior-electronics.com\/de\/?s={search_term_string}"},"query-input":{"@type":"PropertyValueSpecification","valueRequired":true,"valueName":"search_term_string"}}],"inLanguage":"de"},{"@type":"Organization","@id":"https:\/\/superior-electronics.com\/de\/#organization","name":"Superior Srl","url":"https:\/\/superior-electronics.com\/de\/","logo":{"@type":"ImageObject","inLanguage":"de","@id":"https:\/\/superior-electronics.com\/de\/#\/schema\/logo\/image\/","url":"https:\/\/superior-electronics.com\/website\/wp-content\/uploads\/2017\/09\/Superior-logo-header-new.png","contentUrl":"https:\/\/superior-electronics.com\/website\/wp-content\/uploads\/2017\/09\/Superior-logo-header-new.png","width":528,"height":156,"caption":"Superior Srl"},"image":{"@id":"https:\/\/superior-electronics.com\/de\/#\/schema\/logo\/image\/"}}]}},"_links":{"self":[{"href":"https:\/\/superior-electronics.com\/de\/wp-json\/wp\/v2\/pages\/9270","targetHints":{"allow":["GET"]}}],"collection":[{"href":"https:\/\/superior-electronics.com\/de\/wp-json\/wp\/v2\/pages"}],"about":[{"href":"https:\/\/superior-electronics.com\/de\/wp-json\/wp\/v2\/types\/page"}],"author":[{"embeddable":true,"href":"https:\/\/superior-electronics.com\/de\/wp-json\/wp\/v2\/users\/4"}],"replies":[{"embeddable":true,"href":"https:\/\/superior-electronics.com\/de\/wp-json\/wp\/v2\/comments?post=9270"}],"version-history":[{"count":5,"href":"https:\/\/superior-electronics.com\/de\/wp-json\/wp\/v2\/pages\/9270\/revisions"}],"predecessor-version":[{"id":39909,"href":"https:\/\/superior-electronics.com\/de\/wp-json\/wp\/v2\/pages\/9270\/revisions\/39909"}],"wp:attachment":[{"href":"https:\/\/superior-electronics.com\/de\/wp-json\/wp\/v2\/media?parent=9270"}],"wp:term":[{"taxonomy":"category","embeddable":true,"href":"https:\/\/superior-electronics.com\/de\/wp-json\/wp\/v2\/categories?post=9270"},{"taxonomy":"post_tag","embeddable":true,"href":"https:\/\/superior-electronics.com\/de\/wp-json\/wp\/v2\/tags?post=9270"}],"curies":[{"name":"wp","href":"https:\/\/api.w.org\/{rel}","templated":true}]}}