{"id":4799,"date":"2016-12-15T14:44:56","date_gmt":"2016-12-15T13:44:56","guid":{"rendered":"https:\/\/superior-electronics.com\/website\/privacy-cookies-policy\/"},"modified":"2017-02-16T13:02:07","modified_gmt":"2017-02-16T12:02:07","slug":"datenschutz-und-cookie-richtlinie","status":"publish","type":"page","link":"https:\/\/superior-electronics.com\/de\/datenschutz-und-cookie-richtlinie\/","title":{"rendered":"DATENSCHUTZ &#8211; UND COOKIE &#8211; RICHTLINIE"},"content":{"rendered":"\n<style type=\"text\/css\" data-created_by=\"avia_inline_auto\" id=\"style-css-av-av_one_full-6126cab7d8fab8d08143dd2dacdf673c\">\n.flex_column.av-av_one_full-6126cab7d8fab8d08143dd2dacdf673c{\n-webkit-border-radius:0px 0px 0px 0px;\n-moz-border-radius:0px 0px 0px 0px;\nborder-radius:0px 0px 0px 0px;\npadding:0px 0px 0px 0px;\n}\n<\/style>\n<div  class='flex_column av-av_one_full-6126cab7d8fab8d08143dd2dacdf673c av_one_full  avia-builder-el-0  avia-builder-el-no-sibling  first flex_column_div av-zero-column-padding  '     ><section  class='av_textblock_section av-av_textblock-35972167d9f102c5ddaec0c531c98b9e '   itemscope=\"itemscope\" itemtype=\"https:\/\/schema.org\/CreativeWork\" ><div class='avia_textblock'  itemprop=\"text\" ><h1>DATENSCHUTZ &#8211; UND COOKIE &#8211; RICHTLINIE<\/h1>\n<p>Inhaber und Verantwortlicher der Datenverarbeitung: <strong>Superior Srl &#8211; Largo R. Lanciani, 24 &#8211; 00162 Roma<\/strong><\/p>\n<p>Diese Anwendung sammelt selbst\u00e4ndig und auf ausdr\u00fccklichen Wunsch des Benutzers oder Dritter einige pers\u00f6nliche Daten ihrer Nutzer wie: Name, Firmenbezeichnung, E-Mail, Cookies und Nutzungsdaten. In manchen F\u00e4llen k\u00f6nnen andere Typen pers\u00f6nlicher Daten gesammelt werden, die sich von den oben beschriebenen unterscheiden: diese F\u00e4lle werden in anderen Abschnitten dieser Datenschutzerkl\u00e4rung oder mittels Informationstexte, die gleichzeitig beim Sammeln der besagten Daten angezeigt werden, genau aufgef\u00fchrt.<\/p>\n<p>Die Datenverarbeitung erfolgt unter Anwendung informatischer und\/oder telematischer Instrumente mit organisatorischen und logischen Instrumenten, die dazu dienen, ausschlie\u00dflich den vom Nutzer gew\u00fcnschten Service zu erbringen. Die eventuelle Verwendung von Cookies \u2013 oder anderer Tracking-Instrumente \u2013 seitens dieser Anwendung oder der Serviceleistungen Dritter seitens dieser Anwendung dient, dient, insofern nicht anders vorgesehen, ausschlie\u00dflich dazu, den Nutzer zu identifizieren und dessen jeweiliges Nutzerverhalten aufzuzeichnen, um die nachfolgenden Zwecke zu verfolgen. Die Nichteinwilligung zur Bereitstellung einiger pers\u00f6nlicher Daten seitens des Nutzers kann die Nichterbringung der Leistungen seitens dieser Anwendung zur Folge haben. Der Nutzer haftet f\u00fcr die mittels dieser Anwendung ver\u00f6ffentlichten oder ausgetauschten pers\u00f6nlichen Daten und garantiert zu deren Ver\u00f6ffentlichung oder Weitergabe berechtigt zu sein und befreit den Inhaber von jeder Haftung gegen\u00fcber Dritten.<\/p>\n<p>Der Inhaber verarbeitet die pers\u00f6nlichen Daten der Nutzer unter Anwendung entsprechender Sicherheitsma\u00dfnahmen, die dazu dienen, den unbefugten Zugang zu den bzw. die unbefugte Weitergabe, \u00c4nderung oder Vernichtung der pers\u00f6nlichen Daten zu verhindern. Au\u00dfer dem Inhaber k\u00f6nnen in einigen F\u00e4llen einige Kategorien von an der Organisation der Website mitwirkenden Mitarbeitern (aus dem Verwaltungs-, Gesch\u00e4fts-, Marketing- und Rechtsbereich, sowie Systemverwalter), aber auch externe Personen (wie Drittanbieter technischer Dienste, Postkuriere, Hosting-Anbieter, Informatikunternehmen, Kommunikationsagenturen), die, wenn erforderlich, vom Inhaber als Datenverarbeitungsverantwortliche beauftragt wurden, Zugang erhalten. Eine Liste der Verantwortlichen kann jederzeit beim Inhaber angefordert werden.<\/p>\n<p>Die Daten werden solange verarbeitet, wie es zur Erbringung der vom Nutzer angeforderten Dienstleistungen oder zu den in diesem Dokument beschriebenen Zwecken notwendig ist und der Nutzer kann jederzeit die Unterbrechung der Datenverarbeitung oder die L\u00f6schung der Daten anfordern. Die Daten werden am Verwaltungssitz des Inhabers und an jedem anderen Sitz verarbeitet, an dem die an der Datenverarbeitung mitwirkenden Parteien ihren Sitz haben.<\/p>\n<p>Die pers\u00f6nlichen Daten des Nutzers k\u00f6nnen vom Inhaber zur Verteidigung bei Gerichtsverfahren oder in den vorbereitenden Phasen solcher Verfahren im Fall von Missbrauch der Anwendung oder der damit verbundenen Dienstleistungen seitens des Nutzers verwendet werden. Der Nutzer erkl\u00e4rt, informiert zu sein, dass der Inhaber auf Verlangen \u00f6ffentlicher Beh\u00f6rden zur Herausgabe der Daten verpflichtet ist.<\/p>\n<p>Die Personen, deren Daten erfasst wurden, sind berechtigt, vom Inhaber der Datenverarbeitung jederzeit eine Best\u00e4tigung der Existenz oder Nichtexistenz derselben, sowie die \u00dcberpr\u00fcfung von deren Inhalt und Ursprung, deren Genauigkeit oder Vervollst\u00e4ndigung, L\u00f6schung, Aktualisierung, Korrektur, Umwandlung in anonyme Form oder eine Sperre der unrechtm\u00e4\u00dfig verarbeiteten Daten zu erhalten und k\u00f6nnen bei Vorliegen gesetzlich gerechtfertigter Motive auf alle F\u00e4lle eine Datenverarbeitung verweigern. Die entsprechenden Anforderungen sind an den Inhaber der Datenverarbeitung zu richten.<\/p>\n<p>Der Inhaber der Datenverarbeitung beh\u00e4lt sich das Recht vor, an der vorliegenden Datenschutzerkl\u00e4rung jederzeit Ver\u00e4nderungen vorzunehmen und diese dem Nutzer unter Angabe des am unteren Rand aufgef\u00fchrten Bezugsdatums der letzten \u00c4nderung auf dieser Seite mitzuteilen, die letzterer folglich \u00f6fter konsultieren sollte. Sollte der Nutzer die \u00c4nderungen der Datenschutzrichtlinie nicht akzeptieren, ist er verpflichtet, von der weiteren Nutzung dieser Anwendung abzusehen, wobei er berechtigt ist, vom Inhaber der Datenverarbeitung die L\u00f6schung seiner pers\u00f6nlichen Daten zu verlangen. Wenn nicht anderweitig aufgef\u00fchrt, gilt f\u00fcr die bis zum jeweiligen Moment gesammelten pers\u00f6nlichen Daten die jeweils vorangehende Datenschutzrichtlinie.<\/p>\n<p>Der Nutzer kann jederzeit vom Inhaber der Datenverarbeitung unter Verwendung der Kontaktdaten weitere Informationen zur Verarbeitung der pers\u00f6nlichen Daten verlangen.<\/p>\n<p>Die Nutzerdaten werden gesammelt, um es dem Inhaber zu erm\u00f6glichen, seine Dienstleistungen sowie folgende Zwecke zu erf\u00fcllen: Kontaktformular, Statistik, Adressenverwaltung, Versenden von E-Mails und Interaktionen mit Social Networks und externen Plattformen. Aus Betriebs- und Wartungsgr\u00fcnden k\u00f6nnen diese Anwendung und die eventuellen Dienstleistungen System-Logs von Drittanbietern erfassen, d.h. Dateien, die Interaktionen aufzeichnen und die auch pers\u00f6nliche Daten enthalten k\u00f6nnen, wie z.B. die IP-Adresse des Nutzers. Diese Anwendung unterst\u00fctzt keine \u201cDo Not Track\u201d-Aufforderungen. Um zu erfahren, ob eventuelle Dienstleistungen von Drittanbietern diese unterst\u00fctzen, kann der Nutzer deren entsprechende Datenschutzrichtlinien konsultieren. Die Typologie der zu den jeweiligen Zwecken verwendeten pers\u00f6nlichen Daten sind in den entsprechenden Abschnitten dieses Dokuments aufgef\u00fchrt.<\/p>\n<h3>Kontaktformular (Vorliegende Anwendung)<\/h3>\n<p>Der Nutzer erkl\u00e4rt sich mit dem Eintragen seiner Daten in das Kontaktformular mit deren Verarbeitung einverstanden, um eine Antwort auf eine Informationsanfrage, einen Kostenvoranschlag oder jede andere Art der Anfrage zu erhalten, die er im Kopf des Formulars angegeben hat.<\/p>\n<p>Gesammelte pers\u00f6nliche Daten: E-Mail, Name und Firmenbezeichnung.<\/p>\n<p>Ort der Datenverarbeitung: Italien<\/p>\n<h3>Statistik<\/h3>\n<p>Die in vorliegendem Abschnitt aufgef\u00fchrten Dienstleistungen erm\u00f6glichen es dem Inhaber der Datenverarbeitung, den Datenverkehr zu \u00fcberwachen und zu analysieren und dienen dazu, das Surfverhalten des Nutzers zu tracken.<\/p>\n<h3>Adressenverwaltung und Versenden von E-Mail-Nachrichten<\/h3>\n<p>Vorliegende Dienstleistungen erm\u00f6glichen es, eine Datenbank mit E-Mail-Kontakten, Telefonkontakten und Kontakten jeglichen Typs zur Kommunikation mit dem Nutzer zu betreiben. Besagte Dienstleistungen erm\u00f6glichen au\u00dferdem die Erfassung von Daten hinsichtlich des Datums und der Uhrzeit des Abrufs der Nachrichten seitens des Nutzers und dienen auch zur Interaktion mit denselben Nutzern und zur Sammlung der Informationen hinsichtlich der auf die in den Nachrichten vorhandenen Links gemachten Klicks.<\/p>\n<h3>Interaktion mit Social Networks und externen Plattformen<\/h3>\n<p>Vorliegende Dienstleistungen erm\u00f6glichen Interaktionen mit Social Networks oder anderen externen Plattformen direkt von den Seiten dieser Anwendung. Die Interaktionen und die \u00fcber diese Anwendung eingeholten Informationen unterliegen auf alle F\u00e4lle den vom Nutzer auf den jeweiligen Social Networks eingegebenen Datenschutzeinstellungen. Sollte ein Interaktionsdienst mit Social Networks installiert sein, kann dieser, auch wenn der Nutzer den Dienst nicht nutzt, die Verkehrsdaten des Nutzers hinsichtlich der Seiten sammeln, auf denen der Dienst installiert ist.<\/p>\n<h3>Google Analytics (Google Inc.)<\/h3>\n<p>Google Analytics ist ein von Google Inc. (\u201cGoogle\u201d) angebotener Webanalyse-Service. Google verwendet die gesammelten pers\u00f6nlichen Daten zum Tracking und zur \u00dcberpr\u00fcfung der Nutzung dieser Anwendung, zur Erstellung von Berichten und zum Austausch mit den anderen von Google entwickelten Diensten. Google kann die pers\u00f6nlichen Daten zur Kontextualisierung und Personalisierung der Anzeigen im eigenen Werbenetwork verwenden.<\/p>\n<p>Gesammelte pers\u00f6nliche Daten: Cookies und Nutzungsdaten.<\/p>\n<p>Ort der Datenverarbeitung: USA \u2013 <a href=\"http:\/\/www.google.com\/policies\/privacy\/\">Datenschutzerkl\u00e4rung<\/a><\/p>\n<h2>DEFINITIONEN<\/h2>\n<h3>Pers\u00f6nliche Daten (oder Daten)<\/h3>\n<p>Unter pers\u00f6nlichen Daten versteht man jede Information \u00fcber eine nat\u00fcrliche, auch direkt mittels jeder anderen Information, einschlie\u00dflich einer pers\u00f6nlichen ID-Nummer, identifizierte oder identifizierbare Person.<\/p>\n<h3>Nutzungsdaten<\/h3>\n<p>Darunter sind die von dieser Anwendung (oder den von dieser Anwendung genutzten Anwendungen Dritter) gesammelten Informationen zu verstehen, darunter: IP-Adressen oder Domain-Namen der vom Nutzer zum Aufrufen dieser Anwendung genutzten Computer, URI- (Uniform Resource Identifier)-Adressen, die Uhrzeit des Aufrufs, die zum Serveraufruf verwendete Methode, die Gr\u00f6\u00dfe der als Antwort erhaltenen Datei, der den Antwortstatus des Servers anzeigenden Nummerncode (erfolgreiche Bearbeitung, Fehler usw.), das Herkunftsland, die Browsereigenschaften und die Eigenschaften des vom Besucher genutzten Betriebssystems, die unterschiedlichen zeitlichen Angaben des Besuchs (z.B. die Verweilzeit auf der jeweiligen Seite) und die Angaben zu dem innerhalb der Anwendung verfolgten Pfad, insbesondere im Hinblick auf die Reihenfolge der besuchten Seiten, der Parameter hinsichtlich des Betriebssystems und der Informatikumgebung des Nutzers.<\/p>\n<h3>Nutzer<\/h3>\n<p>Darunter versteht man die diese Anwendung nutzende Person, die mit dem Betroffenen \u00fcbereinstimmen oder von diesem autorisiert worden sein muss und dessen pers\u00f6nliche Daten Gegenstand der Datenverarbeitung sind.<\/p>\n<h3>Betroffener<\/h3>\n<p>Nat\u00fcrliche oder juristische Person, auf die sich die pers\u00f6nlichen Daten beziehen.<\/p>\n<h3>Verantwortlicher der Datenverarbeitung (oder Verantwortlicher)<\/h3>\n<p>Nat\u00fcrliche, juristische Person, \u00f6ffentliche Verwaltung und jede mit der vom Inhaber der Datenverarbeitung mit der Bearbeitung der pers\u00f6nlichen Daten entsprechend den Bestimmungen der vorliegenden Datenschutzrichtlinie autorisierte Einrichtung, Vereinigung oder Stelle.<\/p>\n<h3>Inhaber der Datenverarbeitung (oder Inhaber)<\/h3>\n<p>Nat\u00fcrliche, juristische Person, \u00f6ffentliche Verwaltung und jede andere Einrichtung, Vereinigung oder Stelle, die, auch gemeinsam mit einem anderen Inhaber, hinsichtlich der Zwecke, der Art der Bearbeitung der pers\u00f6nlichen Daten und der verwendeten Instrumente, einschlie\u00dflich des Sicherheitsprofils, der Funktionsweise und der Nutzung dieser Anwendung, entscheidungsbefugt ist. Der Inhaber der Datenverarbeitung ist, insofern nicht anders aufgef\u00fchrt, Eigent\u00fcmer dieser Anwendung.<\/p>\n<h3>Diese Anwendung<\/h3>\n<p>Hard- oder Softwareinstrument, mit dem die pers\u00f6nlichen Nutzerdaten gesammelt werden.<\/p>\n<h3>Cookie<\/h3>\n<p>Kleines, im Ger\u00e4t des Nutzers gespeichertes Datenpaket.<\/p>\n<h2>RECHTLICHE HINWEISE<\/h2>\n<p>Hinweis f\u00fcr europ\u00e4ische Nutzer: vorliegende Datenschutzrichtlinie wurde entsprechend den in Art. 10 der EU-Richtlinie 95\/46 aufgef\u00fchrten Bestimmungen, sowie der durch die EU-Richtlinie 2009\/136 aktualisierten EU-Richtlinie 2002\/58 \u00fcber Cookies verfasst. Diese Datenschutzrichtlinie bezieht sich ausschlie\u00dflich auf vorliegende Anwendung.<\/p>\n<\/div><\/section><\/div>\n","protected":false},"excerpt":{"rendered":"","protected":false},"author":1,"featured_media":0,"parent":0,"menu_order":999,"comment_status":"closed","ping_status":"closed","template":"","meta":{"inline_featured_image":false,"footnotes":""},"categories":[],"tags":[],"class_list":["post-4799","page","type-page","status-publish","hentry"],"yoast_head":"<!-- This site is optimized with the Yoast SEO plugin v27.3 - https:\/\/yoast.com\/product\/yoast-seo-wordpress\/ -->\n<title>DATENSCHUTZ - UND COOKIE - RICHTLINIE - Superior Electronics<\/title>\n<meta name=\"robots\" content=\"noindex, nofollow\" \/>\n<meta property=\"og:locale\" content=\"de_DE\" \/>\n<meta property=\"og:type\" content=\"article\" \/>\n<meta property=\"og:title\" content=\"DATENSCHUTZ - UND COOKIE - RICHTLINIE - Superior Electronics\" \/>\n<meta property=\"og:url\" content=\"https:\/\/superior-electronics.com\/de\/datenschutz-und-cookie-richtlinie\/\" \/>\n<meta property=\"og:site_name\" content=\"Superior Electronics\" \/>\n<meta property=\"article:modified_time\" content=\"2017-02-16T12:02:07+00:00\" \/>\n<meta name=\"twitter:card\" content=\"summary_large_image\" \/>\n<meta name=\"twitter:label1\" content=\"Gesch\u00e4tzte Lesezeit\" \/>\n\t<meta name=\"twitter:data1\" content=\"8\u00a0Minuten\" \/>\n<script type=\"application\/ld+json\" class=\"yoast-schema-graph\">{\"@context\":\"https:\\\/\\\/schema.org\",\"@graph\":[{\"@type\":\"WebPage\",\"@id\":\"https:\\\/\\\/superior-electronics.com\\\/de\\\/datenschutz-und-cookie-richtlinie\\\/\",\"url\":\"https:\\\/\\\/superior-electronics.com\\\/de\\\/datenschutz-und-cookie-richtlinie\\\/\",\"name\":\"DATENSCHUTZ - UND COOKIE - RICHTLINIE - Superior Electronics\",\"isPartOf\":{\"@id\":\"https:\\\/\\\/superior-electronics.com\\\/de\\\/#website\"},\"datePublished\":\"2016-12-15T13:44:56+00:00\",\"dateModified\":\"2017-02-16T12:02:07+00:00\",\"breadcrumb\":{\"@id\":\"https:\\\/\\\/superior-electronics.com\\\/de\\\/datenschutz-und-cookie-richtlinie\\\/#breadcrumb\"},\"inLanguage\":\"de\",\"potentialAction\":[{\"@type\":\"ReadAction\",\"target\":[\"https:\\\/\\\/superior-electronics.com\\\/de\\\/datenschutz-und-cookie-richtlinie\\\/\"]}]},{\"@type\":\"BreadcrumbList\",\"@id\":\"https:\\\/\\\/superior-electronics.com\\\/de\\\/datenschutz-und-cookie-richtlinie\\\/#breadcrumb\",\"itemListElement\":[{\"@type\":\"ListItem\",\"position\":1,\"name\":\"Home\",\"item\":\"https:\\\/\\\/superior-electronics.com\\\/de\\\/universal-fernbedienung-smart\\\/\"},{\"@type\":\"ListItem\",\"position\":2,\"name\":\"DATENSCHUTZ &#8211; UND COOKIE &#8211; RICHTLINIE\"}]},{\"@type\":\"WebSite\",\"@id\":\"https:\\\/\\\/superior-electronics.com\\\/de\\\/#website\",\"url\":\"https:\\\/\\\/superior-electronics.com\\\/de\\\/\",\"name\":\"Superior Electronics\",\"description\":\"Telecomandi programmabili, elettronica di qualit\u00e0\",\"publisher\":{\"@id\":\"https:\\\/\\\/superior-electronics.com\\\/de\\\/#organization\"},\"potentialAction\":[{\"@type\":\"SearchAction\",\"target\":{\"@type\":\"EntryPoint\",\"urlTemplate\":\"https:\\\/\\\/superior-electronics.com\\\/de\\\/?s={search_term_string}\"},\"query-input\":{\"@type\":\"PropertyValueSpecification\",\"valueRequired\":true,\"valueName\":\"search_term_string\"}}],\"inLanguage\":\"de\"},{\"@type\":\"Organization\",\"@id\":\"https:\\\/\\\/superior-electronics.com\\\/de\\\/#organization\",\"name\":\"Superior Srl\",\"url\":\"https:\\\/\\\/superior-electronics.com\\\/de\\\/\",\"logo\":{\"@type\":\"ImageObject\",\"inLanguage\":\"de\",\"@id\":\"https:\\\/\\\/superior-electronics.com\\\/de\\\/#\\\/schema\\\/logo\\\/image\\\/\",\"url\":\"https:\\\/\\\/superior-electronics.com\\\/website\\\/wp-content\\\/uploads\\\/2017\\\/09\\\/Superior-logo-header-new.png\",\"contentUrl\":\"https:\\\/\\\/superior-electronics.com\\\/website\\\/wp-content\\\/uploads\\\/2017\\\/09\\\/Superior-logo-header-new.png\",\"width\":528,\"height\":156,\"caption\":\"Superior Srl\"},\"image\":{\"@id\":\"https:\\\/\\\/superior-electronics.com\\\/de\\\/#\\\/schema\\\/logo\\\/image\\\/\"}}]}<\/script>\n<!-- \/ Yoast SEO plugin. -->","yoast_head_json":{"title":"DATENSCHUTZ - UND COOKIE - RICHTLINIE - Superior Electronics","robots":{"index":"noindex","follow":"nofollow"},"og_locale":"de_DE","og_type":"article","og_title":"DATENSCHUTZ - UND COOKIE - RICHTLINIE - Superior Electronics","og_url":"https:\/\/superior-electronics.com\/de\/datenschutz-und-cookie-richtlinie\/","og_site_name":"Superior Electronics","article_modified_time":"2017-02-16T12:02:07+00:00","twitter_card":"summary_large_image","twitter_misc":{"Gesch\u00e4tzte Lesezeit":"8\u00a0Minuten"},"schema":{"@context":"https:\/\/schema.org","@graph":[{"@type":"WebPage","@id":"https:\/\/superior-electronics.com\/de\/datenschutz-und-cookie-richtlinie\/","url":"https:\/\/superior-electronics.com\/de\/datenschutz-und-cookie-richtlinie\/","name":"DATENSCHUTZ - UND COOKIE - RICHTLINIE - Superior Electronics","isPartOf":{"@id":"https:\/\/superior-electronics.com\/de\/#website"},"datePublished":"2016-12-15T13:44:56+00:00","dateModified":"2017-02-16T12:02:07+00:00","breadcrumb":{"@id":"https:\/\/superior-electronics.com\/de\/datenschutz-und-cookie-richtlinie\/#breadcrumb"},"inLanguage":"de","potentialAction":[{"@type":"ReadAction","target":["https:\/\/superior-electronics.com\/de\/datenschutz-und-cookie-richtlinie\/"]}]},{"@type":"BreadcrumbList","@id":"https:\/\/superior-electronics.com\/de\/datenschutz-und-cookie-richtlinie\/#breadcrumb","itemListElement":[{"@type":"ListItem","position":1,"name":"Home","item":"https:\/\/superior-electronics.com\/de\/universal-fernbedienung-smart\/"},{"@type":"ListItem","position":2,"name":"DATENSCHUTZ &#8211; UND COOKIE &#8211; RICHTLINIE"}]},{"@type":"WebSite","@id":"https:\/\/superior-electronics.com\/de\/#website","url":"https:\/\/superior-electronics.com\/de\/","name":"Superior Electronics","description":"Telecomandi programmabili, elettronica di qualit\u00e0","publisher":{"@id":"https:\/\/superior-electronics.com\/de\/#organization"},"potentialAction":[{"@type":"SearchAction","target":{"@type":"EntryPoint","urlTemplate":"https:\/\/superior-electronics.com\/de\/?s={search_term_string}"},"query-input":{"@type":"PropertyValueSpecification","valueRequired":true,"valueName":"search_term_string"}}],"inLanguage":"de"},{"@type":"Organization","@id":"https:\/\/superior-electronics.com\/de\/#organization","name":"Superior Srl","url":"https:\/\/superior-electronics.com\/de\/","logo":{"@type":"ImageObject","inLanguage":"de","@id":"https:\/\/superior-electronics.com\/de\/#\/schema\/logo\/image\/","url":"https:\/\/superior-electronics.com\/website\/wp-content\/uploads\/2017\/09\/Superior-logo-header-new.png","contentUrl":"https:\/\/superior-electronics.com\/website\/wp-content\/uploads\/2017\/09\/Superior-logo-header-new.png","width":528,"height":156,"caption":"Superior Srl"},"image":{"@id":"https:\/\/superior-electronics.com\/de\/#\/schema\/logo\/image\/"}}]}},"_links":{"self":[{"href":"https:\/\/superior-electronics.com\/de\/wp-json\/wp\/v2\/pages\/4799","targetHints":{"allow":["GET"]}}],"collection":[{"href":"https:\/\/superior-electronics.com\/de\/wp-json\/wp\/v2\/pages"}],"about":[{"href":"https:\/\/superior-electronics.com\/de\/wp-json\/wp\/v2\/types\/page"}],"author":[{"embeddable":true,"href":"https:\/\/superior-electronics.com\/de\/wp-json\/wp\/v2\/users\/1"}],"replies":[{"embeddable":true,"href":"https:\/\/superior-electronics.com\/de\/wp-json\/wp\/v2\/comments?post=4799"}],"version-history":[{"count":3,"href":"https:\/\/superior-electronics.com\/de\/wp-json\/wp\/v2\/pages\/4799\/revisions"}],"predecessor-version":[{"id":8730,"href":"https:\/\/superior-electronics.com\/de\/wp-json\/wp\/v2\/pages\/4799\/revisions\/8730"}],"wp:attachment":[{"href":"https:\/\/superior-electronics.com\/de\/wp-json\/wp\/v2\/media?parent=4799"}],"wp:term":[{"taxonomy":"category","embeddable":true,"href":"https:\/\/superior-electronics.com\/de\/wp-json\/wp\/v2\/categories?post=4799"},{"taxonomy":"post_tag","embeddable":true,"href":"https:\/\/superior-electronics.com\/de\/wp-json\/wp\/v2\/tags?post=4799"}],"curies":[{"name":"wp","href":"https:\/\/api.w.org\/{rel}","templated":true}]}}